{"id":3417,"date":"2022-02-14T19:07:04","date_gmt":"2022-02-14T18:07:04","guid":{"rendered":"https:\/\/www.balzatex.com\/produit\/toalla-de-invitados-y-cuadrada-700g-m%c2%b2\/"},"modified":"2022-11-25T00:15:54","modified_gmt":"2022-11-24T23:15:54","slug":"toalla-de-invitada-y-escuadra","status":"publish","type":"product","link":"https:\/\/www.balzatex.com\/es\/produit\/toalla-de-invitada-y-escuadra\/","title":{"rendered":"Toalla de invitados y cuadrada 700g\/m\u00b2"},"content":{"rendered":"","protected":false},"excerpt":{"rendered":"<p>Balzatex lisos: Esponjas incomparablemente suaves y blandas sin dejar de ser incre\u00edblemente absorbentes. Fabricada en algod\u00f3n 100%, esta gama har\u00e1 de tu ba\u00f1o un lugar especial.<\/p>\n<p>Todos conocemos el placer de meterse en un buen ba\u00f1o caliente, pero solo los habituales de Balzatex conocen el placer de salir de \u00e9l \ud83d\ude42<\/p>\n","protected":false},"featured_media":7067,"comment_status":"closed","ping_status":"closed","template":"","meta":{"_joinchat":[]},"product_brand":[],"product_cat":[318,310],"product_tag":[322,325,333,335,328,330],"class_list":{"0":"post-3417","1":"product","2":"type-product","3":"status-publish","4":"has-post-thumbnail","6":"product_cat-nuestros-basicos-700g-m","7":"product_cat-ropa-de-bano","8":"product_tag-700-g-m","9":"product_tag-blanco-blanca","10":"product_tag-coleccion-casa-blanca","11":"product_tag-color-piedra","12":"product_tag-servilleta-cuadrada","13":"product_tag-toalla-de-invitados","15":"first","16":"instock","17":"shipping-taxable","18":"purchasable","19":"product-type-variable"},"supplier_id":null,"supplier_sku":"","barcode":null,"atum_controlled":true,"out_stock_date":null,"out_stock_threshold":null,"inheritable":true,"inbound_stock":0,"stock_on_hold":6,"sold_today":6,"sales_last_days":6,"reserved_stock":0,"customer_returns":0,"warehouse_damage":0,"lost_in_post":0,"other_logs":0,"out_stock_days":0,"lost_sales":0,"has_location":false,"update_date":"2024-06-07T19:08:11","atum_locations":[],"atum_stock_status":"instock","restock_status":false,"low_stock_amount":"","sales_update_date":"2023-09-12T09:22:36","calc_backorders":null,"yoast_head":"<!-- This site is optimized with the Yoast SEO plugin v27.4 - https:\/\/yoast.com\/product\/yoast-seo-wordpress\/ -->\n<title>Toalla de invitados y cuadrada 700g\/m\u00b2 - Balzatex<\/title>\n<meta name=\"robots\" content=\"index, follow, max-snippet:-1, max-image-preview:large, max-video-preview:-1\" \/>\n<link rel=\"canonical\" href=\"https:\/\/www.balzatex.com\/es\/produit\/toalla-de-invitada-y-escuadra\/\" \/>\n<meta property=\"og:locale\" content=\"es_ES\" \/>\n<meta property=\"og:type\" content=\"article\" \/>\n<meta property=\"og:title\" content=\"Toalla de invitados y cuadrada 700g\/m\u00b2 - Balzatex\" \/>\n<meta property=\"og:description\" content=\"Balzatex lisos: Esponjas incomparablemente suaves y blandas sin dejar de ser incre\u00edblemente absorbentes. Fabricada en algod\u00f3n 100%, esta gama har\u00e1 de tu ba\u00f1o un lugar especial. Todos conocemos el placer de meterse en un buen ba\u00f1o caliente, pero solo los habituales de Balzatex conocen el placer de salir de \u00e9l :)\" \/>\n<meta property=\"og:url\" content=\"https:\/\/www.balzatex.com\/es\/produit\/toalla-de-invitada-y-escuadra\/\" \/>\n<meta property=\"og:site_name\" content=\"Balzatex\" \/>\n<meta property=\"article:modified_time\" content=\"2022-11-24T23:15:54+00:00\" \/>\n<meta property=\"og:image\" content=\"https:\/\/www.balzatex.com\/wp-content\/uploads\/2022\/02\/DSC_6299-scaled-e1664269164744.jpg\" \/>\n\t<meta property=\"og:image:width\" content=\"800\" \/>\n\t<meta property=\"og:image:height\" content=\"533\" \/>\n\t<meta property=\"og:image:type\" content=\"image\/jpeg\" \/>\n<meta name=\"twitter:card\" content=\"summary_large_image\" \/>\n<script type=\"application\/ld+json\" class=\"yoast-schema-graph\">{\"@context\":\"https:\\\/\\\/schema.org\",\"@graph\":[{\"@type\":\"WebPage\",\"@id\":\"https:\\\/\\\/www.balzatex.com\\\/es\\\/produit\\\/toalla-de-invitada-y-escuadra\\\/\",\"url\":\"https:\\\/\\\/www.balzatex.com\\\/es\\\/produit\\\/toalla-de-invitada-y-escuadra\\\/\",\"name\":\"Toalla de invitados y cuadrada 700g\\\/m\u00b2 - Balzatex\",\"isPartOf\":{\"@id\":\"https:\\\/\\\/www.balzatex.com\\\/es\\\/#website\"},\"primaryImageOfPage\":{\"@id\":\"https:\\\/\\\/www.balzatex.com\\\/es\\\/produit\\\/toalla-de-invitada-y-escuadra\\\/#primaryimage\"},\"image\":{\"@id\":\"https:\\\/\\\/www.balzatex.com\\\/es\\\/produit\\\/toalla-de-invitada-y-escuadra\\\/#primaryimage\"},\"thumbnailUrl\":\"https:\\\/\\\/www.balzatex.com\\\/wp-content\\\/uploads\\\/2022\\\/02\\\/DSC_6299-scaled-e1664269164744.jpg\",\"datePublished\":\"2022-02-14T18:07:04+00:00\",\"dateModified\":\"2022-11-24T23:15:54+00:00\",\"breadcrumb\":{\"@id\":\"https:\\\/\\\/www.balzatex.com\\\/es\\\/produit\\\/toalla-de-invitada-y-escuadra\\\/#breadcrumb\"},\"inLanguage\":\"es\",\"potentialAction\":[{\"@type\":\"ReadAction\",\"target\":[\"https:\\\/\\\/www.balzatex.com\\\/es\\\/produit\\\/toalla-de-invitada-y-escuadra\\\/\"]}]},{\"@type\":\"ImageObject\",\"inLanguage\":\"es\",\"@id\":\"https:\\\/\\\/www.balzatex.com\\\/es\\\/produit\\\/toalla-de-invitada-y-escuadra\\\/#primaryimage\",\"url\":\"https:\\\/\\\/www.balzatex.com\\\/wp-content\\\/uploads\\\/2022\\\/02\\\/DSC_6299-scaled-e1664269164744.jpg\",\"contentUrl\":\"https:\\\/\\\/www.balzatex.com\\\/wp-content\\\/uploads\\\/2022\\\/02\\\/DSC_6299-scaled-e1664269164744.jpg\",\"width\":800,\"height\":533,\"caption\":\"SERVIETTE INVITE BALZATEX\"},{\"@type\":\"BreadcrumbList\",\"@id\":\"https:\\\/\\\/www.balzatex.com\\\/es\\\/produit\\\/toalla-de-invitada-y-escuadra\\\/#breadcrumb\",\"itemListElement\":[{\"@type\":\"ListItem\",\"position\":1,\"name\":\"Accueil\",\"item\":\"https:\\\/\\\/www.balzatex.com\\\/es\\\/\"},{\"@type\":\"ListItem\",\"position\":2,\"name\":\"Tienda\",\"item\":\"https:\\\/\\\/www.balzatex.com\\\/es\\\/tienda\\\/\"},{\"@type\":\"ListItem\",\"position\":3,\"name\":\"Toalla de invitados y cuadrada 700g\\\/m\u00b2\"}]},{\"@type\":\"WebSite\",\"@id\":\"https:\\\/\\\/www.balzatex.com\\\/es\\\/#website\",\"url\":\"https:\\\/\\\/www.balzatex.com\\\/es\\\/\",\"name\":\"Balzatex\",\"description\":\"Linge maison\",\"potentialAction\":[{\"@type\":\"SearchAction\",\"target\":{\"@type\":\"EntryPoint\",\"urlTemplate\":\"https:\\\/\\\/www.balzatex.com\\\/es\\\/?s={search_term_string}\"},\"query-input\":{\"@type\":\"PropertyValueSpecification\",\"valueRequired\":true,\"valueName\":\"search_term_string\"}}],\"inLanguage\":\"es\"}]}<\/script>\n<!-- \/ Yoast SEO plugin. -->","yoast_head_json":{"title":"Toalla de invitados y cuadrada 700g\/m\u00b2 - Balzatex","robots":{"index":"index","follow":"follow","max-snippet":"max-snippet:-1","max-image-preview":"max-image-preview:large","max-video-preview":"max-video-preview:-1"},"canonical":"https:\/\/www.balzatex.com\/es\/produit\/toalla-de-invitada-y-escuadra\/","og_locale":"es_ES","og_type":"article","og_title":"Toalla de invitados y cuadrada 700g\/m\u00b2 - Balzatex","og_description":"Balzatex lisos: Esponjas incomparablemente suaves y blandas sin dejar de ser incre\u00edblemente absorbentes. Fabricada en algod\u00f3n 100%, esta gama har\u00e1 de tu ba\u00f1o un lugar especial. Todos conocemos el placer de meterse en un buen ba\u00f1o caliente, pero solo los habituales de Balzatex conocen el placer de salir de \u00e9l :)","og_url":"https:\/\/www.balzatex.com\/es\/produit\/toalla-de-invitada-y-escuadra\/","og_site_name":"Balzatex","article_modified_time":"2022-11-24T23:15:54+00:00","og_image":[{"width":800,"height":533,"url":"https:\/\/www.balzatex.com\/wp-content\/uploads\/2022\/02\/DSC_6299-scaled-e1664269164744.jpg","type":"image\/jpeg"}],"twitter_card":"summary_large_image","schema":{"@context":"https:\/\/schema.org","@graph":[{"@type":"WebPage","@id":"https:\/\/www.balzatex.com\/es\/produit\/toalla-de-invitada-y-escuadra\/","url":"https:\/\/www.balzatex.com\/es\/produit\/toalla-de-invitada-y-escuadra\/","name":"Toalla de invitados y cuadrada 700g\/m\u00b2 - Balzatex","isPartOf":{"@id":"https:\/\/www.balzatex.com\/es\/#website"},"primaryImageOfPage":{"@id":"https:\/\/www.balzatex.com\/es\/produit\/toalla-de-invitada-y-escuadra\/#primaryimage"},"image":{"@id":"https:\/\/www.balzatex.com\/es\/produit\/toalla-de-invitada-y-escuadra\/#primaryimage"},"thumbnailUrl":"https:\/\/www.balzatex.com\/wp-content\/uploads\/2022\/02\/DSC_6299-scaled-e1664269164744.jpg","datePublished":"2022-02-14T18:07:04+00:00","dateModified":"2022-11-24T23:15:54+00:00","breadcrumb":{"@id":"https:\/\/www.balzatex.com\/es\/produit\/toalla-de-invitada-y-escuadra\/#breadcrumb"},"inLanguage":"es","potentialAction":[{"@type":"ReadAction","target":["https:\/\/www.balzatex.com\/es\/produit\/toalla-de-invitada-y-escuadra\/"]}]},{"@type":"ImageObject","inLanguage":"es","@id":"https:\/\/www.balzatex.com\/es\/produit\/toalla-de-invitada-y-escuadra\/#primaryimage","url":"https:\/\/www.balzatex.com\/wp-content\/uploads\/2022\/02\/DSC_6299-scaled-e1664269164744.jpg","contentUrl":"https:\/\/www.balzatex.com\/wp-content\/uploads\/2022\/02\/DSC_6299-scaled-e1664269164744.jpg","width":800,"height":533,"caption":"SERVIETTE INVITE BALZATEX"},{"@type":"BreadcrumbList","@id":"https:\/\/www.balzatex.com\/es\/produit\/toalla-de-invitada-y-escuadra\/#breadcrumb","itemListElement":[{"@type":"ListItem","position":1,"name":"Accueil","item":"https:\/\/www.balzatex.com\/es\/"},{"@type":"ListItem","position":2,"name":"Tienda","item":"https:\/\/www.balzatex.com\/es\/tienda\/"},{"@type":"ListItem","position":3,"name":"Toalla de invitados y cuadrada 700g\/m\u00b2"}]},{"@type":"WebSite","@id":"https:\/\/www.balzatex.com\/es\/#website","url":"https:\/\/www.balzatex.com\/es\/","name":"Balzatex","description":"Linge maison","potentialAction":[{"@type":"SearchAction","target":{"@type":"EntryPoint","urlTemplate":"https:\/\/www.balzatex.com\/es\/?s={search_term_string}"},"query-input":{"@type":"PropertyValueSpecification","valueRequired":true,"valueName":"search_term_string"}}],"inLanguage":"es"}]}},"_links":{"self":[{"href":"https:\/\/www.balzatex.com\/es\/wp-json\/wp\/v2\/product\/3417","targetHints":{"allow":["GET"]}}],"collection":[{"href":"https:\/\/www.balzatex.com\/es\/wp-json\/wp\/v2\/product"}],"about":[{"href":"https:\/\/www.balzatex.com\/es\/wp-json\/wp\/v2\/types\/product"}],"replies":[{"embeddable":true,"href":"https:\/\/www.balzatex.com\/es\/wp-json\/wp\/v2\/comments?post=3417"}],"wp:featuredmedia":[{"embeddable":true,"href":"https:\/\/www.balzatex.com\/es\/wp-json\/wp\/v2\/media\/7067"}],"wp:attachment":[{"href":"https:\/\/www.balzatex.com\/es\/wp-json\/wp\/v2\/media?parent=3417"}],"wp:term":[{"taxonomy":"product_brand","embeddable":true,"href":"https:\/\/www.balzatex.com\/es\/wp-json\/wp\/v2\/product_brand?post=3417"},{"taxonomy":"product_cat","embeddable":true,"href":"https:\/\/www.balzatex.com\/es\/wp-json\/wp\/v2\/product_cat?post=3417"},{"taxonomy":"product_tag","embeddable":true,"href":"https:\/\/www.balzatex.com\/es\/wp-json\/wp\/v2\/product_tag?post=3417"}],"curies":[{"name":"wp","href":"https:\/\/api.w.org\/{rel}","templated":true}]}}