{"id":3508,"date":"2022-02-14T18:54:57","date_gmt":"2022-02-14T17:54:57","guid":{"rendered":"https:\/\/www.balzatex.com\/produit\/toalla-de-mano-mediana-700g-m%c2%b2\/"},"modified":"2022-11-27T00:04:21","modified_gmt":"2022-11-26T23:04:21","slug":"toalla-mediana","status":"publish","type":"product","link":"https:\/\/www.balzatex.com\/es\/produit\/toalla-mediana\/","title":{"rendered":"Toalla de mano mediana 700g\/m\u00b2"},"content":{"rendered":"","protected":false},"excerpt":{"rendered":"<p>Balzatex lisos: Esponjas incomparablemente suaves y blandas sin dejar de ser incre\u00edblemente absorbentes. Fabricada en algod\u00f3n 100%, esta gama har\u00e1 de tu ba\u00f1o un lugar especial. Todos conocemos el placer de meterse en un buen ba\u00f1o caliente, pero solo los habituales de Balzatex conocen el placer de salir de \u00e9l \ud83d\ude42<\/p>\n","protected":false},"featured_media":7099,"comment_status":"open","ping_status":"closed","template":"","meta":{"_joinchat":[]},"product_brand":[],"product_cat":[318,310],"product_tag":[322,325,333,335,362],"class_list":{"0":"post-3508","1":"product","2":"type-product","3":"status-publish","4":"has-post-thumbnail","6":"product_cat-nuestros-basicos-700g-m","7":"product_cat-ropa-de-bano","8":"product_tag-700-g-m","9":"product_tag-blanco-blanca","10":"product_tag-coleccion-casa-blanca","11":"product_tag-color-piedra","12":"product_tag-toalla-mediana","14":"first","15":"instock","16":"shipping-taxable","17":"purchasable","18":"product-type-variable"},"supplier_id":null,"supplier_sku":"","barcode":null,"atum_controlled":true,"out_stock_date":"2022-11-16 17:38:48","out_stock_threshold":null,"inheritable":true,"inbound_stock":0,"stock_on_hold":12,"sold_today":4,"sales_last_days":4,"reserved_stock":0,"customer_returns":0,"warehouse_damage":0,"lost_in_post":0,"other_logs":0,"out_stock_days":571,"lost_sales":0,"has_location":false,"update_date":"2026-03-27T18:06:36","atum_locations":[],"atum_stock_status":"instock","restock_status":false,"low_stock_amount":"","sales_update_date":"2023-09-12T09:22:40","calc_backorders":null,"yoast_head":"<!-- This site is optimized with the Yoast SEO plugin v27.5 - https:\/\/yoast.com\/product\/yoast-seo-wordpress\/ -->\n<title>Toalla de mano mediana 700g\/m\u00b2 - Balzatex<\/title>\n<meta name=\"robots\" content=\"index, follow, max-snippet:-1, max-image-preview:large, max-video-preview:-1\" \/>\n<link rel=\"canonical\" href=\"https:\/\/www.balzatex.com\/es\/produit\/toalla-mediana\/\" \/>\n<meta property=\"og:locale\" content=\"es_ES\" \/>\n<meta property=\"og:type\" content=\"article\" \/>\n<meta property=\"og:title\" content=\"Toalla de mano mediana 700g\/m\u00b2 - Balzatex\" \/>\n<meta property=\"og:description\" content=\"Balzatex lisos: Esponjas incomparablemente suaves y blandas sin dejar de ser incre\u00edblemente absorbentes. Fabricada en algod\u00f3n 100%, esta gama har\u00e1 de tu ba\u00f1o un lugar especial. Todos conocemos el placer de meterse en un buen ba\u00f1o caliente, pero solo los habituales de Balzatex conocen el placer de salir de \u00e9l :)\" \/>\n<meta property=\"og:url\" content=\"https:\/\/www.balzatex.com\/es\/produit\/toalla-mediana\/\" \/>\n<meta property=\"og:site_name\" content=\"Balzatex\" \/>\n<meta property=\"article:modified_time\" content=\"2022-11-26T23:04:21+00:00\" \/>\n<meta property=\"og:image\" content=\"https:\/\/www.balzatex.com\/wp-content\/uploads\/2022\/02\/DSC_6307-scaled-e1668619856295.jpg\" \/>\n\t<meta property=\"og:image:width\" content=\"2560\" \/>\n\t<meta property=\"og:image:height\" content=\"1707\" \/>\n\t<meta property=\"og:image:type\" content=\"image\/jpeg\" \/>\n<meta name=\"twitter:card\" content=\"summary_large_image\" \/>\n<script type=\"application\/ld+json\" class=\"yoast-schema-graph\">{\"@context\":\"https:\\\/\\\/schema.org\",\"@graph\":[{\"@type\":\"WebPage\",\"@id\":\"https:\\\/\\\/www.balzatex.com\\\/es\\\/produit\\\/toalla-mediana\\\/\",\"url\":\"https:\\\/\\\/www.balzatex.com\\\/es\\\/produit\\\/toalla-mediana\\\/\",\"name\":\"Toalla de mano mediana 700g\\\/m\u00b2 - Balzatex\",\"isPartOf\":{\"@id\":\"https:\\\/\\\/www.balzatex.com\\\/es\\\/#website\"},\"primaryImageOfPage\":{\"@id\":\"https:\\\/\\\/www.balzatex.com\\\/es\\\/produit\\\/toalla-mediana\\\/#primaryimage\"},\"image\":{\"@id\":\"https:\\\/\\\/www.balzatex.com\\\/es\\\/produit\\\/toalla-mediana\\\/#primaryimage\"},\"thumbnailUrl\":\"https:\\\/\\\/www.balzatex.com\\\/wp-content\\\/uploads\\\/2022\\\/02\\\/DSC_6307-scaled-e1668619856295.jpg\",\"datePublished\":\"2022-02-14T17:54:57+00:00\",\"dateModified\":\"2022-11-26T23:04:21+00:00\",\"breadcrumb\":{\"@id\":\"https:\\\/\\\/www.balzatex.com\\\/es\\\/produit\\\/toalla-mediana\\\/#breadcrumb\"},\"inLanguage\":\"es\",\"potentialAction\":[{\"@type\":\"ReadAction\",\"target\":[\"https:\\\/\\\/www.balzatex.com\\\/es\\\/produit\\\/toalla-mediana\\\/\"]}]},{\"@type\":\"ImageObject\",\"inLanguage\":\"es\",\"@id\":\"https:\\\/\\\/www.balzatex.com\\\/es\\\/produit\\\/toalla-mediana\\\/#primaryimage\",\"url\":\"https:\\\/\\\/www.balzatex.com\\\/wp-content\\\/uploads\\\/2022\\\/02\\\/DSC_6307-scaled-e1668619856295.jpg\",\"contentUrl\":\"https:\\\/\\\/www.balzatex.com\\\/wp-content\\\/uploads\\\/2022\\\/02\\\/DSC_6307-scaled-e1668619856295.jpg\",\"width\":800,\"height\":533,\"caption\":\"serviette de toilette balzatex\"},{\"@type\":\"BreadcrumbList\",\"@id\":\"https:\\\/\\\/www.balzatex.com\\\/es\\\/produit\\\/toalla-mediana\\\/#breadcrumb\",\"itemListElement\":[{\"@type\":\"ListItem\",\"position\":1,\"name\":\"Accueil\",\"item\":\"https:\\\/\\\/www.balzatex.com\\\/es\\\/\"},{\"@type\":\"ListItem\",\"position\":2,\"name\":\"Tienda\",\"item\":\"https:\\\/\\\/www.balzatex.com\\\/es\\\/tienda\\\/\"},{\"@type\":\"ListItem\",\"position\":3,\"name\":\"Toalla de mano mediana 700g\\\/m\u00b2\"}]},{\"@type\":\"WebSite\",\"@id\":\"https:\\\/\\\/www.balzatex.com\\\/es\\\/#website\",\"url\":\"https:\\\/\\\/www.balzatex.com\\\/es\\\/\",\"name\":\"Balzatex\",\"description\":\"Linge maison\",\"potentialAction\":[{\"@type\":\"SearchAction\",\"target\":{\"@type\":\"EntryPoint\",\"urlTemplate\":\"https:\\\/\\\/www.balzatex.com\\\/es\\\/?s={search_term_string}\"},\"query-input\":{\"@type\":\"PropertyValueSpecification\",\"valueRequired\":true,\"valueName\":\"search_term_string\"}}],\"inLanguage\":\"es\"}]}<\/script>\n<!-- \/ Yoast SEO plugin. -->","yoast_head_json":{"title":"Toalla de mano mediana 700g\/m\u00b2 - Balzatex","robots":{"index":"index","follow":"follow","max-snippet":"max-snippet:-1","max-image-preview":"max-image-preview:large","max-video-preview":"max-video-preview:-1"},"canonical":"https:\/\/www.balzatex.com\/es\/produit\/toalla-mediana\/","og_locale":"es_ES","og_type":"article","og_title":"Toalla de mano mediana 700g\/m\u00b2 - Balzatex","og_description":"Balzatex lisos: Esponjas incomparablemente suaves y blandas sin dejar de ser incre\u00edblemente absorbentes. Fabricada en algod\u00f3n 100%, esta gama har\u00e1 de tu ba\u00f1o un lugar especial. Todos conocemos el placer de meterse en un buen ba\u00f1o caliente, pero solo los habituales de Balzatex conocen el placer de salir de \u00e9l :)","og_url":"https:\/\/www.balzatex.com\/es\/produit\/toalla-mediana\/","og_site_name":"Balzatex","article_modified_time":"2022-11-26T23:04:21+00:00","og_image":[{"width":2560,"height":1707,"url":"https:\/\/www.balzatex.com\/wp-content\/uploads\/2022\/02\/DSC_6307-scaled-e1668619856295.jpg","type":"image\/jpeg"}],"twitter_card":"summary_large_image","schema":{"@context":"https:\/\/schema.org","@graph":[{"@type":"WebPage","@id":"https:\/\/www.balzatex.com\/es\/produit\/toalla-mediana\/","url":"https:\/\/www.balzatex.com\/es\/produit\/toalla-mediana\/","name":"Toalla de mano mediana 700g\/m\u00b2 - Balzatex","isPartOf":{"@id":"https:\/\/www.balzatex.com\/es\/#website"},"primaryImageOfPage":{"@id":"https:\/\/www.balzatex.com\/es\/produit\/toalla-mediana\/#primaryimage"},"image":{"@id":"https:\/\/www.balzatex.com\/es\/produit\/toalla-mediana\/#primaryimage"},"thumbnailUrl":"https:\/\/www.balzatex.com\/wp-content\/uploads\/2022\/02\/DSC_6307-scaled-e1668619856295.jpg","datePublished":"2022-02-14T17:54:57+00:00","dateModified":"2022-11-26T23:04:21+00:00","breadcrumb":{"@id":"https:\/\/www.balzatex.com\/es\/produit\/toalla-mediana\/#breadcrumb"},"inLanguage":"es","potentialAction":[{"@type":"ReadAction","target":["https:\/\/www.balzatex.com\/es\/produit\/toalla-mediana\/"]}]},{"@type":"ImageObject","inLanguage":"es","@id":"https:\/\/www.balzatex.com\/es\/produit\/toalla-mediana\/#primaryimage","url":"https:\/\/www.balzatex.com\/wp-content\/uploads\/2022\/02\/DSC_6307-scaled-e1668619856295.jpg","contentUrl":"https:\/\/www.balzatex.com\/wp-content\/uploads\/2022\/02\/DSC_6307-scaled-e1668619856295.jpg","width":800,"height":533,"caption":"serviette de toilette balzatex"},{"@type":"BreadcrumbList","@id":"https:\/\/www.balzatex.com\/es\/produit\/toalla-mediana\/#breadcrumb","itemListElement":[{"@type":"ListItem","position":1,"name":"Accueil","item":"https:\/\/www.balzatex.com\/es\/"},{"@type":"ListItem","position":2,"name":"Tienda","item":"https:\/\/www.balzatex.com\/es\/tienda\/"},{"@type":"ListItem","position":3,"name":"Toalla de mano mediana 700g\/m\u00b2"}]},{"@type":"WebSite","@id":"https:\/\/www.balzatex.com\/es\/#website","url":"https:\/\/www.balzatex.com\/es\/","name":"Balzatex","description":"Linge maison","potentialAction":[{"@type":"SearchAction","target":{"@type":"EntryPoint","urlTemplate":"https:\/\/www.balzatex.com\/es\/?s={search_term_string}"},"query-input":{"@type":"PropertyValueSpecification","valueRequired":true,"valueName":"search_term_string"}}],"inLanguage":"es"}]}},"_links":{"self":[{"href":"https:\/\/www.balzatex.com\/es\/wp-json\/wp\/v2\/product\/3508","targetHints":{"allow":["GET"]}}],"collection":[{"href":"https:\/\/www.balzatex.com\/es\/wp-json\/wp\/v2\/product"}],"about":[{"href":"https:\/\/www.balzatex.com\/es\/wp-json\/wp\/v2\/types\/product"}],"replies":[{"embeddable":true,"href":"https:\/\/www.balzatex.com\/es\/wp-json\/wp\/v2\/comments?post=3508"}],"wp:featuredmedia":[{"embeddable":true,"href":"https:\/\/www.balzatex.com\/es\/wp-json\/wp\/v2\/media\/7099"}],"wp:attachment":[{"href":"https:\/\/www.balzatex.com\/es\/wp-json\/wp\/v2\/media?parent=3508"}],"wp:term":[{"taxonomy":"product_brand","embeddable":true,"href":"https:\/\/www.balzatex.com\/es\/wp-json\/wp\/v2\/product_brand?post=3508"},{"taxonomy":"product_cat","embeddable":true,"href":"https:\/\/www.balzatex.com\/es\/wp-json\/wp\/v2\/product_cat?post=3508"},{"taxonomy":"product_tag","embeddable":true,"href":"https:\/\/www.balzatex.com\/es\/wp-json\/wp\/v2\/product_tag?post=3508"}],"curies":[{"name":"wp","href":"https:\/\/api.w.org\/{rel}","templated":true}]}}