{"id":3552,"date":"2022-02-23T17:08:19","date_gmt":"2022-02-23T16:08:19","guid":{"rendered":"https:\/\/www.balzatex.com\/produit\/toallas-de-bano-con-flecos-colombes\/"},"modified":"2022-02-23T17:08:19","modified_gmt":"2022-02-23T16:08:19","slug":"toallas-de-bano-con-flecos-de-paloma","status":"publish","type":"product","link":"https:\/\/www.balzatex.com\/es\/produit\/toallas-de-bano-con-flecos-de-paloma\/","title":{"rendered":"Toallas de ba\u00f1o con flecos Colombes"},"content":{"rendered":"","protected":false},"excerpt":{"rendered":"<p>Estrellas de Balzatex, estas ligeras esponjas encontrar\u00e1n un lugar natural en tantos lugares diferentes&#8230; ba\u00f1os, gimnasios, hammams, tumbonas, piscinas, junto al mar&#8230;<\/p>\n<p>Maxi grandes, ligeras, absorbentes, disponibles en muchos colores, divertidas con sus flecos, \u00a1tienen de todo para complacer!<\/p>\n<p>Patr\u00f3n: Palomas (hamama)<\/p>\n<p>Dimensiones: toalla de ba\u00f1o maxi en 100&#215;200 &#8211; Toalla de ba\u00f1o en 100&#215;150<\/p>\n<p>Material: 100% algod\u00f3n<\/p>\n","protected":false},"featured_media":2433,"comment_status":"open","ping_status":"closed","template":"","meta":{"_joinchat":[]},"product_brand":[],"product_cat":[385,310],"product_tag":[325,333,335,387,388,340],"class_list":{"0":"post-3552","1":"product","2":"type-product","3":"status-publish","4":"has-post-thumbnail","6":"product_cat-jacquards-con-flecos","7":"product_cat-ropa-de-bano","8":"product_tag-blanco-blanca","9":"product_tag-coleccion-casa-blanca","10":"product_tag-color-piedra","11":"product_tag-hamama-es","12":"product_tag-jacquards-es","13":"product_tag-toallas-de-bano","15":"first","16":"instock","17":"shipping-taxable","18":"purchasable","19":"product-type-variable"},"supplier_id":null,"supplier_sku":"","barcode":null,"atum_controlled":true,"out_stock_date":null,"out_stock_threshold":null,"inheritable":true,"inbound_stock":0,"stock_on_hold":12,"sold_today":2,"sales_last_days":2,"reserved_stock":0,"customer_returns":0,"warehouse_damage":0,"lost_in_post":0,"other_logs":0,"out_stock_days":0,"lost_sales":0,"has_location":false,"update_date":"2026-03-27T18:06:36","atum_locations":[],"atum_stock_status":"instock","restock_status":false,"low_stock_amount":"","sales_update_date":"2023-09-08T09:18:16","calc_backorders":null,"yoast_head":"<!-- This site is optimized with the Yoast SEO plugin v27.5 - https:\/\/yoast.com\/product\/yoast-seo-wordpress\/ -->\n<title>Toallas de ba\u00f1o con flecos Colombes - Balzatex<\/title>\n<meta name=\"robots\" content=\"index, follow, max-snippet:-1, max-image-preview:large, max-video-preview:-1\" \/>\n<link rel=\"canonical\" href=\"https:\/\/www.balzatex.com\/es\/produit\/toallas-de-bano-con-flecos-de-paloma\/\" \/>\n<meta property=\"og:locale\" content=\"es_ES\" \/>\n<meta property=\"og:type\" content=\"article\" \/>\n<meta property=\"og:title\" content=\"Toallas de ba\u00f1o con flecos Colombes - Balzatex\" \/>\n<meta property=\"og:description\" content=\"Estrellas de Balzatex, estas ligeras esponjas encontrar\u00e1n un lugar natural en tantos lugares diferentes... ba\u00f1os, gimnasios, hammams, tumbonas, piscinas, junto al mar... Maxi grandes, ligeras, absorbentes, disponibles en muchos colores, divertidas con sus flecos, \u00a1tienen de todo para complacer! Patr\u00f3n: Palomas (hamama) Dimensiones: toalla de ba\u00f1o maxi en 100x200 - Toalla de ba\u00f1o en 100x150 Material: 100% algod\u00f3n\" \/>\n<meta property=\"og:url\" content=\"https:\/\/www.balzatex.com\/es\/produit\/toallas-de-bano-con-flecos-de-paloma\/\" \/>\n<meta property=\"og:site_name\" content=\"Balzatex\" \/>\n<meta property=\"og:image\" content=\"https:\/\/www.balzatex.com\/wp-content\/uploads\/2022\/02\/e-Collection-hamama-draps-de-bain-e1646562200412.png\" \/>\n\t<meta property=\"og:image:width\" content=\"900\" \/>\n\t<meta property=\"og:image:height\" content=\"600\" \/>\n\t<meta property=\"og:image:type\" content=\"image\/png\" \/>\n<meta name=\"twitter:card\" content=\"summary_large_image\" \/>\n<script type=\"application\/ld+json\" class=\"yoast-schema-graph\">{\"@context\":\"https:\\\/\\\/schema.org\",\"@graph\":[{\"@type\":\"WebPage\",\"@id\":\"https:\\\/\\\/www.balzatex.com\\\/es\\\/produit\\\/toallas-de-bano-con-flecos-de-paloma\\\/\",\"url\":\"https:\\\/\\\/www.balzatex.com\\\/es\\\/produit\\\/toallas-de-bano-con-flecos-de-paloma\\\/\",\"name\":\"Toallas de ba\u00f1o con flecos Colombes - Balzatex\",\"isPartOf\":{\"@id\":\"https:\\\/\\\/www.balzatex.com\\\/es\\\/#website\"},\"primaryImageOfPage\":{\"@id\":\"https:\\\/\\\/www.balzatex.com\\\/es\\\/produit\\\/toallas-de-bano-con-flecos-de-paloma\\\/#primaryimage\"},\"image\":{\"@id\":\"https:\\\/\\\/www.balzatex.com\\\/es\\\/produit\\\/toallas-de-bano-con-flecos-de-paloma\\\/#primaryimage\"},\"thumbnailUrl\":\"https:\\\/\\\/www.balzatex.com\\\/wp-content\\\/uploads\\\/2022\\\/02\\\/e-Collection-hamama-draps-de-bain-e1646562200412.png\",\"datePublished\":\"2022-02-23T16:08:19+00:00\",\"breadcrumb\":{\"@id\":\"https:\\\/\\\/www.balzatex.com\\\/es\\\/produit\\\/toallas-de-bano-con-flecos-de-paloma\\\/#breadcrumb\"},\"inLanguage\":\"es\",\"potentialAction\":[{\"@type\":\"ReadAction\",\"target\":[\"https:\\\/\\\/www.balzatex.com\\\/es\\\/produit\\\/toallas-de-bano-con-flecos-de-paloma\\\/\"]}]},{\"@type\":\"ImageObject\",\"inLanguage\":\"es\",\"@id\":\"https:\\\/\\\/www.balzatex.com\\\/es\\\/produit\\\/toallas-de-bano-con-flecos-de-paloma\\\/#primaryimage\",\"url\":\"https:\\\/\\\/www.balzatex.com\\\/wp-content\\\/uploads\\\/2022\\\/02\\\/e-Collection-hamama-draps-de-bain-e1646562200412.png\",\"contentUrl\":\"https:\\\/\\\/www.balzatex.com\\\/wp-content\\\/uploads\\\/2022\\\/02\\\/e-Collection-hamama-draps-de-bain-e1646562200412.png\",\"width\":900,\"height\":600},{\"@type\":\"BreadcrumbList\",\"@id\":\"https:\\\/\\\/www.balzatex.com\\\/es\\\/produit\\\/toallas-de-bano-con-flecos-de-paloma\\\/#breadcrumb\",\"itemListElement\":[{\"@type\":\"ListItem\",\"position\":1,\"name\":\"Accueil\",\"item\":\"https:\\\/\\\/www.balzatex.com\\\/es\\\/\"},{\"@type\":\"ListItem\",\"position\":2,\"name\":\"Tienda\",\"item\":\"https:\\\/\\\/www.balzatex.com\\\/es\\\/tienda\\\/\"},{\"@type\":\"ListItem\",\"position\":3,\"name\":\"Toallas de ba\u00f1o con flecos Colombes\"}]},{\"@type\":\"WebSite\",\"@id\":\"https:\\\/\\\/www.balzatex.com\\\/es\\\/#website\",\"url\":\"https:\\\/\\\/www.balzatex.com\\\/es\\\/\",\"name\":\"Balzatex\",\"description\":\"Linge maison\",\"potentialAction\":[{\"@type\":\"SearchAction\",\"target\":{\"@type\":\"EntryPoint\",\"urlTemplate\":\"https:\\\/\\\/www.balzatex.com\\\/es\\\/?s={search_term_string}\"},\"query-input\":{\"@type\":\"PropertyValueSpecification\",\"valueRequired\":true,\"valueName\":\"search_term_string\"}}],\"inLanguage\":\"es\"}]}<\/script>\n<!-- \/ Yoast SEO plugin. -->","yoast_head_json":{"title":"Toallas de ba\u00f1o con flecos Colombes - Balzatex","robots":{"index":"index","follow":"follow","max-snippet":"max-snippet:-1","max-image-preview":"max-image-preview:large","max-video-preview":"max-video-preview:-1"},"canonical":"https:\/\/www.balzatex.com\/es\/produit\/toallas-de-bano-con-flecos-de-paloma\/","og_locale":"es_ES","og_type":"article","og_title":"Toallas de ba\u00f1o con flecos Colombes - Balzatex","og_description":"Estrellas de Balzatex, estas ligeras esponjas encontrar\u00e1n un lugar natural en tantos lugares diferentes... ba\u00f1os, gimnasios, hammams, tumbonas, piscinas, junto al mar... Maxi grandes, ligeras, absorbentes, disponibles en muchos colores, divertidas con sus flecos, \u00a1tienen de todo para complacer! Patr\u00f3n: Palomas (hamama) Dimensiones: toalla de ba\u00f1o maxi en 100x200 - Toalla de ba\u00f1o en 100x150 Material: 100% algod\u00f3n","og_url":"https:\/\/www.balzatex.com\/es\/produit\/toallas-de-bano-con-flecos-de-paloma\/","og_site_name":"Balzatex","og_image":[{"width":900,"height":600,"url":"https:\/\/www.balzatex.com\/wp-content\/uploads\/2022\/02\/e-Collection-hamama-draps-de-bain-e1646562200412.png","type":"image\/png"}],"twitter_card":"summary_large_image","schema":{"@context":"https:\/\/schema.org","@graph":[{"@type":"WebPage","@id":"https:\/\/www.balzatex.com\/es\/produit\/toallas-de-bano-con-flecos-de-paloma\/","url":"https:\/\/www.balzatex.com\/es\/produit\/toallas-de-bano-con-flecos-de-paloma\/","name":"Toallas de ba\u00f1o con flecos Colombes - Balzatex","isPartOf":{"@id":"https:\/\/www.balzatex.com\/es\/#website"},"primaryImageOfPage":{"@id":"https:\/\/www.balzatex.com\/es\/produit\/toallas-de-bano-con-flecos-de-paloma\/#primaryimage"},"image":{"@id":"https:\/\/www.balzatex.com\/es\/produit\/toallas-de-bano-con-flecos-de-paloma\/#primaryimage"},"thumbnailUrl":"https:\/\/www.balzatex.com\/wp-content\/uploads\/2022\/02\/e-Collection-hamama-draps-de-bain-e1646562200412.png","datePublished":"2022-02-23T16:08:19+00:00","breadcrumb":{"@id":"https:\/\/www.balzatex.com\/es\/produit\/toallas-de-bano-con-flecos-de-paloma\/#breadcrumb"},"inLanguage":"es","potentialAction":[{"@type":"ReadAction","target":["https:\/\/www.balzatex.com\/es\/produit\/toallas-de-bano-con-flecos-de-paloma\/"]}]},{"@type":"ImageObject","inLanguage":"es","@id":"https:\/\/www.balzatex.com\/es\/produit\/toallas-de-bano-con-flecos-de-paloma\/#primaryimage","url":"https:\/\/www.balzatex.com\/wp-content\/uploads\/2022\/02\/e-Collection-hamama-draps-de-bain-e1646562200412.png","contentUrl":"https:\/\/www.balzatex.com\/wp-content\/uploads\/2022\/02\/e-Collection-hamama-draps-de-bain-e1646562200412.png","width":900,"height":600},{"@type":"BreadcrumbList","@id":"https:\/\/www.balzatex.com\/es\/produit\/toallas-de-bano-con-flecos-de-paloma\/#breadcrumb","itemListElement":[{"@type":"ListItem","position":1,"name":"Accueil","item":"https:\/\/www.balzatex.com\/es\/"},{"@type":"ListItem","position":2,"name":"Tienda","item":"https:\/\/www.balzatex.com\/es\/tienda\/"},{"@type":"ListItem","position":3,"name":"Toallas de ba\u00f1o con flecos Colombes"}]},{"@type":"WebSite","@id":"https:\/\/www.balzatex.com\/es\/#website","url":"https:\/\/www.balzatex.com\/es\/","name":"Balzatex","description":"Linge maison","potentialAction":[{"@type":"SearchAction","target":{"@type":"EntryPoint","urlTemplate":"https:\/\/www.balzatex.com\/es\/?s={search_term_string}"},"query-input":{"@type":"PropertyValueSpecification","valueRequired":true,"valueName":"search_term_string"}}],"inLanguage":"es"}]}},"_links":{"self":[{"href":"https:\/\/www.balzatex.com\/es\/wp-json\/wp\/v2\/product\/3552","targetHints":{"allow":["GET"]}}],"collection":[{"href":"https:\/\/www.balzatex.com\/es\/wp-json\/wp\/v2\/product"}],"about":[{"href":"https:\/\/www.balzatex.com\/es\/wp-json\/wp\/v2\/types\/product"}],"replies":[{"embeddable":true,"href":"https:\/\/www.balzatex.com\/es\/wp-json\/wp\/v2\/comments?post=3552"}],"wp:featuredmedia":[{"embeddable":true,"href":"https:\/\/www.balzatex.com\/es\/wp-json\/wp\/v2\/media\/2433"}],"wp:attachment":[{"href":"https:\/\/www.balzatex.com\/es\/wp-json\/wp\/v2\/media?parent=3552"}],"wp:term":[{"taxonomy":"product_brand","embeddable":true,"href":"https:\/\/www.balzatex.com\/es\/wp-json\/wp\/v2\/product_brand?post=3552"},{"taxonomy":"product_cat","embeddable":true,"href":"https:\/\/www.balzatex.com\/es\/wp-json\/wp\/v2\/product_cat?post=3552"},{"taxonomy":"product_tag","embeddable":true,"href":"https:\/\/www.balzatex.com\/es\/wp-json\/wp\/v2\/product_tag?post=3552"}],"curies":[{"name":"wp","href":"https:\/\/api.w.org\/{rel}","templated":true}]}}