{"id":3586,"date":"2022-02-23T16:48:50","date_gmt":"2022-02-23T15:48:50","guid":{"rendered":"https:\/\/www.balzatex.com\/produit\/albornoz-de-terciopelo-para-hombre-sultan\/"},"modified":"2022-02-23T16:48:50","modified_gmt":"2022-02-23T15:48:50","slug":"bata-sultan-hombre-terciopelo","status":"publish","type":"product","link":"https:\/\/www.balzatex.com\/es\/produit\/bata-sultan-hombre-terciopelo\/","title":{"rendered":"Albornoz de terciopelo para hombre Sultan"},"content":{"rendered":"","protected":false},"excerpt":{"rendered":"<p>\u00a1El Sult\u00e1n, el albornoz para mayores! S\u00e9 sult\u00e1n para un descanso de bienestar.<\/p>\n<p>Este albornoz de estilo oriental realzar\u00e1 tu silueta con su imponente capucha adornada con un pomp\u00f3n de seda hecho a mano. Dos pompones de seda hechos a mano tambi\u00e9n tintinean en los extremos del cintur\u00f3n, y los bolsillos est\u00e1n delicadamente subrayados con pasamaner\u00eda, tambi\u00e9n hechos a mano.<\/p>\n<p>Este albornoz es de talla \u00fanica, que corresponde a una XL.<\/p>\n<p>Est\u00e1 hecho de esponja velour, 100% algod\u00f3n, con un efecto sedoso por fuera, pero absorbente por dentro con su lado de rizo.<\/p>\n<p>Para prolongar la vida de los pompones, te recomendamos que los quites antes de cada lavado, son f\u00e1cilmente removibles.<\/p>\n","protected":false},"featured_media":2995,"comment_status":"open","ping_status":"closed","template":"","meta":{"_joinchat":[]},"product_brand":[],"product_cat":[381,310],"product_tag":[384,325,333,383,335],"class_list":{"0":"post-3586","1":"product","2":"type-product","3":"status-publish","4":"has-post-thumbnail","6":"product_cat-albornoces","7":"product_cat-ropa-de-bano","8":"product_tag-bata","9":"product_tag-blanco-blanca","10":"product_tag-coleccion-casa-blanca","11":"product_tag-coleccion-sultana","12":"product_tag-color-piedra","14":"first","15":"instock","16":"shipping-taxable","17":"purchasable","18":"product-type-variable"},"supplier_id":null,"supplier_sku":"","barcode":null,"atum_controlled":true,"out_stock_date":null,"out_stock_threshold":null,"inheritable":true,"inbound_stock":0,"stock_on_hold":4,"sold_today":0,"sales_last_days":0,"reserved_stock":0,"customer_returns":0,"warehouse_damage":0,"lost_in_post":0,"other_logs":0,"out_stock_days":0,"lost_sales":0,"has_location":false,"update_date":"2026-03-20T15:51:34","atum_locations":[],"atum_stock_status":"instock","restock_status":false,"low_stock_amount":"","sales_update_date":"2023-09-08T09:17:45","calc_backorders":null,"yoast_head":"<!-- This site is optimized with the Yoast SEO plugin v27.5 - https:\/\/yoast.com\/product\/yoast-seo-wordpress\/ -->\n<title>Albornoz de terciopelo para hombre Sultan - Balzatex<\/title>\n<meta name=\"robots\" content=\"index, follow, max-snippet:-1, max-image-preview:large, max-video-preview:-1\" \/>\n<link rel=\"canonical\" href=\"https:\/\/www.balzatex.com\/es\/produit\/bata-sultan-hombre-terciopelo\/\" \/>\n<meta property=\"og:locale\" content=\"es_ES\" \/>\n<meta property=\"og:type\" content=\"article\" \/>\n<meta property=\"og:title\" content=\"Albornoz de terciopelo para hombre Sultan - Balzatex\" \/>\n<meta property=\"og:description\" content=\"\u00a1El Sult\u00e1n, el albornoz para mayores! S\u00e9 sult\u00e1n para un descanso de bienestar. Este albornoz de estilo oriental realzar\u00e1 tu silueta con su imponente capucha adornada con un pomp\u00f3n de seda hecho a mano. Dos pompones de seda hechos a mano tambi\u00e9n tintinean en los extremos del cintur\u00f3n, y los bolsillos est\u00e1n delicadamente subrayados con pasamaner\u00eda, tambi\u00e9n hechos a mano. Este albornoz es de talla \u00fanica, que corresponde a una XL. Est\u00e1 hecho de esponja velour, 100% algod\u00f3n, con un efecto sedoso por fuera, pero absorbente por dentro con su lado de rizo. Para prolongar la vida de los pompones, te recomendamos que los quites antes de cada lavado, son f\u00e1cilmente removibles.\" \/>\n<meta property=\"og:url\" content=\"https:\/\/www.balzatex.com\/es\/produit\/bata-sultan-hombre-terciopelo\/\" \/>\n<meta property=\"og:site_name\" content=\"Balzatex\" \/>\n<meta property=\"og:image\" content=\"https:\/\/www.balzatex.com\/wp-content\/uploads\/2022\/02\/peignoir-sultan-pierre-balzatex.jpg\" \/>\n\t<meta property=\"og:image:width\" content=\"600\" \/>\n\t<meta property=\"og:image:height\" content=\"600\" \/>\n\t<meta property=\"og:image:type\" content=\"image\/jpeg\" \/>\n<meta name=\"twitter:card\" content=\"summary_large_image\" \/>\n<script type=\"application\/ld+json\" class=\"yoast-schema-graph\">{\"@context\":\"https:\\\/\\\/schema.org\",\"@graph\":[{\"@type\":\"WebPage\",\"@id\":\"https:\\\/\\\/www.balzatex.com\\\/es\\\/produit\\\/bata-sultan-hombre-terciopelo\\\/\",\"url\":\"https:\\\/\\\/www.balzatex.com\\\/es\\\/produit\\\/bata-sultan-hombre-terciopelo\\\/\",\"name\":\"Albornoz de terciopelo para hombre Sultan - Balzatex\",\"isPartOf\":{\"@id\":\"https:\\\/\\\/www.balzatex.com\\\/es\\\/#website\"},\"primaryImageOfPage\":{\"@id\":\"https:\\\/\\\/www.balzatex.com\\\/es\\\/produit\\\/bata-sultan-hombre-terciopelo\\\/#primaryimage\"},\"image\":{\"@id\":\"https:\\\/\\\/www.balzatex.com\\\/es\\\/produit\\\/bata-sultan-hombre-terciopelo\\\/#primaryimage\"},\"thumbnailUrl\":\"https:\\\/\\\/www.balzatex.com\\\/wp-content\\\/uploads\\\/2022\\\/02\\\/peignoir-sultan-pierre-balzatex.jpg\",\"datePublished\":\"2022-02-23T15:48:50+00:00\",\"breadcrumb\":{\"@id\":\"https:\\\/\\\/www.balzatex.com\\\/es\\\/produit\\\/bata-sultan-hombre-terciopelo\\\/#breadcrumb\"},\"inLanguage\":\"es\",\"potentialAction\":[{\"@type\":\"ReadAction\",\"target\":[\"https:\\\/\\\/www.balzatex.com\\\/es\\\/produit\\\/bata-sultan-hombre-terciopelo\\\/\"]}]},{\"@type\":\"ImageObject\",\"inLanguage\":\"es\",\"@id\":\"https:\\\/\\\/www.balzatex.com\\\/es\\\/produit\\\/bata-sultan-hombre-terciopelo\\\/#primaryimage\",\"url\":\"https:\\\/\\\/www.balzatex.com\\\/wp-content\\\/uploads\\\/2022\\\/02\\\/peignoir-sultan-pierre-balzatex.jpg\",\"contentUrl\":\"https:\\\/\\\/www.balzatex.com\\\/wp-content\\\/uploads\\\/2022\\\/02\\\/peignoir-sultan-pierre-balzatex.jpg\",\"width\":600,\"height\":600},{\"@type\":\"BreadcrumbList\",\"@id\":\"https:\\\/\\\/www.balzatex.com\\\/es\\\/produit\\\/bata-sultan-hombre-terciopelo\\\/#breadcrumb\",\"itemListElement\":[{\"@type\":\"ListItem\",\"position\":1,\"name\":\"Accueil\",\"item\":\"https:\\\/\\\/www.balzatex.com\\\/es\\\/\"},{\"@type\":\"ListItem\",\"position\":2,\"name\":\"Tienda\",\"item\":\"https:\\\/\\\/www.balzatex.com\\\/es\\\/tienda\\\/\"},{\"@type\":\"ListItem\",\"position\":3,\"name\":\"Albornoz de terciopelo para hombre Sultan\"}]},{\"@type\":\"WebSite\",\"@id\":\"https:\\\/\\\/www.balzatex.com\\\/es\\\/#website\",\"url\":\"https:\\\/\\\/www.balzatex.com\\\/es\\\/\",\"name\":\"Balzatex\",\"description\":\"Linge maison\",\"potentialAction\":[{\"@type\":\"SearchAction\",\"target\":{\"@type\":\"EntryPoint\",\"urlTemplate\":\"https:\\\/\\\/www.balzatex.com\\\/es\\\/?s={search_term_string}\"},\"query-input\":{\"@type\":\"PropertyValueSpecification\",\"valueRequired\":true,\"valueName\":\"search_term_string\"}}],\"inLanguage\":\"es\"}]}<\/script>\n<!-- \/ Yoast SEO plugin. -->","yoast_head_json":{"title":"Albornoz de terciopelo para hombre Sultan - Balzatex","robots":{"index":"index","follow":"follow","max-snippet":"max-snippet:-1","max-image-preview":"max-image-preview:large","max-video-preview":"max-video-preview:-1"},"canonical":"https:\/\/www.balzatex.com\/es\/produit\/bata-sultan-hombre-terciopelo\/","og_locale":"es_ES","og_type":"article","og_title":"Albornoz de terciopelo para hombre Sultan - Balzatex","og_description":"\u00a1El Sult\u00e1n, el albornoz para mayores! S\u00e9 sult\u00e1n para un descanso de bienestar. Este albornoz de estilo oriental realzar\u00e1 tu silueta con su imponente capucha adornada con un pomp\u00f3n de seda hecho a mano. Dos pompones de seda hechos a mano tambi\u00e9n tintinean en los extremos del cintur\u00f3n, y los bolsillos est\u00e1n delicadamente subrayados con pasamaner\u00eda, tambi\u00e9n hechos a mano. Este albornoz es de talla \u00fanica, que corresponde a una XL. Est\u00e1 hecho de esponja velour, 100% algod\u00f3n, con un efecto sedoso por fuera, pero absorbente por dentro con su lado de rizo. Para prolongar la vida de los pompones, te recomendamos que los quites antes de cada lavado, son f\u00e1cilmente removibles.","og_url":"https:\/\/www.balzatex.com\/es\/produit\/bata-sultan-hombre-terciopelo\/","og_site_name":"Balzatex","og_image":[{"width":600,"height":600,"url":"https:\/\/www.balzatex.com\/wp-content\/uploads\/2022\/02\/peignoir-sultan-pierre-balzatex.jpg","type":"image\/jpeg"}],"twitter_card":"summary_large_image","schema":{"@context":"https:\/\/schema.org","@graph":[{"@type":"WebPage","@id":"https:\/\/www.balzatex.com\/es\/produit\/bata-sultan-hombre-terciopelo\/","url":"https:\/\/www.balzatex.com\/es\/produit\/bata-sultan-hombre-terciopelo\/","name":"Albornoz de terciopelo para hombre Sultan - Balzatex","isPartOf":{"@id":"https:\/\/www.balzatex.com\/es\/#website"},"primaryImageOfPage":{"@id":"https:\/\/www.balzatex.com\/es\/produit\/bata-sultan-hombre-terciopelo\/#primaryimage"},"image":{"@id":"https:\/\/www.balzatex.com\/es\/produit\/bata-sultan-hombre-terciopelo\/#primaryimage"},"thumbnailUrl":"https:\/\/www.balzatex.com\/wp-content\/uploads\/2022\/02\/peignoir-sultan-pierre-balzatex.jpg","datePublished":"2022-02-23T15:48:50+00:00","breadcrumb":{"@id":"https:\/\/www.balzatex.com\/es\/produit\/bata-sultan-hombre-terciopelo\/#breadcrumb"},"inLanguage":"es","potentialAction":[{"@type":"ReadAction","target":["https:\/\/www.balzatex.com\/es\/produit\/bata-sultan-hombre-terciopelo\/"]}]},{"@type":"ImageObject","inLanguage":"es","@id":"https:\/\/www.balzatex.com\/es\/produit\/bata-sultan-hombre-terciopelo\/#primaryimage","url":"https:\/\/www.balzatex.com\/wp-content\/uploads\/2022\/02\/peignoir-sultan-pierre-balzatex.jpg","contentUrl":"https:\/\/www.balzatex.com\/wp-content\/uploads\/2022\/02\/peignoir-sultan-pierre-balzatex.jpg","width":600,"height":600},{"@type":"BreadcrumbList","@id":"https:\/\/www.balzatex.com\/es\/produit\/bata-sultan-hombre-terciopelo\/#breadcrumb","itemListElement":[{"@type":"ListItem","position":1,"name":"Accueil","item":"https:\/\/www.balzatex.com\/es\/"},{"@type":"ListItem","position":2,"name":"Tienda","item":"https:\/\/www.balzatex.com\/es\/tienda\/"},{"@type":"ListItem","position":3,"name":"Albornoz de terciopelo para hombre Sultan"}]},{"@type":"WebSite","@id":"https:\/\/www.balzatex.com\/es\/#website","url":"https:\/\/www.balzatex.com\/es\/","name":"Balzatex","description":"Linge maison","potentialAction":[{"@type":"SearchAction","target":{"@type":"EntryPoint","urlTemplate":"https:\/\/www.balzatex.com\/es\/?s={search_term_string}"},"query-input":{"@type":"PropertyValueSpecification","valueRequired":true,"valueName":"search_term_string"}}],"inLanguage":"es"}]}},"_links":{"self":[{"href":"https:\/\/www.balzatex.com\/es\/wp-json\/wp\/v2\/product\/3586","targetHints":{"allow":["GET"]}}],"collection":[{"href":"https:\/\/www.balzatex.com\/es\/wp-json\/wp\/v2\/product"}],"about":[{"href":"https:\/\/www.balzatex.com\/es\/wp-json\/wp\/v2\/types\/product"}],"replies":[{"embeddable":true,"href":"https:\/\/www.balzatex.com\/es\/wp-json\/wp\/v2\/comments?post=3586"}],"wp:featuredmedia":[{"embeddable":true,"href":"https:\/\/www.balzatex.com\/es\/wp-json\/wp\/v2\/media\/2995"}],"wp:attachment":[{"href":"https:\/\/www.balzatex.com\/es\/wp-json\/wp\/v2\/media?parent=3586"}],"wp:term":[{"taxonomy":"product_brand","embeddable":true,"href":"https:\/\/www.balzatex.com\/es\/wp-json\/wp\/v2\/product_brand?post=3586"},{"taxonomy":"product_cat","embeddable":true,"href":"https:\/\/www.balzatex.com\/es\/wp-json\/wp\/v2\/product_cat?post=3586"},{"taxonomy":"product_tag","embeddable":true,"href":"https:\/\/www.balzatex.com\/es\/wp-json\/wp\/v2\/product_tag?post=3586"}],"curies":[{"name":"wp","href":"https:\/\/api.w.org\/{rel}","templated":true}]}}