{"id":3624,"date":"2022-02-23T15:44:00","date_gmt":"2022-02-23T14:44:00","guid":{"rendered":"https:\/\/www.balzatex.com\/produit\/2-toallas-de-invitados-akidates-o-botones\/"},"modified":"2022-11-25T00:16:29","modified_gmt":"2022-11-24T23:16:29","slug":"2-servilletas-invitacion-akidates-o-botones","status":"publish","type":"product","link":"https:\/\/www.balzatex.com\/es\/produit\/2-servilletas-invitacion-akidates-o-botones\/","title":{"rendered":"2 toallas de invitados Akidates o botones"},"content":{"rendered":"","protected":false},"excerpt":{"rendered":"<p>Un peque\u00f1o regalo que hace efecto cuando no quieres irte a casa con las manos vac\u00edas. O simplemente 2 toallas de mano peque\u00f1as indispensables en todos los ba\u00f1os. Absorbentes, muy suaves, est\u00e1n fabricados en algod\u00f3n 100% y tejidos en 700 gr\/m\u00b2. Originales con sus peque\u00f1os pompones hechos a mano, \u00a1no te quedar\u00e1s sin ellos! Toallas en 30&#215;50, tama\u00f1o ideal para las manos, incluso para la cara. Diferentes colores y gradaciones de pompones disponibles.<\/p>\n","protected":false},"featured_media":4876,"comment_status":"open","ping_status":"closed","template":"","meta":{"_joinchat":[]},"product_brand":[],"product_cat":[389,310],"product_tag":[390,325,333,335],"class_list":{"0":"post-3624","1":"product","2":"type-product","3":"status-publish","4":"has-post-thumbnail","6":"product_cat-akidates-nuestros-botones","7":"product_cat-ropa-de-bano","8":"product_tag-akidates-o-granos","9":"product_tag-blanco-blanca","10":"product_tag-coleccion-casa-blanca","11":"product_tag-color-piedra","13":"first","14":"instock","15":"shipping-taxable","16":"purchasable","17":"product-type-variable"},"supplier_id":null,"supplier_sku":"","barcode":null,"atum_controlled":true,"out_stock_date":null,"out_stock_threshold":null,"inheritable":true,"inbound_stock":0,"stock_on_hold":9,"sold_today":4,"sales_last_days":7,"reserved_stock":0,"customer_returns":0,"warehouse_damage":0,"lost_in_post":0,"other_logs":0,"out_stock_days":0,"lost_sales":0,"has_location":false,"update_date":"2025-06-03T13:53:36","atum_locations":[],"atum_stock_status":"instock","restock_status":false,"low_stock_amount":"","sales_update_date":"2023-09-06T09:16:59","calc_backorders":null,"yoast_head":"<!-- This site is optimized with the Yoast SEO plugin v27.5 - https:\/\/yoast.com\/product\/yoast-seo-wordpress\/ -->\n<title>2 toallas de invitados Akidates o botones - Balzatex<\/title>\n<meta name=\"robots\" content=\"index, follow, max-snippet:-1, max-image-preview:large, max-video-preview:-1\" \/>\n<link rel=\"canonical\" href=\"https:\/\/www.balzatex.com\/es\/produit\/2-servilletas-invitacion-akidates-o-botones\/\" \/>\n<meta property=\"og:locale\" content=\"es_ES\" \/>\n<meta property=\"og:type\" content=\"article\" \/>\n<meta property=\"og:title\" content=\"2 toallas de invitados Akidates o botones - Balzatex\" \/>\n<meta property=\"og:description\" content=\"Un peque\u00f1o regalo que hace efecto cuando no quieres irte a casa con las manos vac\u00edas. O simplemente 2 toallas de mano peque\u00f1as indispensables en todos los ba\u00f1os. Absorbentes, muy suaves, est\u00e1n fabricados en algod\u00f3n 100% y tejidos en 700 gr\/m\u00b2. Originales con sus peque\u00f1os pompones hechos a mano, \u00a1no te quedar\u00e1s sin ellos! Toallas en 30x50, tama\u00f1o ideal para las manos, incluso para la cara. Diferentes colores y gradaciones de pompones disponibles.\" \/>\n<meta property=\"og:url\" content=\"https:\/\/www.balzatex.com\/es\/produit\/2-servilletas-invitacion-akidates-o-botones\/\" \/>\n<meta property=\"og:site_name\" content=\"Balzatex\" \/>\n<meta property=\"article:modified_time\" content=\"2022-11-24T23:16:29+00:00\" \/>\n<meta property=\"og:image\" content=\"https:\/\/www.balzatex.com\/wp-content\/uploads\/2022\/03\/serviettes-boutons-blanc-pierre-scaled.jpg\" \/>\n\t<meta property=\"og:image:width\" content=\"1916\" \/>\n\t<meta property=\"og:image:height\" content=\"2560\" \/>\n\t<meta property=\"og:image:type\" content=\"image\/jpeg\" \/>\n<meta name=\"twitter:card\" content=\"summary_large_image\" \/>\n<script type=\"application\/ld+json\" class=\"yoast-schema-graph\">{\"@context\":\"https:\\\/\\\/schema.org\",\"@graph\":[{\"@type\":\"WebPage\",\"@id\":\"https:\\\/\\\/www.balzatex.com\\\/es\\\/produit\\\/2-servilletas-invitacion-akidates-o-botones\\\/\",\"url\":\"https:\\\/\\\/www.balzatex.com\\\/es\\\/produit\\\/2-servilletas-invitacion-akidates-o-botones\\\/\",\"name\":\"2 toallas de invitados Akidates o botones - Balzatex\",\"isPartOf\":{\"@id\":\"https:\\\/\\\/www.balzatex.com\\\/es\\\/#website\"},\"primaryImageOfPage\":{\"@id\":\"https:\\\/\\\/www.balzatex.com\\\/es\\\/produit\\\/2-servilletas-invitacion-akidates-o-botones\\\/#primaryimage\"},\"image\":{\"@id\":\"https:\\\/\\\/www.balzatex.com\\\/es\\\/produit\\\/2-servilletas-invitacion-akidates-o-botones\\\/#primaryimage\"},\"thumbnailUrl\":\"https:\\\/\\\/www.balzatex.com\\\/wp-content\\\/uploads\\\/2022\\\/03\\\/serviettes-boutons-blanc-pierre-scaled.jpg\",\"datePublished\":\"2022-02-23T14:44:00+00:00\",\"dateModified\":\"2022-11-24T23:16:29+00:00\",\"breadcrumb\":{\"@id\":\"https:\\\/\\\/www.balzatex.com\\\/es\\\/produit\\\/2-servilletas-invitacion-akidates-o-botones\\\/#breadcrumb\"},\"inLanguage\":\"es\",\"potentialAction\":[{\"@type\":\"ReadAction\",\"target\":[\"https:\\\/\\\/www.balzatex.com\\\/es\\\/produit\\\/2-servilletas-invitacion-akidates-o-botones\\\/\"]}]},{\"@type\":\"ImageObject\",\"inLanguage\":\"es\",\"@id\":\"https:\\\/\\\/www.balzatex.com\\\/es\\\/produit\\\/2-servilletas-invitacion-akidates-o-botones\\\/#primaryimage\",\"url\":\"https:\\\/\\\/www.balzatex.com\\\/wp-content\\\/uploads\\\/2022\\\/03\\\/serviettes-boutons-blanc-pierre-scaled.jpg\",\"contentUrl\":\"https:\\\/\\\/www.balzatex.com\\\/wp-content\\\/uploads\\\/2022\\\/03\\\/serviettes-boutons-blanc-pierre-scaled.jpg\",\"width\":1916,\"height\":2560},{\"@type\":\"BreadcrumbList\",\"@id\":\"https:\\\/\\\/www.balzatex.com\\\/es\\\/produit\\\/2-servilletas-invitacion-akidates-o-botones\\\/#breadcrumb\",\"itemListElement\":[{\"@type\":\"ListItem\",\"position\":1,\"name\":\"Accueil\",\"item\":\"https:\\\/\\\/www.balzatex.com\\\/es\\\/\"},{\"@type\":\"ListItem\",\"position\":2,\"name\":\"Tienda\",\"item\":\"https:\\\/\\\/www.balzatex.com\\\/es\\\/tienda\\\/\"},{\"@type\":\"ListItem\",\"position\":3,\"name\":\"2 toallas de invitados Akidates o botones\"}]},{\"@type\":\"WebSite\",\"@id\":\"https:\\\/\\\/www.balzatex.com\\\/es\\\/#website\",\"url\":\"https:\\\/\\\/www.balzatex.com\\\/es\\\/\",\"name\":\"Balzatex\",\"description\":\"Linge maison\",\"potentialAction\":[{\"@type\":\"SearchAction\",\"target\":{\"@type\":\"EntryPoint\",\"urlTemplate\":\"https:\\\/\\\/www.balzatex.com\\\/es\\\/?s={search_term_string}\"},\"query-input\":{\"@type\":\"PropertyValueSpecification\",\"valueRequired\":true,\"valueName\":\"search_term_string\"}}],\"inLanguage\":\"es\"}]}<\/script>\n<!-- \/ Yoast SEO plugin. -->","yoast_head_json":{"title":"2 toallas de invitados Akidates o botones - Balzatex","robots":{"index":"index","follow":"follow","max-snippet":"max-snippet:-1","max-image-preview":"max-image-preview:large","max-video-preview":"max-video-preview:-1"},"canonical":"https:\/\/www.balzatex.com\/es\/produit\/2-servilletas-invitacion-akidates-o-botones\/","og_locale":"es_ES","og_type":"article","og_title":"2 toallas de invitados Akidates o botones - Balzatex","og_description":"Un peque\u00f1o regalo que hace efecto cuando no quieres irte a casa con las manos vac\u00edas. O simplemente 2 toallas de mano peque\u00f1as indispensables en todos los ba\u00f1os. Absorbentes, muy suaves, est\u00e1n fabricados en algod\u00f3n 100% y tejidos en 700 gr\/m\u00b2. Originales con sus peque\u00f1os pompones hechos a mano, \u00a1no te quedar\u00e1s sin ellos! Toallas en 30x50, tama\u00f1o ideal para las manos, incluso para la cara. Diferentes colores y gradaciones de pompones disponibles.","og_url":"https:\/\/www.balzatex.com\/es\/produit\/2-servilletas-invitacion-akidates-o-botones\/","og_site_name":"Balzatex","article_modified_time":"2022-11-24T23:16:29+00:00","og_image":[{"width":1916,"height":2560,"url":"https:\/\/www.balzatex.com\/wp-content\/uploads\/2022\/03\/serviettes-boutons-blanc-pierre-scaled.jpg","type":"image\/jpeg"}],"twitter_card":"summary_large_image","schema":{"@context":"https:\/\/schema.org","@graph":[{"@type":"WebPage","@id":"https:\/\/www.balzatex.com\/es\/produit\/2-servilletas-invitacion-akidates-o-botones\/","url":"https:\/\/www.balzatex.com\/es\/produit\/2-servilletas-invitacion-akidates-o-botones\/","name":"2 toallas de invitados Akidates o botones - Balzatex","isPartOf":{"@id":"https:\/\/www.balzatex.com\/es\/#website"},"primaryImageOfPage":{"@id":"https:\/\/www.balzatex.com\/es\/produit\/2-servilletas-invitacion-akidates-o-botones\/#primaryimage"},"image":{"@id":"https:\/\/www.balzatex.com\/es\/produit\/2-servilletas-invitacion-akidates-o-botones\/#primaryimage"},"thumbnailUrl":"https:\/\/www.balzatex.com\/wp-content\/uploads\/2022\/03\/serviettes-boutons-blanc-pierre-scaled.jpg","datePublished":"2022-02-23T14:44:00+00:00","dateModified":"2022-11-24T23:16:29+00:00","breadcrumb":{"@id":"https:\/\/www.balzatex.com\/es\/produit\/2-servilletas-invitacion-akidates-o-botones\/#breadcrumb"},"inLanguage":"es","potentialAction":[{"@type":"ReadAction","target":["https:\/\/www.balzatex.com\/es\/produit\/2-servilletas-invitacion-akidates-o-botones\/"]}]},{"@type":"ImageObject","inLanguage":"es","@id":"https:\/\/www.balzatex.com\/es\/produit\/2-servilletas-invitacion-akidates-o-botones\/#primaryimage","url":"https:\/\/www.balzatex.com\/wp-content\/uploads\/2022\/03\/serviettes-boutons-blanc-pierre-scaled.jpg","contentUrl":"https:\/\/www.balzatex.com\/wp-content\/uploads\/2022\/03\/serviettes-boutons-blanc-pierre-scaled.jpg","width":1916,"height":2560},{"@type":"BreadcrumbList","@id":"https:\/\/www.balzatex.com\/es\/produit\/2-servilletas-invitacion-akidates-o-botones\/#breadcrumb","itemListElement":[{"@type":"ListItem","position":1,"name":"Accueil","item":"https:\/\/www.balzatex.com\/es\/"},{"@type":"ListItem","position":2,"name":"Tienda","item":"https:\/\/www.balzatex.com\/es\/tienda\/"},{"@type":"ListItem","position":3,"name":"2 toallas de invitados Akidates o botones"}]},{"@type":"WebSite","@id":"https:\/\/www.balzatex.com\/es\/#website","url":"https:\/\/www.balzatex.com\/es\/","name":"Balzatex","description":"Linge maison","potentialAction":[{"@type":"SearchAction","target":{"@type":"EntryPoint","urlTemplate":"https:\/\/www.balzatex.com\/es\/?s={search_term_string}"},"query-input":{"@type":"PropertyValueSpecification","valueRequired":true,"valueName":"search_term_string"}}],"inLanguage":"es"}]}},"_links":{"self":[{"href":"https:\/\/www.balzatex.com\/es\/wp-json\/wp\/v2\/product\/3624","targetHints":{"allow":["GET"]}}],"collection":[{"href":"https:\/\/www.balzatex.com\/es\/wp-json\/wp\/v2\/product"}],"about":[{"href":"https:\/\/www.balzatex.com\/es\/wp-json\/wp\/v2\/types\/product"}],"replies":[{"embeddable":true,"href":"https:\/\/www.balzatex.com\/es\/wp-json\/wp\/v2\/comments?post=3624"}],"wp:featuredmedia":[{"embeddable":true,"href":"https:\/\/www.balzatex.com\/es\/wp-json\/wp\/v2\/media\/4876"}],"wp:attachment":[{"href":"https:\/\/www.balzatex.com\/es\/wp-json\/wp\/v2\/media?parent=3624"}],"wp:term":[{"taxonomy":"product_brand","embeddable":true,"href":"https:\/\/www.balzatex.com\/es\/wp-json\/wp\/v2\/product_brand?post=3624"},{"taxonomy":"product_cat","embeddable":true,"href":"https:\/\/www.balzatex.com\/es\/wp-json\/wp\/v2\/product_cat?post=3624"},{"taxonomy":"product_tag","embeddable":true,"href":"https:\/\/www.balzatex.com\/es\/wp-json\/wp\/v2\/product_tag?post=3624"}],"curies":[{"name":"wp","href":"https:\/\/api.w.org\/{rel}","templated":true}]}}