{"id":3633,"date":"2022-02-23T16:17:03","date_gmt":"2022-02-23T15:17:03","guid":{"rendered":"https:\/\/www.balzatex.com\/produit\/toallita-damasco-con-elastico\/"},"modified":"2022-04-04T20:36:22","modified_gmt":"2022-04-04T20:36:22","slug":"toallita-adamascada-con-elastico","status":"publish","type":"product","link":"https:\/\/www.balzatex.com\/es\/produit\/toallita-adamascada-con-elastico\/","title":{"rendered":"Toallita damasco con el\u00e1stico"},"content":{"rendered":"","protected":false},"excerpt":{"rendered":"<p>Un guante inteligente que se adapta bien a la mano gracias a su pu\u00f1o el\u00e1stico. \u00bfCansado de retorcerse los dedos para enjabonarse a s\u00ed mismo oa sus hijos? Este guante te seducir\u00e1 por su practicidad. 100% algod\u00f3n, este guante de damasco se puede lavar a 60\u00b0 y te permite garantizar una higiene perfecta.<\/p>\n","protected":false},"featured_media":0,"comment_status":"open","ping_status":"closed","template":"","meta":{"_joinchat":[]},"product_brand":[],"product_cat":[413,318,415,310,414,367],"product_tag":[325,333,335,412,391],"class_list":{"0":"post-3633","1":"product","2":"type-product","3":"status-publish","5":"product_cat-accesorios","6":"product_cat-nuestros-basicos-700g-m","7":"product_cat-nuestros-imprescindibles-para-el-bano-del-bebe","8":"product_cat-ropa-de-bano","9":"product_cat-ropa-de-bebe","10":"product_cat-unido","11":"product_tag-blanco-blanca","12":"product_tag-coleccion-casa-blanca","13":"product_tag-color-piedra","14":"product_tag-damasco","15":"product_tag-guante-de-bano","17":"first","18":"outofstock","19":"shipping-taxable","20":"product-type-variable"},"supplier_id":null,"supplier_sku":"","barcode":null,"atum_controlled":true,"out_stock_date":null,"out_stock_threshold":null,"inheritable":false,"inbound_stock":0,"stock_on_hold":0,"sold_today":0,"sales_last_days":0,"reserved_stock":0,"customer_returns":0,"warehouse_damage":0,"lost_in_post":0,"other_logs":0,"out_stock_days":0,"lost_sales":0,"has_location":false,"update_date":"2023-09-07T09:18:21","atum_locations":[],"atum_stock_status":"outofstock","restock_status":false,"low_stock_amount":"","sales_update_date":"2023-09-07T09:18:21","calc_backorders":null,"yoast_head":"<!-- This site is optimized with the Yoast SEO plugin v27.5 - https:\/\/yoast.com\/product\/yoast-seo-wordpress\/ -->\n<title>Toallita damasco con el\u00e1stico - Balzatex<\/title>\n<meta name=\"robots\" content=\"index, follow, max-snippet:-1, max-image-preview:large, max-video-preview:-1\" \/>\n<link rel=\"canonical\" href=\"https:\/\/www.balzatex.com\/es\/produit\/toallita-adamascada-con-elastico\/\" \/>\n<meta property=\"og:locale\" content=\"es_ES\" \/>\n<meta property=\"og:type\" content=\"article\" \/>\n<meta property=\"og:title\" content=\"Toallita damasco con el\u00e1stico - Balzatex\" \/>\n<meta property=\"og:description\" content=\"Un guante inteligente que se adapta bien a la mano gracias a su pu\u00f1o el\u00e1stico. \u00bfCansado de retorcerse los dedos para enjabonarse a s\u00ed mismo oa sus hijos? Este guante te seducir\u00e1 por su practicidad. 100% algod\u00f3n, este guante de damasco se puede lavar a 60\u00b0 y te permite garantizar una higiene perfecta.\" \/>\n<meta property=\"og:url\" content=\"https:\/\/www.balzatex.com\/es\/produit\/toallita-adamascada-con-elastico\/\" \/>\n<meta property=\"og:site_name\" content=\"Balzatex\" \/>\n<meta property=\"article:modified_time\" content=\"2022-04-04T20:36:22+00:00\" \/>\n<meta name=\"twitter:card\" content=\"summary_large_image\" \/>\n<script type=\"application\/ld+json\" class=\"yoast-schema-graph\">{\"@context\":\"https:\\\/\\\/schema.org\",\"@graph\":[{\"@type\":\"WebPage\",\"@id\":\"https:\\\/\\\/www.balzatex.com\\\/es\\\/produit\\\/toallita-adamascada-con-elastico\\\/\",\"url\":\"https:\\\/\\\/www.balzatex.com\\\/es\\\/produit\\\/toallita-adamascada-con-elastico\\\/\",\"name\":\"Toallita damasco con el\u00e1stico - Balzatex\",\"isPartOf\":{\"@id\":\"https:\\\/\\\/www.balzatex.com\\\/es\\\/#website\"},\"datePublished\":\"2022-02-23T15:17:03+00:00\",\"dateModified\":\"2022-04-04T20:36:22+00:00\",\"breadcrumb\":{\"@id\":\"https:\\\/\\\/www.balzatex.com\\\/es\\\/produit\\\/toallita-adamascada-con-elastico\\\/#breadcrumb\"},\"inLanguage\":\"es\",\"potentialAction\":[{\"@type\":\"ReadAction\",\"target\":[\"https:\\\/\\\/www.balzatex.com\\\/es\\\/produit\\\/toallita-adamascada-con-elastico\\\/\"]}]},{\"@type\":\"BreadcrumbList\",\"@id\":\"https:\\\/\\\/www.balzatex.com\\\/es\\\/produit\\\/toallita-adamascada-con-elastico\\\/#breadcrumb\",\"itemListElement\":[{\"@type\":\"ListItem\",\"position\":1,\"name\":\"Accueil\",\"item\":\"https:\\\/\\\/www.balzatex.com\\\/es\\\/\"},{\"@type\":\"ListItem\",\"position\":2,\"name\":\"Tienda\",\"item\":\"https:\\\/\\\/www.balzatex.com\\\/es\\\/tienda\\\/\"},{\"@type\":\"ListItem\",\"position\":3,\"name\":\"Toallita damasco con el\u00e1stico\"}]},{\"@type\":\"WebSite\",\"@id\":\"https:\\\/\\\/www.balzatex.com\\\/es\\\/#website\",\"url\":\"https:\\\/\\\/www.balzatex.com\\\/es\\\/\",\"name\":\"Balzatex\",\"description\":\"Linge maison\",\"potentialAction\":[{\"@type\":\"SearchAction\",\"target\":{\"@type\":\"EntryPoint\",\"urlTemplate\":\"https:\\\/\\\/www.balzatex.com\\\/es\\\/?s={search_term_string}\"},\"query-input\":{\"@type\":\"PropertyValueSpecification\",\"valueRequired\":true,\"valueName\":\"search_term_string\"}}],\"inLanguage\":\"es\"}]}<\/script>\n<!-- \/ Yoast SEO plugin. -->","yoast_head_json":{"title":"Toallita damasco con el\u00e1stico - Balzatex","robots":{"index":"index","follow":"follow","max-snippet":"max-snippet:-1","max-image-preview":"max-image-preview:large","max-video-preview":"max-video-preview:-1"},"canonical":"https:\/\/www.balzatex.com\/es\/produit\/toallita-adamascada-con-elastico\/","og_locale":"es_ES","og_type":"article","og_title":"Toallita damasco con el\u00e1stico - Balzatex","og_description":"Un guante inteligente que se adapta bien a la mano gracias a su pu\u00f1o el\u00e1stico. \u00bfCansado de retorcerse los dedos para enjabonarse a s\u00ed mismo oa sus hijos? Este guante te seducir\u00e1 por su practicidad. 100% algod\u00f3n, este guante de damasco se puede lavar a 60\u00b0 y te permite garantizar una higiene perfecta.","og_url":"https:\/\/www.balzatex.com\/es\/produit\/toallita-adamascada-con-elastico\/","og_site_name":"Balzatex","article_modified_time":"2022-04-04T20:36:22+00:00","twitter_card":"summary_large_image","schema":{"@context":"https:\/\/schema.org","@graph":[{"@type":"WebPage","@id":"https:\/\/www.balzatex.com\/es\/produit\/toallita-adamascada-con-elastico\/","url":"https:\/\/www.balzatex.com\/es\/produit\/toallita-adamascada-con-elastico\/","name":"Toallita damasco con el\u00e1stico - Balzatex","isPartOf":{"@id":"https:\/\/www.balzatex.com\/es\/#website"},"datePublished":"2022-02-23T15:17:03+00:00","dateModified":"2022-04-04T20:36:22+00:00","breadcrumb":{"@id":"https:\/\/www.balzatex.com\/es\/produit\/toallita-adamascada-con-elastico\/#breadcrumb"},"inLanguage":"es","potentialAction":[{"@type":"ReadAction","target":["https:\/\/www.balzatex.com\/es\/produit\/toallita-adamascada-con-elastico\/"]}]},{"@type":"BreadcrumbList","@id":"https:\/\/www.balzatex.com\/es\/produit\/toallita-adamascada-con-elastico\/#breadcrumb","itemListElement":[{"@type":"ListItem","position":1,"name":"Accueil","item":"https:\/\/www.balzatex.com\/es\/"},{"@type":"ListItem","position":2,"name":"Tienda","item":"https:\/\/www.balzatex.com\/es\/tienda\/"},{"@type":"ListItem","position":3,"name":"Toallita damasco con el\u00e1stico"}]},{"@type":"WebSite","@id":"https:\/\/www.balzatex.com\/es\/#website","url":"https:\/\/www.balzatex.com\/es\/","name":"Balzatex","description":"Linge maison","potentialAction":[{"@type":"SearchAction","target":{"@type":"EntryPoint","urlTemplate":"https:\/\/www.balzatex.com\/es\/?s={search_term_string}"},"query-input":{"@type":"PropertyValueSpecification","valueRequired":true,"valueName":"search_term_string"}}],"inLanguage":"es"}]}},"_links":{"self":[{"href":"https:\/\/www.balzatex.com\/es\/wp-json\/wp\/v2\/product\/3633","targetHints":{"allow":["GET"]}}],"collection":[{"href":"https:\/\/www.balzatex.com\/es\/wp-json\/wp\/v2\/product"}],"about":[{"href":"https:\/\/www.balzatex.com\/es\/wp-json\/wp\/v2\/types\/product"}],"replies":[{"embeddable":true,"href":"https:\/\/www.balzatex.com\/es\/wp-json\/wp\/v2\/comments?post=3633"}],"wp:attachment":[{"href":"https:\/\/www.balzatex.com\/es\/wp-json\/wp\/v2\/media?parent=3633"}],"wp:term":[{"taxonomy":"product_brand","embeddable":true,"href":"https:\/\/www.balzatex.com\/es\/wp-json\/wp\/v2\/product_brand?post=3633"},{"taxonomy":"product_cat","embeddable":true,"href":"https:\/\/www.balzatex.com\/es\/wp-json\/wp\/v2\/product_cat?post=3633"},{"taxonomy":"product_tag","embeddable":true,"href":"https:\/\/www.balzatex.com\/es\/wp-json\/wp\/v2\/product_tag?post=3633"}],"curies":[{"name":"wp","href":"https:\/\/api.w.org\/{rel}","templated":true}]}}