{"id":3647,"date":"2022-02-23T17:18:29","date_gmt":"2022-02-23T16:18:29","guid":{"rendered":"https:\/\/www.balzatex.com\/produit\/toallas-de-bano-con-flecos-zellijes\/"},"modified":"2022-02-23T17:18:29","modified_gmt":"2022-02-23T16:18:29","slug":"toallas-de-bano-con-flecos-zellijes","status":"publish","type":"product","link":"https:\/\/www.balzatex.com\/es\/produit\/toallas-de-bano-con-flecos-zellijes\/","title":{"rendered":"Toallas de ba\u00f1o con flecos Zellijes"},"content":{"rendered":"","protected":false},"excerpt":{"rendered":"<p>Estrellas de Balzatex, estas ligeras esponjas encontrar\u00e1n un lugar natural en tantos lugares diferentes&#8230; ba\u00f1os, gimnasios, hammam, tumbonas, piscina, en el mar&#8230;<\/p>\n<p>Maxi grandes, ligeras, absorbentes, disponibles en muchos colores, divertidas con sus flecos, \u00a1tienen de todo para complacer!<\/p>\n<p>Dimensi\u00f3n: toalla de ba\u00f1o maxi en 100&#215;200<\/p>\n<p>Material: 100% algod\u00f3n<\/p>\n","protected":false},"featured_media":2965,"comment_status":"open","ping_status":"closed","template":"","meta":{"_joinchat":[]},"product_brand":[],"product_cat":[385,310],"product_tag":[325,333,335,388,340],"class_list":{"0":"post-3647","1":"product","2":"type-product","3":"status-publish","4":"has-post-thumbnail","6":"product_cat-jacquards-con-flecos","7":"product_cat-ropa-de-bano","8":"product_tag-blanco-blanca","9":"product_tag-coleccion-casa-blanca","10":"product_tag-color-piedra","11":"product_tag-jacquards-es","12":"product_tag-toallas-de-bano","14":"first","15":"instock","16":"shipping-taxable","17":"purchasable","18":"product-type-variable"},"supplier_id":null,"supplier_sku":"","barcode":null,"atum_controlled":true,"out_stock_date":null,"out_stock_threshold":null,"inheritable":true,"inbound_stock":0,"stock_on_hold":0,"sold_today":0,"sales_last_days":0,"reserved_stock":0,"customer_returns":0,"warehouse_damage":0,"lost_in_post":0,"other_logs":0,"out_stock_days":0,"lost_sales":0,"has_location":false,"update_date":"2023-09-08T09:18:27","atum_locations":[],"atum_stock_status":"instock","restock_status":false,"low_stock_amount":"","sales_update_date":"2023-09-08T09:18:27","calc_backorders":null,"yoast_head":"<!-- This site is optimized with the Yoast SEO plugin v27.5 - https:\/\/yoast.com\/product\/yoast-seo-wordpress\/ -->\n<title>Toallas de ba\u00f1o con flecos Zellijes - Balzatex<\/title>\n<meta name=\"robots\" content=\"index, follow, max-snippet:-1, max-image-preview:large, max-video-preview:-1\" \/>\n<link rel=\"canonical\" href=\"https:\/\/www.balzatex.com\/es\/produit\/toallas-de-bano-con-flecos-zellijes\/\" \/>\n<meta property=\"og:locale\" content=\"es_ES\" \/>\n<meta property=\"og:type\" content=\"article\" \/>\n<meta property=\"og:title\" content=\"Toallas de ba\u00f1o con flecos Zellijes - Balzatex\" \/>\n<meta property=\"og:description\" content=\"Estrellas de Balzatex, estas ligeras esponjas encontrar\u00e1n un lugar natural en tantos lugares diferentes... ba\u00f1os, gimnasios, hammam, tumbonas, piscina, en el mar... Maxi grandes, ligeras, absorbentes, disponibles en muchos colores, divertidas con sus flecos, \u00a1tienen de todo para complacer! Dimensi\u00f3n: toalla de ba\u00f1o maxi en 100x200 Material: 100% algod\u00f3n\" \/>\n<meta property=\"og:url\" content=\"https:\/\/www.balzatex.com\/es\/produit\/toallas-de-bano-con-flecos-zellijes\/\" \/>\n<meta property=\"og:site_name\" content=\"Balzatex\" \/>\n<meta property=\"og:image\" content=\"https:\/\/www.balzatex.com\/wp-content\/uploads\/2022\/03\/DSC_2092-scaled-e1647578051749.jpg\" \/>\n\t<meta property=\"og:image:width\" content=\"800\" \/>\n\t<meta property=\"og:image:height\" content=\"533\" \/>\n\t<meta property=\"og:image:type\" content=\"image\/jpeg\" \/>\n<meta name=\"twitter:card\" content=\"summary_large_image\" \/>\n<script type=\"application\/ld+json\" class=\"yoast-schema-graph\">{\"@context\":\"https:\\\/\\\/schema.org\",\"@graph\":[{\"@type\":\"WebPage\",\"@id\":\"https:\\\/\\\/www.balzatex.com\\\/es\\\/produit\\\/toallas-de-bano-con-flecos-zellijes\\\/\",\"url\":\"https:\\\/\\\/www.balzatex.com\\\/es\\\/produit\\\/toallas-de-bano-con-flecos-zellijes\\\/\",\"name\":\"Toallas de ba\u00f1o con flecos Zellijes - Balzatex\",\"isPartOf\":{\"@id\":\"https:\\\/\\\/www.balzatex.com\\\/es\\\/#website\"},\"primaryImageOfPage\":{\"@id\":\"https:\\\/\\\/www.balzatex.com\\\/es\\\/produit\\\/toallas-de-bano-con-flecos-zellijes\\\/#primaryimage\"},\"image\":{\"@id\":\"https:\\\/\\\/www.balzatex.com\\\/es\\\/produit\\\/toallas-de-bano-con-flecos-zellijes\\\/#primaryimage\"},\"thumbnailUrl\":\"https:\\\/\\\/www.balzatex.com\\\/wp-content\\\/uploads\\\/2022\\\/03\\\/DSC_2092-scaled-e1647578051749.jpg\",\"datePublished\":\"2022-02-23T16:18:29+00:00\",\"breadcrumb\":{\"@id\":\"https:\\\/\\\/www.balzatex.com\\\/es\\\/produit\\\/toallas-de-bano-con-flecos-zellijes\\\/#breadcrumb\"},\"inLanguage\":\"es\",\"potentialAction\":[{\"@type\":\"ReadAction\",\"target\":[\"https:\\\/\\\/www.balzatex.com\\\/es\\\/produit\\\/toallas-de-bano-con-flecos-zellijes\\\/\"]}]},{\"@type\":\"ImageObject\",\"inLanguage\":\"es\",\"@id\":\"https:\\\/\\\/www.balzatex.com\\\/es\\\/produit\\\/toallas-de-bano-con-flecos-zellijes\\\/#primaryimage\",\"url\":\"https:\\\/\\\/www.balzatex.com\\\/wp-content\\\/uploads\\\/2022\\\/03\\\/DSC_2092-scaled-e1647578051749.jpg\",\"contentUrl\":\"https:\\\/\\\/www.balzatex.com\\\/wp-content\\\/uploads\\\/2022\\\/03\\\/DSC_2092-scaled-e1647578051749.jpg\",\"width\":800,\"height\":533},{\"@type\":\"BreadcrumbList\",\"@id\":\"https:\\\/\\\/www.balzatex.com\\\/es\\\/produit\\\/toallas-de-bano-con-flecos-zellijes\\\/#breadcrumb\",\"itemListElement\":[{\"@type\":\"ListItem\",\"position\":1,\"name\":\"Accueil\",\"item\":\"https:\\\/\\\/www.balzatex.com\\\/es\\\/\"},{\"@type\":\"ListItem\",\"position\":2,\"name\":\"Tienda\",\"item\":\"https:\\\/\\\/www.balzatex.com\\\/es\\\/tienda\\\/\"},{\"@type\":\"ListItem\",\"position\":3,\"name\":\"Toallas de ba\u00f1o con flecos Zellijes\"}]},{\"@type\":\"WebSite\",\"@id\":\"https:\\\/\\\/www.balzatex.com\\\/es\\\/#website\",\"url\":\"https:\\\/\\\/www.balzatex.com\\\/es\\\/\",\"name\":\"Balzatex\",\"description\":\"Linge maison\",\"potentialAction\":[{\"@type\":\"SearchAction\",\"target\":{\"@type\":\"EntryPoint\",\"urlTemplate\":\"https:\\\/\\\/www.balzatex.com\\\/es\\\/?s={search_term_string}\"},\"query-input\":{\"@type\":\"PropertyValueSpecification\",\"valueRequired\":true,\"valueName\":\"search_term_string\"}}],\"inLanguage\":\"es\"}]}<\/script>\n<!-- \/ Yoast SEO plugin. -->","yoast_head_json":{"title":"Toallas de ba\u00f1o con flecos Zellijes - Balzatex","robots":{"index":"index","follow":"follow","max-snippet":"max-snippet:-1","max-image-preview":"max-image-preview:large","max-video-preview":"max-video-preview:-1"},"canonical":"https:\/\/www.balzatex.com\/es\/produit\/toallas-de-bano-con-flecos-zellijes\/","og_locale":"es_ES","og_type":"article","og_title":"Toallas de ba\u00f1o con flecos Zellijes - Balzatex","og_description":"Estrellas de Balzatex, estas ligeras esponjas encontrar\u00e1n un lugar natural en tantos lugares diferentes... ba\u00f1os, gimnasios, hammam, tumbonas, piscina, en el mar... Maxi grandes, ligeras, absorbentes, disponibles en muchos colores, divertidas con sus flecos, \u00a1tienen de todo para complacer! Dimensi\u00f3n: toalla de ba\u00f1o maxi en 100x200 Material: 100% algod\u00f3n","og_url":"https:\/\/www.balzatex.com\/es\/produit\/toallas-de-bano-con-flecos-zellijes\/","og_site_name":"Balzatex","og_image":[{"width":800,"height":533,"url":"https:\/\/www.balzatex.com\/wp-content\/uploads\/2022\/03\/DSC_2092-scaled-e1647578051749.jpg","type":"image\/jpeg"}],"twitter_card":"summary_large_image","schema":{"@context":"https:\/\/schema.org","@graph":[{"@type":"WebPage","@id":"https:\/\/www.balzatex.com\/es\/produit\/toallas-de-bano-con-flecos-zellijes\/","url":"https:\/\/www.balzatex.com\/es\/produit\/toallas-de-bano-con-flecos-zellijes\/","name":"Toallas de ba\u00f1o con flecos Zellijes - Balzatex","isPartOf":{"@id":"https:\/\/www.balzatex.com\/es\/#website"},"primaryImageOfPage":{"@id":"https:\/\/www.balzatex.com\/es\/produit\/toallas-de-bano-con-flecos-zellijes\/#primaryimage"},"image":{"@id":"https:\/\/www.balzatex.com\/es\/produit\/toallas-de-bano-con-flecos-zellijes\/#primaryimage"},"thumbnailUrl":"https:\/\/www.balzatex.com\/wp-content\/uploads\/2022\/03\/DSC_2092-scaled-e1647578051749.jpg","datePublished":"2022-02-23T16:18:29+00:00","breadcrumb":{"@id":"https:\/\/www.balzatex.com\/es\/produit\/toallas-de-bano-con-flecos-zellijes\/#breadcrumb"},"inLanguage":"es","potentialAction":[{"@type":"ReadAction","target":["https:\/\/www.balzatex.com\/es\/produit\/toallas-de-bano-con-flecos-zellijes\/"]}]},{"@type":"ImageObject","inLanguage":"es","@id":"https:\/\/www.balzatex.com\/es\/produit\/toallas-de-bano-con-flecos-zellijes\/#primaryimage","url":"https:\/\/www.balzatex.com\/wp-content\/uploads\/2022\/03\/DSC_2092-scaled-e1647578051749.jpg","contentUrl":"https:\/\/www.balzatex.com\/wp-content\/uploads\/2022\/03\/DSC_2092-scaled-e1647578051749.jpg","width":800,"height":533},{"@type":"BreadcrumbList","@id":"https:\/\/www.balzatex.com\/es\/produit\/toallas-de-bano-con-flecos-zellijes\/#breadcrumb","itemListElement":[{"@type":"ListItem","position":1,"name":"Accueil","item":"https:\/\/www.balzatex.com\/es\/"},{"@type":"ListItem","position":2,"name":"Tienda","item":"https:\/\/www.balzatex.com\/es\/tienda\/"},{"@type":"ListItem","position":3,"name":"Toallas de ba\u00f1o con flecos Zellijes"}]},{"@type":"WebSite","@id":"https:\/\/www.balzatex.com\/es\/#website","url":"https:\/\/www.balzatex.com\/es\/","name":"Balzatex","description":"Linge maison","potentialAction":[{"@type":"SearchAction","target":{"@type":"EntryPoint","urlTemplate":"https:\/\/www.balzatex.com\/es\/?s={search_term_string}"},"query-input":{"@type":"PropertyValueSpecification","valueRequired":true,"valueName":"search_term_string"}}],"inLanguage":"es"}]}},"_links":{"self":[{"href":"https:\/\/www.balzatex.com\/es\/wp-json\/wp\/v2\/product\/3647","targetHints":{"allow":["GET"]}}],"collection":[{"href":"https:\/\/www.balzatex.com\/es\/wp-json\/wp\/v2\/product"}],"about":[{"href":"https:\/\/www.balzatex.com\/es\/wp-json\/wp\/v2\/types\/product"}],"replies":[{"embeddable":true,"href":"https:\/\/www.balzatex.com\/es\/wp-json\/wp\/v2\/comments?post=3647"}],"wp:featuredmedia":[{"embeddable":true,"href":"https:\/\/www.balzatex.com\/es\/wp-json\/wp\/v2\/media\/2965"}],"wp:attachment":[{"href":"https:\/\/www.balzatex.com\/es\/wp-json\/wp\/v2\/media?parent=3647"}],"wp:term":[{"taxonomy":"product_brand","embeddable":true,"href":"https:\/\/www.balzatex.com\/es\/wp-json\/wp\/v2\/product_brand?post=3647"},{"taxonomy":"product_cat","embeddable":true,"href":"https:\/\/www.balzatex.com\/es\/wp-json\/wp\/v2\/product_cat?post=3647"},{"taxonomy":"product_tag","embeddable":true,"href":"https:\/\/www.balzatex.com\/es\/wp-json\/wp\/v2\/product_tag?post=3647"}],"curies":[{"name":"wp","href":"https:\/\/api.w.org\/{rel}","templated":true}]}}