{"id":3674,"date":"2022-03-02T23:11:34","date_gmt":"2022-03-02T22:11:34","guid":{"rendered":"https:\/\/www.balzatex.com\/produit\/edredones-capullo-4-estaciones-de-150-gr-m%c2%b2-con-nudos\/"},"modified":"2022-03-02T23:11:34","modified_gmt":"2022-03-02T22:11:34","slug":"edredones-cocoon-4-estaciones-en-150-gr-m%c2%b2-con-nudos","status":"publish","type":"product","link":"https:\/\/www.balzatex.com\/es\/produit\/edredones-cocoon-4-estaciones-en-150-gr-m%c2%b2-con-nudos\/","title":{"rendered":"Edredones capullo 4 estaciones de 150 gr\/m\u00b2 con nudos"},"content":{"rendered":"","protected":false},"excerpt":{"rendered":"<p>El edred\u00f3n de 4 estaciones Cocoon te acompa\u00f1ar\u00e1 durante todo el a\u00f1o, sea cual sea la estaci\u00f3n. De fibras huecas siliconadas, tratadas contra los \u00e1caros, con funda de polialgod\u00f3n blanco, este edred\u00f3n tiene un relleno de 150 gr\/m2.<\/p>\n<p>Equipado con nudos o tiras cosidas en los bordes, puedes atar uno sobre el otro y transformar tu edred\u00f3n fino de 150gr\/m2 en un edred\u00f3n hinchable de 300gr\/m2 o incluso en 450gr\/m2 si los m\u00e1s precavidos toman 3 edredones b\u00e1sicos.<span class=\"Apple-converted-space\"> <\/span><\/p>\n","protected":false},"featured_media":0,"comment_status":"open","ping_status":"closed","template":"","meta":{"_joinchat":[]},"product_brand":[],"product_cat":[455,426],"product_tag":[],"class_list":{"0":"post-3674","1":"product","2":"type-product","3":"status-publish","5":"product_cat-edredones","6":"product_cat-lecho","8":"first","9":"outofstock","10":"shipping-taxable","11":"product-type-variable"},"supplier_id":null,"supplier_sku":"","barcode":null,"atum_controlled":true,"out_stock_date":null,"out_stock_threshold":null,"inheritable":false,"inbound_stock":0,"stock_on_hold":0,"sold_today":0,"sales_last_days":0,"reserved_stock":0,"customer_returns":0,"warehouse_damage":0,"lost_in_post":0,"other_logs":0,"out_stock_days":0,"lost_sales":0,"has_location":false,"update_date":"2023-09-04T09:16:16","atum_locations":[],"atum_stock_status":"outofstock","restock_status":false,"low_stock_amount":"","sales_update_date":"2023-09-04T09:16:16","calc_backorders":null,"yoast_head":"<!-- This site is optimized with the Yoast SEO plugin v27.5 - https:\/\/yoast.com\/product\/yoast-seo-wordpress\/ -->\n<title>Edredones capullo 4 estaciones de 150 gr\/m\u00b2 con nudos - Balzatex<\/title>\n<meta name=\"robots\" content=\"index, follow, max-snippet:-1, max-image-preview:large, max-video-preview:-1\" \/>\n<link rel=\"canonical\" href=\"https:\/\/www.balzatex.com\/es\/produit\/edredones-cocoon-4-estaciones-en-150-gr-m%c2%b2-con-nudos\/\" \/>\n<meta property=\"og:locale\" content=\"es_ES\" \/>\n<meta property=\"og:type\" content=\"article\" \/>\n<meta property=\"og:title\" content=\"Edredones capullo 4 estaciones de 150 gr\/m\u00b2 con nudos - Balzatex\" \/>\n<meta property=\"og:description\" content=\"El edred\u00f3n de 4 estaciones Cocoon te acompa\u00f1ar\u00e1 durante todo el a\u00f1o, sea cual sea la estaci\u00f3n. De fibras huecas siliconadas, tratadas contra los \u00e1caros, con funda de polialgod\u00f3n blanco, este edred\u00f3n tiene un relleno de 150 gr\/m2. Equipado con nudos o tiras cosidas en los bordes, puedes atar uno sobre el otro y transformar tu edred\u00f3n fino de 150gr\/m2 en un edred\u00f3n hinchable de 300gr\/m2 o incluso en 450gr\/m2 si los m\u00e1s precavidos toman 3 edredones b\u00e1sicos.\" \/>\n<meta property=\"og:url\" content=\"https:\/\/www.balzatex.com\/es\/produit\/edredones-cocoon-4-estaciones-en-150-gr-m%c2%b2-con-nudos\/\" \/>\n<meta property=\"og:site_name\" content=\"Balzatex\" \/>\n<meta name=\"twitter:card\" content=\"summary_large_image\" \/>\n<script type=\"application\/ld+json\" class=\"yoast-schema-graph\">{\"@context\":\"https:\\\/\\\/schema.org\",\"@graph\":[{\"@type\":\"WebPage\",\"@id\":\"https:\\\/\\\/www.balzatex.com\\\/es\\\/produit\\\/edredones-cocoon-4-estaciones-en-150-gr-m%c2%b2-con-nudos\\\/\",\"url\":\"https:\\\/\\\/www.balzatex.com\\\/es\\\/produit\\\/edredones-cocoon-4-estaciones-en-150-gr-m%c2%b2-con-nudos\\\/\",\"name\":\"Edredones capullo 4 estaciones de 150 gr\\\/m\u00b2 con nudos - Balzatex\",\"isPartOf\":{\"@id\":\"https:\\\/\\\/www.balzatex.com\\\/es\\\/#website\"},\"datePublished\":\"2022-03-02T22:11:34+00:00\",\"breadcrumb\":{\"@id\":\"https:\\\/\\\/www.balzatex.com\\\/es\\\/produit\\\/edredones-cocoon-4-estaciones-en-150-gr-m%c2%b2-con-nudos\\\/#breadcrumb\"},\"inLanguage\":\"es\",\"potentialAction\":[{\"@type\":\"ReadAction\",\"target\":[\"https:\\\/\\\/www.balzatex.com\\\/es\\\/produit\\\/edredones-cocoon-4-estaciones-en-150-gr-m%c2%b2-con-nudos\\\/\"]}]},{\"@type\":\"BreadcrumbList\",\"@id\":\"https:\\\/\\\/www.balzatex.com\\\/es\\\/produit\\\/edredones-cocoon-4-estaciones-en-150-gr-m%c2%b2-con-nudos\\\/#breadcrumb\",\"itemListElement\":[{\"@type\":\"ListItem\",\"position\":1,\"name\":\"Accueil\",\"item\":\"https:\\\/\\\/www.balzatex.com\\\/es\\\/\"},{\"@type\":\"ListItem\",\"position\":2,\"name\":\"Tienda\",\"item\":\"https:\\\/\\\/www.balzatex.com\\\/es\\\/tienda\\\/\"},{\"@type\":\"ListItem\",\"position\":3,\"name\":\"Edredones capullo 4 estaciones de 150 gr\\\/m\u00b2 con nudos\"}]},{\"@type\":\"WebSite\",\"@id\":\"https:\\\/\\\/www.balzatex.com\\\/es\\\/#website\",\"url\":\"https:\\\/\\\/www.balzatex.com\\\/es\\\/\",\"name\":\"Balzatex\",\"description\":\"Linge maison\",\"potentialAction\":[{\"@type\":\"SearchAction\",\"target\":{\"@type\":\"EntryPoint\",\"urlTemplate\":\"https:\\\/\\\/www.balzatex.com\\\/es\\\/?s={search_term_string}\"},\"query-input\":{\"@type\":\"PropertyValueSpecification\",\"valueRequired\":true,\"valueName\":\"search_term_string\"}}],\"inLanguage\":\"es\"}]}<\/script>\n<!-- \/ Yoast SEO plugin. -->","yoast_head_json":{"title":"Edredones capullo 4 estaciones de 150 gr\/m\u00b2 con nudos - Balzatex","robots":{"index":"index","follow":"follow","max-snippet":"max-snippet:-1","max-image-preview":"max-image-preview:large","max-video-preview":"max-video-preview:-1"},"canonical":"https:\/\/www.balzatex.com\/es\/produit\/edredones-cocoon-4-estaciones-en-150-gr-m%c2%b2-con-nudos\/","og_locale":"es_ES","og_type":"article","og_title":"Edredones capullo 4 estaciones de 150 gr\/m\u00b2 con nudos - Balzatex","og_description":"El edred\u00f3n de 4 estaciones Cocoon te acompa\u00f1ar\u00e1 durante todo el a\u00f1o, sea cual sea la estaci\u00f3n. De fibras huecas siliconadas, tratadas contra los \u00e1caros, con funda de polialgod\u00f3n blanco, este edred\u00f3n tiene un relleno de 150 gr\/m2. Equipado con nudos o tiras cosidas en los bordes, puedes atar uno sobre el otro y transformar tu edred\u00f3n fino de 150gr\/m2 en un edred\u00f3n hinchable de 300gr\/m2 o incluso en 450gr\/m2 si los m\u00e1s precavidos toman 3 edredones b\u00e1sicos.","og_url":"https:\/\/www.balzatex.com\/es\/produit\/edredones-cocoon-4-estaciones-en-150-gr-m%c2%b2-con-nudos\/","og_site_name":"Balzatex","twitter_card":"summary_large_image","schema":{"@context":"https:\/\/schema.org","@graph":[{"@type":"WebPage","@id":"https:\/\/www.balzatex.com\/es\/produit\/edredones-cocoon-4-estaciones-en-150-gr-m%c2%b2-con-nudos\/","url":"https:\/\/www.balzatex.com\/es\/produit\/edredones-cocoon-4-estaciones-en-150-gr-m%c2%b2-con-nudos\/","name":"Edredones capullo 4 estaciones de 150 gr\/m\u00b2 con nudos - Balzatex","isPartOf":{"@id":"https:\/\/www.balzatex.com\/es\/#website"},"datePublished":"2022-03-02T22:11:34+00:00","breadcrumb":{"@id":"https:\/\/www.balzatex.com\/es\/produit\/edredones-cocoon-4-estaciones-en-150-gr-m%c2%b2-con-nudos\/#breadcrumb"},"inLanguage":"es","potentialAction":[{"@type":"ReadAction","target":["https:\/\/www.balzatex.com\/es\/produit\/edredones-cocoon-4-estaciones-en-150-gr-m%c2%b2-con-nudos\/"]}]},{"@type":"BreadcrumbList","@id":"https:\/\/www.balzatex.com\/es\/produit\/edredones-cocoon-4-estaciones-en-150-gr-m%c2%b2-con-nudos\/#breadcrumb","itemListElement":[{"@type":"ListItem","position":1,"name":"Accueil","item":"https:\/\/www.balzatex.com\/es\/"},{"@type":"ListItem","position":2,"name":"Tienda","item":"https:\/\/www.balzatex.com\/es\/tienda\/"},{"@type":"ListItem","position":3,"name":"Edredones capullo 4 estaciones de 150 gr\/m\u00b2 con nudos"}]},{"@type":"WebSite","@id":"https:\/\/www.balzatex.com\/es\/#website","url":"https:\/\/www.balzatex.com\/es\/","name":"Balzatex","description":"Linge maison","potentialAction":[{"@type":"SearchAction","target":{"@type":"EntryPoint","urlTemplate":"https:\/\/www.balzatex.com\/es\/?s={search_term_string}"},"query-input":{"@type":"PropertyValueSpecification","valueRequired":true,"valueName":"search_term_string"}}],"inLanguage":"es"}]}},"_links":{"self":[{"href":"https:\/\/www.balzatex.com\/es\/wp-json\/wp\/v2\/product\/3674","targetHints":{"allow":["GET"]}}],"collection":[{"href":"https:\/\/www.balzatex.com\/es\/wp-json\/wp\/v2\/product"}],"about":[{"href":"https:\/\/www.balzatex.com\/es\/wp-json\/wp\/v2\/types\/product"}],"replies":[{"embeddable":true,"href":"https:\/\/www.balzatex.com\/es\/wp-json\/wp\/v2\/comments?post=3674"}],"wp:attachment":[{"href":"https:\/\/www.balzatex.com\/es\/wp-json\/wp\/v2\/media?parent=3674"}],"wp:term":[{"taxonomy":"product_brand","embeddable":true,"href":"https:\/\/www.balzatex.com\/es\/wp-json\/wp\/v2\/product_brand?post=3674"},{"taxonomy":"product_cat","embeddable":true,"href":"https:\/\/www.balzatex.com\/es\/wp-json\/wp\/v2\/product_cat?post=3674"},{"taxonomy":"product_tag","embeddable":true,"href":"https:\/\/www.balzatex.com\/es\/wp-json\/wp\/v2\/product_tag?post=3674"}],"curies":[{"name":"wp","href":"https:\/\/api.w.org\/{rel}","templated":true}]}}