{"id":3733,"date":"2022-02-23T16:53:57","date_gmt":"2022-02-23T15:53:57","guid":{"rendered":"https:\/\/www.balzatex.com\/produit\/albornoz-mini-sultan\/"},"modified":"2022-04-04T20:45:13","modified_gmt":"2022-04-04T20:45:13","slug":"albornoz-mini-sultan","status":"publish","type":"product","link":"https:\/\/www.balzatex.com\/es\/produit\/albornoz-mini-sultan\/","title":{"rendered":"Albornoz mini sult\u00e1n"},"content":{"rendered":"","protected":false},"excerpt":{"rendered":"<p>Los ni\u00f1os no se quedan fuera de esta gama. Despu\u00e9s del albornoz Sultane para mujer, el albornoz Sultan para hombre, la \u00faltima novedad, el Sultan 4 kids est\u00e1 dirigido a ni\u00f1os de 4 a 12 a\u00f1os.<\/p>\n<p>Un albornoz de estilo oriental que har\u00e1 de tu hijo un mini sult\u00e1n, con sus magn\u00edficos pompones hechos a mano colocados en los extremos del cintur\u00f3n y al final de la capucha. Est\u00e1 hecho de esponja velour, 100% algod\u00f3n, con un efecto sedoso por fuera, pero absorbente por dentro con su lado de rizo.<\/p>\n<p>Para prolongar la vida de los pompones, te recomendamos que los quites antes de cada lavado, son f\u00e1cilmente removibles.<\/p>\n<p>Material: 100% algod\u00f3n<\/p>\n<p>Tejido de toalla tejido velour de 420 gr\/m2<\/p>\n","protected":false},"featured_media":2601,"comment_status":"open","ping_status":"closed","template":"","meta":{"_joinchat":[]},"product_brand":[],"product_cat":[381,310],"product_tag":[384,325,333,383,335],"class_list":{"0":"post-3733","1":"product","2":"type-product","3":"status-publish","4":"has-post-thumbnail","6":"product_cat-albornoces","7":"product_cat-ropa-de-bano","8":"product_tag-bata","9":"product_tag-blanco-blanca","10":"product_tag-coleccion-casa-blanca","11":"product_tag-coleccion-sultana","12":"product_tag-color-piedra","14":"first","15":"instock","16":"shipping-taxable","17":"purchasable","18":"product-type-variable"},"supplier_id":null,"supplier_sku":"","barcode":null,"atum_controlled":true,"out_stock_date":null,"out_stock_threshold":null,"inheritable":true,"inbound_stock":0,"stock_on_hold":0,"sold_today":0,"sales_last_days":1,"reserved_stock":0,"customer_returns":0,"warehouse_damage":0,"lost_in_post":0,"other_logs":0,"out_stock_days":0,"lost_sales":0,"has_location":false,"update_date":"2024-04-09T15:27:19","atum_locations":[],"atum_stock_status":"instock","restock_status":false,"low_stock_amount":"","sales_update_date":"2023-09-13T09:23:48","calc_backorders":null,"yoast_head":"<!-- This site is optimized with the Yoast SEO plugin v27.5 - https:\/\/yoast.com\/product\/yoast-seo-wordpress\/ -->\n<title>Albornoz mini sult\u00e1n - Balzatex<\/title>\n<meta name=\"robots\" content=\"index, follow, max-snippet:-1, max-image-preview:large, max-video-preview:-1\" \/>\n<link rel=\"canonical\" href=\"https:\/\/www.balzatex.com\/es\/produit\/albornoz-mini-sultan\/\" \/>\n<meta property=\"og:locale\" content=\"es_ES\" \/>\n<meta property=\"og:type\" content=\"article\" \/>\n<meta property=\"og:title\" content=\"Albornoz mini sult\u00e1n - Balzatex\" \/>\n<meta property=\"og:description\" content=\"Los ni\u00f1os no se quedan fuera de esta gama. Despu\u00e9s del albornoz Sultane para mujer, el albornoz Sultan para hombre, la \u00faltima novedad, el Sultan 4 kids est\u00e1 dirigido a ni\u00f1os de 4 a 12 a\u00f1os. Un albornoz de estilo oriental que har\u00e1 de tu hijo un mini sult\u00e1n, con sus magn\u00edficos pompones hechos a mano colocados en los extremos del cintur\u00f3n y al final de la capucha. Est\u00e1 hecho de esponja velour, 100% algod\u00f3n, con un efecto sedoso por fuera, pero absorbente por dentro con su lado de rizo. Para prolongar la vida de los pompones, te recomendamos que los quites antes de cada lavado, son f\u00e1cilmente removibles. Material: 100% algod\u00f3n Tejido de toalla tejido velour de 420 gr\/m2\" \/>\n<meta property=\"og:url\" content=\"https:\/\/www.balzatex.com\/es\/produit\/albornoz-mini-sultan\/\" \/>\n<meta property=\"og:site_name\" content=\"Balzatex\" \/>\n<meta property=\"article:modified_time\" content=\"2022-04-04T20:45:13+00:00\" \/>\n<meta property=\"og:image\" content=\"https:\/\/www.balzatex.com\/wp-content\/uploads\/2022\/02\/peignoirs-sultan-pierre-blanc-scaled-e1648021134314.jpg\" \/>\n\t<meta property=\"og:image:width\" content=\"800\" \/>\n\t<meta property=\"og:image:height\" content=\"533\" \/>\n\t<meta property=\"og:image:type\" content=\"image\/jpeg\" \/>\n<meta name=\"twitter:card\" content=\"summary_large_image\" \/>\n<script type=\"application\/ld+json\" class=\"yoast-schema-graph\">{\"@context\":\"https:\\\/\\\/schema.org\",\"@graph\":[{\"@type\":\"WebPage\",\"@id\":\"https:\\\/\\\/www.balzatex.com\\\/es\\\/produit\\\/albornoz-mini-sultan\\\/\",\"url\":\"https:\\\/\\\/www.balzatex.com\\\/es\\\/produit\\\/albornoz-mini-sultan\\\/\",\"name\":\"Albornoz mini sult\u00e1n - Balzatex\",\"isPartOf\":{\"@id\":\"https:\\\/\\\/www.balzatex.com\\\/es\\\/#website\"},\"primaryImageOfPage\":{\"@id\":\"https:\\\/\\\/www.balzatex.com\\\/es\\\/produit\\\/albornoz-mini-sultan\\\/#primaryimage\"},\"image\":{\"@id\":\"https:\\\/\\\/www.balzatex.com\\\/es\\\/produit\\\/albornoz-mini-sultan\\\/#primaryimage\"},\"thumbnailUrl\":\"https:\\\/\\\/www.balzatex.com\\\/wp-content\\\/uploads\\\/2022\\\/02\\\/peignoirs-sultan-pierre-blanc-scaled-e1648021134314.jpg\",\"datePublished\":\"2022-02-23T15:53:57+00:00\",\"dateModified\":\"2022-04-04T20:45:13+00:00\",\"breadcrumb\":{\"@id\":\"https:\\\/\\\/www.balzatex.com\\\/es\\\/produit\\\/albornoz-mini-sultan\\\/#breadcrumb\"},\"inLanguage\":\"es\",\"potentialAction\":[{\"@type\":\"ReadAction\",\"target\":[\"https:\\\/\\\/www.balzatex.com\\\/es\\\/produit\\\/albornoz-mini-sultan\\\/\"]}]},{\"@type\":\"ImageObject\",\"inLanguage\":\"es\",\"@id\":\"https:\\\/\\\/www.balzatex.com\\\/es\\\/produit\\\/albornoz-mini-sultan\\\/#primaryimage\",\"url\":\"https:\\\/\\\/www.balzatex.com\\\/wp-content\\\/uploads\\\/2022\\\/02\\\/peignoirs-sultan-pierre-blanc-scaled-e1648021134314.jpg\",\"contentUrl\":\"https:\\\/\\\/www.balzatex.com\\\/wp-content\\\/uploads\\\/2022\\\/02\\\/peignoirs-sultan-pierre-blanc-scaled-e1648021134314.jpg\",\"width\":800,\"height\":533},{\"@type\":\"BreadcrumbList\",\"@id\":\"https:\\\/\\\/www.balzatex.com\\\/es\\\/produit\\\/albornoz-mini-sultan\\\/#breadcrumb\",\"itemListElement\":[{\"@type\":\"ListItem\",\"position\":1,\"name\":\"Accueil\",\"item\":\"https:\\\/\\\/www.balzatex.com\\\/es\\\/\"},{\"@type\":\"ListItem\",\"position\":2,\"name\":\"Tienda\",\"item\":\"https:\\\/\\\/www.balzatex.com\\\/es\\\/tienda\\\/\"},{\"@type\":\"ListItem\",\"position\":3,\"name\":\"Albornoz mini sult\u00e1n\"}]},{\"@type\":\"WebSite\",\"@id\":\"https:\\\/\\\/www.balzatex.com\\\/es\\\/#website\",\"url\":\"https:\\\/\\\/www.balzatex.com\\\/es\\\/\",\"name\":\"Balzatex\",\"description\":\"Linge maison\",\"potentialAction\":[{\"@type\":\"SearchAction\",\"target\":{\"@type\":\"EntryPoint\",\"urlTemplate\":\"https:\\\/\\\/www.balzatex.com\\\/es\\\/?s={search_term_string}\"},\"query-input\":{\"@type\":\"PropertyValueSpecification\",\"valueRequired\":true,\"valueName\":\"search_term_string\"}}],\"inLanguage\":\"es\"}]}<\/script>\n<!-- \/ Yoast SEO plugin. -->","yoast_head_json":{"title":"Albornoz mini sult\u00e1n - Balzatex","robots":{"index":"index","follow":"follow","max-snippet":"max-snippet:-1","max-image-preview":"max-image-preview:large","max-video-preview":"max-video-preview:-1"},"canonical":"https:\/\/www.balzatex.com\/es\/produit\/albornoz-mini-sultan\/","og_locale":"es_ES","og_type":"article","og_title":"Albornoz mini sult\u00e1n - Balzatex","og_description":"Los ni\u00f1os no se quedan fuera de esta gama. Despu\u00e9s del albornoz Sultane para mujer, el albornoz Sultan para hombre, la \u00faltima novedad, el Sultan 4 kids est\u00e1 dirigido a ni\u00f1os de 4 a 12 a\u00f1os. Un albornoz de estilo oriental que har\u00e1 de tu hijo un mini sult\u00e1n, con sus magn\u00edficos pompones hechos a mano colocados en los extremos del cintur\u00f3n y al final de la capucha. Est\u00e1 hecho de esponja velour, 100% algod\u00f3n, con un efecto sedoso por fuera, pero absorbente por dentro con su lado de rizo. Para prolongar la vida de los pompones, te recomendamos que los quites antes de cada lavado, son f\u00e1cilmente removibles. Material: 100% algod\u00f3n Tejido de toalla tejido velour de 420 gr\/m2","og_url":"https:\/\/www.balzatex.com\/es\/produit\/albornoz-mini-sultan\/","og_site_name":"Balzatex","article_modified_time":"2022-04-04T20:45:13+00:00","og_image":[{"width":800,"height":533,"url":"https:\/\/www.balzatex.com\/wp-content\/uploads\/2022\/02\/peignoirs-sultan-pierre-blanc-scaled-e1648021134314.jpg","type":"image\/jpeg"}],"twitter_card":"summary_large_image","schema":{"@context":"https:\/\/schema.org","@graph":[{"@type":"WebPage","@id":"https:\/\/www.balzatex.com\/es\/produit\/albornoz-mini-sultan\/","url":"https:\/\/www.balzatex.com\/es\/produit\/albornoz-mini-sultan\/","name":"Albornoz mini sult\u00e1n - Balzatex","isPartOf":{"@id":"https:\/\/www.balzatex.com\/es\/#website"},"primaryImageOfPage":{"@id":"https:\/\/www.balzatex.com\/es\/produit\/albornoz-mini-sultan\/#primaryimage"},"image":{"@id":"https:\/\/www.balzatex.com\/es\/produit\/albornoz-mini-sultan\/#primaryimage"},"thumbnailUrl":"https:\/\/www.balzatex.com\/wp-content\/uploads\/2022\/02\/peignoirs-sultan-pierre-blanc-scaled-e1648021134314.jpg","datePublished":"2022-02-23T15:53:57+00:00","dateModified":"2022-04-04T20:45:13+00:00","breadcrumb":{"@id":"https:\/\/www.balzatex.com\/es\/produit\/albornoz-mini-sultan\/#breadcrumb"},"inLanguage":"es","potentialAction":[{"@type":"ReadAction","target":["https:\/\/www.balzatex.com\/es\/produit\/albornoz-mini-sultan\/"]}]},{"@type":"ImageObject","inLanguage":"es","@id":"https:\/\/www.balzatex.com\/es\/produit\/albornoz-mini-sultan\/#primaryimage","url":"https:\/\/www.balzatex.com\/wp-content\/uploads\/2022\/02\/peignoirs-sultan-pierre-blanc-scaled-e1648021134314.jpg","contentUrl":"https:\/\/www.balzatex.com\/wp-content\/uploads\/2022\/02\/peignoirs-sultan-pierre-blanc-scaled-e1648021134314.jpg","width":800,"height":533},{"@type":"BreadcrumbList","@id":"https:\/\/www.balzatex.com\/es\/produit\/albornoz-mini-sultan\/#breadcrumb","itemListElement":[{"@type":"ListItem","position":1,"name":"Accueil","item":"https:\/\/www.balzatex.com\/es\/"},{"@type":"ListItem","position":2,"name":"Tienda","item":"https:\/\/www.balzatex.com\/es\/tienda\/"},{"@type":"ListItem","position":3,"name":"Albornoz mini sult\u00e1n"}]},{"@type":"WebSite","@id":"https:\/\/www.balzatex.com\/es\/#website","url":"https:\/\/www.balzatex.com\/es\/","name":"Balzatex","description":"Linge maison","potentialAction":[{"@type":"SearchAction","target":{"@type":"EntryPoint","urlTemplate":"https:\/\/www.balzatex.com\/es\/?s={search_term_string}"},"query-input":{"@type":"PropertyValueSpecification","valueRequired":true,"valueName":"search_term_string"}}],"inLanguage":"es"}]}},"_links":{"self":[{"href":"https:\/\/www.balzatex.com\/es\/wp-json\/wp\/v2\/product\/3733","targetHints":{"allow":["GET"]}}],"collection":[{"href":"https:\/\/www.balzatex.com\/es\/wp-json\/wp\/v2\/product"}],"about":[{"href":"https:\/\/www.balzatex.com\/es\/wp-json\/wp\/v2\/types\/product"}],"replies":[{"embeddable":true,"href":"https:\/\/www.balzatex.com\/es\/wp-json\/wp\/v2\/comments?post=3733"}],"wp:featuredmedia":[{"embeddable":true,"href":"https:\/\/www.balzatex.com\/es\/wp-json\/wp\/v2\/media\/2601"}],"wp:attachment":[{"href":"https:\/\/www.balzatex.com\/es\/wp-json\/wp\/v2\/media?parent=3733"}],"wp:term":[{"taxonomy":"product_brand","embeddable":true,"href":"https:\/\/www.balzatex.com\/es\/wp-json\/wp\/v2\/product_brand?post=3733"},{"taxonomy":"product_cat","embeddable":true,"href":"https:\/\/www.balzatex.com\/es\/wp-json\/wp\/v2\/product_cat?post=3733"},{"taxonomy":"product_tag","embeddable":true,"href":"https:\/\/www.balzatex.com\/es\/wp-json\/wp\/v2\/product_tag?post=3733"}],"curies":[{"name":"wp","href":"https:\/\/api.w.org\/{rel}","templated":true}]}}