{"id":3740,"date":"2022-03-02T23:07:59","date_gmt":"2022-03-02T22:07:59","guid":{"rendered":"https:\/\/www.balzatex.com\/produit\/edredones-cocoon-de-300-gr-m%c2%b2\/"},"modified":"2023-12-01T00:01:25","modified_gmt":"2023-11-30T23:01:25","slug":"edredones-cocoon-en-300-gr-m%c2%b2","status":"publish","type":"product","link":"https:\/\/www.balzatex.com\/es\/produit\/edredones-cocoon-en-300-gr-m%c2%b2\/","title":{"rendered":"Edredones Cocoon de 300 gr\/m\u00b2"},"content":{"rendered":"","protected":false},"excerpt":{"rendered":"<p>El edred\u00f3n Cocoon es un \u00e9xito hist\u00f3rico de Balzatex, la estrella de tus inviernos. De fibras huecas siliconadas, tratadas contra los \u00e1caros, con una envoltura de polialgod\u00f3n blanco, este edred\u00f3n es hinchable y tiene un alto poder calor\u00edfico.<\/p>\n<p>Este edred\u00f3n est\u00e1 disponible en varias medidas, y su relleno es de 300 gr\/m2. No dude en contactarnos si desea un peso diferente.<\/p>\n","protected":false},"featured_media":2887,"comment_status":"open","ping_status":"closed","template":"","meta":{"_joinchat":[]},"product_brand":[],"product_cat":[455,426],"product_tag":[],"class_list":{"0":"post-3740","1":"product","2":"type-product","3":"status-publish","4":"has-post-thumbnail","6":"product_cat-edredones","7":"product_cat-lecho","9":"first","10":"instock","11":"shipping-taxable","12":"purchasable","13":"product-type-variable"},"supplier_id":null,"supplier_sku":"","barcode":null,"atum_controlled":true,"out_stock_date":null,"out_stock_threshold":null,"inheritable":true,"inbound_stock":0,"stock_on_hold":2,"sold_today":1,"sales_last_days":1,"reserved_stock":0,"customer_returns":0,"warehouse_damage":0,"lost_in_post":0,"other_logs":0,"out_stock_days":0,"lost_sales":0,"has_location":false,"update_date":"2025-06-24T12:49:46","atum_locations":[],"atum_stock_status":"instock","restock_status":false,"low_stock_amount":"","sales_update_date":"2023-09-06T09:18:04","calc_backorders":null,"yoast_head":"<!-- This site is optimized with the Yoast SEO plugin v27.5 - https:\/\/yoast.com\/product\/yoast-seo-wordpress\/ -->\n<title>Edredones Cocoon de 300 gr\/m\u00b2 - Balzatex<\/title>\n<meta name=\"robots\" content=\"index, follow, max-snippet:-1, max-image-preview:large, max-video-preview:-1\" \/>\n<link rel=\"canonical\" href=\"https:\/\/www.balzatex.com\/es\/produit\/edredones-cocoon-en-300-gr-m%c2%b2\/\" \/>\n<meta property=\"og:locale\" content=\"es_ES\" \/>\n<meta property=\"og:type\" content=\"article\" \/>\n<meta property=\"og:title\" content=\"Edredones Cocoon de 300 gr\/m\u00b2 - Balzatex\" \/>\n<meta property=\"og:description\" content=\"El edred\u00f3n Cocoon es un \u00e9xito hist\u00f3rico de Balzatex, la estrella de tus inviernos. De fibras huecas siliconadas, tratadas contra los \u00e1caros, con una envoltura de polialgod\u00f3n blanco, este edred\u00f3n es hinchable y tiene un alto poder calor\u00edfico. Este edred\u00f3n est\u00e1 disponible en varias medidas, y su relleno es de 300 gr\/m2. No dude en contactarnos si desea un peso diferente.\" \/>\n<meta property=\"og:url\" content=\"https:\/\/www.balzatex.com\/es\/produit\/edredones-cocoon-en-300-gr-m%c2%b2\/\" \/>\n<meta property=\"og:site_name\" content=\"Balzatex\" \/>\n<meta property=\"article:modified_time\" content=\"2023-11-30T23:01:25+00:00\" \/>\n<meta property=\"og:image\" content=\"https:\/\/www.balzatex.com\/wp-content\/uploads\/2022\/03\/Couette-cocoon.jpg\" \/>\n\t<meta property=\"og:image:width\" content=\"600\" \/>\n\t<meta property=\"og:image:height\" content=\"600\" \/>\n\t<meta property=\"og:image:type\" content=\"image\/jpeg\" \/>\n<meta name=\"twitter:card\" content=\"summary_large_image\" \/>\n<script type=\"application\/ld+json\" class=\"yoast-schema-graph\">{\"@context\":\"https:\\\/\\\/schema.org\",\"@graph\":[{\"@type\":\"WebPage\",\"@id\":\"https:\\\/\\\/www.balzatex.com\\\/es\\\/produit\\\/edredones-cocoon-en-300-gr-m%c2%b2\\\/\",\"url\":\"https:\\\/\\\/www.balzatex.com\\\/es\\\/produit\\\/edredones-cocoon-en-300-gr-m%c2%b2\\\/\",\"name\":\"Edredones Cocoon de 300 gr\\\/m\u00b2 - Balzatex\",\"isPartOf\":{\"@id\":\"https:\\\/\\\/www.balzatex.com\\\/es\\\/#website\"},\"primaryImageOfPage\":{\"@id\":\"https:\\\/\\\/www.balzatex.com\\\/es\\\/produit\\\/edredones-cocoon-en-300-gr-m%c2%b2\\\/#primaryimage\"},\"image\":{\"@id\":\"https:\\\/\\\/www.balzatex.com\\\/es\\\/produit\\\/edredones-cocoon-en-300-gr-m%c2%b2\\\/#primaryimage\"},\"thumbnailUrl\":\"https:\\\/\\\/www.balzatex.com\\\/wp-content\\\/uploads\\\/2022\\\/03\\\/Couette-cocoon.jpg\",\"datePublished\":\"2022-03-02T22:07:59+00:00\",\"dateModified\":\"2023-11-30T23:01:25+00:00\",\"breadcrumb\":{\"@id\":\"https:\\\/\\\/www.balzatex.com\\\/es\\\/produit\\\/edredones-cocoon-en-300-gr-m%c2%b2\\\/#breadcrumb\"},\"inLanguage\":\"es\",\"potentialAction\":[{\"@type\":\"ReadAction\",\"target\":[\"https:\\\/\\\/www.balzatex.com\\\/es\\\/produit\\\/edredones-cocoon-en-300-gr-m%c2%b2\\\/\"]}]},{\"@type\":\"ImageObject\",\"inLanguage\":\"es\",\"@id\":\"https:\\\/\\\/www.balzatex.com\\\/es\\\/produit\\\/edredones-cocoon-en-300-gr-m%c2%b2\\\/#primaryimage\",\"url\":\"https:\\\/\\\/www.balzatex.com\\\/wp-content\\\/uploads\\\/2022\\\/03\\\/Couette-cocoon.jpg\",\"contentUrl\":\"https:\\\/\\\/www.balzatex.com\\\/wp-content\\\/uploads\\\/2022\\\/03\\\/Couette-cocoon.jpg\",\"width\":600,\"height\":600},{\"@type\":\"BreadcrumbList\",\"@id\":\"https:\\\/\\\/www.balzatex.com\\\/es\\\/produit\\\/edredones-cocoon-en-300-gr-m%c2%b2\\\/#breadcrumb\",\"itemListElement\":[{\"@type\":\"ListItem\",\"position\":1,\"name\":\"Accueil\",\"item\":\"https:\\\/\\\/www.balzatex.com\\\/es\\\/\"},{\"@type\":\"ListItem\",\"position\":2,\"name\":\"Tienda\",\"item\":\"https:\\\/\\\/www.balzatex.com\\\/es\\\/tienda\\\/\"},{\"@type\":\"ListItem\",\"position\":3,\"name\":\"Edredones Cocoon de 300 gr\\\/m\u00b2\"}]},{\"@type\":\"WebSite\",\"@id\":\"https:\\\/\\\/www.balzatex.com\\\/es\\\/#website\",\"url\":\"https:\\\/\\\/www.balzatex.com\\\/es\\\/\",\"name\":\"Balzatex\",\"description\":\"Linge maison\",\"potentialAction\":[{\"@type\":\"SearchAction\",\"target\":{\"@type\":\"EntryPoint\",\"urlTemplate\":\"https:\\\/\\\/www.balzatex.com\\\/es\\\/?s={search_term_string}\"},\"query-input\":{\"@type\":\"PropertyValueSpecification\",\"valueRequired\":true,\"valueName\":\"search_term_string\"}}],\"inLanguage\":\"es\"}]}<\/script>\n<!-- \/ Yoast SEO plugin. -->","yoast_head_json":{"title":"Edredones Cocoon de 300 gr\/m\u00b2 - Balzatex","robots":{"index":"index","follow":"follow","max-snippet":"max-snippet:-1","max-image-preview":"max-image-preview:large","max-video-preview":"max-video-preview:-1"},"canonical":"https:\/\/www.balzatex.com\/es\/produit\/edredones-cocoon-en-300-gr-m%c2%b2\/","og_locale":"es_ES","og_type":"article","og_title":"Edredones Cocoon de 300 gr\/m\u00b2 - Balzatex","og_description":"El edred\u00f3n Cocoon es un \u00e9xito hist\u00f3rico de Balzatex, la estrella de tus inviernos. De fibras huecas siliconadas, tratadas contra los \u00e1caros, con una envoltura de polialgod\u00f3n blanco, este edred\u00f3n es hinchable y tiene un alto poder calor\u00edfico. Este edred\u00f3n est\u00e1 disponible en varias medidas, y su relleno es de 300 gr\/m2. No dude en contactarnos si desea un peso diferente.","og_url":"https:\/\/www.balzatex.com\/es\/produit\/edredones-cocoon-en-300-gr-m%c2%b2\/","og_site_name":"Balzatex","article_modified_time":"2023-11-30T23:01:25+00:00","og_image":[{"width":600,"height":600,"url":"https:\/\/www.balzatex.com\/wp-content\/uploads\/2022\/03\/Couette-cocoon.jpg","type":"image\/jpeg"}],"twitter_card":"summary_large_image","schema":{"@context":"https:\/\/schema.org","@graph":[{"@type":"WebPage","@id":"https:\/\/www.balzatex.com\/es\/produit\/edredones-cocoon-en-300-gr-m%c2%b2\/","url":"https:\/\/www.balzatex.com\/es\/produit\/edredones-cocoon-en-300-gr-m%c2%b2\/","name":"Edredones Cocoon de 300 gr\/m\u00b2 - Balzatex","isPartOf":{"@id":"https:\/\/www.balzatex.com\/es\/#website"},"primaryImageOfPage":{"@id":"https:\/\/www.balzatex.com\/es\/produit\/edredones-cocoon-en-300-gr-m%c2%b2\/#primaryimage"},"image":{"@id":"https:\/\/www.balzatex.com\/es\/produit\/edredones-cocoon-en-300-gr-m%c2%b2\/#primaryimage"},"thumbnailUrl":"https:\/\/www.balzatex.com\/wp-content\/uploads\/2022\/03\/Couette-cocoon.jpg","datePublished":"2022-03-02T22:07:59+00:00","dateModified":"2023-11-30T23:01:25+00:00","breadcrumb":{"@id":"https:\/\/www.balzatex.com\/es\/produit\/edredones-cocoon-en-300-gr-m%c2%b2\/#breadcrumb"},"inLanguage":"es","potentialAction":[{"@type":"ReadAction","target":["https:\/\/www.balzatex.com\/es\/produit\/edredones-cocoon-en-300-gr-m%c2%b2\/"]}]},{"@type":"ImageObject","inLanguage":"es","@id":"https:\/\/www.balzatex.com\/es\/produit\/edredones-cocoon-en-300-gr-m%c2%b2\/#primaryimage","url":"https:\/\/www.balzatex.com\/wp-content\/uploads\/2022\/03\/Couette-cocoon.jpg","contentUrl":"https:\/\/www.balzatex.com\/wp-content\/uploads\/2022\/03\/Couette-cocoon.jpg","width":600,"height":600},{"@type":"BreadcrumbList","@id":"https:\/\/www.balzatex.com\/es\/produit\/edredones-cocoon-en-300-gr-m%c2%b2\/#breadcrumb","itemListElement":[{"@type":"ListItem","position":1,"name":"Accueil","item":"https:\/\/www.balzatex.com\/es\/"},{"@type":"ListItem","position":2,"name":"Tienda","item":"https:\/\/www.balzatex.com\/es\/tienda\/"},{"@type":"ListItem","position":3,"name":"Edredones Cocoon de 300 gr\/m\u00b2"}]},{"@type":"WebSite","@id":"https:\/\/www.balzatex.com\/es\/#website","url":"https:\/\/www.balzatex.com\/es\/","name":"Balzatex","description":"Linge maison","potentialAction":[{"@type":"SearchAction","target":{"@type":"EntryPoint","urlTemplate":"https:\/\/www.balzatex.com\/es\/?s={search_term_string}"},"query-input":{"@type":"PropertyValueSpecification","valueRequired":true,"valueName":"search_term_string"}}],"inLanguage":"es"}]}},"_links":{"self":[{"href":"https:\/\/www.balzatex.com\/es\/wp-json\/wp\/v2\/product\/3740","targetHints":{"allow":["GET"]}}],"collection":[{"href":"https:\/\/www.balzatex.com\/es\/wp-json\/wp\/v2\/product"}],"about":[{"href":"https:\/\/www.balzatex.com\/es\/wp-json\/wp\/v2\/types\/product"}],"replies":[{"embeddable":true,"href":"https:\/\/www.balzatex.com\/es\/wp-json\/wp\/v2\/comments?post=3740"}],"wp:featuredmedia":[{"embeddable":true,"href":"https:\/\/www.balzatex.com\/es\/wp-json\/wp\/v2\/media\/2887"}],"wp:attachment":[{"href":"https:\/\/www.balzatex.com\/es\/wp-json\/wp\/v2\/media?parent=3740"}],"wp:term":[{"taxonomy":"product_brand","embeddable":true,"href":"https:\/\/www.balzatex.com\/es\/wp-json\/wp\/v2\/product_brand?post=3740"},{"taxonomy":"product_cat","embeddable":true,"href":"https:\/\/www.balzatex.com\/es\/wp-json\/wp\/v2\/product_cat?post=3740"},{"taxonomy":"product_tag","embeddable":true,"href":"https:\/\/www.balzatex.com\/es\/wp-json\/wp\/v2\/product_tag?post=3740"}],"curies":[{"name":"wp","href":"https:\/\/api.w.org\/{rel}","templated":true}]}}