{"id":3777,"date":"2022-03-02T22:46:33","date_gmt":"2022-03-02T21:46:33","guid":{"rendered":"https:\/\/www.balzatex.com\/produit\/fundas-nordicas-fundas-de-almohada-de-4-botones\/"},"modified":"2022-04-04T20:59:28","modified_gmt":"2022-04-04T20:59:28","slug":"fundas-nordicas-4-fundas-almohadas-modelo-botones","status":"publish","type":"product","link":"https:\/\/www.balzatex.com\/es\/produit\/fundas-nordicas-4-fundas-almohadas-modelo-botones\/","title":{"rendered":"Fundas n\u00f3rdicas + fundas de almohada de 4 botones"},"content":{"rendered":"","protected":false},"excerpt":{"rendered":"<p>Cuando nuestro percal de algod\u00f3n italiano se presta al saber hacer ancestral de las artesanas marroqu\u00edes, obtenemos fundas n\u00f3rdicas \u00fanicas adornadas con peque\u00f1os botones hechos a mano colocados a mano.<\/p>\n<p>Juego de cama artesanal con botones hechos a mano, compuesto por: funda n\u00f3rdica con forma de botella decorada con peque\u00f1os botones hechos a mano y colocados a mano, y 2 fundas de almohada de 50&#215;70 tambi\u00e9n con botones.<\/p>\n<p>Se ofrecen otras dos fundas de almohada de 50&#215;70 con volante plano, ser\u00e1n del mismo color que la funda n\u00f3rdica o a juego<\/p>\n<p>Aseg\u00farate de la medida de tus edredones para elegir tus fundas n\u00f3rdicas, o consulta nuestra gu\u00eda de tallas.<\/p>\n","protected":false},"featured_media":4594,"comment_status":"open","ping_status":"closed","template":"","meta":{"_joinchat":[]},"product_brand":[],"product_cat":[465,431],"product_tag":[325,348,333,335,468],"class_list":{"0":"post-3777","1":"product","2":"type-product","3":"status-publish","4":"has-post-thumbnail","6":"product_cat-funda-de-edredon","7":"product_cat-ropa-de-cama","8":"product_tag-blanco-blanca","9":"product_tag-botones-akitades-o-balzatex","10":"product_tag-coleccion-casa-blanca","11":"product_tag-color-piedra","12":"product_tag-funda-de-edredon","14":"first","15":"instock","16":"shipping-taxable","17":"purchasable","18":"product-type-variable"},"supplier_id":null,"supplier_sku":"","barcode":null,"atum_controlled":true,"out_stock_date":null,"out_stock_threshold":null,"inheritable":true,"inbound_stock":0,"stock_on_hold":0,"sold_today":0,"sales_last_days":0,"reserved_stock":0,"customer_returns":0,"warehouse_damage":0,"lost_in_post":0,"other_logs":0,"out_stock_days":0,"lost_sales":0,"has_location":false,"update_date":"2023-11-17T07:49:11","atum_locations":[],"atum_stock_status":"instock","restock_status":false,"low_stock_amount":"","sales_update_date":"2023-09-11T09:20:39","calc_backorders":null,"yoast_head":"<!-- This site is optimized with the Yoast SEO plugin v27.4 - https:\/\/yoast.com\/product\/yoast-seo-wordpress\/ -->\n<title>Fundas n\u00f3rdicas + fundas de almohada de 4 botones - Balzatex<\/title>\n<meta name=\"robots\" content=\"index, follow, max-snippet:-1, max-image-preview:large, max-video-preview:-1\" \/>\n<link rel=\"canonical\" href=\"https:\/\/www.balzatex.com\/es\/produit\/fundas-nordicas-4-fundas-almohadas-modelo-botones\/\" \/>\n<meta property=\"og:locale\" content=\"es_ES\" \/>\n<meta property=\"og:type\" content=\"article\" \/>\n<meta property=\"og:title\" content=\"Fundas n\u00f3rdicas + fundas de almohada de 4 botones - Balzatex\" \/>\n<meta property=\"og:description\" content=\"Cuando nuestro percal de algod\u00f3n italiano se presta al saber hacer ancestral de las artesanas marroqu\u00edes, obtenemos fundas n\u00f3rdicas \u00fanicas adornadas con peque\u00f1os botones hechos a mano colocados a mano. Juego de cama artesanal con botones hechos a mano, compuesto por: funda n\u00f3rdica con forma de botella decorada con peque\u00f1os botones hechos a mano y colocados a mano, y 2 fundas de almohada de 50x70 tambi\u00e9n con botones. Se ofrecen otras dos fundas de almohada de 50x70 con volante plano, ser\u00e1n del mismo color que la funda n\u00f3rdica o a juego Aseg\u00farate de la medida de tus edredones para elegir tus fundas n\u00f3rdicas, o consulta nuestra gu\u00eda de tallas.\" \/>\n<meta property=\"og:url\" content=\"https:\/\/www.balzatex.com\/es\/produit\/fundas-nordicas-4-fundas-almohadas-modelo-botones\/\" \/>\n<meta property=\"og:site_name\" content=\"Balzatex\" \/>\n<meta property=\"article:modified_time\" content=\"2022-04-04T20:59:28+00:00\" \/>\n<meta property=\"og:image\" content=\"https:\/\/www.balzatex.com\/wp-content\/uploads\/2022\/03\/Hc-boutons-pierre-2-scaled-e1649784962644.jpg\" \/>\n\t<meta property=\"og:image:width\" content=\"800\" \/>\n\t<meta property=\"og:image:height\" content=\"449\" \/>\n\t<meta property=\"og:image:type\" content=\"image\/jpeg\" \/>\n<meta name=\"twitter:card\" content=\"summary_large_image\" \/>\n<script type=\"application\/ld+json\" class=\"yoast-schema-graph\">{\"@context\":\"https:\\\/\\\/schema.org\",\"@graph\":[{\"@type\":\"WebPage\",\"@id\":\"https:\\\/\\\/www.balzatex.com\\\/es\\\/produit\\\/fundas-nordicas-4-fundas-almohadas-modelo-botones\\\/\",\"url\":\"https:\\\/\\\/www.balzatex.com\\\/es\\\/produit\\\/fundas-nordicas-4-fundas-almohadas-modelo-botones\\\/\",\"name\":\"Fundas n\u00f3rdicas + fundas de almohada de 4 botones - Balzatex\",\"isPartOf\":{\"@id\":\"https:\\\/\\\/www.balzatex.com\\\/es\\\/#website\"},\"primaryImageOfPage\":{\"@id\":\"https:\\\/\\\/www.balzatex.com\\\/es\\\/produit\\\/fundas-nordicas-4-fundas-almohadas-modelo-botones\\\/#primaryimage\"},\"image\":{\"@id\":\"https:\\\/\\\/www.balzatex.com\\\/es\\\/produit\\\/fundas-nordicas-4-fundas-almohadas-modelo-botones\\\/#primaryimage\"},\"thumbnailUrl\":\"https:\\\/\\\/www.balzatex.com\\\/wp-content\\\/uploads\\\/2022\\\/03\\\/Hc-boutons-pierre-2-scaled-e1649784962644.jpg\",\"datePublished\":\"2022-03-02T21:46:33+00:00\",\"dateModified\":\"2022-04-04T20:59:28+00:00\",\"breadcrumb\":{\"@id\":\"https:\\\/\\\/www.balzatex.com\\\/es\\\/produit\\\/fundas-nordicas-4-fundas-almohadas-modelo-botones\\\/#breadcrumb\"},\"inLanguage\":\"es\",\"potentialAction\":[{\"@type\":\"ReadAction\",\"target\":[\"https:\\\/\\\/www.balzatex.com\\\/es\\\/produit\\\/fundas-nordicas-4-fundas-almohadas-modelo-botones\\\/\"]}]},{\"@type\":\"ImageObject\",\"inLanguage\":\"es\",\"@id\":\"https:\\\/\\\/www.balzatex.com\\\/es\\\/produit\\\/fundas-nordicas-4-fundas-almohadas-modelo-botones\\\/#primaryimage\",\"url\":\"https:\\\/\\\/www.balzatex.com\\\/wp-content\\\/uploads\\\/2022\\\/03\\\/Hc-boutons-pierre-2-scaled-e1649784962644.jpg\",\"contentUrl\":\"https:\\\/\\\/www.balzatex.com\\\/wp-content\\\/uploads\\\/2022\\\/03\\\/Hc-boutons-pierre-2-scaled-e1649784962644.jpg\",\"width\":800,\"height\":449},{\"@type\":\"BreadcrumbList\",\"@id\":\"https:\\\/\\\/www.balzatex.com\\\/es\\\/produit\\\/fundas-nordicas-4-fundas-almohadas-modelo-botones\\\/#breadcrumb\",\"itemListElement\":[{\"@type\":\"ListItem\",\"position\":1,\"name\":\"Accueil\",\"item\":\"https:\\\/\\\/www.balzatex.com\\\/es\\\/\"},{\"@type\":\"ListItem\",\"position\":2,\"name\":\"Tienda\",\"item\":\"https:\\\/\\\/www.balzatex.com\\\/es\\\/tienda\\\/\"},{\"@type\":\"ListItem\",\"position\":3,\"name\":\"Fundas n\u00f3rdicas + fundas de almohada de 4 botones\"}]},{\"@type\":\"WebSite\",\"@id\":\"https:\\\/\\\/www.balzatex.com\\\/es\\\/#website\",\"url\":\"https:\\\/\\\/www.balzatex.com\\\/es\\\/\",\"name\":\"Balzatex\",\"description\":\"Linge maison\",\"potentialAction\":[{\"@type\":\"SearchAction\",\"target\":{\"@type\":\"EntryPoint\",\"urlTemplate\":\"https:\\\/\\\/www.balzatex.com\\\/es\\\/?s={search_term_string}\"},\"query-input\":{\"@type\":\"PropertyValueSpecification\",\"valueRequired\":true,\"valueName\":\"search_term_string\"}}],\"inLanguage\":\"es\"}]}<\/script>\n<!-- \/ Yoast SEO plugin. -->","yoast_head_json":{"title":"Fundas n\u00f3rdicas + fundas de almohada de 4 botones - Balzatex","robots":{"index":"index","follow":"follow","max-snippet":"max-snippet:-1","max-image-preview":"max-image-preview:large","max-video-preview":"max-video-preview:-1"},"canonical":"https:\/\/www.balzatex.com\/es\/produit\/fundas-nordicas-4-fundas-almohadas-modelo-botones\/","og_locale":"es_ES","og_type":"article","og_title":"Fundas n\u00f3rdicas + fundas de almohada de 4 botones - Balzatex","og_description":"Cuando nuestro percal de algod\u00f3n italiano se presta al saber hacer ancestral de las artesanas marroqu\u00edes, obtenemos fundas n\u00f3rdicas \u00fanicas adornadas con peque\u00f1os botones hechos a mano colocados a mano. Juego de cama artesanal con botones hechos a mano, compuesto por: funda n\u00f3rdica con forma de botella decorada con peque\u00f1os botones hechos a mano y colocados a mano, y 2 fundas de almohada de 50x70 tambi\u00e9n con botones. Se ofrecen otras dos fundas de almohada de 50x70 con volante plano, ser\u00e1n del mismo color que la funda n\u00f3rdica o a juego Aseg\u00farate de la medida de tus edredones para elegir tus fundas n\u00f3rdicas, o consulta nuestra gu\u00eda de tallas.","og_url":"https:\/\/www.balzatex.com\/es\/produit\/fundas-nordicas-4-fundas-almohadas-modelo-botones\/","og_site_name":"Balzatex","article_modified_time":"2022-04-04T20:59:28+00:00","og_image":[{"width":800,"height":449,"url":"https:\/\/www.balzatex.com\/wp-content\/uploads\/2022\/03\/Hc-boutons-pierre-2-scaled-e1649784962644.jpg","type":"image\/jpeg"}],"twitter_card":"summary_large_image","schema":{"@context":"https:\/\/schema.org","@graph":[{"@type":"WebPage","@id":"https:\/\/www.balzatex.com\/es\/produit\/fundas-nordicas-4-fundas-almohadas-modelo-botones\/","url":"https:\/\/www.balzatex.com\/es\/produit\/fundas-nordicas-4-fundas-almohadas-modelo-botones\/","name":"Fundas n\u00f3rdicas + fundas de almohada de 4 botones - Balzatex","isPartOf":{"@id":"https:\/\/www.balzatex.com\/es\/#website"},"primaryImageOfPage":{"@id":"https:\/\/www.balzatex.com\/es\/produit\/fundas-nordicas-4-fundas-almohadas-modelo-botones\/#primaryimage"},"image":{"@id":"https:\/\/www.balzatex.com\/es\/produit\/fundas-nordicas-4-fundas-almohadas-modelo-botones\/#primaryimage"},"thumbnailUrl":"https:\/\/www.balzatex.com\/wp-content\/uploads\/2022\/03\/Hc-boutons-pierre-2-scaled-e1649784962644.jpg","datePublished":"2022-03-02T21:46:33+00:00","dateModified":"2022-04-04T20:59:28+00:00","breadcrumb":{"@id":"https:\/\/www.balzatex.com\/es\/produit\/fundas-nordicas-4-fundas-almohadas-modelo-botones\/#breadcrumb"},"inLanguage":"es","potentialAction":[{"@type":"ReadAction","target":["https:\/\/www.balzatex.com\/es\/produit\/fundas-nordicas-4-fundas-almohadas-modelo-botones\/"]}]},{"@type":"ImageObject","inLanguage":"es","@id":"https:\/\/www.balzatex.com\/es\/produit\/fundas-nordicas-4-fundas-almohadas-modelo-botones\/#primaryimage","url":"https:\/\/www.balzatex.com\/wp-content\/uploads\/2022\/03\/Hc-boutons-pierre-2-scaled-e1649784962644.jpg","contentUrl":"https:\/\/www.balzatex.com\/wp-content\/uploads\/2022\/03\/Hc-boutons-pierre-2-scaled-e1649784962644.jpg","width":800,"height":449},{"@type":"BreadcrumbList","@id":"https:\/\/www.balzatex.com\/es\/produit\/fundas-nordicas-4-fundas-almohadas-modelo-botones\/#breadcrumb","itemListElement":[{"@type":"ListItem","position":1,"name":"Accueil","item":"https:\/\/www.balzatex.com\/es\/"},{"@type":"ListItem","position":2,"name":"Tienda","item":"https:\/\/www.balzatex.com\/es\/tienda\/"},{"@type":"ListItem","position":3,"name":"Fundas n\u00f3rdicas + fundas de almohada de 4 botones"}]},{"@type":"WebSite","@id":"https:\/\/www.balzatex.com\/es\/#website","url":"https:\/\/www.balzatex.com\/es\/","name":"Balzatex","description":"Linge maison","potentialAction":[{"@type":"SearchAction","target":{"@type":"EntryPoint","urlTemplate":"https:\/\/www.balzatex.com\/es\/?s={search_term_string}"},"query-input":{"@type":"PropertyValueSpecification","valueRequired":true,"valueName":"search_term_string"}}],"inLanguage":"es"}]}},"_links":{"self":[{"href":"https:\/\/www.balzatex.com\/es\/wp-json\/wp\/v2\/product\/3777","targetHints":{"allow":["GET"]}}],"collection":[{"href":"https:\/\/www.balzatex.com\/es\/wp-json\/wp\/v2\/product"}],"about":[{"href":"https:\/\/www.balzatex.com\/es\/wp-json\/wp\/v2\/types\/product"}],"replies":[{"embeddable":true,"href":"https:\/\/www.balzatex.com\/es\/wp-json\/wp\/v2\/comments?post=3777"}],"wp:featuredmedia":[{"embeddable":true,"href":"https:\/\/www.balzatex.com\/es\/wp-json\/wp\/v2\/media\/4594"}],"wp:attachment":[{"href":"https:\/\/www.balzatex.com\/es\/wp-json\/wp\/v2\/media?parent=3777"}],"wp:term":[{"taxonomy":"product_brand","embeddable":true,"href":"https:\/\/www.balzatex.com\/es\/wp-json\/wp\/v2\/product_brand?post=3777"},{"taxonomy":"product_cat","embeddable":true,"href":"https:\/\/www.balzatex.com\/es\/wp-json\/wp\/v2\/product_cat?post=3777"},{"taxonomy":"product_tag","embeddable":true,"href":"https:\/\/www.balzatex.com\/es\/wp-json\/wp\/v2\/product_tag?post=3777"}],"curies":[{"name":"wp","href":"https:\/\/api.w.org\/{rel}","templated":true}]}}