{"id":3798,"date":"2022-03-02T23:24:45","date_gmt":"2022-03-02T22:24:45","guid":{"rendered":"https:\/\/www.balzatex.com\/produit\/sobrecolchones-de-microfibra\/"},"modified":"2022-04-04T20:46:01","modified_gmt":"2022-04-04T20:46:01","slug":"cubrecolchon-de-microfibra","status":"publish","type":"product","link":"https:\/\/www.balzatex.com\/es\/produit\/cubrecolchon-de-microfibra\/","title":{"rendered":"Sobrecolchones de microfibra"},"content":{"rendered":"","protected":false},"excerpt":{"rendered":"<p>Quieres ganar en comodidad para dormir, adem\u00e1s de proteger tu colch\u00f3n, considera nuestros cubrecolchones de microfibra, har\u00e1n que tu cama sea simplemente irresistible.<\/p>\n<p>Con su relleno de microfibra de 450 gr\/m\u00b2 y funda 100% algod\u00f3n, este cubrecolch\u00f3n realza la calidad de tu ropa de cama aportando protecci\u00f3n y comodidad.<\/p>\n","protected":false},"featured_media":2897,"comment_status":"open","ping_status":"closed","template":"","meta":{"_joinchat":[]},"product_brand":[],"product_cat":[491,426],"product_tag":[],"class_list":{"0":"post-3798","1":"product","2":"type-product","3":"status-publish","4":"has-post-thumbnail","6":"product_cat-cubre-colchon","7":"product_cat-lecho","9":"first","10":"instock","11":"shipping-taxable","12":"purchasable","13":"product-type-variable"},"supplier_id":null,"supplier_sku":"","barcode":null,"atum_controlled":true,"out_stock_date":null,"out_stock_threshold":null,"inheritable":true,"inbound_stock":0,"stock_on_hold":1,"sold_today":1,"sales_last_days":1,"reserved_stock":0,"customer_returns":0,"warehouse_damage":0,"lost_in_post":0,"other_logs":0,"out_stock_days":0,"lost_sales":0,"has_location":false,"update_date":"2025-06-17T11:22:55","atum_locations":[],"atum_stock_status":"instock","restock_status":true,"low_stock_amount":"","sales_update_date":"2023-09-04T09:15:53","calc_backorders":null,"yoast_head":"<!-- This site is optimized with the Yoast SEO plugin v27.5 - https:\/\/yoast.com\/product\/yoast-seo-wordpress\/ -->\n<title>Sobrecolchones de microfibra - Balzatex<\/title>\n<meta name=\"robots\" content=\"index, follow, max-snippet:-1, max-image-preview:large, max-video-preview:-1\" \/>\n<link rel=\"canonical\" href=\"https:\/\/www.balzatex.com\/es\/produit\/cubrecolchon-de-microfibra\/\" \/>\n<meta property=\"og:locale\" content=\"es_ES\" \/>\n<meta property=\"og:type\" content=\"article\" \/>\n<meta property=\"og:title\" content=\"Sobrecolchones de microfibra - Balzatex\" \/>\n<meta property=\"og:description\" content=\"Quieres ganar en comodidad para dormir, adem\u00e1s de proteger tu colch\u00f3n, considera nuestros cubrecolchones de microfibra, har\u00e1n que tu cama sea simplemente irresistible. Con su relleno de microfibra de 450 gr\/m\u00b2 y funda 100% algod\u00f3n, este cubrecolch\u00f3n realza la calidad de tu ropa de cama aportando protecci\u00f3n y comodidad.\" \/>\n<meta property=\"og:url\" content=\"https:\/\/www.balzatex.com\/es\/produit\/cubrecolchon-de-microfibra\/\" \/>\n<meta property=\"og:site_name\" content=\"Balzatex\" \/>\n<meta property=\"article:modified_time\" content=\"2022-04-04T20:46:01+00:00\" \/>\n<meta property=\"og:image\" content=\"https:\/\/www.balzatex.com\/wp-content\/uploads\/2022\/03\/Sumatelas-MF-2.jpg\" \/>\n\t<meta property=\"og:image:width\" content=\"600\" \/>\n\t<meta property=\"og:image:height\" content=\"600\" \/>\n\t<meta property=\"og:image:type\" content=\"image\/jpeg\" \/>\n<meta name=\"twitter:card\" content=\"summary_large_image\" \/>\n<script type=\"application\/ld+json\" class=\"yoast-schema-graph\">{\"@context\":\"https:\\\/\\\/schema.org\",\"@graph\":[{\"@type\":\"WebPage\",\"@id\":\"https:\\\/\\\/www.balzatex.com\\\/es\\\/produit\\\/cubrecolchon-de-microfibra\\\/\",\"url\":\"https:\\\/\\\/www.balzatex.com\\\/es\\\/produit\\\/cubrecolchon-de-microfibra\\\/\",\"name\":\"Sobrecolchones de microfibra - Balzatex\",\"isPartOf\":{\"@id\":\"https:\\\/\\\/www.balzatex.com\\\/es\\\/#website\"},\"primaryImageOfPage\":{\"@id\":\"https:\\\/\\\/www.balzatex.com\\\/es\\\/produit\\\/cubrecolchon-de-microfibra\\\/#primaryimage\"},\"image\":{\"@id\":\"https:\\\/\\\/www.balzatex.com\\\/es\\\/produit\\\/cubrecolchon-de-microfibra\\\/#primaryimage\"},\"thumbnailUrl\":\"https:\\\/\\\/www.balzatex.com\\\/wp-content\\\/uploads\\\/2022\\\/03\\\/Sumatelas-MF-2.jpg\",\"datePublished\":\"2022-03-02T22:24:45+00:00\",\"dateModified\":\"2022-04-04T20:46:01+00:00\",\"breadcrumb\":{\"@id\":\"https:\\\/\\\/www.balzatex.com\\\/es\\\/produit\\\/cubrecolchon-de-microfibra\\\/#breadcrumb\"},\"inLanguage\":\"es\",\"potentialAction\":[{\"@type\":\"ReadAction\",\"target\":[\"https:\\\/\\\/www.balzatex.com\\\/es\\\/produit\\\/cubrecolchon-de-microfibra\\\/\"]}]},{\"@type\":\"ImageObject\",\"inLanguage\":\"es\",\"@id\":\"https:\\\/\\\/www.balzatex.com\\\/es\\\/produit\\\/cubrecolchon-de-microfibra\\\/#primaryimage\",\"url\":\"https:\\\/\\\/www.balzatex.com\\\/wp-content\\\/uploads\\\/2022\\\/03\\\/Sumatelas-MF-2.jpg\",\"contentUrl\":\"https:\\\/\\\/www.balzatex.com\\\/wp-content\\\/uploads\\\/2022\\\/03\\\/Sumatelas-MF-2.jpg\",\"width\":600,\"height\":600},{\"@type\":\"BreadcrumbList\",\"@id\":\"https:\\\/\\\/www.balzatex.com\\\/es\\\/produit\\\/cubrecolchon-de-microfibra\\\/#breadcrumb\",\"itemListElement\":[{\"@type\":\"ListItem\",\"position\":1,\"name\":\"Accueil\",\"item\":\"https:\\\/\\\/www.balzatex.com\\\/es\\\/\"},{\"@type\":\"ListItem\",\"position\":2,\"name\":\"Tienda\",\"item\":\"https:\\\/\\\/www.balzatex.com\\\/es\\\/tienda\\\/\"},{\"@type\":\"ListItem\",\"position\":3,\"name\":\"Sobrecolchones de microfibra\"}]},{\"@type\":\"WebSite\",\"@id\":\"https:\\\/\\\/www.balzatex.com\\\/es\\\/#website\",\"url\":\"https:\\\/\\\/www.balzatex.com\\\/es\\\/\",\"name\":\"Balzatex\",\"description\":\"Linge maison\",\"potentialAction\":[{\"@type\":\"SearchAction\",\"target\":{\"@type\":\"EntryPoint\",\"urlTemplate\":\"https:\\\/\\\/www.balzatex.com\\\/es\\\/?s={search_term_string}\"},\"query-input\":{\"@type\":\"PropertyValueSpecification\",\"valueRequired\":true,\"valueName\":\"search_term_string\"}}],\"inLanguage\":\"es\"}]}<\/script>\n<!-- \/ Yoast SEO plugin. -->","yoast_head_json":{"title":"Sobrecolchones de microfibra - Balzatex","robots":{"index":"index","follow":"follow","max-snippet":"max-snippet:-1","max-image-preview":"max-image-preview:large","max-video-preview":"max-video-preview:-1"},"canonical":"https:\/\/www.balzatex.com\/es\/produit\/cubrecolchon-de-microfibra\/","og_locale":"es_ES","og_type":"article","og_title":"Sobrecolchones de microfibra - Balzatex","og_description":"Quieres ganar en comodidad para dormir, adem\u00e1s de proteger tu colch\u00f3n, considera nuestros cubrecolchones de microfibra, har\u00e1n que tu cama sea simplemente irresistible. Con su relleno de microfibra de 450 gr\/m\u00b2 y funda 100% algod\u00f3n, este cubrecolch\u00f3n realza la calidad de tu ropa de cama aportando protecci\u00f3n y comodidad.","og_url":"https:\/\/www.balzatex.com\/es\/produit\/cubrecolchon-de-microfibra\/","og_site_name":"Balzatex","article_modified_time":"2022-04-04T20:46:01+00:00","og_image":[{"width":600,"height":600,"url":"https:\/\/www.balzatex.com\/wp-content\/uploads\/2022\/03\/Sumatelas-MF-2.jpg","type":"image\/jpeg"}],"twitter_card":"summary_large_image","schema":{"@context":"https:\/\/schema.org","@graph":[{"@type":"WebPage","@id":"https:\/\/www.balzatex.com\/es\/produit\/cubrecolchon-de-microfibra\/","url":"https:\/\/www.balzatex.com\/es\/produit\/cubrecolchon-de-microfibra\/","name":"Sobrecolchones de microfibra - Balzatex","isPartOf":{"@id":"https:\/\/www.balzatex.com\/es\/#website"},"primaryImageOfPage":{"@id":"https:\/\/www.balzatex.com\/es\/produit\/cubrecolchon-de-microfibra\/#primaryimage"},"image":{"@id":"https:\/\/www.balzatex.com\/es\/produit\/cubrecolchon-de-microfibra\/#primaryimage"},"thumbnailUrl":"https:\/\/www.balzatex.com\/wp-content\/uploads\/2022\/03\/Sumatelas-MF-2.jpg","datePublished":"2022-03-02T22:24:45+00:00","dateModified":"2022-04-04T20:46:01+00:00","breadcrumb":{"@id":"https:\/\/www.balzatex.com\/es\/produit\/cubrecolchon-de-microfibra\/#breadcrumb"},"inLanguage":"es","potentialAction":[{"@type":"ReadAction","target":["https:\/\/www.balzatex.com\/es\/produit\/cubrecolchon-de-microfibra\/"]}]},{"@type":"ImageObject","inLanguage":"es","@id":"https:\/\/www.balzatex.com\/es\/produit\/cubrecolchon-de-microfibra\/#primaryimage","url":"https:\/\/www.balzatex.com\/wp-content\/uploads\/2022\/03\/Sumatelas-MF-2.jpg","contentUrl":"https:\/\/www.balzatex.com\/wp-content\/uploads\/2022\/03\/Sumatelas-MF-2.jpg","width":600,"height":600},{"@type":"BreadcrumbList","@id":"https:\/\/www.balzatex.com\/es\/produit\/cubrecolchon-de-microfibra\/#breadcrumb","itemListElement":[{"@type":"ListItem","position":1,"name":"Accueil","item":"https:\/\/www.balzatex.com\/es\/"},{"@type":"ListItem","position":2,"name":"Tienda","item":"https:\/\/www.balzatex.com\/es\/tienda\/"},{"@type":"ListItem","position":3,"name":"Sobrecolchones de microfibra"}]},{"@type":"WebSite","@id":"https:\/\/www.balzatex.com\/es\/#website","url":"https:\/\/www.balzatex.com\/es\/","name":"Balzatex","description":"Linge maison","potentialAction":[{"@type":"SearchAction","target":{"@type":"EntryPoint","urlTemplate":"https:\/\/www.balzatex.com\/es\/?s={search_term_string}"},"query-input":{"@type":"PropertyValueSpecification","valueRequired":true,"valueName":"search_term_string"}}],"inLanguage":"es"}]}},"_links":{"self":[{"href":"https:\/\/www.balzatex.com\/es\/wp-json\/wp\/v2\/product\/3798","targetHints":{"allow":["GET"]}}],"collection":[{"href":"https:\/\/www.balzatex.com\/es\/wp-json\/wp\/v2\/product"}],"about":[{"href":"https:\/\/www.balzatex.com\/es\/wp-json\/wp\/v2\/types\/product"}],"replies":[{"embeddable":true,"href":"https:\/\/www.balzatex.com\/es\/wp-json\/wp\/v2\/comments?post=3798"}],"wp:featuredmedia":[{"embeddable":true,"href":"https:\/\/www.balzatex.com\/es\/wp-json\/wp\/v2\/media\/2897"}],"wp:attachment":[{"href":"https:\/\/www.balzatex.com\/es\/wp-json\/wp\/v2\/media?parent=3798"}],"wp:term":[{"taxonomy":"product_brand","embeddable":true,"href":"https:\/\/www.balzatex.com\/es\/wp-json\/wp\/v2\/product_brand?post=3798"},{"taxonomy":"product_cat","embeddable":true,"href":"https:\/\/www.balzatex.com\/es\/wp-json\/wp\/v2\/product_cat?post=3798"},{"taxonomy":"product_tag","embeddable":true,"href":"https:\/\/www.balzatex.com\/es\/wp-json\/wp\/v2\/product_tag?post=3798"}],"curies":[{"name":"wp","href":"https:\/\/api.w.org\/{rel}","templated":true}]}}