{"id":3826,"date":"2022-03-03T10:23:00","date_gmt":"2022-03-03T09:23:00","guid":{"rendered":"https:\/\/www.balzatex.com\/produit\/tunica-sin-mangas-con-flecos\/"},"modified":"2022-03-03T10:23:00","modified_gmt":"2022-03-03T09:23:00","slug":"tunica-sin-mangas-con-flecos","status":"publish","type":"product","link":"https:\/\/www.balzatex.com\/es\/produit\/tunica-sin-mangas-con-flecos\/","title":{"rendered":"T\u00fanica sin mangas con flecos"},"content":{"rendered":"","protected":false},"excerpt":{"rendered":"<p>Una t\u00fanica sin mangas muy c\u00f3moda, con sus flecos que te dar\u00e1n un aire bohemio. Confeccionada en esponja jacquard, esta t\u00fanica con estampado de palomas se puede llevar en todas las ocasiones, cuando se quiere ir c\u00f3moda y ligera.<\/p>\n<p>Material: 100% algod\u00f3n. Talla \u00fanica<span class=\"Apple-converted-space\"> <\/span><\/p>\n","protected":false},"featured_media":0,"comment_status":"open","ping_status":"closed","template":"","meta":{"_joinchat":[]},"product_brand":[],"product_cat":[381,310,463,471],"product_tag":[500,384,325,335,387,388,498],"class_list":{"0":"post-3826","1":"product","2":"type-product","3":"status-publish","5":"product_cat-albornoces","6":"product_cat-ropa-de-bano","7":"product_cat-ropa-de-sala-y-chillout","8":"product_cat-trajes","9":"product_tag-100-algodon","10":"product_tag-bata","11":"product_tag-blanco-blanca","12":"product_tag-color-piedra","13":"product_tag-hamama-es","14":"product_tag-jacquards-es","15":"product_tag-sayo","17":"first","18":"outofstock","19":"shipping-taxable","20":"product-type-variable"},"supplier_id":null,"supplier_sku":"","barcode":null,"atum_controlled":true,"out_stock_date":null,"out_stock_threshold":null,"inheritable":false,"inbound_stock":null,"stock_on_hold":0,"sold_today":0,"sales_last_days":0,"reserved_stock":null,"customer_returns":null,"warehouse_damage":null,"lost_in_post":null,"other_logs":null,"out_stock_days":0,"lost_sales":0,"has_location":null,"update_date":"2023-09-04T09:16:47","atum_locations":[],"atum_stock_status":"outofstock","restock_status":false,"low_stock_amount":"","sales_update_date":"2023-09-04T09:16:47","calc_backorders":null,"yoast_head":"<!-- This site is optimized with the Yoast SEO plugin v27.4 - https:\/\/yoast.com\/product\/yoast-seo-wordpress\/ -->\n<title>T\u00fanica sin mangas con flecos - Balzatex<\/title>\n<meta name=\"robots\" content=\"index, follow, max-snippet:-1, max-image-preview:large, max-video-preview:-1\" \/>\n<link rel=\"canonical\" href=\"https:\/\/www.balzatex.com\/es\/produit\/tunica-sin-mangas-con-flecos\/\" \/>\n<meta property=\"og:locale\" content=\"es_ES\" \/>\n<meta property=\"og:type\" content=\"article\" \/>\n<meta property=\"og:title\" content=\"T\u00fanica sin mangas con flecos - Balzatex\" \/>\n<meta property=\"og:description\" content=\"Una t\u00fanica sin mangas muy c\u00f3moda, con sus flecos que te dar\u00e1n un aire bohemio. Confeccionada en esponja jacquard, esta t\u00fanica con estampado de palomas se puede llevar en todas las ocasiones, cuando se quiere ir c\u00f3moda y ligera. Material: 100% algod\u00f3n. Talla \u00fanica\" \/>\n<meta property=\"og:url\" content=\"https:\/\/www.balzatex.com\/es\/produit\/tunica-sin-mangas-con-flecos\/\" \/>\n<meta property=\"og:site_name\" content=\"Balzatex\" \/>\n<meta name=\"twitter:card\" content=\"summary_large_image\" \/>\n<script type=\"application\/ld+json\" class=\"yoast-schema-graph\">{\"@context\":\"https:\\\/\\\/schema.org\",\"@graph\":[{\"@type\":\"WebPage\",\"@id\":\"https:\\\/\\\/www.balzatex.com\\\/es\\\/produit\\\/tunica-sin-mangas-con-flecos\\\/\",\"url\":\"https:\\\/\\\/www.balzatex.com\\\/es\\\/produit\\\/tunica-sin-mangas-con-flecos\\\/\",\"name\":\"T\u00fanica sin mangas con flecos - Balzatex\",\"isPartOf\":{\"@id\":\"https:\\\/\\\/www.balzatex.com\\\/es\\\/#website\"},\"datePublished\":\"2022-03-03T09:23:00+00:00\",\"breadcrumb\":{\"@id\":\"https:\\\/\\\/www.balzatex.com\\\/es\\\/produit\\\/tunica-sin-mangas-con-flecos\\\/#breadcrumb\"},\"inLanguage\":\"es\",\"potentialAction\":[{\"@type\":\"ReadAction\",\"target\":[\"https:\\\/\\\/www.balzatex.com\\\/es\\\/produit\\\/tunica-sin-mangas-con-flecos\\\/\"]}]},{\"@type\":\"BreadcrumbList\",\"@id\":\"https:\\\/\\\/www.balzatex.com\\\/es\\\/produit\\\/tunica-sin-mangas-con-flecos\\\/#breadcrumb\",\"itemListElement\":[{\"@type\":\"ListItem\",\"position\":1,\"name\":\"Accueil\",\"item\":\"https:\\\/\\\/www.balzatex.com\\\/es\\\/\"},{\"@type\":\"ListItem\",\"position\":2,\"name\":\"Tienda\",\"item\":\"https:\\\/\\\/www.balzatex.com\\\/es\\\/tienda\\\/\"},{\"@type\":\"ListItem\",\"position\":3,\"name\":\"T\u00fanica sin mangas con flecos\"}]},{\"@type\":\"WebSite\",\"@id\":\"https:\\\/\\\/www.balzatex.com\\\/es\\\/#website\",\"url\":\"https:\\\/\\\/www.balzatex.com\\\/es\\\/\",\"name\":\"Balzatex\",\"description\":\"Linge maison\",\"potentialAction\":[{\"@type\":\"SearchAction\",\"target\":{\"@type\":\"EntryPoint\",\"urlTemplate\":\"https:\\\/\\\/www.balzatex.com\\\/es\\\/?s={search_term_string}\"},\"query-input\":{\"@type\":\"PropertyValueSpecification\",\"valueRequired\":true,\"valueName\":\"search_term_string\"}}],\"inLanguage\":\"es\"}]}<\/script>\n<!-- \/ Yoast SEO plugin. -->","yoast_head_json":{"title":"T\u00fanica sin mangas con flecos - Balzatex","robots":{"index":"index","follow":"follow","max-snippet":"max-snippet:-1","max-image-preview":"max-image-preview:large","max-video-preview":"max-video-preview:-1"},"canonical":"https:\/\/www.balzatex.com\/es\/produit\/tunica-sin-mangas-con-flecos\/","og_locale":"es_ES","og_type":"article","og_title":"T\u00fanica sin mangas con flecos - Balzatex","og_description":"Una t\u00fanica sin mangas muy c\u00f3moda, con sus flecos que te dar\u00e1n un aire bohemio. Confeccionada en esponja jacquard, esta t\u00fanica con estampado de palomas se puede llevar en todas las ocasiones, cuando se quiere ir c\u00f3moda y ligera. Material: 100% algod\u00f3n. Talla \u00fanica","og_url":"https:\/\/www.balzatex.com\/es\/produit\/tunica-sin-mangas-con-flecos\/","og_site_name":"Balzatex","twitter_card":"summary_large_image","schema":{"@context":"https:\/\/schema.org","@graph":[{"@type":"WebPage","@id":"https:\/\/www.balzatex.com\/es\/produit\/tunica-sin-mangas-con-flecos\/","url":"https:\/\/www.balzatex.com\/es\/produit\/tunica-sin-mangas-con-flecos\/","name":"T\u00fanica sin mangas con flecos - Balzatex","isPartOf":{"@id":"https:\/\/www.balzatex.com\/es\/#website"},"datePublished":"2022-03-03T09:23:00+00:00","breadcrumb":{"@id":"https:\/\/www.balzatex.com\/es\/produit\/tunica-sin-mangas-con-flecos\/#breadcrumb"},"inLanguage":"es","potentialAction":[{"@type":"ReadAction","target":["https:\/\/www.balzatex.com\/es\/produit\/tunica-sin-mangas-con-flecos\/"]}]},{"@type":"BreadcrumbList","@id":"https:\/\/www.balzatex.com\/es\/produit\/tunica-sin-mangas-con-flecos\/#breadcrumb","itemListElement":[{"@type":"ListItem","position":1,"name":"Accueil","item":"https:\/\/www.balzatex.com\/es\/"},{"@type":"ListItem","position":2,"name":"Tienda","item":"https:\/\/www.balzatex.com\/es\/tienda\/"},{"@type":"ListItem","position":3,"name":"T\u00fanica sin mangas con flecos"}]},{"@type":"WebSite","@id":"https:\/\/www.balzatex.com\/es\/#website","url":"https:\/\/www.balzatex.com\/es\/","name":"Balzatex","description":"Linge maison","potentialAction":[{"@type":"SearchAction","target":{"@type":"EntryPoint","urlTemplate":"https:\/\/www.balzatex.com\/es\/?s={search_term_string}"},"query-input":{"@type":"PropertyValueSpecification","valueRequired":true,"valueName":"search_term_string"}}],"inLanguage":"es"}]}},"_links":{"self":[{"href":"https:\/\/www.balzatex.com\/es\/wp-json\/wp\/v2\/product\/3826","targetHints":{"allow":["GET"]}}],"collection":[{"href":"https:\/\/www.balzatex.com\/es\/wp-json\/wp\/v2\/product"}],"about":[{"href":"https:\/\/www.balzatex.com\/es\/wp-json\/wp\/v2\/types\/product"}],"replies":[{"embeddable":true,"href":"https:\/\/www.balzatex.com\/es\/wp-json\/wp\/v2\/comments?post=3826"}],"wp:attachment":[{"href":"https:\/\/www.balzatex.com\/es\/wp-json\/wp\/v2\/media?parent=3826"}],"wp:term":[{"taxonomy":"product_brand","embeddable":true,"href":"https:\/\/www.balzatex.com\/es\/wp-json\/wp\/v2\/product_brand?post=3826"},{"taxonomy":"product_cat","embeddable":true,"href":"https:\/\/www.balzatex.com\/es\/wp-json\/wp\/v2\/product_cat?post=3826"},{"taxonomy":"product_tag","embeddable":true,"href":"https:\/\/www.balzatex.com\/es\/wp-json\/wp\/v2\/product_tag?post=3826"}],"curies":[{"name":"wp","href":"https:\/\/api.w.org\/{rel}","templated":true}]}}