{"id":3829,"date":"2022-03-03T09:17:38","date_gmt":"2022-03-03T08:17:38","guid":{"rendered":"https:\/\/www.balzatex.com\/produit\/ponchos-mini\/"},"modified":"2022-03-03T09:17:38","modified_gmt":"2022-03-03T08:17:38","slug":"mini-ponchos-4","status":"publish","type":"product","link":"https:\/\/www.balzatex.com\/es\/produit\/mini-ponchos-4\/","title":{"rendered":"ponchos mini"},"content":{"rendered":"","protected":false},"excerpt":{"rendered":"<p>Este lindo mini poncho es imprescindible en verano, en la playa o en la piscina. Equipado con una peque\u00f1a capota, le permitir\u00e1 secar a su hijo y protegerlo con delicadeza. Sale del agua, se la pones con mucha facilidad, y listo ya puede volver a vagar.<\/p>\n<p>El peque\u00f1o extra: extendido, el poncho se convierte en una toalla \ud83d\ude42 100% algod\u00f3n &#8211; Apto para ni\u00f1os de 2 a 4 a\u00f1os, incluso 5 a\u00f1os.<\/p>\n","protected":false},"featured_media":5576,"comment_status":"open","ping_status":"closed","template":"","meta":{"_joinchat":[]},"product_brand":[],"product_cat":[463,471],"product_tag":[384,325,333,335,388,495,504],"class_list":{"0":"post-3829","1":"product","2":"type-product","3":"status-publish","4":"has-post-thumbnail","6":"product_cat-ropa-de-sala-y-chillout","7":"product_cat-trajes","8":"product_tag-bata","9":"product_tag-blanco-blanca","10":"product_tag-coleccion-casa-blanca","11":"product_tag-color-piedra","12":"product_tag-jacquards-es","13":"product_tag-ninos","14":"product_tag-ponchos-es","16":"first","17":"instock","18":"shipping-taxable","19":"purchasable","20":"product-type-variable"},"supplier_id":null,"supplier_sku":"","barcode":null,"atum_controlled":true,"out_stock_date":null,"out_stock_threshold":null,"inheritable":true,"inbound_stock":0,"stock_on_hold":0,"sold_today":0,"sales_last_days":0,"reserved_stock":0,"customer_returns":0,"warehouse_damage":0,"lost_in_post":0,"other_logs":0,"out_stock_days":0,"lost_sales":0,"has_location":false,"update_date":"2023-09-04T09:14:58","atum_locations":[],"atum_stock_status":"instock","restock_status":false,"low_stock_amount":"","sales_update_date":"2023-09-04T09:14:58","calc_backorders":null,"yoast_head":"<!-- This site is optimized with the Yoast SEO plugin v27.4 - https:\/\/yoast.com\/product\/yoast-seo-wordpress\/ -->\n<title>ponchos mini - Balzatex<\/title>\n<meta name=\"robots\" content=\"index, follow, max-snippet:-1, max-image-preview:large, max-video-preview:-1\" \/>\n<link rel=\"canonical\" href=\"https:\/\/www.balzatex.com\/es\/produit\/mini-ponchos-4\/\" \/>\n<meta property=\"og:locale\" content=\"es_ES\" \/>\n<meta property=\"og:type\" content=\"article\" \/>\n<meta property=\"og:title\" content=\"ponchos mini - Balzatex\" \/>\n<meta property=\"og:description\" content=\"Este lindo mini poncho es imprescindible en verano, en la playa o en la piscina. Equipado con una peque\u00f1a capota, le permitir\u00e1 secar a su hijo y protegerlo con delicadeza. Sale del agua, se la pones con mucha facilidad, y listo ya puede volver a vagar. El peque\u00f1o extra: extendido, el poncho se convierte en una toalla :) 100% algod\u00f3n - Apto para ni\u00f1os de 2 a 4 a\u00f1os, incluso 5 a\u00f1os.\" \/>\n<meta property=\"og:url\" content=\"https:\/\/www.balzatex.com\/es\/produit\/mini-ponchos-4\/\" \/>\n<meta property=\"og:site_name\" content=\"Balzatex\" \/>\n<meta property=\"og:image\" content=\"https:\/\/www.balzatex.com\/wp-content\/uploads\/2022\/03\/DSC_5338-scaled-e1651915072753.jpg\" \/>\n\t<meta property=\"og:image:width\" content=\"800\" \/>\n\t<meta property=\"og:image:height\" content=\"1200\" \/>\n\t<meta property=\"og:image:type\" content=\"image\/jpeg\" \/>\n<meta name=\"twitter:card\" content=\"summary_large_image\" \/>\n<script type=\"application\/ld+json\" class=\"yoast-schema-graph\">{\"@context\":\"https:\\\/\\\/schema.org\",\"@graph\":[{\"@type\":\"WebPage\",\"@id\":\"https:\\\/\\\/www.balzatex.com\\\/es\\\/produit\\\/mini-ponchos-4\\\/\",\"url\":\"https:\\\/\\\/www.balzatex.com\\\/es\\\/produit\\\/mini-ponchos-4\\\/\",\"name\":\"ponchos mini - Balzatex\",\"isPartOf\":{\"@id\":\"https:\\\/\\\/www.balzatex.com\\\/es\\\/#website\"},\"primaryImageOfPage\":{\"@id\":\"https:\\\/\\\/www.balzatex.com\\\/es\\\/produit\\\/mini-ponchos-4\\\/#primaryimage\"},\"image\":{\"@id\":\"https:\\\/\\\/www.balzatex.com\\\/es\\\/produit\\\/mini-ponchos-4\\\/#primaryimage\"},\"thumbnailUrl\":\"https:\\\/\\\/www.balzatex.com\\\/wp-content\\\/uploads\\\/2022\\\/03\\\/DSC_5338-scaled-e1651915072753.jpg\",\"datePublished\":\"2022-03-03T08:17:38+00:00\",\"breadcrumb\":{\"@id\":\"https:\\\/\\\/www.balzatex.com\\\/es\\\/produit\\\/mini-ponchos-4\\\/#breadcrumb\"},\"inLanguage\":\"es\",\"potentialAction\":[{\"@type\":\"ReadAction\",\"target\":[\"https:\\\/\\\/www.balzatex.com\\\/es\\\/produit\\\/mini-ponchos-4\\\/\"]}]},{\"@type\":\"ImageObject\",\"inLanguage\":\"es\",\"@id\":\"https:\\\/\\\/www.balzatex.com\\\/es\\\/produit\\\/mini-ponchos-4\\\/#primaryimage\",\"url\":\"https:\\\/\\\/www.balzatex.com\\\/wp-content\\\/uploads\\\/2022\\\/03\\\/DSC_5338-scaled-e1651915072753.jpg\",\"contentUrl\":\"https:\\\/\\\/www.balzatex.com\\\/wp-content\\\/uploads\\\/2022\\\/03\\\/DSC_5338-scaled-e1651915072753.jpg\",\"width\":800,\"height\":1200,\"caption\":\"MINI PONCHO BALZA PIERRE\"},{\"@type\":\"BreadcrumbList\",\"@id\":\"https:\\\/\\\/www.balzatex.com\\\/es\\\/produit\\\/mini-ponchos-4\\\/#breadcrumb\",\"itemListElement\":[{\"@type\":\"ListItem\",\"position\":1,\"name\":\"Accueil\",\"item\":\"https:\\\/\\\/www.balzatex.com\\\/es\\\/\"},{\"@type\":\"ListItem\",\"position\":2,\"name\":\"Tienda\",\"item\":\"https:\\\/\\\/www.balzatex.com\\\/es\\\/tienda\\\/\"},{\"@type\":\"ListItem\",\"position\":3,\"name\":\"ponchos mini\"}]},{\"@type\":\"WebSite\",\"@id\":\"https:\\\/\\\/www.balzatex.com\\\/es\\\/#website\",\"url\":\"https:\\\/\\\/www.balzatex.com\\\/es\\\/\",\"name\":\"Balzatex\",\"description\":\"Linge maison\",\"potentialAction\":[{\"@type\":\"SearchAction\",\"target\":{\"@type\":\"EntryPoint\",\"urlTemplate\":\"https:\\\/\\\/www.balzatex.com\\\/es\\\/?s={search_term_string}\"},\"query-input\":{\"@type\":\"PropertyValueSpecification\",\"valueRequired\":true,\"valueName\":\"search_term_string\"}}],\"inLanguage\":\"es\"}]}<\/script>\n<!-- \/ Yoast SEO plugin. -->","yoast_head_json":{"title":"ponchos mini - Balzatex","robots":{"index":"index","follow":"follow","max-snippet":"max-snippet:-1","max-image-preview":"max-image-preview:large","max-video-preview":"max-video-preview:-1"},"canonical":"https:\/\/www.balzatex.com\/es\/produit\/mini-ponchos-4\/","og_locale":"es_ES","og_type":"article","og_title":"ponchos mini - Balzatex","og_description":"Este lindo mini poncho es imprescindible en verano, en la playa o en la piscina. Equipado con una peque\u00f1a capota, le permitir\u00e1 secar a su hijo y protegerlo con delicadeza. Sale del agua, se la pones con mucha facilidad, y listo ya puede volver a vagar. El peque\u00f1o extra: extendido, el poncho se convierte en una toalla :) 100% algod\u00f3n - Apto para ni\u00f1os de 2 a 4 a\u00f1os, incluso 5 a\u00f1os.","og_url":"https:\/\/www.balzatex.com\/es\/produit\/mini-ponchos-4\/","og_site_name":"Balzatex","og_image":[{"width":800,"height":1200,"url":"https:\/\/www.balzatex.com\/wp-content\/uploads\/2022\/03\/DSC_5338-scaled-e1651915072753.jpg","type":"image\/jpeg"}],"twitter_card":"summary_large_image","schema":{"@context":"https:\/\/schema.org","@graph":[{"@type":"WebPage","@id":"https:\/\/www.balzatex.com\/es\/produit\/mini-ponchos-4\/","url":"https:\/\/www.balzatex.com\/es\/produit\/mini-ponchos-4\/","name":"ponchos mini - Balzatex","isPartOf":{"@id":"https:\/\/www.balzatex.com\/es\/#website"},"primaryImageOfPage":{"@id":"https:\/\/www.balzatex.com\/es\/produit\/mini-ponchos-4\/#primaryimage"},"image":{"@id":"https:\/\/www.balzatex.com\/es\/produit\/mini-ponchos-4\/#primaryimage"},"thumbnailUrl":"https:\/\/www.balzatex.com\/wp-content\/uploads\/2022\/03\/DSC_5338-scaled-e1651915072753.jpg","datePublished":"2022-03-03T08:17:38+00:00","breadcrumb":{"@id":"https:\/\/www.balzatex.com\/es\/produit\/mini-ponchos-4\/#breadcrumb"},"inLanguage":"es","potentialAction":[{"@type":"ReadAction","target":["https:\/\/www.balzatex.com\/es\/produit\/mini-ponchos-4\/"]}]},{"@type":"ImageObject","inLanguage":"es","@id":"https:\/\/www.balzatex.com\/es\/produit\/mini-ponchos-4\/#primaryimage","url":"https:\/\/www.balzatex.com\/wp-content\/uploads\/2022\/03\/DSC_5338-scaled-e1651915072753.jpg","contentUrl":"https:\/\/www.balzatex.com\/wp-content\/uploads\/2022\/03\/DSC_5338-scaled-e1651915072753.jpg","width":800,"height":1200,"caption":"MINI PONCHO BALZA PIERRE"},{"@type":"BreadcrumbList","@id":"https:\/\/www.balzatex.com\/es\/produit\/mini-ponchos-4\/#breadcrumb","itemListElement":[{"@type":"ListItem","position":1,"name":"Accueil","item":"https:\/\/www.balzatex.com\/es\/"},{"@type":"ListItem","position":2,"name":"Tienda","item":"https:\/\/www.balzatex.com\/es\/tienda\/"},{"@type":"ListItem","position":3,"name":"ponchos mini"}]},{"@type":"WebSite","@id":"https:\/\/www.balzatex.com\/es\/#website","url":"https:\/\/www.balzatex.com\/es\/","name":"Balzatex","description":"Linge maison","potentialAction":[{"@type":"SearchAction","target":{"@type":"EntryPoint","urlTemplate":"https:\/\/www.balzatex.com\/es\/?s={search_term_string}"},"query-input":{"@type":"PropertyValueSpecification","valueRequired":true,"valueName":"search_term_string"}}],"inLanguage":"es"}]}},"_links":{"self":[{"href":"https:\/\/www.balzatex.com\/es\/wp-json\/wp\/v2\/product\/3829","targetHints":{"allow":["GET"]}}],"collection":[{"href":"https:\/\/www.balzatex.com\/es\/wp-json\/wp\/v2\/product"}],"about":[{"href":"https:\/\/www.balzatex.com\/es\/wp-json\/wp\/v2\/types\/product"}],"replies":[{"embeddable":true,"href":"https:\/\/www.balzatex.com\/es\/wp-json\/wp\/v2\/comments?post=3829"}],"wp:featuredmedia":[{"embeddable":true,"href":"https:\/\/www.balzatex.com\/es\/wp-json\/wp\/v2\/media\/5576"}],"wp:attachment":[{"href":"https:\/\/www.balzatex.com\/es\/wp-json\/wp\/v2\/media?parent=3829"}],"wp:term":[{"taxonomy":"product_brand","embeddable":true,"href":"https:\/\/www.balzatex.com\/es\/wp-json\/wp\/v2\/product_brand?post=3829"},{"taxonomy":"product_cat","embeddable":true,"href":"https:\/\/www.balzatex.com\/es\/wp-json\/wp\/v2\/product_cat?post=3829"},{"taxonomy":"product_tag","embeddable":true,"href":"https:\/\/www.balzatex.com\/es\/wp-json\/wp\/v2\/product_tag?post=3829"}],"curies":[{"name":"wp","href":"https:\/\/api.w.org\/{rel}","templated":true}]}}