{"id":3872,"date":"2022-03-02T23:51:46","date_gmt":"2022-03-02T22:51:46","guid":{"rendered":"https:\/\/www.balzatex.com\/produit\/toalla-de-bano-colombes-con-flecos\/"},"modified":"2022-03-02T23:51:46","modified_gmt":"2022-03-02T22:51:46","slug":"toalla-de-bano-100x200","status":"publish","type":"product","link":"https:\/\/www.balzatex.com\/es\/produit\/toalla-de-bano-100x200\/","title":{"rendered":"Toalla de ba\u00f1o Colombes con flecos"},"content":{"rendered":"","protected":false},"excerpt":{"rendered":"<p>Estrellas de Balzatex, estas toallas ligeras encontrar\u00e1n un lugar natural en tantos lugares diferentes&#8230; ba\u00f1os, gimnasios, hammam, tumbonas, piscina, en el mar&#8230;<\/p>\n<p>Maxi grandes, ligeras, absorbentes, disponibles en infinidad de colores, divertidas con sus flecos, \u00a1tienen de todo para complacer!<\/p>\n<p>Esponja tejida en 400 gr\/m2, 100% algod\u00f3n.<\/p>\n<p>Patr\u00f3n: Palomas (Hamama).<\/p>\n<p>Dimensiones: toalla de ba\u00f1o maxi en 100&#215;200 &#8211; Toalla de ba\u00f1o en 100&#215;150<\/p>\n","protected":false},"featured_media":3027,"comment_status":"open","ping_status":"closed","template":"","meta":{"_joinchat":[]},"product_brand":[],"product_cat":[463,515],"product_tag":[325,333,335,387,466,340],"class_list":{"0":"post-3872","1":"product","2":"type-product","3":"status-publish","4":"has-post-thumbnail","6":"product_cat-ropa-de-sala-y-chillout","7":"product_cat-toallas-de-bano","8":"product_tag-blanco-blanca","9":"product_tag-coleccion-casa-blanca","10":"product_tag-color-piedra","11":"product_tag-hamama-es","12":"product_tag-la-coleccion-de-palomas-con-flecos","13":"product_tag-toallas-de-bano","15":"first","16":"instock","17":"shipping-taxable","18":"purchasable","19":"product-type-variable"},"supplier_id":null,"supplier_sku":"","barcode":null,"atum_controlled":true,"out_stock_date":null,"out_stock_threshold":null,"inheritable":true,"inbound_stock":0,"stock_on_hold":14,"sold_today":3,"sales_last_days":3,"reserved_stock":0,"customer_returns":0,"warehouse_damage":0,"lost_in_post":0,"other_logs":0,"out_stock_days":0,"lost_sales":0,"has_location":false,"update_date":"2026-04-26T16:49:11","atum_locations":[],"atum_stock_status":"instock","restock_status":false,"low_stock_amount":"","sales_update_date":"2023-09-11T09:20:45","calc_backorders":null,"yoast_head":"<!-- This site is optimized with the Yoast SEO plugin v27.4 - https:\/\/yoast.com\/product\/yoast-seo-wordpress\/ -->\n<title>Toalla de ba\u00f1o Colombes con flecos - Balzatex<\/title>\n<meta name=\"robots\" content=\"index, follow, max-snippet:-1, max-image-preview:large, max-video-preview:-1\" \/>\n<link rel=\"canonical\" href=\"https:\/\/www.balzatex.com\/es\/produit\/toalla-de-bano-100x200\/\" \/>\n<meta property=\"og:locale\" content=\"es_ES\" \/>\n<meta property=\"og:type\" content=\"article\" \/>\n<meta property=\"og:title\" content=\"Toalla de ba\u00f1o Colombes con flecos - Balzatex\" \/>\n<meta property=\"og:description\" content=\"Estrellas de Balzatex, estas toallas ligeras encontrar\u00e1n un lugar natural en tantos lugares diferentes... ba\u00f1os, gimnasios, hammam, tumbonas, piscina, en el mar... Maxi grandes, ligeras, absorbentes, disponibles en infinidad de colores, divertidas con sus flecos, \u00a1tienen de todo para complacer! Esponja tejida en 400 gr\/m2, 100% algod\u00f3n. Patr\u00f3n: Palomas (Hamama). Dimensiones: toalla de ba\u00f1o maxi en 100x200 - Toalla de ba\u00f1o en 100x150\" \/>\n<meta property=\"og:url\" content=\"https:\/\/www.balzatex.com\/es\/produit\/toalla-de-bano-100x200\/\" \/>\n<meta property=\"og:site_name\" content=\"Balzatex\" \/>\n<meta property=\"og:image\" content=\"https:\/\/www.balzatex.com\/wp-content\/uploads\/2022\/03\/draps-de-bain-hamama-blanc-e1647920361100.jpg\" \/>\n\t<meta property=\"og:image:width\" content=\"800\" \/>\n\t<meta property=\"og:image:height\" content=\"600\" \/>\n\t<meta property=\"og:image:type\" content=\"image\/jpeg\" \/>\n<meta name=\"twitter:card\" content=\"summary_large_image\" \/>\n<script type=\"application\/ld+json\" class=\"yoast-schema-graph\">{\"@context\":\"https:\\\/\\\/schema.org\",\"@graph\":[{\"@type\":\"WebPage\",\"@id\":\"https:\\\/\\\/www.balzatex.com\\\/es\\\/produit\\\/toalla-de-bano-100x200\\\/\",\"url\":\"https:\\\/\\\/www.balzatex.com\\\/es\\\/produit\\\/toalla-de-bano-100x200\\\/\",\"name\":\"Toalla de ba\u00f1o Colombes con flecos - Balzatex\",\"isPartOf\":{\"@id\":\"https:\\\/\\\/www.balzatex.com\\\/es\\\/#website\"},\"primaryImageOfPage\":{\"@id\":\"https:\\\/\\\/www.balzatex.com\\\/es\\\/produit\\\/toalla-de-bano-100x200\\\/#primaryimage\"},\"image\":{\"@id\":\"https:\\\/\\\/www.balzatex.com\\\/es\\\/produit\\\/toalla-de-bano-100x200\\\/#primaryimage\"},\"thumbnailUrl\":\"https:\\\/\\\/www.balzatex.com\\\/wp-content\\\/uploads\\\/2022\\\/03\\\/draps-de-bain-hamama-blanc-e1647920361100.jpg\",\"datePublished\":\"2022-03-02T22:51:46+00:00\",\"breadcrumb\":{\"@id\":\"https:\\\/\\\/www.balzatex.com\\\/es\\\/produit\\\/toalla-de-bano-100x200\\\/#breadcrumb\"},\"inLanguage\":\"es\",\"potentialAction\":[{\"@type\":\"ReadAction\",\"target\":[\"https:\\\/\\\/www.balzatex.com\\\/es\\\/produit\\\/toalla-de-bano-100x200\\\/\"]}]},{\"@type\":\"ImageObject\",\"inLanguage\":\"es\",\"@id\":\"https:\\\/\\\/www.balzatex.com\\\/es\\\/produit\\\/toalla-de-bano-100x200\\\/#primaryimage\",\"url\":\"https:\\\/\\\/www.balzatex.com\\\/wp-content\\\/uploads\\\/2022\\\/03\\\/draps-de-bain-hamama-blanc-e1647920361100.jpg\",\"contentUrl\":\"https:\\\/\\\/www.balzatex.com\\\/wp-content\\\/uploads\\\/2022\\\/03\\\/draps-de-bain-hamama-blanc-e1647920361100.jpg\",\"width\":800,\"height\":600},{\"@type\":\"BreadcrumbList\",\"@id\":\"https:\\\/\\\/www.balzatex.com\\\/es\\\/produit\\\/toalla-de-bano-100x200\\\/#breadcrumb\",\"itemListElement\":[{\"@type\":\"ListItem\",\"position\":1,\"name\":\"Accueil\",\"item\":\"https:\\\/\\\/www.balzatex.com\\\/es\\\/\"},{\"@type\":\"ListItem\",\"position\":2,\"name\":\"Tienda\",\"item\":\"https:\\\/\\\/www.balzatex.com\\\/es\\\/tienda\\\/\"},{\"@type\":\"ListItem\",\"position\":3,\"name\":\"Toalla de ba\u00f1o Colombes con flecos\"}]},{\"@type\":\"WebSite\",\"@id\":\"https:\\\/\\\/www.balzatex.com\\\/es\\\/#website\",\"url\":\"https:\\\/\\\/www.balzatex.com\\\/es\\\/\",\"name\":\"Balzatex\",\"description\":\"Linge maison\",\"potentialAction\":[{\"@type\":\"SearchAction\",\"target\":{\"@type\":\"EntryPoint\",\"urlTemplate\":\"https:\\\/\\\/www.balzatex.com\\\/es\\\/?s={search_term_string}\"},\"query-input\":{\"@type\":\"PropertyValueSpecification\",\"valueRequired\":true,\"valueName\":\"search_term_string\"}}],\"inLanguage\":\"es\"}]}<\/script>\n<!-- \/ Yoast SEO plugin. -->","yoast_head_json":{"title":"Toalla de ba\u00f1o Colombes con flecos - Balzatex","robots":{"index":"index","follow":"follow","max-snippet":"max-snippet:-1","max-image-preview":"max-image-preview:large","max-video-preview":"max-video-preview:-1"},"canonical":"https:\/\/www.balzatex.com\/es\/produit\/toalla-de-bano-100x200\/","og_locale":"es_ES","og_type":"article","og_title":"Toalla de ba\u00f1o Colombes con flecos - Balzatex","og_description":"Estrellas de Balzatex, estas toallas ligeras encontrar\u00e1n un lugar natural en tantos lugares diferentes... ba\u00f1os, gimnasios, hammam, tumbonas, piscina, en el mar... Maxi grandes, ligeras, absorbentes, disponibles en infinidad de colores, divertidas con sus flecos, \u00a1tienen de todo para complacer! Esponja tejida en 400 gr\/m2, 100% algod\u00f3n. Patr\u00f3n: Palomas (Hamama). Dimensiones: toalla de ba\u00f1o maxi en 100x200 - Toalla de ba\u00f1o en 100x150","og_url":"https:\/\/www.balzatex.com\/es\/produit\/toalla-de-bano-100x200\/","og_site_name":"Balzatex","og_image":[{"width":800,"height":600,"url":"https:\/\/www.balzatex.com\/wp-content\/uploads\/2022\/03\/draps-de-bain-hamama-blanc-e1647920361100.jpg","type":"image\/jpeg"}],"twitter_card":"summary_large_image","schema":{"@context":"https:\/\/schema.org","@graph":[{"@type":"WebPage","@id":"https:\/\/www.balzatex.com\/es\/produit\/toalla-de-bano-100x200\/","url":"https:\/\/www.balzatex.com\/es\/produit\/toalla-de-bano-100x200\/","name":"Toalla de ba\u00f1o Colombes con flecos - Balzatex","isPartOf":{"@id":"https:\/\/www.balzatex.com\/es\/#website"},"primaryImageOfPage":{"@id":"https:\/\/www.balzatex.com\/es\/produit\/toalla-de-bano-100x200\/#primaryimage"},"image":{"@id":"https:\/\/www.balzatex.com\/es\/produit\/toalla-de-bano-100x200\/#primaryimage"},"thumbnailUrl":"https:\/\/www.balzatex.com\/wp-content\/uploads\/2022\/03\/draps-de-bain-hamama-blanc-e1647920361100.jpg","datePublished":"2022-03-02T22:51:46+00:00","breadcrumb":{"@id":"https:\/\/www.balzatex.com\/es\/produit\/toalla-de-bano-100x200\/#breadcrumb"},"inLanguage":"es","potentialAction":[{"@type":"ReadAction","target":["https:\/\/www.balzatex.com\/es\/produit\/toalla-de-bano-100x200\/"]}]},{"@type":"ImageObject","inLanguage":"es","@id":"https:\/\/www.balzatex.com\/es\/produit\/toalla-de-bano-100x200\/#primaryimage","url":"https:\/\/www.balzatex.com\/wp-content\/uploads\/2022\/03\/draps-de-bain-hamama-blanc-e1647920361100.jpg","contentUrl":"https:\/\/www.balzatex.com\/wp-content\/uploads\/2022\/03\/draps-de-bain-hamama-blanc-e1647920361100.jpg","width":800,"height":600},{"@type":"BreadcrumbList","@id":"https:\/\/www.balzatex.com\/es\/produit\/toalla-de-bano-100x200\/#breadcrumb","itemListElement":[{"@type":"ListItem","position":1,"name":"Accueil","item":"https:\/\/www.balzatex.com\/es\/"},{"@type":"ListItem","position":2,"name":"Tienda","item":"https:\/\/www.balzatex.com\/es\/tienda\/"},{"@type":"ListItem","position":3,"name":"Toalla de ba\u00f1o Colombes con flecos"}]},{"@type":"WebSite","@id":"https:\/\/www.balzatex.com\/es\/#website","url":"https:\/\/www.balzatex.com\/es\/","name":"Balzatex","description":"Linge maison","potentialAction":[{"@type":"SearchAction","target":{"@type":"EntryPoint","urlTemplate":"https:\/\/www.balzatex.com\/es\/?s={search_term_string}"},"query-input":{"@type":"PropertyValueSpecification","valueRequired":true,"valueName":"search_term_string"}}],"inLanguage":"es"}]}},"_links":{"self":[{"href":"https:\/\/www.balzatex.com\/es\/wp-json\/wp\/v2\/product\/3872","targetHints":{"allow":["GET"]}}],"collection":[{"href":"https:\/\/www.balzatex.com\/es\/wp-json\/wp\/v2\/product"}],"about":[{"href":"https:\/\/www.balzatex.com\/es\/wp-json\/wp\/v2\/types\/product"}],"replies":[{"embeddable":true,"href":"https:\/\/www.balzatex.com\/es\/wp-json\/wp\/v2\/comments?post=3872"}],"wp:featuredmedia":[{"embeddable":true,"href":"https:\/\/www.balzatex.com\/es\/wp-json\/wp\/v2\/media\/3027"}],"wp:attachment":[{"href":"https:\/\/www.balzatex.com\/es\/wp-json\/wp\/v2\/media?parent=3872"}],"wp:term":[{"taxonomy":"product_brand","embeddable":true,"href":"https:\/\/www.balzatex.com\/es\/wp-json\/wp\/v2\/product_brand?post=3872"},{"taxonomy":"product_cat","embeddable":true,"href":"https:\/\/www.balzatex.com\/es\/wp-json\/wp\/v2\/product_cat?post=3872"},{"taxonomy":"product_tag","embeddable":true,"href":"https:\/\/www.balzatex.com\/es\/wp-json\/wp\/v2\/product_tag?post=3872"}],"curies":[{"name":"wp","href":"https:\/\/api.w.org\/{rel}","templated":true}]}}