{"id":3898,"date":"2022-03-03T10:02:02","date_gmt":"2022-03-03T09:02:02","guid":{"rendered":"https:\/\/www.balzatex.com\/produit\/tunica-manga-larga-con-capucha\/"},"modified":"2022-03-03T10:02:02","modified_gmt":"2022-03-03T09:02:02","slug":"tunica-manga-larga-con-capucha","status":"publish","type":"product","link":"https:\/\/www.balzatex.com\/es\/produit\/tunica-manga-larga-con-capucha\/","title":{"rendered":"T\u00fanica manga larga con capucha"},"content":{"rendered":"","protected":false},"excerpt":{"rendered":"<p>Elegante t\u00fanica con flecos, manga larga y capucha.<\/p>\n<p>Tejido jacquard estampado de nuestra colecci\u00f3n Doves para el color azafr\u00e1n<\/p>\n<p>Tela jacquard con estampados de nuestra colecci\u00f3n Art Deco para el color oro viejo<\/p>\n<p>Composici\u00f3n 100% algod\u00f3n.<\/p>\n<p><strong>Se adapta a una talla S o una 36\/38<\/strong><\/p>\n","protected":false},"featured_media":2683,"comment_status":"open","ping_status":"closed","template":"","meta":{"_joinchat":[]},"product_brand":[],"product_cat":[381,310,463,471],"product_tag":[384,325,333,335,387,388,498],"class_list":{"0":"post-3898","1":"product","2":"type-product","3":"status-publish","4":"has-post-thumbnail","6":"product_cat-albornoces","7":"product_cat-ropa-de-bano","8":"product_cat-ropa-de-sala-y-chillout","9":"product_cat-trajes","10":"product_tag-bata","11":"product_tag-blanco-blanca","12":"product_tag-coleccion-casa-blanca","13":"product_tag-color-piedra","14":"product_tag-hamama-es","15":"product_tag-jacquards-es","16":"product_tag-sayo","18":"first","19":"outofstock","20":"shipping-taxable","21":"purchasable","22":"product-type-variable"},"supplier_id":null,"supplier_sku":"","barcode":null,"atum_controlled":true,"out_stock_date":null,"out_stock_threshold":null,"inheritable":true,"inbound_stock":0,"stock_on_hold":0,"sold_today":0,"sales_last_days":0,"reserved_stock":0,"customer_returns":0,"warehouse_damage":0,"lost_in_post":0,"other_logs":0,"out_stock_days":0,"lost_sales":0,"has_location":false,"update_date":"2023-11-17T07:48:06","atum_locations":[],"atum_stock_status":"outofstock","restock_status":false,"low_stock_amount":"","sales_update_date":"2023-09-04T09:16:07","calc_backorders":null,"yoast_head":"<!-- This site is optimized with the Yoast SEO plugin v27.4 - https:\/\/yoast.com\/product\/yoast-seo-wordpress\/ -->\n<title>T\u00fanica manga larga con capucha - Balzatex<\/title>\n<meta name=\"robots\" content=\"index, follow, max-snippet:-1, max-image-preview:large, max-video-preview:-1\" \/>\n<link rel=\"canonical\" href=\"https:\/\/www.balzatex.com\/es\/produit\/tunica-manga-larga-con-capucha\/\" \/>\n<meta property=\"og:locale\" content=\"es_ES\" \/>\n<meta property=\"og:type\" content=\"article\" \/>\n<meta property=\"og:title\" content=\"T\u00fanica manga larga con capucha - Balzatex\" \/>\n<meta property=\"og:description\" content=\"Elegante t\u00fanica con flecos, manga larga y capucha. Tejido jacquard estampado de nuestra colecci\u00f3n Doves para el color azafr\u00e1n Tela jacquard con estampados de nuestra colecci\u00f3n Art Deco para el color oro viejo Composici\u00f3n 100% algod\u00f3n. Se adapta a una talla S o una 36\/38\" \/>\n<meta property=\"og:url\" content=\"https:\/\/www.balzatex.com\/es\/produit\/tunica-manga-larga-con-capucha\/\" \/>\n<meta property=\"og:site_name\" content=\"Balzatex\" \/>\n<meta property=\"og:image\" content=\"https:\/\/www.balzatex.com\/wp-content\/uploads\/2022\/02\/tunique-hamama-blanc.png\" \/>\n\t<meta property=\"og:image:width\" content=\"672\" \/>\n\t<meta property=\"og:image:height\" content=\"1170\" \/>\n\t<meta property=\"og:image:type\" content=\"image\/png\" \/>\n<meta name=\"twitter:card\" content=\"summary_large_image\" \/>\n<script type=\"application\/ld+json\" class=\"yoast-schema-graph\">{\"@context\":\"https:\\\/\\\/schema.org\",\"@graph\":[{\"@type\":\"WebPage\",\"@id\":\"https:\\\/\\\/www.balzatex.com\\\/es\\\/produit\\\/tunica-manga-larga-con-capucha\\\/\",\"url\":\"https:\\\/\\\/www.balzatex.com\\\/es\\\/produit\\\/tunica-manga-larga-con-capucha\\\/\",\"name\":\"T\u00fanica manga larga con capucha - Balzatex\",\"isPartOf\":{\"@id\":\"https:\\\/\\\/www.balzatex.com\\\/es\\\/#website\"},\"primaryImageOfPage\":{\"@id\":\"https:\\\/\\\/www.balzatex.com\\\/es\\\/produit\\\/tunica-manga-larga-con-capucha\\\/#primaryimage\"},\"image\":{\"@id\":\"https:\\\/\\\/www.balzatex.com\\\/es\\\/produit\\\/tunica-manga-larga-con-capucha\\\/#primaryimage\"},\"thumbnailUrl\":\"https:\\\/\\\/www.balzatex.com\\\/wp-content\\\/uploads\\\/2022\\\/02\\\/tunique-hamama-blanc.png\",\"datePublished\":\"2022-03-03T09:02:02+00:00\",\"breadcrumb\":{\"@id\":\"https:\\\/\\\/www.balzatex.com\\\/es\\\/produit\\\/tunica-manga-larga-con-capucha\\\/#breadcrumb\"},\"inLanguage\":\"es\",\"potentialAction\":[{\"@type\":\"ReadAction\",\"target\":[\"https:\\\/\\\/www.balzatex.com\\\/es\\\/produit\\\/tunica-manga-larga-con-capucha\\\/\"]}]},{\"@type\":\"ImageObject\",\"inLanguage\":\"es\",\"@id\":\"https:\\\/\\\/www.balzatex.com\\\/es\\\/produit\\\/tunica-manga-larga-con-capucha\\\/#primaryimage\",\"url\":\"https:\\\/\\\/www.balzatex.com\\\/wp-content\\\/uploads\\\/2022\\\/02\\\/tunique-hamama-blanc.png\",\"contentUrl\":\"https:\\\/\\\/www.balzatex.com\\\/wp-content\\\/uploads\\\/2022\\\/02\\\/tunique-hamama-blanc.png\",\"width\":672,\"height\":1170},{\"@type\":\"BreadcrumbList\",\"@id\":\"https:\\\/\\\/www.balzatex.com\\\/es\\\/produit\\\/tunica-manga-larga-con-capucha\\\/#breadcrumb\",\"itemListElement\":[{\"@type\":\"ListItem\",\"position\":1,\"name\":\"Accueil\",\"item\":\"https:\\\/\\\/www.balzatex.com\\\/es\\\/\"},{\"@type\":\"ListItem\",\"position\":2,\"name\":\"Tienda\",\"item\":\"https:\\\/\\\/www.balzatex.com\\\/es\\\/tienda\\\/\"},{\"@type\":\"ListItem\",\"position\":3,\"name\":\"T\u00fanica manga larga con capucha\"}]},{\"@type\":\"WebSite\",\"@id\":\"https:\\\/\\\/www.balzatex.com\\\/es\\\/#website\",\"url\":\"https:\\\/\\\/www.balzatex.com\\\/es\\\/\",\"name\":\"Balzatex\",\"description\":\"Linge maison\",\"potentialAction\":[{\"@type\":\"SearchAction\",\"target\":{\"@type\":\"EntryPoint\",\"urlTemplate\":\"https:\\\/\\\/www.balzatex.com\\\/es\\\/?s={search_term_string}\"},\"query-input\":{\"@type\":\"PropertyValueSpecification\",\"valueRequired\":true,\"valueName\":\"search_term_string\"}}],\"inLanguage\":\"es\"}]}<\/script>\n<!-- \/ Yoast SEO plugin. -->","yoast_head_json":{"title":"T\u00fanica manga larga con capucha - Balzatex","robots":{"index":"index","follow":"follow","max-snippet":"max-snippet:-1","max-image-preview":"max-image-preview:large","max-video-preview":"max-video-preview:-1"},"canonical":"https:\/\/www.balzatex.com\/es\/produit\/tunica-manga-larga-con-capucha\/","og_locale":"es_ES","og_type":"article","og_title":"T\u00fanica manga larga con capucha - Balzatex","og_description":"Elegante t\u00fanica con flecos, manga larga y capucha. Tejido jacquard estampado de nuestra colecci\u00f3n Doves para el color azafr\u00e1n Tela jacquard con estampados de nuestra colecci\u00f3n Art Deco para el color oro viejo Composici\u00f3n 100% algod\u00f3n. Se adapta a una talla S o una 36\/38","og_url":"https:\/\/www.balzatex.com\/es\/produit\/tunica-manga-larga-con-capucha\/","og_site_name":"Balzatex","og_image":[{"width":672,"height":1170,"url":"https:\/\/www.balzatex.com\/wp-content\/uploads\/2022\/02\/tunique-hamama-blanc.png","type":"image\/png"}],"twitter_card":"summary_large_image","schema":{"@context":"https:\/\/schema.org","@graph":[{"@type":"WebPage","@id":"https:\/\/www.balzatex.com\/es\/produit\/tunica-manga-larga-con-capucha\/","url":"https:\/\/www.balzatex.com\/es\/produit\/tunica-manga-larga-con-capucha\/","name":"T\u00fanica manga larga con capucha - Balzatex","isPartOf":{"@id":"https:\/\/www.balzatex.com\/es\/#website"},"primaryImageOfPage":{"@id":"https:\/\/www.balzatex.com\/es\/produit\/tunica-manga-larga-con-capucha\/#primaryimage"},"image":{"@id":"https:\/\/www.balzatex.com\/es\/produit\/tunica-manga-larga-con-capucha\/#primaryimage"},"thumbnailUrl":"https:\/\/www.balzatex.com\/wp-content\/uploads\/2022\/02\/tunique-hamama-blanc.png","datePublished":"2022-03-03T09:02:02+00:00","breadcrumb":{"@id":"https:\/\/www.balzatex.com\/es\/produit\/tunica-manga-larga-con-capucha\/#breadcrumb"},"inLanguage":"es","potentialAction":[{"@type":"ReadAction","target":["https:\/\/www.balzatex.com\/es\/produit\/tunica-manga-larga-con-capucha\/"]}]},{"@type":"ImageObject","inLanguage":"es","@id":"https:\/\/www.balzatex.com\/es\/produit\/tunica-manga-larga-con-capucha\/#primaryimage","url":"https:\/\/www.balzatex.com\/wp-content\/uploads\/2022\/02\/tunique-hamama-blanc.png","contentUrl":"https:\/\/www.balzatex.com\/wp-content\/uploads\/2022\/02\/tunique-hamama-blanc.png","width":672,"height":1170},{"@type":"BreadcrumbList","@id":"https:\/\/www.balzatex.com\/es\/produit\/tunica-manga-larga-con-capucha\/#breadcrumb","itemListElement":[{"@type":"ListItem","position":1,"name":"Accueil","item":"https:\/\/www.balzatex.com\/es\/"},{"@type":"ListItem","position":2,"name":"Tienda","item":"https:\/\/www.balzatex.com\/es\/tienda\/"},{"@type":"ListItem","position":3,"name":"T\u00fanica manga larga con capucha"}]},{"@type":"WebSite","@id":"https:\/\/www.balzatex.com\/es\/#website","url":"https:\/\/www.balzatex.com\/es\/","name":"Balzatex","description":"Linge maison","potentialAction":[{"@type":"SearchAction","target":{"@type":"EntryPoint","urlTemplate":"https:\/\/www.balzatex.com\/es\/?s={search_term_string}"},"query-input":{"@type":"PropertyValueSpecification","valueRequired":true,"valueName":"search_term_string"}}],"inLanguage":"es"}]}},"_links":{"self":[{"href":"https:\/\/www.balzatex.com\/es\/wp-json\/wp\/v2\/product\/3898","targetHints":{"allow":["GET"]}}],"collection":[{"href":"https:\/\/www.balzatex.com\/es\/wp-json\/wp\/v2\/product"}],"about":[{"href":"https:\/\/www.balzatex.com\/es\/wp-json\/wp\/v2\/types\/product"}],"replies":[{"embeddable":true,"href":"https:\/\/www.balzatex.com\/es\/wp-json\/wp\/v2\/comments?post=3898"}],"wp:featuredmedia":[{"embeddable":true,"href":"https:\/\/www.balzatex.com\/es\/wp-json\/wp\/v2\/media\/2683"}],"wp:attachment":[{"href":"https:\/\/www.balzatex.com\/es\/wp-json\/wp\/v2\/media?parent=3898"}],"wp:term":[{"taxonomy":"product_brand","embeddable":true,"href":"https:\/\/www.balzatex.com\/es\/wp-json\/wp\/v2\/product_brand?post=3898"},{"taxonomy":"product_cat","embeddable":true,"href":"https:\/\/www.balzatex.com\/es\/wp-json\/wp\/v2\/product_cat?post=3898"},{"taxonomy":"product_tag","embeddable":true,"href":"https:\/\/www.balzatex.com\/es\/wp-json\/wp\/v2\/product_tag?post=3898"}],"curies":[{"name":"wp","href":"https:\/\/api.w.org\/{rel}","templated":true}]}}