{"id":3912,"date":"2022-03-03T11:28:47","date_gmt":"2022-03-03T10:28:47","guid":{"rendered":"https:\/\/www.balzatex.com\/produit\/capa-corta-de-jacquard\/"},"modified":"2022-03-03T11:28:47","modified_gmt":"2022-03-03T10:28:47","slug":"capa-a-la-mitad-del-muslo","status":"publish","type":"product","link":"https:\/\/www.balzatex.com\/es\/produit\/capa-a-la-mitad-del-muslo\/","title":{"rendered":"Capa corta de jacquard"},"content":{"rendered":"","protected":false},"excerpt":{"rendered":"<p>Una bonita capa envolvente al estilo Sultana.<\/p>\n<p>Muy holgada, con una bonita capucha levantada con un pomp\u00f3n hecho a mano, esta capa que llega hasta la mitad del muslo te la puedes poner en varias ocasiones: en casa despu\u00e9s del ba\u00f1o, en la playa o incluso encima de unos leggins. Hecho de 100% algod\u00f3n, es muy c\u00f3modo de llevar.<\/p>\n<p>Peque\u00f1o detalle: el pomp\u00f3n es desmontable, recuerda quitarlo antes del lavado, alargar\u00e1s su vida.<\/p>\n<p>Material: 100% algod\u00f3n<\/p>\n<p>Talla \u00fanica<\/p>\n<p>Tejido jacquard estampado palomas Hamama<\/p>\n","protected":false},"featured_media":2749,"comment_status":"open","ping_status":"closed","template":"","meta":{"_joinchat":[]},"product_brand":[],"product_cat":[463,471],"product_tag":[500,325,520,333,335,387,388],"class_list":{"0":"post-3912","1":"product","2":"type-product","3":"status-publish","4":"has-post-thumbnail","6":"product_cat-ropa-de-sala-y-chillout","7":"product_cat-trajes","8":"product_tag-100-algodon","9":"product_tag-blanco-blanca","10":"product_tag-capa","11":"product_tag-coleccion-casa-blanca","12":"product_tag-color-piedra","13":"product_tag-hamama-es","14":"product_tag-jacquards-es","16":"first","17":"instock","18":"shipping-taxable","19":"purchasable","20":"product-type-variable"},"supplier_id":null,"supplier_sku":"","barcode":null,"atum_controlled":true,"out_stock_date":null,"out_stock_threshold":null,"inheritable":true,"inbound_stock":0,"stock_on_hold":2,"sold_today":1,"sales_last_days":1,"reserved_stock":0,"customer_returns":0,"warehouse_damage":0,"lost_in_post":0,"other_logs":0,"out_stock_days":0,"lost_sales":0,"has_location":false,"update_date":"2026-04-26T16:49:11","atum_locations":[],"atum_stock_status":"instock","restock_status":false,"low_stock_amount":"","sales_update_date":"2023-09-03T09:11:07","calc_backorders":null,"yoast_head":"<!-- This site is optimized with the Yoast SEO plugin v27.4 - https:\/\/yoast.com\/product\/yoast-seo-wordpress\/ -->\n<title>Capa corta de jacquard - Balzatex<\/title>\n<meta name=\"robots\" content=\"index, follow, max-snippet:-1, max-image-preview:large, max-video-preview:-1\" \/>\n<link rel=\"canonical\" href=\"https:\/\/www.balzatex.com\/es\/produit\/capa-a-la-mitad-del-muslo\/\" \/>\n<meta property=\"og:locale\" content=\"es_ES\" \/>\n<meta property=\"og:type\" content=\"article\" \/>\n<meta property=\"og:title\" content=\"Capa corta de jacquard - Balzatex\" \/>\n<meta property=\"og:description\" content=\"Una bonita capa envolvente al estilo Sultana. Muy holgada, con una bonita capucha levantada con un pomp\u00f3n hecho a mano, esta capa que llega hasta la mitad del muslo te la puedes poner en varias ocasiones: en casa despu\u00e9s del ba\u00f1o, en la playa o incluso encima de unos leggins. Hecho de 100% algod\u00f3n, es muy c\u00f3modo de llevar. Peque\u00f1o detalle: el pomp\u00f3n es desmontable, recuerda quitarlo antes del lavado, alargar\u00e1s su vida. Material: 100% algod\u00f3n Talla \u00fanica Tejido jacquard estampado palomas Hamama\" \/>\n<meta property=\"og:url\" content=\"https:\/\/www.balzatex.com\/es\/produit\/capa-a-la-mitad-del-muslo\/\" \/>\n<meta property=\"og:site_name\" content=\"Balzatex\" \/>\n<meta property=\"og:image\" content=\"https:\/\/www.balzatex.com\/wp-content\/uploads\/2022\/03\/cape-pierre-balzatex-scaled-e1647184942980.jpeg\" \/>\n\t<meta property=\"og:image:width\" content=\"800\" \/>\n\t<meta property=\"og:image:height\" content=\"1436\" \/>\n\t<meta property=\"og:image:type\" content=\"image\/jpeg\" \/>\n<meta name=\"twitter:card\" content=\"summary_large_image\" \/>\n<script type=\"application\/ld+json\" class=\"yoast-schema-graph\">{\"@context\":\"https:\\\/\\\/schema.org\",\"@graph\":[{\"@type\":\"WebPage\",\"@id\":\"https:\\\/\\\/www.balzatex.com\\\/es\\\/produit\\\/capa-a-la-mitad-del-muslo\\\/\",\"url\":\"https:\\\/\\\/www.balzatex.com\\\/es\\\/produit\\\/capa-a-la-mitad-del-muslo\\\/\",\"name\":\"Capa corta de jacquard - Balzatex\",\"isPartOf\":{\"@id\":\"https:\\\/\\\/www.balzatex.com\\\/es\\\/#website\"},\"primaryImageOfPage\":{\"@id\":\"https:\\\/\\\/www.balzatex.com\\\/es\\\/produit\\\/capa-a-la-mitad-del-muslo\\\/#primaryimage\"},\"image\":{\"@id\":\"https:\\\/\\\/www.balzatex.com\\\/es\\\/produit\\\/capa-a-la-mitad-del-muslo\\\/#primaryimage\"},\"thumbnailUrl\":\"https:\\\/\\\/www.balzatex.com\\\/wp-content\\\/uploads\\\/2022\\\/03\\\/cape-pierre-balzatex-scaled-e1647184942980.jpeg\",\"datePublished\":\"2022-03-03T10:28:47+00:00\",\"breadcrumb\":{\"@id\":\"https:\\\/\\\/www.balzatex.com\\\/es\\\/produit\\\/capa-a-la-mitad-del-muslo\\\/#breadcrumb\"},\"inLanguage\":\"es\",\"potentialAction\":[{\"@type\":\"ReadAction\",\"target\":[\"https:\\\/\\\/www.balzatex.com\\\/es\\\/produit\\\/capa-a-la-mitad-del-muslo\\\/\"]}]},{\"@type\":\"ImageObject\",\"inLanguage\":\"es\",\"@id\":\"https:\\\/\\\/www.balzatex.com\\\/es\\\/produit\\\/capa-a-la-mitad-del-muslo\\\/#primaryimage\",\"url\":\"https:\\\/\\\/www.balzatex.com\\\/wp-content\\\/uploads\\\/2022\\\/03\\\/cape-pierre-balzatex-scaled-e1647184942980.jpeg\",\"contentUrl\":\"https:\\\/\\\/www.balzatex.com\\\/wp-content\\\/uploads\\\/2022\\\/03\\\/cape-pierre-balzatex-scaled-e1647184942980.jpeg\",\"width\":800,\"height\":1436},{\"@type\":\"BreadcrumbList\",\"@id\":\"https:\\\/\\\/www.balzatex.com\\\/es\\\/produit\\\/capa-a-la-mitad-del-muslo\\\/#breadcrumb\",\"itemListElement\":[{\"@type\":\"ListItem\",\"position\":1,\"name\":\"Accueil\",\"item\":\"https:\\\/\\\/www.balzatex.com\\\/es\\\/\"},{\"@type\":\"ListItem\",\"position\":2,\"name\":\"Tienda\",\"item\":\"https:\\\/\\\/www.balzatex.com\\\/es\\\/tienda\\\/\"},{\"@type\":\"ListItem\",\"position\":3,\"name\":\"Capa corta de jacquard\"}]},{\"@type\":\"WebSite\",\"@id\":\"https:\\\/\\\/www.balzatex.com\\\/es\\\/#website\",\"url\":\"https:\\\/\\\/www.balzatex.com\\\/es\\\/\",\"name\":\"Balzatex\",\"description\":\"Linge maison\",\"potentialAction\":[{\"@type\":\"SearchAction\",\"target\":{\"@type\":\"EntryPoint\",\"urlTemplate\":\"https:\\\/\\\/www.balzatex.com\\\/es\\\/?s={search_term_string}\"},\"query-input\":{\"@type\":\"PropertyValueSpecification\",\"valueRequired\":true,\"valueName\":\"search_term_string\"}}],\"inLanguage\":\"es\"}]}<\/script>\n<!-- \/ Yoast SEO plugin. -->","yoast_head_json":{"title":"Capa corta de jacquard - Balzatex","robots":{"index":"index","follow":"follow","max-snippet":"max-snippet:-1","max-image-preview":"max-image-preview:large","max-video-preview":"max-video-preview:-1"},"canonical":"https:\/\/www.balzatex.com\/es\/produit\/capa-a-la-mitad-del-muslo\/","og_locale":"es_ES","og_type":"article","og_title":"Capa corta de jacquard - Balzatex","og_description":"Una bonita capa envolvente al estilo Sultana. Muy holgada, con una bonita capucha levantada con un pomp\u00f3n hecho a mano, esta capa que llega hasta la mitad del muslo te la puedes poner en varias ocasiones: en casa despu\u00e9s del ba\u00f1o, en la playa o incluso encima de unos leggins. Hecho de 100% algod\u00f3n, es muy c\u00f3modo de llevar. Peque\u00f1o detalle: el pomp\u00f3n es desmontable, recuerda quitarlo antes del lavado, alargar\u00e1s su vida. Material: 100% algod\u00f3n Talla \u00fanica Tejido jacquard estampado palomas Hamama","og_url":"https:\/\/www.balzatex.com\/es\/produit\/capa-a-la-mitad-del-muslo\/","og_site_name":"Balzatex","og_image":[{"width":800,"height":1436,"url":"https:\/\/www.balzatex.com\/wp-content\/uploads\/2022\/03\/cape-pierre-balzatex-scaled-e1647184942980.jpeg","type":"image\/jpeg"}],"twitter_card":"summary_large_image","schema":{"@context":"https:\/\/schema.org","@graph":[{"@type":"WebPage","@id":"https:\/\/www.balzatex.com\/es\/produit\/capa-a-la-mitad-del-muslo\/","url":"https:\/\/www.balzatex.com\/es\/produit\/capa-a-la-mitad-del-muslo\/","name":"Capa corta de jacquard - Balzatex","isPartOf":{"@id":"https:\/\/www.balzatex.com\/es\/#website"},"primaryImageOfPage":{"@id":"https:\/\/www.balzatex.com\/es\/produit\/capa-a-la-mitad-del-muslo\/#primaryimage"},"image":{"@id":"https:\/\/www.balzatex.com\/es\/produit\/capa-a-la-mitad-del-muslo\/#primaryimage"},"thumbnailUrl":"https:\/\/www.balzatex.com\/wp-content\/uploads\/2022\/03\/cape-pierre-balzatex-scaled-e1647184942980.jpeg","datePublished":"2022-03-03T10:28:47+00:00","breadcrumb":{"@id":"https:\/\/www.balzatex.com\/es\/produit\/capa-a-la-mitad-del-muslo\/#breadcrumb"},"inLanguage":"es","potentialAction":[{"@type":"ReadAction","target":["https:\/\/www.balzatex.com\/es\/produit\/capa-a-la-mitad-del-muslo\/"]}]},{"@type":"ImageObject","inLanguage":"es","@id":"https:\/\/www.balzatex.com\/es\/produit\/capa-a-la-mitad-del-muslo\/#primaryimage","url":"https:\/\/www.balzatex.com\/wp-content\/uploads\/2022\/03\/cape-pierre-balzatex-scaled-e1647184942980.jpeg","contentUrl":"https:\/\/www.balzatex.com\/wp-content\/uploads\/2022\/03\/cape-pierre-balzatex-scaled-e1647184942980.jpeg","width":800,"height":1436},{"@type":"BreadcrumbList","@id":"https:\/\/www.balzatex.com\/es\/produit\/capa-a-la-mitad-del-muslo\/#breadcrumb","itemListElement":[{"@type":"ListItem","position":1,"name":"Accueil","item":"https:\/\/www.balzatex.com\/es\/"},{"@type":"ListItem","position":2,"name":"Tienda","item":"https:\/\/www.balzatex.com\/es\/tienda\/"},{"@type":"ListItem","position":3,"name":"Capa corta de jacquard"}]},{"@type":"WebSite","@id":"https:\/\/www.balzatex.com\/es\/#website","url":"https:\/\/www.balzatex.com\/es\/","name":"Balzatex","description":"Linge maison","potentialAction":[{"@type":"SearchAction","target":{"@type":"EntryPoint","urlTemplate":"https:\/\/www.balzatex.com\/es\/?s={search_term_string}"},"query-input":{"@type":"PropertyValueSpecification","valueRequired":true,"valueName":"search_term_string"}}],"inLanguage":"es"}]}},"_links":{"self":[{"href":"https:\/\/www.balzatex.com\/es\/wp-json\/wp\/v2\/product\/3912","targetHints":{"allow":["GET"]}}],"collection":[{"href":"https:\/\/www.balzatex.com\/es\/wp-json\/wp\/v2\/product"}],"about":[{"href":"https:\/\/www.balzatex.com\/es\/wp-json\/wp\/v2\/types\/product"}],"replies":[{"embeddable":true,"href":"https:\/\/www.balzatex.com\/es\/wp-json\/wp\/v2\/comments?post=3912"}],"wp:featuredmedia":[{"embeddable":true,"href":"https:\/\/www.balzatex.com\/es\/wp-json\/wp\/v2\/media\/2749"}],"wp:attachment":[{"href":"https:\/\/www.balzatex.com\/es\/wp-json\/wp\/v2\/media?parent=3912"}],"wp:term":[{"taxonomy":"product_brand","embeddable":true,"href":"https:\/\/www.balzatex.com\/es\/wp-json\/wp\/v2\/product_brand?post=3912"},{"taxonomy":"product_cat","embeddable":true,"href":"https:\/\/www.balzatex.com\/es\/wp-json\/wp\/v2\/product_cat?post=3912"},{"taxonomy":"product_tag","embeddable":true,"href":"https:\/\/www.balzatex.com\/es\/wp-json\/wp\/v2\/product_tag?post=3912"}],"curies":[{"name":"wp","href":"https:\/\/api.w.org\/{rel}","templated":true}]}}