{"id":3958,"date":"2022-03-03T14:12:22","date_gmt":"2022-03-03T13:12:22","guid":{"rendered":"https:\/\/www.balzatex.com\/produit\/kit-de-flores-de-ducha\/"},"modified":"2022-03-03T14:12:22","modified_gmt":"2022-03-03T13:12:22","slug":"ducha-kit-flores","status":"publish","type":"product","link":"https:\/\/www.balzatex.com\/es\/produit\/ducha-kit-flores\/","title":{"rendered":"Kit de flores de ducha"},"content":{"rendered":"","protected":false},"excerpt":{"rendered":"<p>Seguro que conoces a alguna que jure por su flor de ducha. Y que nunca saben d\u00f3nde ponerlo cuando tienen que viajar, \u00a1sobre todo cuando todav\u00eda est\u00e1 h\u00famedo! Pues este kit cuyo interior es totalmente plastificado esta hecho para ellos!! Su forma combina perfectamente con la de una flor de ducha, pero no solo.<span class=\"Apple-converted-space\">  <\/span>Tambi\u00e9n se utilizar\u00e1 para almacenar toallitas, diversos productos de higiene e incluso mascarillas limpias o sucias. Pronto un imprescindible en tu hogar. Disponible en diferentes colores.<\/p>\n<p>Tejido jacquard, 100% algod\u00f3n, lavable a m\u00e1quina.<\/p>\n","protected":false},"featured_media":0,"comment_status":"open","ping_status":"closed","template":"","meta":{"_joinchat":[]},"product_brand":[],"product_cat":[536,413,415,414,463],"product_tag":[325,335,534,387,388],"class_list":{"0":"post-3958","1":"product","2":"type-product","3":"status-publish","5":"product_cat-accesorios-es","6":"product_cat-accesorios","7":"product_cat-nuestros-imprescindibles-para-el-bano-del-bebe","8":"product_cat-ropa-de-bebe","9":"product_cat-ropa-de-sala-y-chillout","10":"product_tag-blanco-blanca","11":"product_tag-color-piedra","12":"product_tag-estuche","13":"product_tag-hamama-es","14":"product_tag-jacquards-es","16":"first","17":"outofstock","18":"shipping-taxable","19":"product-type-variable"},"supplier_id":null,"supplier_sku":"","barcode":null,"atum_controlled":true,"out_stock_date":null,"out_stock_threshold":null,"inheritable":false,"inbound_stock":0,"stock_on_hold":0,"sold_today":0,"sales_last_days":0,"reserved_stock":0,"customer_returns":0,"warehouse_damage":0,"lost_in_post":0,"other_logs":0,"out_stock_days":0,"lost_sales":0,"has_location":false,"update_date":"2023-09-02T09:10:29","atum_locations":[],"atum_stock_status":"outofstock","restock_status":false,"low_stock_amount":"","sales_update_date":"2023-09-02T09:10:29","calc_backorders":null,"yoast_head":"<!-- This site is optimized with the Yoast SEO plugin v27.4 - https:\/\/yoast.com\/product\/yoast-seo-wordpress\/ -->\n<title>Kit de flores de ducha - Balzatex<\/title>\n<meta name=\"robots\" content=\"index, follow, max-snippet:-1, max-image-preview:large, max-video-preview:-1\" \/>\n<link rel=\"canonical\" href=\"https:\/\/www.balzatex.com\/es\/produit\/ducha-kit-flores\/\" \/>\n<meta property=\"og:locale\" content=\"es_ES\" \/>\n<meta property=\"og:type\" content=\"article\" \/>\n<meta property=\"og:title\" content=\"Kit de flores de ducha - Balzatex\" \/>\n<meta property=\"og:description\" content=\"Seguro que conoces a alguna que jure por su flor de ducha. Y que nunca saben d\u00f3nde ponerlo cuando tienen que viajar, \u00a1sobre todo cuando todav\u00eda est\u00e1 h\u00famedo! Pues este kit cuyo interior es totalmente plastificado esta hecho para ellos!! Su forma combina perfectamente con la de una flor de ducha, pero no solo. Tambi\u00e9n se utilizar\u00e1 para almacenar toallitas, diversos productos de higiene e incluso mascarillas limpias o sucias. Pronto un imprescindible en tu hogar. Disponible en diferentes colores. Tejido jacquard, 100% algod\u00f3n, lavable a m\u00e1quina.\" \/>\n<meta property=\"og:url\" content=\"https:\/\/www.balzatex.com\/es\/produit\/ducha-kit-flores\/\" \/>\n<meta property=\"og:site_name\" content=\"Balzatex\" \/>\n<meta name=\"twitter:card\" content=\"summary_large_image\" \/>\n<script type=\"application\/ld+json\" class=\"yoast-schema-graph\">{\"@context\":\"https:\\\/\\\/schema.org\",\"@graph\":[{\"@type\":\"WebPage\",\"@id\":\"https:\\\/\\\/www.balzatex.com\\\/es\\\/produit\\\/ducha-kit-flores\\\/\",\"url\":\"https:\\\/\\\/www.balzatex.com\\\/es\\\/produit\\\/ducha-kit-flores\\\/\",\"name\":\"Kit de flores de ducha - Balzatex\",\"isPartOf\":{\"@id\":\"https:\\\/\\\/www.balzatex.com\\\/es\\\/#website\"},\"datePublished\":\"2022-03-03T13:12:22+00:00\",\"breadcrumb\":{\"@id\":\"https:\\\/\\\/www.balzatex.com\\\/es\\\/produit\\\/ducha-kit-flores\\\/#breadcrumb\"},\"inLanguage\":\"es\",\"potentialAction\":[{\"@type\":\"ReadAction\",\"target\":[\"https:\\\/\\\/www.balzatex.com\\\/es\\\/produit\\\/ducha-kit-flores\\\/\"]}]},{\"@type\":\"BreadcrumbList\",\"@id\":\"https:\\\/\\\/www.balzatex.com\\\/es\\\/produit\\\/ducha-kit-flores\\\/#breadcrumb\",\"itemListElement\":[{\"@type\":\"ListItem\",\"position\":1,\"name\":\"Accueil\",\"item\":\"https:\\\/\\\/www.balzatex.com\\\/es\\\/\"},{\"@type\":\"ListItem\",\"position\":2,\"name\":\"Tienda\",\"item\":\"https:\\\/\\\/www.balzatex.com\\\/es\\\/tienda\\\/\"},{\"@type\":\"ListItem\",\"position\":3,\"name\":\"Kit de flores de ducha\"}]},{\"@type\":\"WebSite\",\"@id\":\"https:\\\/\\\/www.balzatex.com\\\/es\\\/#website\",\"url\":\"https:\\\/\\\/www.balzatex.com\\\/es\\\/\",\"name\":\"Balzatex\",\"description\":\"Linge maison\",\"potentialAction\":[{\"@type\":\"SearchAction\",\"target\":{\"@type\":\"EntryPoint\",\"urlTemplate\":\"https:\\\/\\\/www.balzatex.com\\\/es\\\/?s={search_term_string}\"},\"query-input\":{\"@type\":\"PropertyValueSpecification\",\"valueRequired\":true,\"valueName\":\"search_term_string\"}}],\"inLanguage\":\"es\"}]}<\/script>\n<!-- \/ Yoast SEO plugin. -->","yoast_head_json":{"title":"Kit de flores de ducha - Balzatex","robots":{"index":"index","follow":"follow","max-snippet":"max-snippet:-1","max-image-preview":"max-image-preview:large","max-video-preview":"max-video-preview:-1"},"canonical":"https:\/\/www.balzatex.com\/es\/produit\/ducha-kit-flores\/","og_locale":"es_ES","og_type":"article","og_title":"Kit de flores de ducha - Balzatex","og_description":"Seguro que conoces a alguna que jure por su flor de ducha. Y que nunca saben d\u00f3nde ponerlo cuando tienen que viajar, \u00a1sobre todo cuando todav\u00eda est\u00e1 h\u00famedo! Pues este kit cuyo interior es totalmente plastificado esta hecho para ellos!! Su forma combina perfectamente con la de una flor de ducha, pero no solo. Tambi\u00e9n se utilizar\u00e1 para almacenar toallitas, diversos productos de higiene e incluso mascarillas limpias o sucias. Pronto un imprescindible en tu hogar. Disponible en diferentes colores. Tejido jacquard, 100% algod\u00f3n, lavable a m\u00e1quina.","og_url":"https:\/\/www.balzatex.com\/es\/produit\/ducha-kit-flores\/","og_site_name":"Balzatex","twitter_card":"summary_large_image","schema":{"@context":"https:\/\/schema.org","@graph":[{"@type":"WebPage","@id":"https:\/\/www.balzatex.com\/es\/produit\/ducha-kit-flores\/","url":"https:\/\/www.balzatex.com\/es\/produit\/ducha-kit-flores\/","name":"Kit de flores de ducha - Balzatex","isPartOf":{"@id":"https:\/\/www.balzatex.com\/es\/#website"},"datePublished":"2022-03-03T13:12:22+00:00","breadcrumb":{"@id":"https:\/\/www.balzatex.com\/es\/produit\/ducha-kit-flores\/#breadcrumb"},"inLanguage":"es","potentialAction":[{"@type":"ReadAction","target":["https:\/\/www.balzatex.com\/es\/produit\/ducha-kit-flores\/"]}]},{"@type":"BreadcrumbList","@id":"https:\/\/www.balzatex.com\/es\/produit\/ducha-kit-flores\/#breadcrumb","itemListElement":[{"@type":"ListItem","position":1,"name":"Accueil","item":"https:\/\/www.balzatex.com\/es\/"},{"@type":"ListItem","position":2,"name":"Tienda","item":"https:\/\/www.balzatex.com\/es\/tienda\/"},{"@type":"ListItem","position":3,"name":"Kit de flores de ducha"}]},{"@type":"WebSite","@id":"https:\/\/www.balzatex.com\/es\/#website","url":"https:\/\/www.balzatex.com\/es\/","name":"Balzatex","description":"Linge maison","potentialAction":[{"@type":"SearchAction","target":{"@type":"EntryPoint","urlTemplate":"https:\/\/www.balzatex.com\/es\/?s={search_term_string}"},"query-input":{"@type":"PropertyValueSpecification","valueRequired":true,"valueName":"search_term_string"}}],"inLanguage":"es"}]}},"_links":{"self":[{"href":"https:\/\/www.balzatex.com\/es\/wp-json\/wp\/v2\/product\/3958","targetHints":{"allow":["GET"]}}],"collection":[{"href":"https:\/\/www.balzatex.com\/es\/wp-json\/wp\/v2\/product"}],"about":[{"href":"https:\/\/www.balzatex.com\/es\/wp-json\/wp\/v2\/types\/product"}],"replies":[{"embeddable":true,"href":"https:\/\/www.balzatex.com\/es\/wp-json\/wp\/v2\/comments?post=3958"}],"wp:attachment":[{"href":"https:\/\/www.balzatex.com\/es\/wp-json\/wp\/v2\/media?parent=3958"}],"wp:term":[{"taxonomy":"product_brand","embeddable":true,"href":"https:\/\/www.balzatex.com\/es\/wp-json\/wp\/v2\/product_brand?post=3958"},{"taxonomy":"product_cat","embeddable":true,"href":"https:\/\/www.balzatex.com\/es\/wp-json\/wp\/v2\/product_cat?post=3958"},{"taxonomy":"product_tag","embeddable":true,"href":"https:\/\/www.balzatex.com\/es\/wp-json\/wp\/v2\/product_tag?post=3958"}],"curies":[{"name":"wp","href":"https:\/\/api.w.org\/{rel}","templated":true}]}}