{"id":3975,"date":"2022-03-03T11:34:54","date_gmt":"2022-03-03T10:34:54","guid":{"rendered":"https:\/\/www.balzatex.com\/produit\/gandoura\/"},"modified":"2022-03-03T11:34:54","modified_gmt":"2022-03-03T10:34:54","slug":"gandoura-3","status":"publish","type":"product","link":"https:\/\/www.balzatex.com\/es\/produit\/gandoura-3\/","title":{"rendered":"Gandoura"},"content":{"rendered":"","protected":false},"excerpt":{"rendered":"<p>Nada m\u00e1s c\u00f3modo que esta gandoura. Ni m\u00e1s pr\u00e1ctico de llevar. Sales de la ducha, te lo pones f\u00e1cilmente y sigues con tus asuntos. Suelta y equipada con una capucha, esta gandoura revela tu feminidad con sus peque\u00f1as aberturas laterales. El modelo est\u00e1 disponible aqu\u00ed en rizo jacquard. El motivo de las palomas le da un brillo particular a esta gandoura.<\/p>\n<p>Material: 100% algod\u00f3n. Talla \u00fanica<\/p>\n","protected":false},"featured_media":0,"comment_status":"open","ping_status":"closed","template":"","meta":{"_joinchat":[]},"product_brand":[],"product_cat":[463,471],"product_tag":[500,469,333,335,542,387,388],"class_list":{"0":"post-3975","1":"product","2":"type-product","3":"status-publish","5":"product_cat-ropa-de-sala-y-chillout","6":"product_cat-trajes","7":"product_tag-100-algodon","8":"product_tag-coleccion-art-deco","9":"product_tag-coleccion-casa-blanca","10":"product_tag-color-piedra","11":"product_tag-gandoura-es","12":"product_tag-hamama-es","13":"product_tag-jacquards-es","15":"first","16":"outofstock","17":"shipping-taxable","18":"product-type-variable"},"supplier_id":null,"supplier_sku":"","barcode":null,"atum_controlled":true,"out_stock_date":null,"out_stock_threshold":null,"inheritable":false,"inbound_stock":0,"stock_on_hold":0,"sold_today":0,"sales_last_days":0,"reserved_stock":0,"customer_returns":0,"warehouse_damage":0,"lost_in_post":0,"other_logs":0,"out_stock_days":0,"lost_sales":0,"has_location":false,"update_date":"2023-09-02T09:10:54","atum_locations":[],"atum_stock_status":"outofstock","restock_status":false,"low_stock_amount":"","sales_update_date":"2023-09-02T09:10:54","calc_backorders":null,"yoast_head":"<!-- This site is optimized with the Yoast SEO plugin v27.5 - https:\/\/yoast.com\/product\/yoast-seo-wordpress\/ -->\n<title>Gandoura - Balzatex<\/title>\n<meta name=\"robots\" content=\"index, follow, max-snippet:-1, max-image-preview:large, max-video-preview:-1\" \/>\n<link rel=\"canonical\" href=\"https:\/\/www.balzatex.com\/es\/produit\/gandoura-3\/\" \/>\n<meta property=\"og:locale\" content=\"es_ES\" \/>\n<meta property=\"og:type\" content=\"article\" \/>\n<meta property=\"og:title\" content=\"Gandoura - Balzatex\" \/>\n<meta property=\"og:description\" content=\"Nada m\u00e1s c\u00f3modo que esta gandoura. Ni m\u00e1s pr\u00e1ctico de llevar. Sales de la ducha, te lo pones f\u00e1cilmente y sigues con tus asuntos. Suelta y equipada con una capucha, esta gandoura revela tu feminidad con sus peque\u00f1as aberturas laterales. El modelo est\u00e1 disponible aqu\u00ed en rizo jacquard. El motivo de las palomas le da un brillo particular a esta gandoura. Material: 100% algod\u00f3n. Talla \u00fanica\" \/>\n<meta property=\"og:url\" content=\"https:\/\/www.balzatex.com\/es\/produit\/gandoura-3\/\" \/>\n<meta property=\"og:site_name\" content=\"Balzatex\" \/>\n<meta name=\"twitter:card\" content=\"summary_large_image\" \/>\n<script type=\"application\/ld+json\" class=\"yoast-schema-graph\">{\"@context\":\"https:\\\/\\\/schema.org\",\"@graph\":[{\"@type\":\"WebPage\",\"@id\":\"https:\\\/\\\/www.balzatex.com\\\/es\\\/produit\\\/gandoura-3\\\/\",\"url\":\"https:\\\/\\\/www.balzatex.com\\\/es\\\/produit\\\/gandoura-3\\\/\",\"name\":\"Gandoura - Balzatex\",\"isPartOf\":{\"@id\":\"https:\\\/\\\/www.balzatex.com\\\/es\\\/#website\"},\"datePublished\":\"2022-03-03T10:34:54+00:00\",\"breadcrumb\":{\"@id\":\"https:\\\/\\\/www.balzatex.com\\\/es\\\/produit\\\/gandoura-3\\\/#breadcrumb\"},\"inLanguage\":\"es\",\"potentialAction\":[{\"@type\":\"ReadAction\",\"target\":[\"https:\\\/\\\/www.balzatex.com\\\/es\\\/produit\\\/gandoura-3\\\/\"]}]},{\"@type\":\"BreadcrumbList\",\"@id\":\"https:\\\/\\\/www.balzatex.com\\\/es\\\/produit\\\/gandoura-3\\\/#breadcrumb\",\"itemListElement\":[{\"@type\":\"ListItem\",\"position\":1,\"name\":\"Accueil\",\"item\":\"https:\\\/\\\/www.balzatex.com\\\/es\\\/\"},{\"@type\":\"ListItem\",\"position\":2,\"name\":\"Tienda\",\"item\":\"https:\\\/\\\/www.balzatex.com\\\/es\\\/tienda\\\/\"},{\"@type\":\"ListItem\",\"position\":3,\"name\":\"Gandoura\"}]},{\"@type\":\"WebSite\",\"@id\":\"https:\\\/\\\/www.balzatex.com\\\/es\\\/#website\",\"url\":\"https:\\\/\\\/www.balzatex.com\\\/es\\\/\",\"name\":\"Balzatex\",\"description\":\"Linge maison\",\"potentialAction\":[{\"@type\":\"SearchAction\",\"target\":{\"@type\":\"EntryPoint\",\"urlTemplate\":\"https:\\\/\\\/www.balzatex.com\\\/es\\\/?s={search_term_string}\"},\"query-input\":{\"@type\":\"PropertyValueSpecification\",\"valueRequired\":true,\"valueName\":\"search_term_string\"}}],\"inLanguage\":\"es\"}]}<\/script>\n<!-- \/ Yoast SEO plugin. -->","yoast_head_json":{"title":"Gandoura - Balzatex","robots":{"index":"index","follow":"follow","max-snippet":"max-snippet:-1","max-image-preview":"max-image-preview:large","max-video-preview":"max-video-preview:-1"},"canonical":"https:\/\/www.balzatex.com\/es\/produit\/gandoura-3\/","og_locale":"es_ES","og_type":"article","og_title":"Gandoura - Balzatex","og_description":"Nada m\u00e1s c\u00f3modo que esta gandoura. Ni m\u00e1s pr\u00e1ctico de llevar. Sales de la ducha, te lo pones f\u00e1cilmente y sigues con tus asuntos. Suelta y equipada con una capucha, esta gandoura revela tu feminidad con sus peque\u00f1as aberturas laterales. El modelo est\u00e1 disponible aqu\u00ed en rizo jacquard. El motivo de las palomas le da un brillo particular a esta gandoura. Material: 100% algod\u00f3n. Talla \u00fanica","og_url":"https:\/\/www.balzatex.com\/es\/produit\/gandoura-3\/","og_site_name":"Balzatex","twitter_card":"summary_large_image","schema":{"@context":"https:\/\/schema.org","@graph":[{"@type":"WebPage","@id":"https:\/\/www.balzatex.com\/es\/produit\/gandoura-3\/","url":"https:\/\/www.balzatex.com\/es\/produit\/gandoura-3\/","name":"Gandoura - Balzatex","isPartOf":{"@id":"https:\/\/www.balzatex.com\/es\/#website"},"datePublished":"2022-03-03T10:34:54+00:00","breadcrumb":{"@id":"https:\/\/www.balzatex.com\/es\/produit\/gandoura-3\/#breadcrumb"},"inLanguage":"es","potentialAction":[{"@type":"ReadAction","target":["https:\/\/www.balzatex.com\/es\/produit\/gandoura-3\/"]}]},{"@type":"BreadcrumbList","@id":"https:\/\/www.balzatex.com\/es\/produit\/gandoura-3\/#breadcrumb","itemListElement":[{"@type":"ListItem","position":1,"name":"Accueil","item":"https:\/\/www.balzatex.com\/es\/"},{"@type":"ListItem","position":2,"name":"Tienda","item":"https:\/\/www.balzatex.com\/es\/tienda\/"},{"@type":"ListItem","position":3,"name":"Gandoura"}]},{"@type":"WebSite","@id":"https:\/\/www.balzatex.com\/es\/#website","url":"https:\/\/www.balzatex.com\/es\/","name":"Balzatex","description":"Linge maison","potentialAction":[{"@type":"SearchAction","target":{"@type":"EntryPoint","urlTemplate":"https:\/\/www.balzatex.com\/es\/?s={search_term_string}"},"query-input":{"@type":"PropertyValueSpecification","valueRequired":true,"valueName":"search_term_string"}}],"inLanguage":"es"}]}},"_links":{"self":[{"href":"https:\/\/www.balzatex.com\/es\/wp-json\/wp\/v2\/product\/3975","targetHints":{"allow":["GET"]}}],"collection":[{"href":"https:\/\/www.balzatex.com\/es\/wp-json\/wp\/v2\/product"}],"about":[{"href":"https:\/\/www.balzatex.com\/es\/wp-json\/wp\/v2\/types\/product"}],"replies":[{"embeddable":true,"href":"https:\/\/www.balzatex.com\/es\/wp-json\/wp\/v2\/comments?post=3975"}],"wp:attachment":[{"href":"https:\/\/www.balzatex.com\/es\/wp-json\/wp\/v2\/media?parent=3975"}],"wp:term":[{"taxonomy":"product_brand","embeddable":true,"href":"https:\/\/www.balzatex.com\/es\/wp-json\/wp\/v2\/product_brand?post=3975"},{"taxonomy":"product_cat","embeddable":true,"href":"https:\/\/www.balzatex.com\/es\/wp-json\/wp\/v2\/product_cat?post=3975"},{"taxonomy":"product_tag","embeddable":true,"href":"https:\/\/www.balzatex.com\/es\/wp-json\/wp\/v2\/product_tag?post=3975"}],"curies":[{"name":"wp","href":"https:\/\/api.w.org\/{rel}","templated":true}]}}