{"id":3999,"date":"2022-03-03T16:02:28","date_gmt":"2022-03-03T15:02:28","guid":{"rendered":"https:\/\/www.balzatex.com\/produit\/neceser-bordado\/"},"modified":"2024-02-15T00:00:32","modified_gmt":"2024-02-14T23:00:32","slug":"neceser-bordado","status":"publish","type":"product","link":"https:\/\/www.balzatex.com\/es\/produit\/neceser-bordado\/","title":{"rendered":"Neceser bordado"},"content":{"rendered":"","protected":false},"excerpt":{"rendered":"<p>Un neceser de esponja velour casi tan suave como la piel de tu beb\u00e9, y que le sacar\u00e1 una sonrisa con su estampado bordado de la Colecci\u00f3n Caballo Balanc\u00edn. Este kit de formato 28x18x13 est\u00e1 plastificado por dentro, te permitir\u00e1 guardar con tranquilidad los art\u00edculos de aseo del beb\u00e9.<\/p>\n<p>Incluso puedes usarlo como una bolsa de almacenamiento cuando viajas: monos, camisetas, onesies, encontrar\u00e1n un lugar de elecci\u00f3n all\u00ed. Lavable en la lavadora.<\/p>\n","protected":false},"featured_media":3207,"comment_status":"open","ping_status":"closed","template":"","meta":{"_joinchat":[]},"product_brand":[],"product_cat":[413,415,414],"product_tag":[325,333,335,534],"class_list":{"0":"post-3999","1":"product","2":"type-product","3":"status-publish","4":"has-post-thumbnail","6":"product_cat-accesorios","7":"product_cat-nuestros-imprescindibles-para-el-bano-del-bebe","8":"product_cat-ropa-de-bebe","9":"product_tag-blanco-blanca","10":"product_tag-coleccion-casa-blanca","11":"product_tag-color-piedra","12":"product_tag-estuche","14":"first","15":"instock","16":"shipping-taxable","17":"purchasable","18":"product-type-variable"},"supplier_id":null,"supplier_sku":"","barcode":null,"atum_controlled":true,"out_stock_date":null,"out_stock_threshold":null,"inheritable":true,"inbound_stock":0,"stock_on_hold":0,"sold_today":0,"sales_last_days":0,"reserved_stock":0,"customer_returns":0,"warehouse_damage":0,"lost_in_post":0,"other_logs":0,"out_stock_days":0,"lost_sales":0,"has_location":false,"update_date":"2024-01-29T13:56:09","atum_locations":[],"atum_stock_status":"instock","restock_status":false,"low_stock_amount":"","sales_update_date":"2023-09-02T09:09:31","calc_backorders":null,"yoast_head":"<!-- This site is optimized with the Yoast SEO plugin v27.4 - https:\/\/yoast.com\/product\/yoast-seo-wordpress\/ -->\n<title>Neceser bordado - Balzatex<\/title>\n<meta name=\"robots\" content=\"index, follow, max-snippet:-1, max-image-preview:large, max-video-preview:-1\" \/>\n<link rel=\"canonical\" href=\"https:\/\/www.balzatex.com\/es\/produit\/neceser-bordado\/\" \/>\n<meta property=\"og:locale\" content=\"es_ES\" \/>\n<meta property=\"og:type\" content=\"article\" \/>\n<meta property=\"og:title\" content=\"Neceser bordado - Balzatex\" \/>\n<meta property=\"og:description\" content=\"Un neceser de esponja velour casi tan suave como la piel de tu beb\u00e9, y que le sacar\u00e1 una sonrisa con su estampado bordado de la Colecci\u00f3n Caballo Balanc\u00edn. Este kit de formato 28x18x13 est\u00e1 plastificado por dentro, te permitir\u00e1 guardar con tranquilidad los art\u00edculos de aseo del beb\u00e9. Incluso puedes usarlo como una bolsa de almacenamiento cuando viajas: monos, camisetas, onesies, encontrar\u00e1n un lugar de elecci\u00f3n all\u00ed. Lavable en la lavadora.\" \/>\n<meta property=\"og:url\" content=\"https:\/\/www.balzatex.com\/es\/produit\/neceser-bordado\/\" \/>\n<meta property=\"og:site_name\" content=\"Balzatex\" \/>\n<meta property=\"article:modified_time\" content=\"2024-02-14T23:00:32+00:00\" \/>\n<meta property=\"og:image\" content=\"https:\/\/www.balzatex.com\/wp-content\/uploads\/2022\/03\/MG_6296.jpg\" \/>\n\t<meta property=\"og:image:width\" content=\"1080\" \/>\n\t<meta property=\"og:image:height\" content=\"720\" \/>\n\t<meta property=\"og:image:type\" content=\"image\/jpeg\" \/>\n<meta name=\"twitter:card\" content=\"summary_large_image\" \/>\n<script type=\"application\/ld+json\" class=\"yoast-schema-graph\">{\"@context\":\"https:\\\/\\\/schema.org\",\"@graph\":[{\"@type\":\"WebPage\",\"@id\":\"https:\\\/\\\/www.balzatex.com\\\/es\\\/produit\\\/neceser-bordado\\\/\",\"url\":\"https:\\\/\\\/www.balzatex.com\\\/es\\\/produit\\\/neceser-bordado\\\/\",\"name\":\"Neceser bordado - Balzatex\",\"isPartOf\":{\"@id\":\"https:\\\/\\\/www.balzatex.com\\\/es\\\/#website\"},\"primaryImageOfPage\":{\"@id\":\"https:\\\/\\\/www.balzatex.com\\\/es\\\/produit\\\/neceser-bordado\\\/#primaryimage\"},\"image\":{\"@id\":\"https:\\\/\\\/www.balzatex.com\\\/es\\\/produit\\\/neceser-bordado\\\/#primaryimage\"},\"thumbnailUrl\":\"https:\\\/\\\/www.balzatex.com\\\/wp-content\\\/uploads\\\/2022\\\/03\\\/MG_6296.jpg\",\"datePublished\":\"2022-03-03T15:02:28+00:00\",\"dateModified\":\"2024-02-14T23:00:32+00:00\",\"breadcrumb\":{\"@id\":\"https:\\\/\\\/www.balzatex.com\\\/es\\\/produit\\\/neceser-bordado\\\/#breadcrumb\"},\"inLanguage\":\"es\",\"potentialAction\":[{\"@type\":\"ReadAction\",\"target\":[\"https:\\\/\\\/www.balzatex.com\\\/es\\\/produit\\\/neceser-bordado\\\/\"]}]},{\"@type\":\"ImageObject\",\"inLanguage\":\"es\",\"@id\":\"https:\\\/\\\/www.balzatex.com\\\/es\\\/produit\\\/neceser-bordado\\\/#primaryimage\",\"url\":\"https:\\\/\\\/www.balzatex.com\\\/wp-content\\\/uploads\\\/2022\\\/03\\\/MG_6296.jpg\",\"contentUrl\":\"https:\\\/\\\/www.balzatex.com\\\/wp-content\\\/uploads\\\/2022\\\/03\\\/MG_6296.jpg\",\"width\":1080,\"height\":720},{\"@type\":\"BreadcrumbList\",\"@id\":\"https:\\\/\\\/www.balzatex.com\\\/es\\\/produit\\\/neceser-bordado\\\/#breadcrumb\",\"itemListElement\":[{\"@type\":\"ListItem\",\"position\":1,\"name\":\"Accueil\",\"item\":\"https:\\\/\\\/www.balzatex.com\\\/es\\\/\"},{\"@type\":\"ListItem\",\"position\":2,\"name\":\"Tienda\",\"item\":\"https:\\\/\\\/www.balzatex.com\\\/es\\\/tienda\\\/\"},{\"@type\":\"ListItem\",\"position\":3,\"name\":\"Neceser bordado\"}]},{\"@type\":\"WebSite\",\"@id\":\"https:\\\/\\\/www.balzatex.com\\\/es\\\/#website\",\"url\":\"https:\\\/\\\/www.balzatex.com\\\/es\\\/\",\"name\":\"Balzatex\",\"description\":\"Linge maison\",\"potentialAction\":[{\"@type\":\"SearchAction\",\"target\":{\"@type\":\"EntryPoint\",\"urlTemplate\":\"https:\\\/\\\/www.balzatex.com\\\/es\\\/?s={search_term_string}\"},\"query-input\":{\"@type\":\"PropertyValueSpecification\",\"valueRequired\":true,\"valueName\":\"search_term_string\"}}],\"inLanguage\":\"es\"}]}<\/script>\n<!-- \/ Yoast SEO plugin. -->","yoast_head_json":{"title":"Neceser bordado - Balzatex","robots":{"index":"index","follow":"follow","max-snippet":"max-snippet:-1","max-image-preview":"max-image-preview:large","max-video-preview":"max-video-preview:-1"},"canonical":"https:\/\/www.balzatex.com\/es\/produit\/neceser-bordado\/","og_locale":"es_ES","og_type":"article","og_title":"Neceser bordado - Balzatex","og_description":"Un neceser de esponja velour casi tan suave como la piel de tu beb\u00e9, y que le sacar\u00e1 una sonrisa con su estampado bordado de la Colecci\u00f3n Caballo Balanc\u00edn. Este kit de formato 28x18x13 est\u00e1 plastificado por dentro, te permitir\u00e1 guardar con tranquilidad los art\u00edculos de aseo del beb\u00e9. Incluso puedes usarlo como una bolsa de almacenamiento cuando viajas: monos, camisetas, onesies, encontrar\u00e1n un lugar de elecci\u00f3n all\u00ed. Lavable en la lavadora.","og_url":"https:\/\/www.balzatex.com\/es\/produit\/neceser-bordado\/","og_site_name":"Balzatex","article_modified_time":"2024-02-14T23:00:32+00:00","og_image":[{"width":1080,"height":720,"url":"https:\/\/www.balzatex.com\/wp-content\/uploads\/2022\/03\/MG_6296.jpg","type":"image\/jpeg"}],"twitter_card":"summary_large_image","schema":{"@context":"https:\/\/schema.org","@graph":[{"@type":"WebPage","@id":"https:\/\/www.balzatex.com\/es\/produit\/neceser-bordado\/","url":"https:\/\/www.balzatex.com\/es\/produit\/neceser-bordado\/","name":"Neceser bordado - Balzatex","isPartOf":{"@id":"https:\/\/www.balzatex.com\/es\/#website"},"primaryImageOfPage":{"@id":"https:\/\/www.balzatex.com\/es\/produit\/neceser-bordado\/#primaryimage"},"image":{"@id":"https:\/\/www.balzatex.com\/es\/produit\/neceser-bordado\/#primaryimage"},"thumbnailUrl":"https:\/\/www.balzatex.com\/wp-content\/uploads\/2022\/03\/MG_6296.jpg","datePublished":"2022-03-03T15:02:28+00:00","dateModified":"2024-02-14T23:00:32+00:00","breadcrumb":{"@id":"https:\/\/www.balzatex.com\/es\/produit\/neceser-bordado\/#breadcrumb"},"inLanguage":"es","potentialAction":[{"@type":"ReadAction","target":["https:\/\/www.balzatex.com\/es\/produit\/neceser-bordado\/"]}]},{"@type":"ImageObject","inLanguage":"es","@id":"https:\/\/www.balzatex.com\/es\/produit\/neceser-bordado\/#primaryimage","url":"https:\/\/www.balzatex.com\/wp-content\/uploads\/2022\/03\/MG_6296.jpg","contentUrl":"https:\/\/www.balzatex.com\/wp-content\/uploads\/2022\/03\/MG_6296.jpg","width":1080,"height":720},{"@type":"BreadcrumbList","@id":"https:\/\/www.balzatex.com\/es\/produit\/neceser-bordado\/#breadcrumb","itemListElement":[{"@type":"ListItem","position":1,"name":"Accueil","item":"https:\/\/www.balzatex.com\/es\/"},{"@type":"ListItem","position":2,"name":"Tienda","item":"https:\/\/www.balzatex.com\/es\/tienda\/"},{"@type":"ListItem","position":3,"name":"Neceser bordado"}]},{"@type":"WebSite","@id":"https:\/\/www.balzatex.com\/es\/#website","url":"https:\/\/www.balzatex.com\/es\/","name":"Balzatex","description":"Linge maison","potentialAction":[{"@type":"SearchAction","target":{"@type":"EntryPoint","urlTemplate":"https:\/\/www.balzatex.com\/es\/?s={search_term_string}"},"query-input":{"@type":"PropertyValueSpecification","valueRequired":true,"valueName":"search_term_string"}}],"inLanguage":"es"}]}},"_links":{"self":[{"href":"https:\/\/www.balzatex.com\/es\/wp-json\/wp\/v2\/product\/3999","targetHints":{"allow":["GET"]}}],"collection":[{"href":"https:\/\/www.balzatex.com\/es\/wp-json\/wp\/v2\/product"}],"about":[{"href":"https:\/\/www.balzatex.com\/es\/wp-json\/wp\/v2\/types\/product"}],"replies":[{"embeddable":true,"href":"https:\/\/www.balzatex.com\/es\/wp-json\/wp\/v2\/comments?post=3999"}],"wp:featuredmedia":[{"embeddable":true,"href":"https:\/\/www.balzatex.com\/es\/wp-json\/wp\/v2\/media\/3207"}],"wp:attachment":[{"href":"https:\/\/www.balzatex.com\/es\/wp-json\/wp\/v2\/media?parent=3999"}],"wp:term":[{"taxonomy":"product_brand","embeddable":true,"href":"https:\/\/www.balzatex.com\/es\/wp-json\/wp\/v2\/product_brand?post=3999"},{"taxonomy":"product_cat","embeddable":true,"href":"https:\/\/www.balzatex.com\/es\/wp-json\/wp\/v2\/product_cat?post=3999"},{"taxonomy":"product_tag","embeddable":true,"href":"https:\/\/www.balzatex.com\/es\/wp-json\/wp\/v2\/product_tag?post=3999"}],"curies":[{"name":"wp","href":"https:\/\/api.w.org\/{rel}","templated":true}]}}