{"id":4000,"date":"2022-03-03T14:15:36","date_gmt":"2022-03-03T13:15:36","guid":{"rendered":"https:\/\/www.balzatex.com\/produit\/kit-de-jabon\/"},"modified":"2022-03-03T14:15:36","modified_gmt":"2022-03-03T13:15:36","slug":"kit-de-higiene-de-manos","status":"publish","type":"product","link":"https:\/\/www.balzatex.com\/es\/produit\/kit-de-higiene-de-manos\/","title":{"rendered":"Kit de jab\u00f3n"},"content":{"rendered":"","protected":false},"excerpt":{"rendered":"<p>Para aquellos que nunca se separan de su pastilla de jab\u00f3n favorita, hemos creado una bolsa adecuada. Laminado, le permitir\u00e1 llevar su pastilla de jab\u00f3n con total seguridad. En estos tiempos de covid, aquellos que prefieren lavarse las manos con agua y jab\u00f3n encontrar\u00e1n su felicidad con esta bolsa, que se desliza f\u00e1cilmente en cualquier bolso, lavable a m\u00e1quina.<\/p>\n<p>Esponja jacquard 100% algod\u00f3n &#8211; Lavable a m\u00e1quina<\/p>\n","protected":false},"featured_media":0,"comment_status":"open","ping_status":"closed","template":"","meta":{"_joinchat":[]},"product_brand":[],"product_cat":[413,536,415,414,463],"product_tag":[500,325,333,335,534,387,388],"class_list":{"0":"post-4000","1":"product","2":"type-product","3":"status-publish","5":"product_cat-accesorios","6":"product_cat-accesorios-es","7":"product_cat-nuestros-imprescindibles-para-el-bano-del-bebe","8":"product_cat-ropa-de-bebe","9":"product_cat-ropa-de-sala-y-chillout","10":"product_tag-100-algodon","11":"product_tag-blanco-blanca","12":"product_tag-coleccion-casa-blanca","13":"product_tag-color-piedra","14":"product_tag-estuche","15":"product_tag-hamama-es","16":"product_tag-jacquards-es","18":"first","19":"outofstock","20":"shipping-taxable","21":"product-type-variable"},"supplier_id":null,"supplier_sku":"","barcode":null,"atum_controlled":true,"out_stock_date":null,"out_stock_threshold":null,"inheritable":false,"inbound_stock":0,"stock_on_hold":0,"sold_today":0,"sales_last_days":0,"reserved_stock":0,"customer_returns":0,"warehouse_damage":0,"lost_in_post":0,"other_logs":0,"out_stock_days":0,"lost_sales":0,"has_location":false,"update_date":"2023-09-02T09:10:23","atum_locations":[],"atum_stock_status":"outofstock","restock_status":false,"low_stock_amount":"","sales_update_date":"2023-09-02T09:10:23","calc_backorders":null,"yoast_head":"<!-- This site is optimized with the Yoast SEO plugin v27.4 - https:\/\/yoast.com\/product\/yoast-seo-wordpress\/ -->\n<title>Kit de jab\u00f3n - Balzatex<\/title>\n<meta name=\"robots\" content=\"index, follow, max-snippet:-1, max-image-preview:large, max-video-preview:-1\" \/>\n<link rel=\"canonical\" href=\"https:\/\/www.balzatex.com\/es\/produit\/kit-de-higiene-de-manos\/\" \/>\n<meta property=\"og:locale\" content=\"es_ES\" \/>\n<meta property=\"og:type\" content=\"article\" \/>\n<meta property=\"og:title\" content=\"Kit de jab\u00f3n - Balzatex\" \/>\n<meta property=\"og:description\" content=\"Para aquellos que nunca se separan de su pastilla de jab\u00f3n favorita, hemos creado una bolsa adecuada. Laminado, le permitir\u00e1 llevar su pastilla de jab\u00f3n con total seguridad. En estos tiempos de covid, aquellos que prefieren lavarse las manos con agua y jab\u00f3n encontrar\u00e1n su felicidad con esta bolsa, que se desliza f\u00e1cilmente en cualquier bolso, lavable a m\u00e1quina. Esponja jacquard 100% algod\u00f3n - Lavable a m\u00e1quina\" \/>\n<meta property=\"og:url\" content=\"https:\/\/www.balzatex.com\/es\/produit\/kit-de-higiene-de-manos\/\" \/>\n<meta property=\"og:site_name\" content=\"Balzatex\" \/>\n<meta name=\"twitter:card\" content=\"summary_large_image\" \/>\n<script type=\"application\/ld+json\" class=\"yoast-schema-graph\">{\"@context\":\"https:\\\/\\\/schema.org\",\"@graph\":[{\"@type\":\"WebPage\",\"@id\":\"https:\\\/\\\/www.balzatex.com\\\/es\\\/produit\\\/kit-de-higiene-de-manos\\\/\",\"url\":\"https:\\\/\\\/www.balzatex.com\\\/es\\\/produit\\\/kit-de-higiene-de-manos\\\/\",\"name\":\"Kit de jab\u00f3n - Balzatex\",\"isPartOf\":{\"@id\":\"https:\\\/\\\/www.balzatex.com\\\/es\\\/#website\"},\"datePublished\":\"2022-03-03T13:15:36+00:00\",\"breadcrumb\":{\"@id\":\"https:\\\/\\\/www.balzatex.com\\\/es\\\/produit\\\/kit-de-higiene-de-manos\\\/#breadcrumb\"},\"inLanguage\":\"es\",\"potentialAction\":[{\"@type\":\"ReadAction\",\"target\":[\"https:\\\/\\\/www.balzatex.com\\\/es\\\/produit\\\/kit-de-higiene-de-manos\\\/\"]}]},{\"@type\":\"BreadcrumbList\",\"@id\":\"https:\\\/\\\/www.balzatex.com\\\/es\\\/produit\\\/kit-de-higiene-de-manos\\\/#breadcrumb\",\"itemListElement\":[{\"@type\":\"ListItem\",\"position\":1,\"name\":\"Accueil\",\"item\":\"https:\\\/\\\/www.balzatex.com\\\/es\\\/\"},{\"@type\":\"ListItem\",\"position\":2,\"name\":\"Tienda\",\"item\":\"https:\\\/\\\/www.balzatex.com\\\/es\\\/tienda\\\/\"},{\"@type\":\"ListItem\",\"position\":3,\"name\":\"Kit de jab\u00f3n\"}]},{\"@type\":\"WebSite\",\"@id\":\"https:\\\/\\\/www.balzatex.com\\\/es\\\/#website\",\"url\":\"https:\\\/\\\/www.balzatex.com\\\/es\\\/\",\"name\":\"Balzatex\",\"description\":\"Linge maison\",\"potentialAction\":[{\"@type\":\"SearchAction\",\"target\":{\"@type\":\"EntryPoint\",\"urlTemplate\":\"https:\\\/\\\/www.balzatex.com\\\/es\\\/?s={search_term_string}\"},\"query-input\":{\"@type\":\"PropertyValueSpecification\",\"valueRequired\":true,\"valueName\":\"search_term_string\"}}],\"inLanguage\":\"es\"}]}<\/script>\n<!-- \/ Yoast SEO plugin. -->","yoast_head_json":{"title":"Kit de jab\u00f3n - Balzatex","robots":{"index":"index","follow":"follow","max-snippet":"max-snippet:-1","max-image-preview":"max-image-preview:large","max-video-preview":"max-video-preview:-1"},"canonical":"https:\/\/www.balzatex.com\/es\/produit\/kit-de-higiene-de-manos\/","og_locale":"es_ES","og_type":"article","og_title":"Kit de jab\u00f3n - Balzatex","og_description":"Para aquellos que nunca se separan de su pastilla de jab\u00f3n favorita, hemos creado una bolsa adecuada. Laminado, le permitir\u00e1 llevar su pastilla de jab\u00f3n con total seguridad. En estos tiempos de covid, aquellos que prefieren lavarse las manos con agua y jab\u00f3n encontrar\u00e1n su felicidad con esta bolsa, que se desliza f\u00e1cilmente en cualquier bolso, lavable a m\u00e1quina. Esponja jacquard 100% algod\u00f3n - Lavable a m\u00e1quina","og_url":"https:\/\/www.balzatex.com\/es\/produit\/kit-de-higiene-de-manos\/","og_site_name":"Balzatex","twitter_card":"summary_large_image","schema":{"@context":"https:\/\/schema.org","@graph":[{"@type":"WebPage","@id":"https:\/\/www.balzatex.com\/es\/produit\/kit-de-higiene-de-manos\/","url":"https:\/\/www.balzatex.com\/es\/produit\/kit-de-higiene-de-manos\/","name":"Kit de jab\u00f3n - Balzatex","isPartOf":{"@id":"https:\/\/www.balzatex.com\/es\/#website"},"datePublished":"2022-03-03T13:15:36+00:00","breadcrumb":{"@id":"https:\/\/www.balzatex.com\/es\/produit\/kit-de-higiene-de-manos\/#breadcrumb"},"inLanguage":"es","potentialAction":[{"@type":"ReadAction","target":["https:\/\/www.balzatex.com\/es\/produit\/kit-de-higiene-de-manos\/"]}]},{"@type":"BreadcrumbList","@id":"https:\/\/www.balzatex.com\/es\/produit\/kit-de-higiene-de-manos\/#breadcrumb","itemListElement":[{"@type":"ListItem","position":1,"name":"Accueil","item":"https:\/\/www.balzatex.com\/es\/"},{"@type":"ListItem","position":2,"name":"Tienda","item":"https:\/\/www.balzatex.com\/es\/tienda\/"},{"@type":"ListItem","position":3,"name":"Kit de jab\u00f3n"}]},{"@type":"WebSite","@id":"https:\/\/www.balzatex.com\/es\/#website","url":"https:\/\/www.balzatex.com\/es\/","name":"Balzatex","description":"Linge maison","potentialAction":[{"@type":"SearchAction","target":{"@type":"EntryPoint","urlTemplate":"https:\/\/www.balzatex.com\/es\/?s={search_term_string}"},"query-input":{"@type":"PropertyValueSpecification","valueRequired":true,"valueName":"search_term_string"}}],"inLanguage":"es"}]}},"_links":{"self":[{"href":"https:\/\/www.balzatex.com\/es\/wp-json\/wp\/v2\/product\/4000","targetHints":{"allow":["GET"]}}],"collection":[{"href":"https:\/\/www.balzatex.com\/es\/wp-json\/wp\/v2\/product"}],"about":[{"href":"https:\/\/www.balzatex.com\/es\/wp-json\/wp\/v2\/types\/product"}],"replies":[{"embeddable":true,"href":"https:\/\/www.balzatex.com\/es\/wp-json\/wp\/v2\/comments?post=4000"}],"wp:attachment":[{"href":"https:\/\/www.balzatex.com\/es\/wp-json\/wp\/v2\/media?parent=4000"}],"wp:term":[{"taxonomy":"product_brand","embeddable":true,"href":"https:\/\/www.balzatex.com\/es\/wp-json\/wp\/v2\/product_brand?post=4000"},{"taxonomy":"product_cat","embeddable":true,"href":"https:\/\/www.balzatex.com\/es\/wp-json\/wp\/v2\/product_cat?post=4000"},{"taxonomy":"product_tag","embeddable":true,"href":"https:\/\/www.balzatex.com\/es\/wp-json\/wp\/v2\/product_tag?post=4000"}],"curies":[{"name":"wp","href":"https:\/\/api.w.org\/{rel}","templated":true}]}}