{"id":4051,"date":"2022-03-03T14:18:47","date_gmt":"2022-03-03T13:18:47","guid":{"rendered":"https:\/\/www.balzatex.com\/produit\/embrague-ultra-brillante\/"},"modified":"2022-03-03T14:18:47","modified_gmt":"2022-03-03T13:18:47","slug":"ultrabrillante-de-bolsillo","status":"publish","type":"product","link":"https:\/\/www.balzatex.com\/es\/produit\/ultrabrillante-de-bolsillo\/","title":{"rendered":"Embrague \u00abUltra Brillante\u00bb"},"content":{"rendered":"","protected":false},"excerpt":{"rendered":"<p>\u00bfEres de los que almuerzan fuera de casa e insisten absolutamente en cepillarse los dientes despu\u00e9s de cada comida? Este bolsillo est\u00e1 hecho para ti: laminado desde el interior, te permitir\u00e1 colocar tu cepillo de dientes, incluso mojado, y tu tubo de pasta de dientes.<span class=\"Apple-converted-space\">  <\/span>Tu cepillo de dientes est\u00e1 protegido, \u00a1el resto de tu negocio tambi\u00e9n! Esta bolsa es, por supuesto, multiusos y se desliza f\u00e1cilmente en cualquier bolso.<\/p>\n<p>Esponja jacquard 100% algod\u00f3n &#8211; Lavable a m\u00e1quina<\/p>\n","protected":false},"featured_media":2961,"comment_status":"open","ping_status":"closed","template":"","meta":{"_joinchat":[]},"product_brand":[],"product_cat":[536,413,415,414,463],"product_tag":[500,325,333,335,534,387,388],"class_list":{"0":"post-4051","1":"product","2":"type-product","3":"status-publish","4":"has-post-thumbnail","6":"product_cat-accesorios-es","7":"product_cat-accesorios","8":"product_cat-nuestros-imprescindibles-para-el-bano-del-bebe","9":"product_cat-ropa-de-bebe","10":"product_cat-ropa-de-sala-y-chillout","11":"product_tag-100-algodon","12":"product_tag-blanco-blanca","13":"product_tag-coleccion-casa-blanca","14":"product_tag-color-piedra","15":"product_tag-estuche","16":"product_tag-hamama-es","17":"product_tag-jacquards-es","19":"first","20":"instock","21":"shipping-taxable","22":"purchasable","23":"product-type-variable"},"supplier_id":null,"supplier_sku":"","barcode":null,"atum_controlled":true,"out_stock_date":null,"out_stock_threshold":null,"inheritable":true,"inbound_stock":0,"stock_on_hold":2,"sold_today":1,"sales_last_days":1,"reserved_stock":0,"customer_returns":0,"warehouse_damage":0,"lost_in_post":0,"other_logs":0,"out_stock_days":0,"lost_sales":0,"has_location":false,"update_date":"2026-04-10T14:29:45","atum_locations":[],"atum_stock_status":"instock","restock_status":false,"low_stock_amount":"","sales_update_date":"2023-09-02T09:10:20","calc_backorders":null,"yoast_head":"<!-- This site is optimized with the Yoast SEO plugin v27.5 - https:\/\/yoast.com\/product\/yoast-seo-wordpress\/ -->\n<title>Embrague &quot;Ultra Brillante&quot; - Balzatex<\/title>\n<meta name=\"robots\" content=\"index, follow, max-snippet:-1, max-image-preview:large, max-video-preview:-1\" \/>\n<link rel=\"canonical\" href=\"https:\/\/www.balzatex.com\/es\/produit\/ultrabrillante-de-bolsillo\/\" \/>\n<meta property=\"og:locale\" content=\"es_ES\" \/>\n<meta property=\"og:type\" content=\"article\" \/>\n<meta property=\"og:title\" content=\"Embrague &quot;Ultra Brillante&quot; - Balzatex\" \/>\n<meta property=\"og:description\" content=\"\u00bfEres de los que almuerzan fuera de casa e insisten absolutamente en cepillarse los dientes despu\u00e9s de cada comida? Este bolsillo est\u00e1 hecho para ti: laminado desde el interior, te permitir\u00e1 colocar tu cepillo de dientes, incluso mojado, y tu tubo de pasta de dientes. Tu cepillo de dientes est\u00e1 protegido, \u00a1el resto de tu negocio tambi\u00e9n! Esta bolsa es, por supuesto, multiusos y se desliza f\u00e1cilmente en cualquier bolso. Esponja jacquard 100% algod\u00f3n - Lavable a m\u00e1quina\" \/>\n<meta property=\"og:url\" content=\"https:\/\/www.balzatex.com\/es\/produit\/ultrabrillante-de-bolsillo\/\" \/>\n<meta property=\"og:site_name\" content=\"Balzatex\" \/>\n<meta property=\"og:image\" content=\"https:\/\/www.balzatex.com\/wp-content\/uploads\/2022\/03\/e-Pochette-22Ultra-Bright22-2.jpg\" \/>\n\t<meta property=\"og:image:width\" content=\"708\" \/>\n\t<meta property=\"og:image:height\" content=\"720\" \/>\n\t<meta property=\"og:image:type\" content=\"image\/jpeg\" \/>\n<meta name=\"twitter:card\" content=\"summary_large_image\" \/>\n<script type=\"application\/ld+json\" class=\"yoast-schema-graph\">{\"@context\":\"https:\\\/\\\/schema.org\",\"@graph\":[{\"@type\":\"WebPage\",\"@id\":\"https:\\\/\\\/www.balzatex.com\\\/es\\\/produit\\\/ultrabrillante-de-bolsillo\\\/\",\"url\":\"https:\\\/\\\/www.balzatex.com\\\/es\\\/produit\\\/ultrabrillante-de-bolsillo\\\/\",\"name\":\"Embrague \\\"Ultra Brillante\\\" - Balzatex\",\"isPartOf\":{\"@id\":\"https:\\\/\\\/www.balzatex.com\\\/es\\\/#website\"},\"primaryImageOfPage\":{\"@id\":\"https:\\\/\\\/www.balzatex.com\\\/es\\\/produit\\\/ultrabrillante-de-bolsillo\\\/#primaryimage\"},\"image\":{\"@id\":\"https:\\\/\\\/www.balzatex.com\\\/es\\\/produit\\\/ultrabrillante-de-bolsillo\\\/#primaryimage\"},\"thumbnailUrl\":\"https:\\\/\\\/www.balzatex.com\\\/wp-content\\\/uploads\\\/2022\\\/03\\\/e-Pochette-22Ultra-Bright22-2.jpg\",\"datePublished\":\"2022-03-03T13:18:47+00:00\",\"breadcrumb\":{\"@id\":\"https:\\\/\\\/www.balzatex.com\\\/es\\\/produit\\\/ultrabrillante-de-bolsillo\\\/#breadcrumb\"},\"inLanguage\":\"es\",\"potentialAction\":[{\"@type\":\"ReadAction\",\"target\":[\"https:\\\/\\\/www.balzatex.com\\\/es\\\/produit\\\/ultrabrillante-de-bolsillo\\\/\"]}]},{\"@type\":\"ImageObject\",\"inLanguage\":\"es\",\"@id\":\"https:\\\/\\\/www.balzatex.com\\\/es\\\/produit\\\/ultrabrillante-de-bolsillo\\\/#primaryimage\",\"url\":\"https:\\\/\\\/www.balzatex.com\\\/wp-content\\\/uploads\\\/2022\\\/03\\\/e-Pochette-22Ultra-Bright22-2.jpg\",\"contentUrl\":\"https:\\\/\\\/www.balzatex.com\\\/wp-content\\\/uploads\\\/2022\\\/03\\\/e-Pochette-22Ultra-Bright22-2.jpg\",\"width\":708,\"height\":720},{\"@type\":\"BreadcrumbList\",\"@id\":\"https:\\\/\\\/www.balzatex.com\\\/es\\\/produit\\\/ultrabrillante-de-bolsillo\\\/#breadcrumb\",\"itemListElement\":[{\"@type\":\"ListItem\",\"position\":1,\"name\":\"Accueil\",\"item\":\"https:\\\/\\\/www.balzatex.com\\\/es\\\/\"},{\"@type\":\"ListItem\",\"position\":2,\"name\":\"Tienda\",\"item\":\"https:\\\/\\\/www.balzatex.com\\\/es\\\/tienda\\\/\"},{\"@type\":\"ListItem\",\"position\":3,\"name\":\"Embrague \u00ab\u00a0Ultra Brillante\u00a0\u00bb\"}]},{\"@type\":\"WebSite\",\"@id\":\"https:\\\/\\\/www.balzatex.com\\\/es\\\/#website\",\"url\":\"https:\\\/\\\/www.balzatex.com\\\/es\\\/\",\"name\":\"Balzatex\",\"description\":\"Linge maison\",\"potentialAction\":[{\"@type\":\"SearchAction\",\"target\":{\"@type\":\"EntryPoint\",\"urlTemplate\":\"https:\\\/\\\/www.balzatex.com\\\/es\\\/?s={search_term_string}\"},\"query-input\":{\"@type\":\"PropertyValueSpecification\",\"valueRequired\":true,\"valueName\":\"search_term_string\"}}],\"inLanguage\":\"es\"}]}<\/script>\n<!-- \/ Yoast SEO plugin. -->","yoast_head_json":{"title":"Embrague \"Ultra Brillante\" - Balzatex","robots":{"index":"index","follow":"follow","max-snippet":"max-snippet:-1","max-image-preview":"max-image-preview:large","max-video-preview":"max-video-preview:-1"},"canonical":"https:\/\/www.balzatex.com\/es\/produit\/ultrabrillante-de-bolsillo\/","og_locale":"es_ES","og_type":"article","og_title":"Embrague \"Ultra Brillante\" - Balzatex","og_description":"\u00bfEres de los que almuerzan fuera de casa e insisten absolutamente en cepillarse los dientes despu\u00e9s de cada comida? Este bolsillo est\u00e1 hecho para ti: laminado desde el interior, te permitir\u00e1 colocar tu cepillo de dientes, incluso mojado, y tu tubo de pasta de dientes. Tu cepillo de dientes est\u00e1 protegido, \u00a1el resto de tu negocio tambi\u00e9n! Esta bolsa es, por supuesto, multiusos y se desliza f\u00e1cilmente en cualquier bolso. Esponja jacquard 100% algod\u00f3n - Lavable a m\u00e1quina","og_url":"https:\/\/www.balzatex.com\/es\/produit\/ultrabrillante-de-bolsillo\/","og_site_name":"Balzatex","og_image":[{"width":708,"height":720,"url":"https:\/\/www.balzatex.com\/wp-content\/uploads\/2022\/03\/e-Pochette-22Ultra-Bright22-2.jpg","type":"image\/jpeg"}],"twitter_card":"summary_large_image","schema":{"@context":"https:\/\/schema.org","@graph":[{"@type":"WebPage","@id":"https:\/\/www.balzatex.com\/es\/produit\/ultrabrillante-de-bolsillo\/","url":"https:\/\/www.balzatex.com\/es\/produit\/ultrabrillante-de-bolsillo\/","name":"Embrague \"Ultra Brillante\" - Balzatex","isPartOf":{"@id":"https:\/\/www.balzatex.com\/es\/#website"},"primaryImageOfPage":{"@id":"https:\/\/www.balzatex.com\/es\/produit\/ultrabrillante-de-bolsillo\/#primaryimage"},"image":{"@id":"https:\/\/www.balzatex.com\/es\/produit\/ultrabrillante-de-bolsillo\/#primaryimage"},"thumbnailUrl":"https:\/\/www.balzatex.com\/wp-content\/uploads\/2022\/03\/e-Pochette-22Ultra-Bright22-2.jpg","datePublished":"2022-03-03T13:18:47+00:00","breadcrumb":{"@id":"https:\/\/www.balzatex.com\/es\/produit\/ultrabrillante-de-bolsillo\/#breadcrumb"},"inLanguage":"es","potentialAction":[{"@type":"ReadAction","target":["https:\/\/www.balzatex.com\/es\/produit\/ultrabrillante-de-bolsillo\/"]}]},{"@type":"ImageObject","inLanguage":"es","@id":"https:\/\/www.balzatex.com\/es\/produit\/ultrabrillante-de-bolsillo\/#primaryimage","url":"https:\/\/www.balzatex.com\/wp-content\/uploads\/2022\/03\/e-Pochette-22Ultra-Bright22-2.jpg","contentUrl":"https:\/\/www.balzatex.com\/wp-content\/uploads\/2022\/03\/e-Pochette-22Ultra-Bright22-2.jpg","width":708,"height":720},{"@type":"BreadcrumbList","@id":"https:\/\/www.balzatex.com\/es\/produit\/ultrabrillante-de-bolsillo\/#breadcrumb","itemListElement":[{"@type":"ListItem","position":1,"name":"Accueil","item":"https:\/\/www.balzatex.com\/es\/"},{"@type":"ListItem","position":2,"name":"Tienda","item":"https:\/\/www.balzatex.com\/es\/tienda\/"},{"@type":"ListItem","position":3,"name":"Embrague \u00ab\u00a0Ultra Brillante\u00a0\u00bb"}]},{"@type":"WebSite","@id":"https:\/\/www.balzatex.com\/es\/#website","url":"https:\/\/www.balzatex.com\/es\/","name":"Balzatex","description":"Linge maison","potentialAction":[{"@type":"SearchAction","target":{"@type":"EntryPoint","urlTemplate":"https:\/\/www.balzatex.com\/es\/?s={search_term_string}"},"query-input":{"@type":"PropertyValueSpecification","valueRequired":true,"valueName":"search_term_string"}}],"inLanguage":"es"}]}},"_links":{"self":[{"href":"https:\/\/www.balzatex.com\/es\/wp-json\/wp\/v2\/product\/4051","targetHints":{"allow":["GET"]}}],"collection":[{"href":"https:\/\/www.balzatex.com\/es\/wp-json\/wp\/v2\/product"}],"about":[{"href":"https:\/\/www.balzatex.com\/es\/wp-json\/wp\/v2\/types\/product"}],"replies":[{"embeddable":true,"href":"https:\/\/www.balzatex.com\/es\/wp-json\/wp\/v2\/comments?post=4051"}],"wp:featuredmedia":[{"embeddable":true,"href":"https:\/\/www.balzatex.com\/es\/wp-json\/wp\/v2\/media\/2961"}],"wp:attachment":[{"href":"https:\/\/www.balzatex.com\/es\/wp-json\/wp\/v2\/media?parent=4051"}],"wp:term":[{"taxonomy":"product_brand","embeddable":true,"href":"https:\/\/www.balzatex.com\/es\/wp-json\/wp\/v2\/product_brand?post=4051"},{"taxonomy":"product_cat","embeddable":true,"href":"https:\/\/www.balzatex.com\/es\/wp-json\/wp\/v2\/product_cat?post=4051"},{"taxonomy":"product_tag","embeddable":true,"href":"https:\/\/www.balzatex.com\/es\/wp-json\/wp\/v2\/product_tag?post=4051"}],"curies":[{"name":"wp","href":"https:\/\/api.w.org\/{rel}","templated":true}]}}