{"id":4070,"date":"2022-03-03T16:06:37","date_gmt":"2022-03-03T15:06:37","guid":{"rendered":"https:\/\/www.balzatex.com\/produit\/babero\/"},"modified":"2022-03-03T16:06:37","modified_gmt":"2022-03-03T15:06:37","slug":"babero","status":"publish","type":"product","link":"https:\/\/www.balzatex.com\/es\/produit\/babero\/","title":{"rendered":"Babero"},"content":{"rendered":"","protected":false},"excerpt":{"rendered":"<p>Bonito babero de terciopelo muy suave adornado con bonitos bordados de la colecci\u00f3n Cheval \u00e0 Bascule.<\/p>\n<p>Babero en 100% algod\u00f3n, laminado en el interior.<\/p>\n","protected":false},"featured_media":2787,"comment_status":"open","ping_status":"closed","template":"","meta":{"_joinchat":[]},"product_brand":[],"product_cat":[413,415,414],"product_tag":[556,557,325,333,535,335],"class_list":{"0":"post-4070","1":"product","2":"type-product","3":"status-publish","4":"has-post-thumbnail","6":"product_cat-accesorios","7":"product_cat-nuestros-imprescindibles-para-el-bano-del-bebe","8":"product_cat-ropa-de-bebe","9":"product_tag-babero","10":"product_tag-bebe-es","11":"product_tag-blanco-blanca","12":"product_tag-coleccion-casa-blanca","13":"product_tag-coleccion-de-caballos-balancin","14":"product_tag-color-piedra","16":"first","17":"instock","18":"shipping-taxable","19":"purchasable","20":"product-type-variable"},"supplier_id":null,"supplier_sku":"","barcode":null,"atum_controlled":true,"out_stock_date":null,"out_stock_threshold":null,"inheritable":true,"inbound_stock":0,"stock_on_hold":0,"sold_today":0,"sales_last_days":0,"reserved_stock":0,"customer_returns":0,"warehouse_damage":0,"lost_in_post":0,"other_logs":0,"out_stock_days":0,"lost_sales":0,"has_location":false,"update_date":"2023-09-02T09:09:11","atum_locations":[],"atum_stock_status":"instock","restock_status":false,"low_stock_amount":"","sales_update_date":"2023-09-02T09:09:11","calc_backorders":null,"yoast_head":"<!-- This site is optimized with the Yoast SEO plugin v27.4 - https:\/\/yoast.com\/product\/yoast-seo-wordpress\/ -->\n<title>Babero - Balzatex<\/title>\n<meta name=\"robots\" content=\"index, follow, max-snippet:-1, max-image-preview:large, max-video-preview:-1\" \/>\n<link rel=\"canonical\" href=\"https:\/\/www.balzatex.com\/es\/produit\/babero\/\" \/>\n<meta property=\"og:locale\" content=\"es_ES\" \/>\n<meta property=\"og:type\" content=\"article\" \/>\n<meta property=\"og:title\" content=\"Babero - Balzatex\" \/>\n<meta property=\"og:description\" content=\"Bonito babero de terciopelo muy suave adornado con bonitos bordados de la colecci\u00f3n Cheval \u00e0 Bascule. Babero en 100% algod\u00f3n, laminado en el interior.\" \/>\n<meta property=\"og:url\" content=\"https:\/\/www.balzatex.com\/es\/produit\/babero\/\" \/>\n<meta property=\"og:site_name\" content=\"Balzatex\" \/>\n<meta property=\"og:image\" content=\"https:\/\/www.balzatex.com\/wp-content\/uploads\/2022\/03\/bebe-blanc-bascule-scaled-e1647188533981.jpg\" \/>\n\t<meta property=\"og:image:width\" content=\"780\" \/>\n\t<meta property=\"og:image:height\" content=\"472\" \/>\n\t<meta property=\"og:image:type\" content=\"image\/jpeg\" \/>\n<meta name=\"twitter:card\" content=\"summary_large_image\" \/>\n<script type=\"application\/ld+json\" class=\"yoast-schema-graph\">{\"@context\":\"https:\\\/\\\/schema.org\",\"@graph\":[{\"@type\":\"WebPage\",\"@id\":\"https:\\\/\\\/www.balzatex.com\\\/es\\\/produit\\\/babero\\\/\",\"url\":\"https:\\\/\\\/www.balzatex.com\\\/es\\\/produit\\\/babero\\\/\",\"name\":\"Babero - Balzatex\",\"isPartOf\":{\"@id\":\"https:\\\/\\\/www.balzatex.com\\\/es\\\/#website\"},\"primaryImageOfPage\":{\"@id\":\"https:\\\/\\\/www.balzatex.com\\\/es\\\/produit\\\/babero\\\/#primaryimage\"},\"image\":{\"@id\":\"https:\\\/\\\/www.balzatex.com\\\/es\\\/produit\\\/babero\\\/#primaryimage\"},\"thumbnailUrl\":\"https:\\\/\\\/www.balzatex.com\\\/wp-content\\\/uploads\\\/2022\\\/03\\\/bebe-blanc-bascule-scaled-e1647188533981.jpg\",\"datePublished\":\"2022-03-03T15:06:37+00:00\",\"breadcrumb\":{\"@id\":\"https:\\\/\\\/www.balzatex.com\\\/es\\\/produit\\\/babero\\\/#breadcrumb\"},\"inLanguage\":\"es\",\"potentialAction\":[{\"@type\":\"ReadAction\",\"target\":[\"https:\\\/\\\/www.balzatex.com\\\/es\\\/produit\\\/babero\\\/\"]}]},{\"@type\":\"ImageObject\",\"inLanguage\":\"es\",\"@id\":\"https:\\\/\\\/www.balzatex.com\\\/es\\\/produit\\\/babero\\\/#primaryimage\",\"url\":\"https:\\\/\\\/www.balzatex.com\\\/wp-content\\\/uploads\\\/2022\\\/03\\\/bebe-blanc-bascule-scaled-e1647188533981.jpg\",\"contentUrl\":\"https:\\\/\\\/www.balzatex.com\\\/wp-content\\\/uploads\\\/2022\\\/03\\\/bebe-blanc-bascule-scaled-e1647188533981.jpg\",\"width\":780,\"height\":472},{\"@type\":\"BreadcrumbList\",\"@id\":\"https:\\\/\\\/www.balzatex.com\\\/es\\\/produit\\\/babero\\\/#breadcrumb\",\"itemListElement\":[{\"@type\":\"ListItem\",\"position\":1,\"name\":\"Accueil\",\"item\":\"https:\\\/\\\/www.balzatex.com\\\/es\\\/\"},{\"@type\":\"ListItem\",\"position\":2,\"name\":\"Tienda\",\"item\":\"https:\\\/\\\/www.balzatex.com\\\/es\\\/tienda\\\/\"},{\"@type\":\"ListItem\",\"position\":3,\"name\":\"Babero\"}]},{\"@type\":\"WebSite\",\"@id\":\"https:\\\/\\\/www.balzatex.com\\\/es\\\/#website\",\"url\":\"https:\\\/\\\/www.balzatex.com\\\/es\\\/\",\"name\":\"Balzatex\",\"description\":\"Linge maison\",\"potentialAction\":[{\"@type\":\"SearchAction\",\"target\":{\"@type\":\"EntryPoint\",\"urlTemplate\":\"https:\\\/\\\/www.balzatex.com\\\/es\\\/?s={search_term_string}\"},\"query-input\":{\"@type\":\"PropertyValueSpecification\",\"valueRequired\":true,\"valueName\":\"search_term_string\"}}],\"inLanguage\":\"es\"}]}<\/script>\n<!-- \/ Yoast SEO plugin. -->","yoast_head_json":{"title":"Babero - Balzatex","robots":{"index":"index","follow":"follow","max-snippet":"max-snippet:-1","max-image-preview":"max-image-preview:large","max-video-preview":"max-video-preview:-1"},"canonical":"https:\/\/www.balzatex.com\/es\/produit\/babero\/","og_locale":"es_ES","og_type":"article","og_title":"Babero - Balzatex","og_description":"Bonito babero de terciopelo muy suave adornado con bonitos bordados de la colecci\u00f3n Cheval \u00e0 Bascule. Babero en 100% algod\u00f3n, laminado en el interior.","og_url":"https:\/\/www.balzatex.com\/es\/produit\/babero\/","og_site_name":"Balzatex","og_image":[{"width":780,"height":472,"url":"https:\/\/www.balzatex.com\/wp-content\/uploads\/2022\/03\/bebe-blanc-bascule-scaled-e1647188533981.jpg","type":"image\/jpeg"}],"twitter_card":"summary_large_image","schema":{"@context":"https:\/\/schema.org","@graph":[{"@type":"WebPage","@id":"https:\/\/www.balzatex.com\/es\/produit\/babero\/","url":"https:\/\/www.balzatex.com\/es\/produit\/babero\/","name":"Babero - Balzatex","isPartOf":{"@id":"https:\/\/www.balzatex.com\/es\/#website"},"primaryImageOfPage":{"@id":"https:\/\/www.balzatex.com\/es\/produit\/babero\/#primaryimage"},"image":{"@id":"https:\/\/www.balzatex.com\/es\/produit\/babero\/#primaryimage"},"thumbnailUrl":"https:\/\/www.balzatex.com\/wp-content\/uploads\/2022\/03\/bebe-blanc-bascule-scaled-e1647188533981.jpg","datePublished":"2022-03-03T15:06:37+00:00","breadcrumb":{"@id":"https:\/\/www.balzatex.com\/es\/produit\/babero\/#breadcrumb"},"inLanguage":"es","potentialAction":[{"@type":"ReadAction","target":["https:\/\/www.balzatex.com\/es\/produit\/babero\/"]}]},{"@type":"ImageObject","inLanguage":"es","@id":"https:\/\/www.balzatex.com\/es\/produit\/babero\/#primaryimage","url":"https:\/\/www.balzatex.com\/wp-content\/uploads\/2022\/03\/bebe-blanc-bascule-scaled-e1647188533981.jpg","contentUrl":"https:\/\/www.balzatex.com\/wp-content\/uploads\/2022\/03\/bebe-blanc-bascule-scaled-e1647188533981.jpg","width":780,"height":472},{"@type":"BreadcrumbList","@id":"https:\/\/www.balzatex.com\/es\/produit\/babero\/#breadcrumb","itemListElement":[{"@type":"ListItem","position":1,"name":"Accueil","item":"https:\/\/www.balzatex.com\/es\/"},{"@type":"ListItem","position":2,"name":"Tienda","item":"https:\/\/www.balzatex.com\/es\/tienda\/"},{"@type":"ListItem","position":3,"name":"Babero"}]},{"@type":"WebSite","@id":"https:\/\/www.balzatex.com\/es\/#website","url":"https:\/\/www.balzatex.com\/es\/","name":"Balzatex","description":"Linge maison","potentialAction":[{"@type":"SearchAction","target":{"@type":"EntryPoint","urlTemplate":"https:\/\/www.balzatex.com\/es\/?s={search_term_string}"},"query-input":{"@type":"PropertyValueSpecification","valueRequired":true,"valueName":"search_term_string"}}],"inLanguage":"es"}]}},"_links":{"self":[{"href":"https:\/\/www.balzatex.com\/es\/wp-json\/wp\/v2\/product\/4070","targetHints":{"allow":["GET"]}}],"collection":[{"href":"https:\/\/www.balzatex.com\/es\/wp-json\/wp\/v2\/product"}],"about":[{"href":"https:\/\/www.balzatex.com\/es\/wp-json\/wp\/v2\/types\/product"}],"replies":[{"embeddable":true,"href":"https:\/\/www.balzatex.com\/es\/wp-json\/wp\/v2\/comments?post=4070"}],"wp:featuredmedia":[{"embeddable":true,"href":"https:\/\/www.balzatex.com\/es\/wp-json\/wp\/v2\/media\/2787"}],"wp:attachment":[{"href":"https:\/\/www.balzatex.com\/es\/wp-json\/wp\/v2\/media?parent=4070"}],"wp:term":[{"taxonomy":"product_brand","embeddable":true,"href":"https:\/\/www.balzatex.com\/es\/wp-json\/wp\/v2\/product_brand?post=4070"},{"taxonomy":"product_cat","embeddable":true,"href":"https:\/\/www.balzatex.com\/es\/wp-json\/wp\/v2\/product_cat?post=4070"},{"taxonomy":"product_tag","embeddable":true,"href":"https:\/\/www.balzatex.com\/es\/wp-json\/wp\/v2\/product_tag?post=4070"}],"curies":[{"name":"wp","href":"https:\/\/api.w.org\/{rel}","templated":true}]}}