{"id":4081,"date":"2022-03-03T16:37:05","date_gmt":"2022-03-03T15:37:05","guid":{"rendered":"https:\/\/www.balzatex.com\/produit\/set-de-7-panos-de-dia-bordados\/"},"modified":"2024-02-15T00:00:32","modified_gmt":"2024-02-14T23:00:32","slug":"lote-de-panos-bordados-7-dias","status":"publish","type":"product","link":"https:\/\/www.balzatex.com\/es\/produit\/lote-de-panos-bordados-7-dias\/","title":{"rendered":"Set de 7 pa\u00f1os de d\u00eda bordados"},"content":{"rendered":"","protected":false},"excerpt":{"rendered":"<p>Set de 7 pa\u00f1os bordados de 30&#215;30 para cada d\u00eda de la semana. \u00a1Una toallita al d\u00eda! Con este lote, vive cada d\u00eda de la semana de manera diferente \ud83d\ude42<\/p>\n","protected":false},"featured_media":2741,"comment_status":"open","ping_status":"closed","template":"","meta":{"_joinchat":[]},"product_brand":[],"product_cat":[415,549,414],"product_tag":[500,322,557,325,333,335],"class_list":{"0":"post-4081","1":"product","2":"type-product","3":"status-publish","4":"has-post-thumbnail","6":"product_cat-nuestros-imprescindibles-para-el-bano-del-bebe","7":"product_cat-ropa-de-bano-es","8":"product_cat-ropa-de-bebe","9":"product_tag-100-algodon","10":"product_tag-700-g-m","11":"product_tag-bebe-es","12":"product_tag-blanco-blanca","13":"product_tag-coleccion-casa-blanca","14":"product_tag-color-piedra","16":"first","17":"instock","18":"shipping-taxable","19":"purchasable","20":"product-type-variable"},"supplier_id":null,"supplier_sku":"","barcode":null,"atum_controlled":true,"out_stock_date":null,"out_stock_threshold":null,"inheritable":true,"inbound_stock":0,"stock_on_hold":0,"sold_today":0,"sales_last_days":0,"reserved_stock":0,"customer_returns":0,"warehouse_damage":0,"lost_in_post":0,"other_logs":0,"out_stock_days":0,"lost_sales":0,"has_location":false,"update_date":"2024-01-29T13:58:12","atum_locations":[],"atum_stock_status":"instock","restock_status":false,"low_stock_amount":"","sales_update_date":"2023-09-13T09:24:08","calc_backorders":null,"yoast_head":"<!-- This site is optimized with the Yoast SEO plugin v27.4 - https:\/\/yoast.com\/product\/yoast-seo-wordpress\/ -->\n<title>Set de 7 pa\u00f1os de d\u00eda bordados - Balzatex<\/title>\n<meta name=\"robots\" content=\"index, follow, max-snippet:-1, max-image-preview:large, max-video-preview:-1\" \/>\n<link rel=\"canonical\" href=\"https:\/\/www.balzatex.com\/es\/produit\/lote-de-panos-bordados-7-dias\/\" \/>\n<meta property=\"og:locale\" content=\"es_ES\" \/>\n<meta property=\"og:type\" content=\"article\" \/>\n<meta property=\"og:title\" content=\"Set de 7 pa\u00f1os de d\u00eda bordados - Balzatex\" \/>\n<meta property=\"og:description\" content=\"Set de 7 pa\u00f1os bordados de 30x30 para cada d\u00eda de la semana. \u00a1Una toallita al d\u00eda! Con este lote, vive cada d\u00eda de la semana de manera diferente :)\" \/>\n<meta property=\"og:url\" content=\"https:\/\/www.balzatex.com\/es\/produit\/lote-de-panos-bordados-7-dias\/\" \/>\n<meta property=\"og:site_name\" content=\"Balzatex\" \/>\n<meta property=\"article:modified_time\" content=\"2024-02-14T23:00:32+00:00\" \/>\n<meta property=\"og:image\" content=\"https:\/\/www.balzatex.com\/wp-content\/uploads\/2022\/03\/Lot-7-lavettes-sable-blanc.jpg\" \/>\n\t<meta property=\"og:image:width\" content=\"600\" \/>\n\t<meta property=\"og:image:height\" content=\"600\" \/>\n\t<meta property=\"og:image:type\" content=\"image\/jpeg\" \/>\n<meta name=\"twitter:card\" content=\"summary_large_image\" \/>\n<script type=\"application\/ld+json\" class=\"yoast-schema-graph\">{\"@context\":\"https:\\\/\\\/schema.org\",\"@graph\":[{\"@type\":\"WebPage\",\"@id\":\"https:\\\/\\\/www.balzatex.com\\\/es\\\/produit\\\/lote-de-panos-bordados-7-dias\\\/\",\"url\":\"https:\\\/\\\/www.balzatex.com\\\/es\\\/produit\\\/lote-de-panos-bordados-7-dias\\\/\",\"name\":\"Set de 7 pa\u00f1os de d\u00eda bordados - Balzatex\",\"isPartOf\":{\"@id\":\"https:\\\/\\\/www.balzatex.com\\\/es\\\/#website\"},\"primaryImageOfPage\":{\"@id\":\"https:\\\/\\\/www.balzatex.com\\\/es\\\/produit\\\/lote-de-panos-bordados-7-dias\\\/#primaryimage\"},\"image\":{\"@id\":\"https:\\\/\\\/www.balzatex.com\\\/es\\\/produit\\\/lote-de-panos-bordados-7-dias\\\/#primaryimage\"},\"thumbnailUrl\":\"https:\\\/\\\/www.balzatex.com\\\/wp-content\\\/uploads\\\/2022\\\/03\\\/Lot-7-lavettes-sable-blanc.jpg\",\"datePublished\":\"2022-03-03T15:37:05+00:00\",\"dateModified\":\"2024-02-14T23:00:32+00:00\",\"breadcrumb\":{\"@id\":\"https:\\\/\\\/www.balzatex.com\\\/es\\\/produit\\\/lote-de-panos-bordados-7-dias\\\/#breadcrumb\"},\"inLanguage\":\"es\",\"potentialAction\":[{\"@type\":\"ReadAction\",\"target\":[\"https:\\\/\\\/www.balzatex.com\\\/es\\\/produit\\\/lote-de-panos-bordados-7-dias\\\/\"]}]},{\"@type\":\"ImageObject\",\"inLanguage\":\"es\",\"@id\":\"https:\\\/\\\/www.balzatex.com\\\/es\\\/produit\\\/lote-de-panos-bordados-7-dias\\\/#primaryimage\",\"url\":\"https:\\\/\\\/www.balzatex.com\\\/wp-content\\\/uploads\\\/2022\\\/03\\\/Lot-7-lavettes-sable-blanc.jpg\",\"contentUrl\":\"https:\\\/\\\/www.balzatex.com\\\/wp-content\\\/uploads\\\/2022\\\/03\\\/Lot-7-lavettes-sable-blanc.jpg\",\"width\":600,\"height\":600},{\"@type\":\"BreadcrumbList\",\"@id\":\"https:\\\/\\\/www.balzatex.com\\\/es\\\/produit\\\/lote-de-panos-bordados-7-dias\\\/#breadcrumb\",\"itemListElement\":[{\"@type\":\"ListItem\",\"position\":1,\"name\":\"Accueil\",\"item\":\"https:\\\/\\\/www.balzatex.com\\\/es\\\/\"},{\"@type\":\"ListItem\",\"position\":2,\"name\":\"Tienda\",\"item\":\"https:\\\/\\\/www.balzatex.com\\\/es\\\/tienda\\\/\"},{\"@type\":\"ListItem\",\"position\":3,\"name\":\"Set de 7 pa\u00f1os de d\u00eda bordados\"}]},{\"@type\":\"WebSite\",\"@id\":\"https:\\\/\\\/www.balzatex.com\\\/es\\\/#website\",\"url\":\"https:\\\/\\\/www.balzatex.com\\\/es\\\/\",\"name\":\"Balzatex\",\"description\":\"Linge maison\",\"potentialAction\":[{\"@type\":\"SearchAction\",\"target\":{\"@type\":\"EntryPoint\",\"urlTemplate\":\"https:\\\/\\\/www.balzatex.com\\\/es\\\/?s={search_term_string}\"},\"query-input\":{\"@type\":\"PropertyValueSpecification\",\"valueRequired\":true,\"valueName\":\"search_term_string\"}}],\"inLanguage\":\"es\"}]}<\/script>\n<!-- \/ Yoast SEO plugin. -->","yoast_head_json":{"title":"Set de 7 pa\u00f1os de d\u00eda bordados - Balzatex","robots":{"index":"index","follow":"follow","max-snippet":"max-snippet:-1","max-image-preview":"max-image-preview:large","max-video-preview":"max-video-preview:-1"},"canonical":"https:\/\/www.balzatex.com\/es\/produit\/lote-de-panos-bordados-7-dias\/","og_locale":"es_ES","og_type":"article","og_title":"Set de 7 pa\u00f1os de d\u00eda bordados - Balzatex","og_description":"Set de 7 pa\u00f1os bordados de 30x30 para cada d\u00eda de la semana. \u00a1Una toallita al d\u00eda! Con este lote, vive cada d\u00eda de la semana de manera diferente :)","og_url":"https:\/\/www.balzatex.com\/es\/produit\/lote-de-panos-bordados-7-dias\/","og_site_name":"Balzatex","article_modified_time":"2024-02-14T23:00:32+00:00","og_image":[{"width":600,"height":600,"url":"https:\/\/www.balzatex.com\/wp-content\/uploads\/2022\/03\/Lot-7-lavettes-sable-blanc.jpg","type":"image\/jpeg"}],"twitter_card":"summary_large_image","schema":{"@context":"https:\/\/schema.org","@graph":[{"@type":"WebPage","@id":"https:\/\/www.balzatex.com\/es\/produit\/lote-de-panos-bordados-7-dias\/","url":"https:\/\/www.balzatex.com\/es\/produit\/lote-de-panos-bordados-7-dias\/","name":"Set de 7 pa\u00f1os de d\u00eda bordados - Balzatex","isPartOf":{"@id":"https:\/\/www.balzatex.com\/es\/#website"},"primaryImageOfPage":{"@id":"https:\/\/www.balzatex.com\/es\/produit\/lote-de-panos-bordados-7-dias\/#primaryimage"},"image":{"@id":"https:\/\/www.balzatex.com\/es\/produit\/lote-de-panos-bordados-7-dias\/#primaryimage"},"thumbnailUrl":"https:\/\/www.balzatex.com\/wp-content\/uploads\/2022\/03\/Lot-7-lavettes-sable-blanc.jpg","datePublished":"2022-03-03T15:37:05+00:00","dateModified":"2024-02-14T23:00:32+00:00","breadcrumb":{"@id":"https:\/\/www.balzatex.com\/es\/produit\/lote-de-panos-bordados-7-dias\/#breadcrumb"},"inLanguage":"es","potentialAction":[{"@type":"ReadAction","target":["https:\/\/www.balzatex.com\/es\/produit\/lote-de-panos-bordados-7-dias\/"]}]},{"@type":"ImageObject","inLanguage":"es","@id":"https:\/\/www.balzatex.com\/es\/produit\/lote-de-panos-bordados-7-dias\/#primaryimage","url":"https:\/\/www.balzatex.com\/wp-content\/uploads\/2022\/03\/Lot-7-lavettes-sable-blanc.jpg","contentUrl":"https:\/\/www.balzatex.com\/wp-content\/uploads\/2022\/03\/Lot-7-lavettes-sable-blanc.jpg","width":600,"height":600},{"@type":"BreadcrumbList","@id":"https:\/\/www.balzatex.com\/es\/produit\/lote-de-panos-bordados-7-dias\/#breadcrumb","itemListElement":[{"@type":"ListItem","position":1,"name":"Accueil","item":"https:\/\/www.balzatex.com\/es\/"},{"@type":"ListItem","position":2,"name":"Tienda","item":"https:\/\/www.balzatex.com\/es\/tienda\/"},{"@type":"ListItem","position":3,"name":"Set de 7 pa\u00f1os de d\u00eda bordados"}]},{"@type":"WebSite","@id":"https:\/\/www.balzatex.com\/es\/#website","url":"https:\/\/www.balzatex.com\/es\/","name":"Balzatex","description":"Linge maison","potentialAction":[{"@type":"SearchAction","target":{"@type":"EntryPoint","urlTemplate":"https:\/\/www.balzatex.com\/es\/?s={search_term_string}"},"query-input":{"@type":"PropertyValueSpecification","valueRequired":true,"valueName":"search_term_string"}}],"inLanguage":"es"}]}},"_links":{"self":[{"href":"https:\/\/www.balzatex.com\/es\/wp-json\/wp\/v2\/product\/4081","targetHints":{"allow":["GET"]}}],"collection":[{"href":"https:\/\/www.balzatex.com\/es\/wp-json\/wp\/v2\/product"}],"about":[{"href":"https:\/\/www.balzatex.com\/es\/wp-json\/wp\/v2\/types\/product"}],"replies":[{"embeddable":true,"href":"https:\/\/www.balzatex.com\/es\/wp-json\/wp\/v2\/comments?post=4081"}],"wp:featuredmedia":[{"embeddable":true,"href":"https:\/\/www.balzatex.com\/es\/wp-json\/wp\/v2\/media\/2741"}],"wp:attachment":[{"href":"https:\/\/www.balzatex.com\/es\/wp-json\/wp\/v2\/media?parent=4081"}],"wp:term":[{"taxonomy":"product_brand","embeddable":true,"href":"https:\/\/www.balzatex.com\/es\/wp-json\/wp\/v2\/product_brand?post=4081"},{"taxonomy":"product_cat","embeddable":true,"href":"https:\/\/www.balzatex.com\/es\/wp-json\/wp\/v2\/product_cat?post=4081"},{"taxonomy":"product_tag","embeddable":true,"href":"https:\/\/www.balzatex.com\/es\/wp-json\/wp\/v2\/product_tag?post=4081"}],"curies":[{"name":"wp","href":"https:\/\/api.w.org\/{rel}","templated":true}]}}