{"id":4101,"date":"2022-03-07T08:09:45","date_gmt":"2022-03-07T07:09:45","guid":{"rendered":"https:\/\/www.balzatex.com\/produit\/2-toallas-de-invitados-bordadas\/"},"modified":"2022-11-27T00:03:47","modified_gmt":"2022-11-26T23:03:47","slug":"2-toallas-invitadas-bordadas-2","status":"publish","type":"product","link":"https:\/\/www.balzatex.com\/es\/produit\/2-toallas-invitadas-bordadas-2\/","title":{"rendered":"2 toallas de invitados bordadas"},"content":{"rendered":"","protected":false},"excerpt":{"rendered":"<p>Un peque\u00f1o regalo que hace efecto cuando no quieres irte a casa con las manos vac\u00edas. O simplemente 2 toallas de mano peque\u00f1as indispensables en todos los ba\u00f1os. Levantado por un bonito bordado con acabados impecables, \u00a1no te quedar\u00e1s sin \u00e9l!<\/p>\n<p>Absorbentes, muy suaves, est\u00e1n fabricados en algod\u00f3n 100% y tejidos en 700 gr\/m\u00b2.<\/p>\n<p>Toallas en 30&#215;50, tama\u00f1o ideal para las manos, incluso para la cara.<\/p>\n<p>Bordados de nuestra colecci\u00f3n Calam\u00e9o<\/p>\n","protected":false},"featured_media":2845,"comment_status":"open","ping_status":"closed","template":"","meta":{"_joinchat":[]},"product_brand":[],"product_cat":[356,310],"product_tag":[355,568,562,563,564,561],"class_list":{"0":"post-4101","1":"product","2":"type-product","3":"status-publish","4":"has-post-thumbnail","6":"product_cat-bordado","7":"product_cat-ropa-de-bano","8":"product_tag-bordado","9":"product_tag-coleccion-calameo","10":"product_tag-color-azafran","11":"product_tag-color-oro-viejo","12":"product_tag-de-color-caqui","13":"product_tag-la-coleccion-de-marrakech-y-sus-especias","15":"first","16":"instock","17":"shipping-taxable","18":"purchasable","19":"product-type-variable"},"supplier_id":null,"supplier_sku":"","barcode":null,"atum_controlled":true,"out_stock_date":null,"out_stock_threshold":null,"inheritable":true,"inbound_stock":0,"stock_on_hold":0,"sold_today":0,"sales_last_days":0,"reserved_stock":0,"customer_returns":0,"warehouse_damage":0,"lost_in_post":0,"other_logs":0,"out_stock_days":0,"lost_sales":0,"has_location":false,"update_date":"2023-09-12T09:23:54","atum_locations":[],"atum_stock_status":"instock","restock_status":false,"low_stock_amount":"","sales_update_date":"2023-09-12T09:23:54","calc_backorders":null,"yoast_head":"<!-- This site is optimized with the Yoast SEO plugin v27.4 - https:\/\/yoast.com\/product\/yoast-seo-wordpress\/ -->\n<title>2 toallas de invitados bordadas - Balzatex<\/title>\n<meta name=\"robots\" content=\"index, follow, max-snippet:-1, max-image-preview:large, max-video-preview:-1\" \/>\n<link rel=\"canonical\" href=\"https:\/\/www.balzatex.com\/es\/produit\/2-toallas-invitadas-bordadas-2\/\" \/>\n<meta property=\"og:locale\" content=\"es_ES\" \/>\n<meta property=\"og:type\" content=\"article\" \/>\n<meta property=\"og:title\" content=\"2 toallas de invitados bordadas - Balzatex\" \/>\n<meta property=\"og:description\" content=\"Un peque\u00f1o regalo que hace efecto cuando no quieres irte a casa con las manos vac\u00edas. O simplemente 2 toallas de mano peque\u00f1as indispensables en todos los ba\u00f1os. Levantado por un bonito bordado con acabados impecables, \u00a1no te quedar\u00e1s sin \u00e9l! Absorbentes, muy suaves, est\u00e1n fabricados en algod\u00f3n 100% y tejidos en 700 gr\/m\u00b2. Toallas en 30x50, tama\u00f1o ideal para las manos, incluso para la cara. Bordados de nuestra colecci\u00f3n Calam\u00e9o\" \/>\n<meta property=\"og:url\" content=\"https:\/\/www.balzatex.com\/es\/produit\/2-toallas-invitadas-bordadas-2\/\" \/>\n<meta property=\"og:site_name\" content=\"Balzatex\" \/>\n<meta property=\"article:modified_time\" content=\"2022-11-26T23:03:47+00:00\" \/>\n<meta property=\"og:image\" content=\"https:\/\/www.balzatex.com\/wp-content\/uploads\/2022\/03\/serviettes-invites-brodees-lot-boutons-scaled-e1647197587503.jpg\" \/>\n\t<meta property=\"og:image:width\" content=\"604\" \/>\n\t<meta property=\"og:image:height\" content=\"474\" \/>\n\t<meta property=\"og:image:type\" content=\"image\/jpeg\" \/>\n<meta name=\"twitter:card\" content=\"summary_large_image\" \/>\n<script type=\"application\/ld+json\" class=\"yoast-schema-graph\">{\"@context\":\"https:\\\/\\\/schema.org\",\"@graph\":[{\"@type\":\"WebPage\",\"@id\":\"https:\\\/\\\/www.balzatex.com\\\/es\\\/produit\\\/2-toallas-invitadas-bordadas-2\\\/\",\"url\":\"https:\\\/\\\/www.balzatex.com\\\/es\\\/produit\\\/2-toallas-invitadas-bordadas-2\\\/\",\"name\":\"2 toallas de invitados bordadas - Balzatex\",\"isPartOf\":{\"@id\":\"https:\\\/\\\/www.balzatex.com\\\/es\\\/#website\"},\"primaryImageOfPage\":{\"@id\":\"https:\\\/\\\/www.balzatex.com\\\/es\\\/produit\\\/2-toallas-invitadas-bordadas-2\\\/#primaryimage\"},\"image\":{\"@id\":\"https:\\\/\\\/www.balzatex.com\\\/es\\\/produit\\\/2-toallas-invitadas-bordadas-2\\\/#primaryimage\"},\"thumbnailUrl\":\"https:\\\/\\\/www.balzatex.com\\\/wp-content\\\/uploads\\\/2022\\\/03\\\/serviettes-invites-brodees-lot-boutons-scaled-e1647197587503.jpg\",\"datePublished\":\"2022-03-07T07:09:45+00:00\",\"dateModified\":\"2022-11-26T23:03:47+00:00\",\"breadcrumb\":{\"@id\":\"https:\\\/\\\/www.balzatex.com\\\/es\\\/produit\\\/2-toallas-invitadas-bordadas-2\\\/#breadcrumb\"},\"inLanguage\":\"es\",\"potentialAction\":[{\"@type\":\"ReadAction\",\"target\":[\"https:\\\/\\\/www.balzatex.com\\\/es\\\/produit\\\/2-toallas-invitadas-bordadas-2\\\/\"]}]},{\"@type\":\"ImageObject\",\"inLanguage\":\"es\",\"@id\":\"https:\\\/\\\/www.balzatex.com\\\/es\\\/produit\\\/2-toallas-invitadas-bordadas-2\\\/#primaryimage\",\"url\":\"https:\\\/\\\/www.balzatex.com\\\/wp-content\\\/uploads\\\/2022\\\/03\\\/serviettes-invites-brodees-lot-boutons-scaled-e1647197587503.jpg\",\"contentUrl\":\"https:\\\/\\\/www.balzatex.com\\\/wp-content\\\/uploads\\\/2022\\\/03\\\/serviettes-invites-brodees-lot-boutons-scaled-e1647197587503.jpg\",\"width\":604,\"height\":474},{\"@type\":\"BreadcrumbList\",\"@id\":\"https:\\\/\\\/www.balzatex.com\\\/es\\\/produit\\\/2-toallas-invitadas-bordadas-2\\\/#breadcrumb\",\"itemListElement\":[{\"@type\":\"ListItem\",\"position\":1,\"name\":\"Accueil\",\"item\":\"https:\\\/\\\/www.balzatex.com\\\/es\\\/\"},{\"@type\":\"ListItem\",\"position\":2,\"name\":\"Tienda\",\"item\":\"https:\\\/\\\/www.balzatex.com\\\/es\\\/tienda\\\/\"},{\"@type\":\"ListItem\",\"position\":3,\"name\":\"2 toallas de invitados bordadas\"}]},{\"@type\":\"WebSite\",\"@id\":\"https:\\\/\\\/www.balzatex.com\\\/es\\\/#website\",\"url\":\"https:\\\/\\\/www.balzatex.com\\\/es\\\/\",\"name\":\"Balzatex\",\"description\":\"Linge maison\",\"potentialAction\":[{\"@type\":\"SearchAction\",\"target\":{\"@type\":\"EntryPoint\",\"urlTemplate\":\"https:\\\/\\\/www.balzatex.com\\\/es\\\/?s={search_term_string}\"},\"query-input\":{\"@type\":\"PropertyValueSpecification\",\"valueRequired\":true,\"valueName\":\"search_term_string\"}}],\"inLanguage\":\"es\"}]}<\/script>\n<!-- \/ Yoast SEO plugin. -->","yoast_head_json":{"title":"2 toallas de invitados bordadas - Balzatex","robots":{"index":"index","follow":"follow","max-snippet":"max-snippet:-1","max-image-preview":"max-image-preview:large","max-video-preview":"max-video-preview:-1"},"canonical":"https:\/\/www.balzatex.com\/es\/produit\/2-toallas-invitadas-bordadas-2\/","og_locale":"es_ES","og_type":"article","og_title":"2 toallas de invitados bordadas - Balzatex","og_description":"Un peque\u00f1o regalo que hace efecto cuando no quieres irte a casa con las manos vac\u00edas. O simplemente 2 toallas de mano peque\u00f1as indispensables en todos los ba\u00f1os. Levantado por un bonito bordado con acabados impecables, \u00a1no te quedar\u00e1s sin \u00e9l! Absorbentes, muy suaves, est\u00e1n fabricados en algod\u00f3n 100% y tejidos en 700 gr\/m\u00b2. Toallas en 30x50, tama\u00f1o ideal para las manos, incluso para la cara. Bordados de nuestra colecci\u00f3n Calam\u00e9o","og_url":"https:\/\/www.balzatex.com\/es\/produit\/2-toallas-invitadas-bordadas-2\/","og_site_name":"Balzatex","article_modified_time":"2022-11-26T23:03:47+00:00","og_image":[{"width":604,"height":474,"url":"https:\/\/www.balzatex.com\/wp-content\/uploads\/2022\/03\/serviettes-invites-brodees-lot-boutons-scaled-e1647197587503.jpg","type":"image\/jpeg"}],"twitter_card":"summary_large_image","schema":{"@context":"https:\/\/schema.org","@graph":[{"@type":"WebPage","@id":"https:\/\/www.balzatex.com\/es\/produit\/2-toallas-invitadas-bordadas-2\/","url":"https:\/\/www.balzatex.com\/es\/produit\/2-toallas-invitadas-bordadas-2\/","name":"2 toallas de invitados bordadas - Balzatex","isPartOf":{"@id":"https:\/\/www.balzatex.com\/es\/#website"},"primaryImageOfPage":{"@id":"https:\/\/www.balzatex.com\/es\/produit\/2-toallas-invitadas-bordadas-2\/#primaryimage"},"image":{"@id":"https:\/\/www.balzatex.com\/es\/produit\/2-toallas-invitadas-bordadas-2\/#primaryimage"},"thumbnailUrl":"https:\/\/www.balzatex.com\/wp-content\/uploads\/2022\/03\/serviettes-invites-brodees-lot-boutons-scaled-e1647197587503.jpg","datePublished":"2022-03-07T07:09:45+00:00","dateModified":"2022-11-26T23:03:47+00:00","breadcrumb":{"@id":"https:\/\/www.balzatex.com\/es\/produit\/2-toallas-invitadas-bordadas-2\/#breadcrumb"},"inLanguage":"es","potentialAction":[{"@type":"ReadAction","target":["https:\/\/www.balzatex.com\/es\/produit\/2-toallas-invitadas-bordadas-2\/"]}]},{"@type":"ImageObject","inLanguage":"es","@id":"https:\/\/www.balzatex.com\/es\/produit\/2-toallas-invitadas-bordadas-2\/#primaryimage","url":"https:\/\/www.balzatex.com\/wp-content\/uploads\/2022\/03\/serviettes-invites-brodees-lot-boutons-scaled-e1647197587503.jpg","contentUrl":"https:\/\/www.balzatex.com\/wp-content\/uploads\/2022\/03\/serviettes-invites-brodees-lot-boutons-scaled-e1647197587503.jpg","width":604,"height":474},{"@type":"BreadcrumbList","@id":"https:\/\/www.balzatex.com\/es\/produit\/2-toallas-invitadas-bordadas-2\/#breadcrumb","itemListElement":[{"@type":"ListItem","position":1,"name":"Accueil","item":"https:\/\/www.balzatex.com\/es\/"},{"@type":"ListItem","position":2,"name":"Tienda","item":"https:\/\/www.balzatex.com\/es\/tienda\/"},{"@type":"ListItem","position":3,"name":"2 toallas de invitados bordadas"}]},{"@type":"WebSite","@id":"https:\/\/www.balzatex.com\/es\/#website","url":"https:\/\/www.balzatex.com\/es\/","name":"Balzatex","description":"Linge maison","potentialAction":[{"@type":"SearchAction","target":{"@type":"EntryPoint","urlTemplate":"https:\/\/www.balzatex.com\/es\/?s={search_term_string}"},"query-input":{"@type":"PropertyValueSpecification","valueRequired":true,"valueName":"search_term_string"}}],"inLanguage":"es"}]}},"_links":{"self":[{"href":"https:\/\/www.balzatex.com\/es\/wp-json\/wp\/v2\/product\/4101","targetHints":{"allow":["GET"]}}],"collection":[{"href":"https:\/\/www.balzatex.com\/es\/wp-json\/wp\/v2\/product"}],"about":[{"href":"https:\/\/www.balzatex.com\/es\/wp-json\/wp\/v2\/types\/product"}],"replies":[{"embeddable":true,"href":"https:\/\/www.balzatex.com\/es\/wp-json\/wp\/v2\/comments?post=4101"}],"wp:featuredmedia":[{"embeddable":true,"href":"https:\/\/www.balzatex.com\/es\/wp-json\/wp\/v2\/media\/2845"}],"wp:attachment":[{"href":"https:\/\/www.balzatex.com\/es\/wp-json\/wp\/v2\/media?parent=4101"}],"wp:term":[{"taxonomy":"product_brand","embeddable":true,"href":"https:\/\/www.balzatex.com\/es\/wp-json\/wp\/v2\/product_brand?post=4101"},{"taxonomy":"product_cat","embeddable":true,"href":"https:\/\/www.balzatex.com\/es\/wp-json\/wp\/v2\/product_cat?post=4101"},{"taxonomy":"product_tag","embeddable":true,"href":"https:\/\/www.balzatex.com\/es\/wp-json\/wp\/v2\/product_tag?post=4101"}],"curies":[{"name":"wp","href":"https:\/\/api.w.org\/{rel}","templated":true}]}}