{"id":4108,"date":"2022-03-03T16:17:03","date_gmt":"2022-03-03T15:17:03","guid":{"rendered":"https:\/\/www.balzatex.com\/produit\/selham-bordado\/"},"modified":"2022-03-03T16:17:03","modified_gmt":"2022-03-03T15:17:03","slug":"selham-bordado-copia","status":"publish","type":"product","link":"https:\/\/www.balzatex.com\/es\/produit\/selham-bordado-copia\/","title":{"rendered":"Selham bordado"},"content":{"rendered":"","protected":false},"excerpt":{"rendered":"<p>Con esta capa de ba\u00f1o, en rizo suave y muy esponjoso, el beb\u00e9 se divertir\u00e1 tanto saliendo de la ba\u00f1era como entrando. Su forma \u00abSelham\u00bb permite que quede bien envuelto. Un bonito patr\u00f3n bordado, de la colecci\u00f3n Dancer, est\u00e1 bordado en la capucha.<\/p>\n<p>Albornoz 100% algod\u00f3n, esponja tejida de 700 gr\/m\u00b2. Tama\u00f1o: alrededor de 80 cm<\/p>\n","protected":false},"featured_media":3211,"comment_status":"open","ping_status":"closed","template":"","meta":{"_joinchat":[]},"product_brand":[],"product_cat":[549,414],"product_tag":[500,322,325,355,520,541,333,335],"class_list":{"0":"post-4108","1":"product","2":"type-product","3":"status-publish","4":"has-post-thumbnail","6":"product_cat-ropa-de-bano-es","7":"product_cat-ropa-de-bebe","8":"product_tag-100-algodon","9":"product_tag-700-g-m","10":"product_tag-blanco-blanca","11":"product_tag-bordado","12":"product_tag-capa","13":"product_tag-coleccion-bailarina","14":"product_tag-coleccion-casa-blanca","15":"product_tag-color-piedra","17":"first","18":"instock","19":"shipping-taxable","20":"purchasable","21":"product-type-variable"},"supplier_id":null,"supplier_sku":"","barcode":null,"atum_controlled":true,"out_stock_date":null,"out_stock_threshold":null,"inheritable":true,"inbound_stock":0,"stock_on_hold":0,"sold_today":0,"sales_last_days":0,"reserved_stock":0,"customer_returns":0,"warehouse_damage":0,"lost_in_post":0,"other_logs":0,"out_stock_days":0,"lost_sales":0,"has_location":false,"update_date":"2023-09-01T09:09:39","atum_locations":[],"atum_stock_status":"instock","restock_status":false,"low_stock_amount":"","sales_update_date":"2023-09-01T09:09:39","calc_backorders":null,"yoast_head":"<!-- This site is optimized with the Yoast SEO plugin v27.4 - https:\/\/yoast.com\/product\/yoast-seo-wordpress\/ -->\n<title>Selham bordado - Balzatex<\/title>\n<meta name=\"robots\" content=\"index, follow, max-snippet:-1, max-image-preview:large, max-video-preview:-1\" \/>\n<link rel=\"canonical\" href=\"https:\/\/www.balzatex.com\/es\/produit\/selham-bordado-copia\/\" \/>\n<meta property=\"og:locale\" content=\"es_ES\" \/>\n<meta property=\"og:type\" content=\"article\" \/>\n<meta property=\"og:title\" content=\"Selham bordado - Balzatex\" \/>\n<meta property=\"og:description\" content=\"Con esta capa de ba\u00f1o, en rizo suave y muy esponjoso, el beb\u00e9 se divertir\u00e1 tanto saliendo de la ba\u00f1era como entrando. Su forma &quot;Selham&quot; permite que quede bien envuelto. Un bonito patr\u00f3n bordado, de la colecci\u00f3n Dancer, est\u00e1 bordado en la capucha. Albornoz 100% algod\u00f3n, esponja tejida de 700 gr\/m\u00b2. Tama\u00f1o: alrededor de 80 cm\" \/>\n<meta property=\"og:url\" content=\"https:\/\/www.balzatex.com\/es\/produit\/selham-bordado-copia\/\" \/>\n<meta property=\"og:site_name\" content=\"Balzatex\" \/>\n<meta property=\"og:image\" content=\"https:\/\/www.balzatex.com\/wp-content\/uploads\/2022\/03\/MG_6269-3.jpg\" \/>\n\t<meta property=\"og:image:width\" content=\"720\" \/>\n\t<meta property=\"og:image:height\" content=\"1080\" \/>\n\t<meta property=\"og:image:type\" content=\"image\/jpeg\" \/>\n<meta name=\"twitter:card\" content=\"summary_large_image\" \/>\n<script type=\"application\/ld+json\" class=\"yoast-schema-graph\">{\"@context\":\"https:\\\/\\\/schema.org\",\"@graph\":[{\"@type\":\"WebPage\",\"@id\":\"https:\\\/\\\/www.balzatex.com\\\/es\\\/produit\\\/selham-bordado-copia\\\/\",\"url\":\"https:\\\/\\\/www.balzatex.com\\\/es\\\/produit\\\/selham-bordado-copia\\\/\",\"name\":\"Selham bordado - Balzatex\",\"isPartOf\":{\"@id\":\"https:\\\/\\\/www.balzatex.com\\\/es\\\/#website\"},\"primaryImageOfPage\":{\"@id\":\"https:\\\/\\\/www.balzatex.com\\\/es\\\/produit\\\/selham-bordado-copia\\\/#primaryimage\"},\"image\":{\"@id\":\"https:\\\/\\\/www.balzatex.com\\\/es\\\/produit\\\/selham-bordado-copia\\\/#primaryimage\"},\"thumbnailUrl\":\"https:\\\/\\\/www.balzatex.com\\\/wp-content\\\/uploads\\\/2022\\\/03\\\/MG_6269-3.jpg\",\"datePublished\":\"2022-03-03T15:17:03+00:00\",\"breadcrumb\":{\"@id\":\"https:\\\/\\\/www.balzatex.com\\\/es\\\/produit\\\/selham-bordado-copia\\\/#breadcrumb\"},\"inLanguage\":\"es\",\"potentialAction\":[{\"@type\":\"ReadAction\",\"target\":[\"https:\\\/\\\/www.balzatex.com\\\/es\\\/produit\\\/selham-bordado-copia\\\/\"]}]},{\"@type\":\"ImageObject\",\"inLanguage\":\"es\",\"@id\":\"https:\\\/\\\/www.balzatex.com\\\/es\\\/produit\\\/selham-bordado-copia\\\/#primaryimage\",\"url\":\"https:\\\/\\\/www.balzatex.com\\\/wp-content\\\/uploads\\\/2022\\\/03\\\/MG_6269-3.jpg\",\"contentUrl\":\"https:\\\/\\\/www.balzatex.com\\\/wp-content\\\/uploads\\\/2022\\\/03\\\/MG_6269-3.jpg\",\"width\":720,\"height\":1080},{\"@type\":\"BreadcrumbList\",\"@id\":\"https:\\\/\\\/www.balzatex.com\\\/es\\\/produit\\\/selham-bordado-copia\\\/#breadcrumb\",\"itemListElement\":[{\"@type\":\"ListItem\",\"position\":1,\"name\":\"Accueil\",\"item\":\"https:\\\/\\\/www.balzatex.com\\\/es\\\/\"},{\"@type\":\"ListItem\",\"position\":2,\"name\":\"Tienda\",\"item\":\"https:\\\/\\\/www.balzatex.com\\\/es\\\/tienda\\\/\"},{\"@type\":\"ListItem\",\"position\":3,\"name\":\"Selham bordado\"}]},{\"@type\":\"WebSite\",\"@id\":\"https:\\\/\\\/www.balzatex.com\\\/es\\\/#website\",\"url\":\"https:\\\/\\\/www.balzatex.com\\\/es\\\/\",\"name\":\"Balzatex\",\"description\":\"Linge maison\",\"potentialAction\":[{\"@type\":\"SearchAction\",\"target\":{\"@type\":\"EntryPoint\",\"urlTemplate\":\"https:\\\/\\\/www.balzatex.com\\\/es\\\/?s={search_term_string}\"},\"query-input\":{\"@type\":\"PropertyValueSpecification\",\"valueRequired\":true,\"valueName\":\"search_term_string\"}}],\"inLanguage\":\"es\"}]}<\/script>\n<!-- \/ Yoast SEO plugin. -->","yoast_head_json":{"title":"Selham bordado - Balzatex","robots":{"index":"index","follow":"follow","max-snippet":"max-snippet:-1","max-image-preview":"max-image-preview:large","max-video-preview":"max-video-preview:-1"},"canonical":"https:\/\/www.balzatex.com\/es\/produit\/selham-bordado-copia\/","og_locale":"es_ES","og_type":"article","og_title":"Selham bordado - Balzatex","og_description":"Con esta capa de ba\u00f1o, en rizo suave y muy esponjoso, el beb\u00e9 se divertir\u00e1 tanto saliendo de la ba\u00f1era como entrando. Su forma \"Selham\" permite que quede bien envuelto. Un bonito patr\u00f3n bordado, de la colecci\u00f3n Dancer, est\u00e1 bordado en la capucha. Albornoz 100% algod\u00f3n, esponja tejida de 700 gr\/m\u00b2. Tama\u00f1o: alrededor de 80 cm","og_url":"https:\/\/www.balzatex.com\/es\/produit\/selham-bordado-copia\/","og_site_name":"Balzatex","og_image":[{"width":720,"height":1080,"url":"https:\/\/www.balzatex.com\/wp-content\/uploads\/2022\/03\/MG_6269-3.jpg","type":"image\/jpeg"}],"twitter_card":"summary_large_image","schema":{"@context":"https:\/\/schema.org","@graph":[{"@type":"WebPage","@id":"https:\/\/www.balzatex.com\/es\/produit\/selham-bordado-copia\/","url":"https:\/\/www.balzatex.com\/es\/produit\/selham-bordado-copia\/","name":"Selham bordado - Balzatex","isPartOf":{"@id":"https:\/\/www.balzatex.com\/es\/#website"},"primaryImageOfPage":{"@id":"https:\/\/www.balzatex.com\/es\/produit\/selham-bordado-copia\/#primaryimage"},"image":{"@id":"https:\/\/www.balzatex.com\/es\/produit\/selham-bordado-copia\/#primaryimage"},"thumbnailUrl":"https:\/\/www.balzatex.com\/wp-content\/uploads\/2022\/03\/MG_6269-3.jpg","datePublished":"2022-03-03T15:17:03+00:00","breadcrumb":{"@id":"https:\/\/www.balzatex.com\/es\/produit\/selham-bordado-copia\/#breadcrumb"},"inLanguage":"es","potentialAction":[{"@type":"ReadAction","target":["https:\/\/www.balzatex.com\/es\/produit\/selham-bordado-copia\/"]}]},{"@type":"ImageObject","inLanguage":"es","@id":"https:\/\/www.balzatex.com\/es\/produit\/selham-bordado-copia\/#primaryimage","url":"https:\/\/www.balzatex.com\/wp-content\/uploads\/2022\/03\/MG_6269-3.jpg","contentUrl":"https:\/\/www.balzatex.com\/wp-content\/uploads\/2022\/03\/MG_6269-3.jpg","width":720,"height":1080},{"@type":"BreadcrumbList","@id":"https:\/\/www.balzatex.com\/es\/produit\/selham-bordado-copia\/#breadcrumb","itemListElement":[{"@type":"ListItem","position":1,"name":"Accueil","item":"https:\/\/www.balzatex.com\/es\/"},{"@type":"ListItem","position":2,"name":"Tienda","item":"https:\/\/www.balzatex.com\/es\/tienda\/"},{"@type":"ListItem","position":3,"name":"Selham bordado"}]},{"@type":"WebSite","@id":"https:\/\/www.balzatex.com\/es\/#website","url":"https:\/\/www.balzatex.com\/es\/","name":"Balzatex","description":"Linge maison","potentialAction":[{"@type":"SearchAction","target":{"@type":"EntryPoint","urlTemplate":"https:\/\/www.balzatex.com\/es\/?s={search_term_string}"},"query-input":{"@type":"PropertyValueSpecification","valueRequired":true,"valueName":"search_term_string"}}],"inLanguage":"es"}]}},"_links":{"self":[{"href":"https:\/\/www.balzatex.com\/es\/wp-json\/wp\/v2\/product\/4108","targetHints":{"allow":["GET"]}}],"collection":[{"href":"https:\/\/www.balzatex.com\/es\/wp-json\/wp\/v2\/product"}],"about":[{"href":"https:\/\/www.balzatex.com\/es\/wp-json\/wp\/v2\/types\/product"}],"replies":[{"embeddable":true,"href":"https:\/\/www.balzatex.com\/es\/wp-json\/wp\/v2\/comments?post=4108"}],"wp:featuredmedia":[{"embeddable":true,"href":"https:\/\/www.balzatex.com\/es\/wp-json\/wp\/v2\/media\/3211"}],"wp:attachment":[{"href":"https:\/\/www.balzatex.com\/es\/wp-json\/wp\/v2\/media?parent=4108"}],"wp:term":[{"taxonomy":"product_brand","embeddable":true,"href":"https:\/\/www.balzatex.com\/es\/wp-json\/wp\/v2\/product_brand?post=4108"},{"taxonomy":"product_cat","embeddable":true,"href":"https:\/\/www.balzatex.com\/es\/wp-json\/wp\/v2\/product_cat?post=4108"},{"taxonomy":"product_tag","embeddable":true,"href":"https:\/\/www.balzatex.com\/es\/wp-json\/wp\/v2\/product_tag?post=4108"}],"curies":[{"name":"wp","href":"https:\/\/api.w.org\/{rel}","templated":true}]}}