{"id":4114,"date":"2022-03-03T16:32:22","date_gmt":"2022-03-03T15:32:22","guid":{"rendered":"https:\/\/www.balzatex.com\/produit\/capa-de-bano-con-pompon-1er-mes\/"},"modified":"2022-03-03T16:32:22","modified_gmt":"2022-03-03T15:32:22","slug":"capa-de-bano-con-pompon-1-meses","status":"publish","type":"product","link":"https:\/\/www.balzatex.com\/es\/produit\/capa-de-bano-con-pompon-1-meses\/","title":{"rendered":"Capa de ba\u00f1o con pomp\u00f3n 1er mes"},"content":{"rendered":"","protected":false},"excerpt":{"rendered":"<p>Con esta capa de ba\u00f1o, en rizo suave y muy esponjoso, el beb\u00e9 se divertir\u00e1 tanto saliendo de la ba\u00f1era como entrando. Su forma \u00abSelham\u00bb permite que quede bien envuelto. La capota est\u00e1 adornada con un gran pomp\u00f3n hecho a mano, que le dar\u00e1 a tu hijo el aspecto de un peque\u00f1o sult\u00e1n.<\/p>\n<p>Tama\u00f1o: unos 80 cm.<\/p>\n<p>Composici\u00f3n: 100 % algod\u00f3n, tejido de rizo de 700 gr\/m\u00b2.<\/p>\n<p>Peque\u00f1o detalle: el pomp\u00f3n es extra\u00edble, recuerda quitarlo antes del lavado para maximizar su vida \u00fatil.<span class=\"Apple-converted-space\"> <\/span><\/p>\n","protected":false},"featured_media":2951,"comment_status":"open","ping_status":"closed","template":"","meta":{"_joinchat":[]},"product_brand":[],"product_cat":[413,549,414],"product_tag":[500,322,557,520,333],"class_list":{"0":"post-4114","1":"product","2":"type-product","3":"status-publish","4":"has-post-thumbnail","6":"product_cat-accesorios","7":"product_cat-ropa-de-bano-es","8":"product_cat-ropa-de-bebe","9":"product_tag-100-algodon","10":"product_tag-700-g-m","11":"product_tag-bebe-es","12":"product_tag-capa","13":"product_tag-coleccion-casa-blanca","15":"first","16":"instock","17":"shipping-taxable","18":"purchasable","19":"product-type-variable"},"supplier_id":null,"supplier_sku":"","barcode":null,"atum_controlled":true,"out_stock_date":null,"out_stock_threshold":null,"inheritable":true,"inbound_stock":0,"stock_on_hold":0,"sold_today":0,"sales_last_days":0,"reserved_stock":0,"customer_returns":0,"warehouse_damage":0,"lost_in_post":0,"other_logs":0,"out_stock_days":0,"lost_sales":0,"has_location":false,"update_date":"2023-11-17T07:48:06","atum_locations":[],"atum_stock_status":"instock","restock_status":false,"low_stock_amount":"","sales_update_date":"2023-09-09T09:19:39","calc_backorders":null,"yoast_head":"<!-- This site is optimized with the Yoast SEO plugin v27.4 - https:\/\/yoast.com\/product\/yoast-seo-wordpress\/ -->\n<title>Capa de ba\u00f1o con pomp\u00f3n 1er mes - Balzatex<\/title>\n<meta name=\"robots\" content=\"index, follow, max-snippet:-1, max-image-preview:large, max-video-preview:-1\" \/>\n<link rel=\"canonical\" href=\"https:\/\/www.balzatex.com\/es\/produit\/capa-de-bano-con-pompon-1-meses\/\" \/>\n<meta property=\"og:locale\" content=\"es_ES\" \/>\n<meta property=\"og:type\" content=\"article\" \/>\n<meta property=\"og:title\" content=\"Capa de ba\u00f1o con pomp\u00f3n 1er mes - Balzatex\" \/>\n<meta property=\"og:description\" content=\"Con esta capa de ba\u00f1o, en rizo suave y muy esponjoso, el beb\u00e9 se divertir\u00e1 tanto saliendo de la ba\u00f1era como entrando. Su forma &quot;Selham&quot; permite que quede bien envuelto. La capota est\u00e1 adornada con un gran pomp\u00f3n hecho a mano, que le dar\u00e1 a tu hijo el aspecto de un peque\u00f1o sult\u00e1n. Tama\u00f1o: unos 80 cm. Composici\u00f3n: 100 % algod\u00f3n, tejido de rizo de 700 gr\/m\u00b2. Peque\u00f1o detalle: el pomp\u00f3n es extra\u00edble, recuerda quitarlo antes del lavado para maximizar su vida \u00fatil.\" \/>\n<meta property=\"og:url\" content=\"https:\/\/www.balzatex.com\/es\/produit\/capa-de-bano-con-pompon-1-meses\/\" \/>\n<meta property=\"og:site_name\" content=\"Balzatex\" \/>\n<meta property=\"og:image\" content=\"https:\/\/www.balzatex.com\/wp-content\/uploads\/2022\/03\/MG_5725-scaled-e1647447462234.jpg\" \/>\n\t<meta property=\"og:image:width\" content=\"800\" \/>\n\t<meta property=\"og:image:height\" content=\"1200\" \/>\n\t<meta property=\"og:image:type\" content=\"image\/jpeg\" \/>\n<meta name=\"twitter:card\" content=\"summary_large_image\" \/>\n<script type=\"application\/ld+json\" class=\"yoast-schema-graph\">{\"@context\":\"https:\\\/\\\/schema.org\",\"@graph\":[{\"@type\":\"WebPage\",\"@id\":\"https:\\\/\\\/www.balzatex.com\\\/es\\\/produit\\\/capa-de-bano-con-pompon-1-meses\\\/\",\"url\":\"https:\\\/\\\/www.balzatex.com\\\/es\\\/produit\\\/capa-de-bano-con-pompon-1-meses\\\/\",\"name\":\"Capa de ba\u00f1o con pomp\u00f3n 1er mes - Balzatex\",\"isPartOf\":{\"@id\":\"https:\\\/\\\/www.balzatex.com\\\/es\\\/#website\"},\"primaryImageOfPage\":{\"@id\":\"https:\\\/\\\/www.balzatex.com\\\/es\\\/produit\\\/capa-de-bano-con-pompon-1-meses\\\/#primaryimage\"},\"image\":{\"@id\":\"https:\\\/\\\/www.balzatex.com\\\/es\\\/produit\\\/capa-de-bano-con-pompon-1-meses\\\/#primaryimage\"},\"thumbnailUrl\":\"https:\\\/\\\/www.balzatex.com\\\/wp-content\\\/uploads\\\/2022\\\/03\\\/MG_5725-scaled-e1647447462234.jpg\",\"datePublished\":\"2022-03-03T15:32:22+00:00\",\"breadcrumb\":{\"@id\":\"https:\\\/\\\/www.balzatex.com\\\/es\\\/produit\\\/capa-de-bano-con-pompon-1-meses\\\/#breadcrumb\"},\"inLanguage\":\"es\",\"potentialAction\":[{\"@type\":\"ReadAction\",\"target\":[\"https:\\\/\\\/www.balzatex.com\\\/es\\\/produit\\\/capa-de-bano-con-pompon-1-meses\\\/\"]}]},{\"@type\":\"ImageObject\",\"inLanguage\":\"es\",\"@id\":\"https:\\\/\\\/www.balzatex.com\\\/es\\\/produit\\\/capa-de-bano-con-pompon-1-meses\\\/#primaryimage\",\"url\":\"https:\\\/\\\/www.balzatex.com\\\/wp-content\\\/uploads\\\/2022\\\/03\\\/MG_5725-scaled-e1647447462234.jpg\",\"contentUrl\":\"https:\\\/\\\/www.balzatex.com\\\/wp-content\\\/uploads\\\/2022\\\/03\\\/MG_5725-scaled-e1647447462234.jpg\",\"width\":800,\"height\":1200},{\"@type\":\"BreadcrumbList\",\"@id\":\"https:\\\/\\\/www.balzatex.com\\\/es\\\/produit\\\/capa-de-bano-con-pompon-1-meses\\\/#breadcrumb\",\"itemListElement\":[{\"@type\":\"ListItem\",\"position\":1,\"name\":\"Accueil\",\"item\":\"https:\\\/\\\/www.balzatex.com\\\/es\\\/\"},{\"@type\":\"ListItem\",\"position\":2,\"name\":\"Tienda\",\"item\":\"https:\\\/\\\/www.balzatex.com\\\/es\\\/tienda\\\/\"},{\"@type\":\"ListItem\",\"position\":3,\"name\":\"Capa de ba\u00f1o con pomp\u00f3n 1er mes\"}]},{\"@type\":\"WebSite\",\"@id\":\"https:\\\/\\\/www.balzatex.com\\\/es\\\/#website\",\"url\":\"https:\\\/\\\/www.balzatex.com\\\/es\\\/\",\"name\":\"Balzatex\",\"description\":\"Linge maison\",\"potentialAction\":[{\"@type\":\"SearchAction\",\"target\":{\"@type\":\"EntryPoint\",\"urlTemplate\":\"https:\\\/\\\/www.balzatex.com\\\/es\\\/?s={search_term_string}\"},\"query-input\":{\"@type\":\"PropertyValueSpecification\",\"valueRequired\":true,\"valueName\":\"search_term_string\"}}],\"inLanguage\":\"es\"}]}<\/script>\n<!-- \/ Yoast SEO plugin. -->","yoast_head_json":{"title":"Capa de ba\u00f1o con pomp\u00f3n 1er mes - Balzatex","robots":{"index":"index","follow":"follow","max-snippet":"max-snippet:-1","max-image-preview":"max-image-preview:large","max-video-preview":"max-video-preview:-1"},"canonical":"https:\/\/www.balzatex.com\/es\/produit\/capa-de-bano-con-pompon-1-meses\/","og_locale":"es_ES","og_type":"article","og_title":"Capa de ba\u00f1o con pomp\u00f3n 1er mes - Balzatex","og_description":"Con esta capa de ba\u00f1o, en rizo suave y muy esponjoso, el beb\u00e9 se divertir\u00e1 tanto saliendo de la ba\u00f1era como entrando. Su forma \"Selham\" permite que quede bien envuelto. La capota est\u00e1 adornada con un gran pomp\u00f3n hecho a mano, que le dar\u00e1 a tu hijo el aspecto de un peque\u00f1o sult\u00e1n. Tama\u00f1o: unos 80 cm. Composici\u00f3n: 100 % algod\u00f3n, tejido de rizo de 700 gr\/m\u00b2. Peque\u00f1o detalle: el pomp\u00f3n es extra\u00edble, recuerda quitarlo antes del lavado para maximizar su vida \u00fatil.","og_url":"https:\/\/www.balzatex.com\/es\/produit\/capa-de-bano-con-pompon-1-meses\/","og_site_name":"Balzatex","og_image":[{"width":800,"height":1200,"url":"https:\/\/www.balzatex.com\/wp-content\/uploads\/2022\/03\/MG_5725-scaled-e1647447462234.jpg","type":"image\/jpeg"}],"twitter_card":"summary_large_image","schema":{"@context":"https:\/\/schema.org","@graph":[{"@type":"WebPage","@id":"https:\/\/www.balzatex.com\/es\/produit\/capa-de-bano-con-pompon-1-meses\/","url":"https:\/\/www.balzatex.com\/es\/produit\/capa-de-bano-con-pompon-1-meses\/","name":"Capa de ba\u00f1o con pomp\u00f3n 1er mes - Balzatex","isPartOf":{"@id":"https:\/\/www.balzatex.com\/es\/#website"},"primaryImageOfPage":{"@id":"https:\/\/www.balzatex.com\/es\/produit\/capa-de-bano-con-pompon-1-meses\/#primaryimage"},"image":{"@id":"https:\/\/www.balzatex.com\/es\/produit\/capa-de-bano-con-pompon-1-meses\/#primaryimage"},"thumbnailUrl":"https:\/\/www.balzatex.com\/wp-content\/uploads\/2022\/03\/MG_5725-scaled-e1647447462234.jpg","datePublished":"2022-03-03T15:32:22+00:00","breadcrumb":{"@id":"https:\/\/www.balzatex.com\/es\/produit\/capa-de-bano-con-pompon-1-meses\/#breadcrumb"},"inLanguage":"es","potentialAction":[{"@type":"ReadAction","target":["https:\/\/www.balzatex.com\/es\/produit\/capa-de-bano-con-pompon-1-meses\/"]}]},{"@type":"ImageObject","inLanguage":"es","@id":"https:\/\/www.balzatex.com\/es\/produit\/capa-de-bano-con-pompon-1-meses\/#primaryimage","url":"https:\/\/www.balzatex.com\/wp-content\/uploads\/2022\/03\/MG_5725-scaled-e1647447462234.jpg","contentUrl":"https:\/\/www.balzatex.com\/wp-content\/uploads\/2022\/03\/MG_5725-scaled-e1647447462234.jpg","width":800,"height":1200},{"@type":"BreadcrumbList","@id":"https:\/\/www.balzatex.com\/es\/produit\/capa-de-bano-con-pompon-1-meses\/#breadcrumb","itemListElement":[{"@type":"ListItem","position":1,"name":"Accueil","item":"https:\/\/www.balzatex.com\/es\/"},{"@type":"ListItem","position":2,"name":"Tienda","item":"https:\/\/www.balzatex.com\/es\/tienda\/"},{"@type":"ListItem","position":3,"name":"Capa de ba\u00f1o con pomp\u00f3n 1er mes"}]},{"@type":"WebSite","@id":"https:\/\/www.balzatex.com\/es\/#website","url":"https:\/\/www.balzatex.com\/es\/","name":"Balzatex","description":"Linge maison","potentialAction":[{"@type":"SearchAction","target":{"@type":"EntryPoint","urlTemplate":"https:\/\/www.balzatex.com\/es\/?s={search_term_string}"},"query-input":{"@type":"PropertyValueSpecification","valueRequired":true,"valueName":"search_term_string"}}],"inLanguage":"es"}]}},"_links":{"self":[{"href":"https:\/\/www.balzatex.com\/es\/wp-json\/wp\/v2\/product\/4114","targetHints":{"allow":["GET"]}}],"collection":[{"href":"https:\/\/www.balzatex.com\/es\/wp-json\/wp\/v2\/product"}],"about":[{"href":"https:\/\/www.balzatex.com\/es\/wp-json\/wp\/v2\/types\/product"}],"replies":[{"embeddable":true,"href":"https:\/\/www.balzatex.com\/es\/wp-json\/wp\/v2\/comments?post=4114"}],"wp:featuredmedia":[{"embeddable":true,"href":"https:\/\/www.balzatex.com\/es\/wp-json\/wp\/v2\/media\/2951"}],"wp:attachment":[{"href":"https:\/\/www.balzatex.com\/es\/wp-json\/wp\/v2\/media?parent=4114"}],"wp:term":[{"taxonomy":"product_brand","embeddable":true,"href":"https:\/\/www.balzatex.com\/es\/wp-json\/wp\/v2\/product_brand?post=4114"},{"taxonomy":"product_cat","embeddable":true,"href":"https:\/\/www.balzatex.com\/es\/wp-json\/wp\/v2\/product_cat?post=4114"},{"taxonomy":"product_tag","embeddable":true,"href":"https:\/\/www.balzatex.com\/es\/wp-json\/wp\/v2\/product_tag?post=4114"}],"curies":[{"name":"wp","href":"https:\/\/api.w.org\/{rel}","templated":true}]}}