{"id":4137,"date":"2022-03-06T23:25:14","date_gmt":"2022-03-06T22:25:14","guid":{"rendered":"https:\/\/www.balzatex.com\/produit\/cesta-redonda-2\/"},"modified":"2022-03-06T23:25:14","modified_gmt":"2022-03-06T22:25:14","slug":"cesta-ronda-2","status":"publish","type":"product","link":"https:\/\/www.balzatex.com\/es\/produit\/cesta-ronda-2\/","title":{"rendered":"Cesta redonda"},"content":{"rendered":"","protected":false},"excerpt":{"rendered":"<div id=\"product-description-short-106\" class=\"product-desc\">\n<p>Una peque\u00f1a cesta para guardar bien tus pa\u00f1os de cocina, tus toallas de invitados&#8230;<\/p>\n<p>En tejido de rizo de 700 gr\/m2, forrado con algod\u00f3n percal. Di\u00e1metro: 18 cm altura: 17 cm<\/p>\n<p>Los pa\u00f1os se venden por separado.<\/p>\n<\/div>\n","protected":false},"featured_media":2793,"comment_status":"open","ping_status":"closed","template":"","meta":{"_joinchat":[]},"product_brand":[],"product_cat":[389,356,374,318,310,367],"product_tag":[322,347,366,355,348,365,562,563,564,561],"class_list":{"0":"post-4137","1":"product","2":"type-product","3":"status-publish","4":"has-post-thumbnail","6":"product_cat-akidates-nuestros-botones","7":"product_cat-bordado","8":"product_cat-los-chouchates-nuestros-pompones","9":"product_cat-nuestros-basicos-700g-m","10":"product_cat-ropa-de-bano","11":"product_cat-unido","12":"product_tag-700-g-m","13":"product_tag-balzatex-chouchates-o-pompones","14":"product_tag-bolsa","15":"product_tag-bordado","16":"product_tag-botones-akitades-o-balzatex","17":"product_tag-cesta","18":"product_tag-color-azafran","19":"product_tag-color-oro-viejo","20":"product_tag-de-color-caqui","21":"product_tag-la-coleccion-de-marrakech-y-sus-especias","23":"first","24":"instock","25":"shipping-taxable","26":"purchasable","27":"product-type-variable"},"supplier_id":null,"supplier_sku":"","barcode":null,"atum_controlled":true,"out_stock_date":null,"out_stock_threshold":null,"inheritable":true,"inbound_stock":0,"stock_on_hold":0,"sold_today":0,"sales_last_days":0,"reserved_stock":0,"customer_returns":0,"warehouse_damage":0,"lost_in_post":0,"other_logs":0,"out_stock_days":0,"lost_sales":0,"has_location":false,"update_date":"2023-11-17T07:50:47","atum_locations":[],"atum_stock_status":"instock","restock_status":false,"low_stock_amount":"","sales_update_date":"2023-09-12T09:24:04","calc_backorders":null,"yoast_head":"<!-- This site is optimized with the Yoast SEO plugin v27.4 - https:\/\/yoast.com\/product\/yoast-seo-wordpress\/ -->\n<title>Cesta redonda - Balzatex<\/title>\n<meta name=\"robots\" content=\"index, follow, max-snippet:-1, max-image-preview:large, max-video-preview:-1\" \/>\n<link rel=\"canonical\" href=\"https:\/\/www.balzatex.com\/es\/produit\/cesta-ronda-2\/\" \/>\n<meta property=\"og:locale\" content=\"es_ES\" \/>\n<meta property=\"og:type\" content=\"article\" \/>\n<meta property=\"og:title\" content=\"Cesta redonda - Balzatex\" \/>\n<meta property=\"og:description\" content=\"Una peque\u00f1a cesta para guardar bien tus pa\u00f1os de cocina, tus toallas de invitados... En tejido de rizo de 700 gr\/m2, forrado con algod\u00f3n percal. Di\u00e1metro: 18 cm altura: 17 cm Los pa\u00f1os se venden por separado.\" \/>\n<meta property=\"og:url\" content=\"https:\/\/www.balzatex.com\/es\/produit\/cesta-ronda-2\/\" \/>\n<meta property=\"og:site_name\" content=\"Balzatex\" \/>\n<meta property=\"og:image\" content=\"https:\/\/www.balzatex.com\/wp-content\/uploads\/2022\/03\/panier-safran-gants-damasse-serviettes-pompons-scaled-e1647190846173.jpg\" \/>\n\t<meta property=\"og:image:width\" content=\"800\" \/>\n\t<meta property=\"og:image:height\" content=\"533\" \/>\n\t<meta property=\"og:image:type\" content=\"image\/jpeg\" \/>\n<meta name=\"twitter:card\" content=\"summary_large_image\" \/>\n<script type=\"application\/ld+json\" class=\"yoast-schema-graph\">{\"@context\":\"https:\\\/\\\/schema.org\",\"@graph\":[{\"@type\":\"WebPage\",\"@id\":\"https:\\\/\\\/www.balzatex.com\\\/es\\\/produit\\\/cesta-ronda-2\\\/\",\"url\":\"https:\\\/\\\/www.balzatex.com\\\/es\\\/produit\\\/cesta-ronda-2\\\/\",\"name\":\"Cesta redonda - Balzatex\",\"isPartOf\":{\"@id\":\"https:\\\/\\\/www.balzatex.com\\\/es\\\/#website\"},\"primaryImageOfPage\":{\"@id\":\"https:\\\/\\\/www.balzatex.com\\\/es\\\/produit\\\/cesta-ronda-2\\\/#primaryimage\"},\"image\":{\"@id\":\"https:\\\/\\\/www.balzatex.com\\\/es\\\/produit\\\/cesta-ronda-2\\\/#primaryimage\"},\"thumbnailUrl\":\"https:\\\/\\\/www.balzatex.com\\\/wp-content\\\/uploads\\\/2022\\\/03\\\/panier-safran-gants-damasse-serviettes-pompons-scaled-e1647190846173.jpg\",\"datePublished\":\"2022-03-06T22:25:14+00:00\",\"breadcrumb\":{\"@id\":\"https:\\\/\\\/www.balzatex.com\\\/es\\\/produit\\\/cesta-ronda-2\\\/#breadcrumb\"},\"inLanguage\":\"es\",\"potentialAction\":[{\"@type\":\"ReadAction\",\"target\":[\"https:\\\/\\\/www.balzatex.com\\\/es\\\/produit\\\/cesta-ronda-2\\\/\"]}]},{\"@type\":\"ImageObject\",\"inLanguage\":\"es\",\"@id\":\"https:\\\/\\\/www.balzatex.com\\\/es\\\/produit\\\/cesta-ronda-2\\\/#primaryimage\",\"url\":\"https:\\\/\\\/www.balzatex.com\\\/wp-content\\\/uploads\\\/2022\\\/03\\\/panier-safran-gants-damasse-serviettes-pompons-scaled-e1647190846173.jpg\",\"contentUrl\":\"https:\\\/\\\/www.balzatex.com\\\/wp-content\\\/uploads\\\/2022\\\/03\\\/panier-safran-gants-damasse-serviettes-pompons-scaled-e1647190846173.jpg\",\"width\":800,\"height\":533},{\"@type\":\"BreadcrumbList\",\"@id\":\"https:\\\/\\\/www.balzatex.com\\\/es\\\/produit\\\/cesta-ronda-2\\\/#breadcrumb\",\"itemListElement\":[{\"@type\":\"ListItem\",\"position\":1,\"name\":\"Accueil\",\"item\":\"https:\\\/\\\/www.balzatex.com\\\/es\\\/\"},{\"@type\":\"ListItem\",\"position\":2,\"name\":\"Tienda\",\"item\":\"https:\\\/\\\/www.balzatex.com\\\/es\\\/tienda\\\/\"},{\"@type\":\"ListItem\",\"position\":3,\"name\":\"Cesta redonda\"}]},{\"@type\":\"WebSite\",\"@id\":\"https:\\\/\\\/www.balzatex.com\\\/es\\\/#website\",\"url\":\"https:\\\/\\\/www.balzatex.com\\\/es\\\/\",\"name\":\"Balzatex\",\"description\":\"Linge maison\",\"potentialAction\":[{\"@type\":\"SearchAction\",\"target\":{\"@type\":\"EntryPoint\",\"urlTemplate\":\"https:\\\/\\\/www.balzatex.com\\\/es\\\/?s={search_term_string}\"},\"query-input\":{\"@type\":\"PropertyValueSpecification\",\"valueRequired\":true,\"valueName\":\"search_term_string\"}}],\"inLanguage\":\"es\"}]}<\/script>\n<!-- \/ Yoast SEO plugin. -->","yoast_head_json":{"title":"Cesta redonda - Balzatex","robots":{"index":"index","follow":"follow","max-snippet":"max-snippet:-1","max-image-preview":"max-image-preview:large","max-video-preview":"max-video-preview:-1"},"canonical":"https:\/\/www.balzatex.com\/es\/produit\/cesta-ronda-2\/","og_locale":"es_ES","og_type":"article","og_title":"Cesta redonda - Balzatex","og_description":"Una peque\u00f1a cesta para guardar bien tus pa\u00f1os de cocina, tus toallas de invitados... En tejido de rizo de 700 gr\/m2, forrado con algod\u00f3n percal. Di\u00e1metro: 18 cm altura: 17 cm Los pa\u00f1os se venden por separado.","og_url":"https:\/\/www.balzatex.com\/es\/produit\/cesta-ronda-2\/","og_site_name":"Balzatex","og_image":[{"width":800,"height":533,"url":"https:\/\/www.balzatex.com\/wp-content\/uploads\/2022\/03\/panier-safran-gants-damasse-serviettes-pompons-scaled-e1647190846173.jpg","type":"image\/jpeg"}],"twitter_card":"summary_large_image","schema":{"@context":"https:\/\/schema.org","@graph":[{"@type":"WebPage","@id":"https:\/\/www.balzatex.com\/es\/produit\/cesta-ronda-2\/","url":"https:\/\/www.balzatex.com\/es\/produit\/cesta-ronda-2\/","name":"Cesta redonda - Balzatex","isPartOf":{"@id":"https:\/\/www.balzatex.com\/es\/#website"},"primaryImageOfPage":{"@id":"https:\/\/www.balzatex.com\/es\/produit\/cesta-ronda-2\/#primaryimage"},"image":{"@id":"https:\/\/www.balzatex.com\/es\/produit\/cesta-ronda-2\/#primaryimage"},"thumbnailUrl":"https:\/\/www.balzatex.com\/wp-content\/uploads\/2022\/03\/panier-safran-gants-damasse-serviettes-pompons-scaled-e1647190846173.jpg","datePublished":"2022-03-06T22:25:14+00:00","breadcrumb":{"@id":"https:\/\/www.balzatex.com\/es\/produit\/cesta-ronda-2\/#breadcrumb"},"inLanguage":"es","potentialAction":[{"@type":"ReadAction","target":["https:\/\/www.balzatex.com\/es\/produit\/cesta-ronda-2\/"]}]},{"@type":"ImageObject","inLanguage":"es","@id":"https:\/\/www.balzatex.com\/es\/produit\/cesta-ronda-2\/#primaryimage","url":"https:\/\/www.balzatex.com\/wp-content\/uploads\/2022\/03\/panier-safran-gants-damasse-serviettes-pompons-scaled-e1647190846173.jpg","contentUrl":"https:\/\/www.balzatex.com\/wp-content\/uploads\/2022\/03\/panier-safran-gants-damasse-serviettes-pompons-scaled-e1647190846173.jpg","width":800,"height":533},{"@type":"BreadcrumbList","@id":"https:\/\/www.balzatex.com\/es\/produit\/cesta-ronda-2\/#breadcrumb","itemListElement":[{"@type":"ListItem","position":1,"name":"Accueil","item":"https:\/\/www.balzatex.com\/es\/"},{"@type":"ListItem","position":2,"name":"Tienda","item":"https:\/\/www.balzatex.com\/es\/tienda\/"},{"@type":"ListItem","position":3,"name":"Cesta redonda"}]},{"@type":"WebSite","@id":"https:\/\/www.balzatex.com\/es\/#website","url":"https:\/\/www.balzatex.com\/es\/","name":"Balzatex","description":"Linge maison","potentialAction":[{"@type":"SearchAction","target":{"@type":"EntryPoint","urlTemplate":"https:\/\/www.balzatex.com\/es\/?s={search_term_string}"},"query-input":{"@type":"PropertyValueSpecification","valueRequired":true,"valueName":"search_term_string"}}],"inLanguage":"es"}]}},"_links":{"self":[{"href":"https:\/\/www.balzatex.com\/es\/wp-json\/wp\/v2\/product\/4137","targetHints":{"allow":["GET"]}}],"collection":[{"href":"https:\/\/www.balzatex.com\/es\/wp-json\/wp\/v2\/product"}],"about":[{"href":"https:\/\/www.balzatex.com\/es\/wp-json\/wp\/v2\/types\/product"}],"replies":[{"embeddable":true,"href":"https:\/\/www.balzatex.com\/es\/wp-json\/wp\/v2\/comments?post=4137"}],"wp:featuredmedia":[{"embeddable":true,"href":"https:\/\/www.balzatex.com\/es\/wp-json\/wp\/v2\/media\/2793"}],"wp:attachment":[{"href":"https:\/\/www.balzatex.com\/es\/wp-json\/wp\/v2\/media?parent=4137"}],"wp:term":[{"taxonomy":"product_brand","embeddable":true,"href":"https:\/\/www.balzatex.com\/es\/wp-json\/wp\/v2\/product_brand?post=4137"},{"taxonomy":"product_cat","embeddable":true,"href":"https:\/\/www.balzatex.com\/es\/wp-json\/wp\/v2\/product_cat?post=4137"},{"taxonomy":"product_tag","embeddable":true,"href":"https:\/\/www.balzatex.com\/es\/wp-json\/wp\/v2\/product_tag?post=4137"}],"curies":[{"name":"wp","href":"https:\/\/api.w.org\/{rel}","templated":true}]}}