{"id":4206,"date":"2022-03-07T07:54:36","date_gmt":"2022-03-07T06:54:36","guid":{"rendered":"https:\/\/www.balzatex.com\/produit\/conjuntos-bordados-de-3-piezas-2\/"},"modified":"2022-03-07T07:54:36","modified_gmt":"2022-03-07T06:54:36","slug":"adornos-3-piezas-bordados-2","status":"publish","type":"product","link":"https:\/\/www.balzatex.com\/es\/produit\/adornos-3-piezas-bordados-2\/","title":{"rendered":"Conjuntos bordados de 3 piezas"},"content":{"rendered":"","protected":false},"excerpt":{"rendered":"<p>CUANDO SALIR DEL BA\u00d1O TAMBI\u00c9N SE CONVIERTE EN PLACER<\/p>\n<p>Saborea el placer de tus sentidos y envu\u00e9lvete en nuestras suaves y esponjosas esponjas absorbentes, con colores profundos y \u00fanicos.<\/p>\n<p>Conjunto de ba\u00f1o bordado de 3 piezas compuesto por 1 toalla de ba\u00f1o 100&#215;150 + 1 toalla de mano 50&#215;100 + 1 toalla de invitados.<\/p>\n<p>Dise\u00f1o de bordado: colecci\u00f3n Calam\u00e9o<\/p>\n<p>Esponja tejida en 700 gr\/m\u00b2, 100% algod\u00f3n.<\/p>\n","protected":false},"featured_media":2849,"comment_status":"open","ping_status":"closed","template":"","meta":{"_joinchat":[]},"product_brand":[],"product_cat":[356,310],"product_tag":[357,355,568,562,563,335,564,561],"class_list":{"0":"post-4206","1":"product","2":"type-product","3":"status-publish","4":"has-post-thumbnail","6":"product_cat-bordado","7":"product_cat-ropa-de-bano","8":"product_tag-adornos","9":"product_tag-bordado","10":"product_tag-coleccion-calameo","11":"product_tag-color-azafran","12":"product_tag-color-oro-viejo","13":"product_tag-color-piedra","14":"product_tag-de-color-caqui","15":"product_tag-la-coleccion-de-marrakech-y-sus-especias","17":"first","18":"instock","19":"shipping-taxable","20":"purchasable","21":"product-type-variable"},"supplier_id":null,"supplier_sku":"","barcode":null,"atum_controlled":true,"out_stock_date":null,"out_stock_threshold":null,"inheritable":true,"inbound_stock":0,"stock_on_hold":1,"sold_today":1,"sales_last_days":1,"reserved_stock":0,"customer_returns":0,"warehouse_damage":0,"lost_in_post":0,"other_logs":0,"out_stock_days":0,"lost_sales":0,"has_location":false,"update_date":"2024-05-19T11:19:45","atum_locations":[],"atum_stock_status":"instock","restock_status":false,"low_stock_amount":"","sales_update_date":"2023-09-12T09:23:57","calc_backorders":null,"yoast_head":"<!-- This site is optimized with the Yoast SEO plugin v27.4 - https:\/\/yoast.com\/product\/yoast-seo-wordpress\/ -->\n<title>Conjuntos bordados de 3 piezas - Balzatex<\/title>\n<meta name=\"robots\" content=\"index, follow, max-snippet:-1, max-image-preview:large, max-video-preview:-1\" \/>\n<link rel=\"canonical\" href=\"https:\/\/www.balzatex.com\/es\/produit\/adornos-3-piezas-bordados-2\/\" \/>\n<meta property=\"og:locale\" content=\"es_ES\" \/>\n<meta property=\"og:type\" content=\"article\" \/>\n<meta property=\"og:title\" content=\"Conjuntos bordados de 3 piezas - Balzatex\" \/>\n<meta property=\"og:description\" content=\"CUANDO SALIR DEL BA\u00d1O TAMBI\u00c9N SE CONVIERTE EN PLACER Saborea el placer de tus sentidos y envu\u00e9lvete en nuestras suaves y esponjosas esponjas absorbentes, con colores profundos y \u00fanicos. Conjunto de ba\u00f1o bordado de 3 piezas compuesto por 1 toalla de ba\u00f1o 100x150 + 1 toalla de mano 50x100 + 1 toalla de invitados. Dise\u00f1o de bordado: colecci\u00f3n Calam\u00e9o Esponja tejida en 700 gr\/m\u00b2, 100% algod\u00f3n.\" \/>\n<meta property=\"og:url\" content=\"https:\/\/www.balzatex.com\/es\/produit\/adornos-3-piezas-bordados-2\/\" \/>\n<meta property=\"og:site_name\" content=\"Balzatex\" \/>\n<meta property=\"og:image\" content=\"https:\/\/www.balzatex.com\/wp-content\/uploads\/2022\/03\/SERVIETTES-BRODEES-VIEIL-OR-BALZATEX-scaled-e1647197640150.jpg\" \/>\n\t<meta property=\"og:image:width\" content=\"798\" \/>\n\t<meta property=\"og:image:height\" content=\"533\" \/>\n\t<meta property=\"og:image:type\" content=\"image\/jpeg\" \/>\n<meta name=\"twitter:card\" content=\"summary_large_image\" \/>\n<script type=\"application\/ld+json\" class=\"yoast-schema-graph\">{\"@context\":\"https:\\\/\\\/schema.org\",\"@graph\":[{\"@type\":\"WebPage\",\"@id\":\"https:\\\/\\\/www.balzatex.com\\\/es\\\/produit\\\/adornos-3-piezas-bordados-2\\\/\",\"url\":\"https:\\\/\\\/www.balzatex.com\\\/es\\\/produit\\\/adornos-3-piezas-bordados-2\\\/\",\"name\":\"Conjuntos bordados de 3 piezas - Balzatex\",\"isPartOf\":{\"@id\":\"https:\\\/\\\/www.balzatex.com\\\/es\\\/#website\"},\"primaryImageOfPage\":{\"@id\":\"https:\\\/\\\/www.balzatex.com\\\/es\\\/produit\\\/adornos-3-piezas-bordados-2\\\/#primaryimage\"},\"image\":{\"@id\":\"https:\\\/\\\/www.balzatex.com\\\/es\\\/produit\\\/adornos-3-piezas-bordados-2\\\/#primaryimage\"},\"thumbnailUrl\":\"https:\\\/\\\/www.balzatex.com\\\/wp-content\\\/uploads\\\/2022\\\/03\\\/SERVIETTES-BRODEES-VIEIL-OR-BALZATEX-scaled-e1647197640150.jpg\",\"datePublished\":\"2022-03-07T06:54:36+00:00\",\"breadcrumb\":{\"@id\":\"https:\\\/\\\/www.balzatex.com\\\/es\\\/produit\\\/adornos-3-piezas-bordados-2\\\/#breadcrumb\"},\"inLanguage\":\"es\",\"potentialAction\":[{\"@type\":\"ReadAction\",\"target\":[\"https:\\\/\\\/www.balzatex.com\\\/es\\\/produit\\\/adornos-3-piezas-bordados-2\\\/\"]}]},{\"@type\":\"ImageObject\",\"inLanguage\":\"es\",\"@id\":\"https:\\\/\\\/www.balzatex.com\\\/es\\\/produit\\\/adornos-3-piezas-bordados-2\\\/#primaryimage\",\"url\":\"https:\\\/\\\/www.balzatex.com\\\/wp-content\\\/uploads\\\/2022\\\/03\\\/SERVIETTES-BRODEES-VIEIL-OR-BALZATEX-scaled-e1647197640150.jpg\",\"contentUrl\":\"https:\\\/\\\/www.balzatex.com\\\/wp-content\\\/uploads\\\/2022\\\/03\\\/SERVIETTES-BRODEES-VIEIL-OR-BALZATEX-scaled-e1647197640150.jpg\",\"width\":798,\"height\":533},{\"@type\":\"BreadcrumbList\",\"@id\":\"https:\\\/\\\/www.balzatex.com\\\/es\\\/produit\\\/adornos-3-piezas-bordados-2\\\/#breadcrumb\",\"itemListElement\":[{\"@type\":\"ListItem\",\"position\":1,\"name\":\"Accueil\",\"item\":\"https:\\\/\\\/www.balzatex.com\\\/es\\\/\"},{\"@type\":\"ListItem\",\"position\":2,\"name\":\"Tienda\",\"item\":\"https:\\\/\\\/www.balzatex.com\\\/es\\\/tienda\\\/\"},{\"@type\":\"ListItem\",\"position\":3,\"name\":\"Conjuntos bordados de 3 piezas\"}]},{\"@type\":\"WebSite\",\"@id\":\"https:\\\/\\\/www.balzatex.com\\\/es\\\/#website\",\"url\":\"https:\\\/\\\/www.balzatex.com\\\/es\\\/\",\"name\":\"Balzatex\",\"description\":\"Linge maison\",\"potentialAction\":[{\"@type\":\"SearchAction\",\"target\":{\"@type\":\"EntryPoint\",\"urlTemplate\":\"https:\\\/\\\/www.balzatex.com\\\/es\\\/?s={search_term_string}\"},\"query-input\":{\"@type\":\"PropertyValueSpecification\",\"valueRequired\":true,\"valueName\":\"search_term_string\"}}],\"inLanguage\":\"es\"}]}<\/script>\n<!-- \/ Yoast SEO plugin. -->","yoast_head_json":{"title":"Conjuntos bordados de 3 piezas - Balzatex","robots":{"index":"index","follow":"follow","max-snippet":"max-snippet:-1","max-image-preview":"max-image-preview:large","max-video-preview":"max-video-preview:-1"},"canonical":"https:\/\/www.balzatex.com\/es\/produit\/adornos-3-piezas-bordados-2\/","og_locale":"es_ES","og_type":"article","og_title":"Conjuntos bordados de 3 piezas - Balzatex","og_description":"CUANDO SALIR DEL BA\u00d1O TAMBI\u00c9N SE CONVIERTE EN PLACER Saborea el placer de tus sentidos y envu\u00e9lvete en nuestras suaves y esponjosas esponjas absorbentes, con colores profundos y \u00fanicos. Conjunto de ba\u00f1o bordado de 3 piezas compuesto por 1 toalla de ba\u00f1o 100x150 + 1 toalla de mano 50x100 + 1 toalla de invitados. Dise\u00f1o de bordado: colecci\u00f3n Calam\u00e9o Esponja tejida en 700 gr\/m\u00b2, 100% algod\u00f3n.","og_url":"https:\/\/www.balzatex.com\/es\/produit\/adornos-3-piezas-bordados-2\/","og_site_name":"Balzatex","og_image":[{"width":798,"height":533,"url":"https:\/\/www.balzatex.com\/wp-content\/uploads\/2022\/03\/SERVIETTES-BRODEES-VIEIL-OR-BALZATEX-scaled-e1647197640150.jpg","type":"image\/jpeg"}],"twitter_card":"summary_large_image","schema":{"@context":"https:\/\/schema.org","@graph":[{"@type":"WebPage","@id":"https:\/\/www.balzatex.com\/es\/produit\/adornos-3-piezas-bordados-2\/","url":"https:\/\/www.balzatex.com\/es\/produit\/adornos-3-piezas-bordados-2\/","name":"Conjuntos bordados de 3 piezas - Balzatex","isPartOf":{"@id":"https:\/\/www.balzatex.com\/es\/#website"},"primaryImageOfPage":{"@id":"https:\/\/www.balzatex.com\/es\/produit\/adornos-3-piezas-bordados-2\/#primaryimage"},"image":{"@id":"https:\/\/www.balzatex.com\/es\/produit\/adornos-3-piezas-bordados-2\/#primaryimage"},"thumbnailUrl":"https:\/\/www.balzatex.com\/wp-content\/uploads\/2022\/03\/SERVIETTES-BRODEES-VIEIL-OR-BALZATEX-scaled-e1647197640150.jpg","datePublished":"2022-03-07T06:54:36+00:00","breadcrumb":{"@id":"https:\/\/www.balzatex.com\/es\/produit\/adornos-3-piezas-bordados-2\/#breadcrumb"},"inLanguage":"es","potentialAction":[{"@type":"ReadAction","target":["https:\/\/www.balzatex.com\/es\/produit\/adornos-3-piezas-bordados-2\/"]}]},{"@type":"ImageObject","inLanguage":"es","@id":"https:\/\/www.balzatex.com\/es\/produit\/adornos-3-piezas-bordados-2\/#primaryimage","url":"https:\/\/www.balzatex.com\/wp-content\/uploads\/2022\/03\/SERVIETTES-BRODEES-VIEIL-OR-BALZATEX-scaled-e1647197640150.jpg","contentUrl":"https:\/\/www.balzatex.com\/wp-content\/uploads\/2022\/03\/SERVIETTES-BRODEES-VIEIL-OR-BALZATEX-scaled-e1647197640150.jpg","width":798,"height":533},{"@type":"BreadcrumbList","@id":"https:\/\/www.balzatex.com\/es\/produit\/adornos-3-piezas-bordados-2\/#breadcrumb","itemListElement":[{"@type":"ListItem","position":1,"name":"Accueil","item":"https:\/\/www.balzatex.com\/es\/"},{"@type":"ListItem","position":2,"name":"Tienda","item":"https:\/\/www.balzatex.com\/es\/tienda\/"},{"@type":"ListItem","position":3,"name":"Conjuntos bordados de 3 piezas"}]},{"@type":"WebSite","@id":"https:\/\/www.balzatex.com\/es\/#website","url":"https:\/\/www.balzatex.com\/es\/","name":"Balzatex","description":"Linge maison","potentialAction":[{"@type":"SearchAction","target":{"@type":"EntryPoint","urlTemplate":"https:\/\/www.balzatex.com\/es\/?s={search_term_string}"},"query-input":{"@type":"PropertyValueSpecification","valueRequired":true,"valueName":"search_term_string"}}],"inLanguage":"es"}]}},"_links":{"self":[{"href":"https:\/\/www.balzatex.com\/es\/wp-json\/wp\/v2\/product\/4206","targetHints":{"allow":["GET"]}}],"collection":[{"href":"https:\/\/www.balzatex.com\/es\/wp-json\/wp\/v2\/product"}],"about":[{"href":"https:\/\/www.balzatex.com\/es\/wp-json\/wp\/v2\/types\/product"}],"replies":[{"embeddable":true,"href":"https:\/\/www.balzatex.com\/es\/wp-json\/wp\/v2\/comments?post=4206"}],"wp:featuredmedia":[{"embeddable":true,"href":"https:\/\/www.balzatex.com\/es\/wp-json\/wp\/v2\/media\/2849"}],"wp:attachment":[{"href":"https:\/\/www.balzatex.com\/es\/wp-json\/wp\/v2\/media?parent=4206"}],"wp:term":[{"taxonomy":"product_brand","embeddable":true,"href":"https:\/\/www.balzatex.com\/es\/wp-json\/wp\/v2\/product_brand?post=4206"},{"taxonomy":"product_cat","embeddable":true,"href":"https:\/\/www.balzatex.com\/es\/wp-json\/wp\/v2\/product_cat?post=4206"},{"taxonomy":"product_tag","embeddable":true,"href":"https:\/\/www.balzatex.com\/es\/wp-json\/wp\/v2\/product_tag?post=4206"}],"curies":[{"name":"wp","href":"https:\/\/api.w.org\/{rel}","templated":true}]}}