{"id":4219,"date":"2022-03-07T13:06:26","date_gmt":"2022-03-07T12:06:26","guid":{"rendered":"https:\/\/www.balzatex.com\/produit\/toallita-jacquard-con-elastico-2\/"},"modified":"2022-03-07T13:06:26","modified_gmt":"2022-03-07T12:06:26","slug":"toallita-jacquard-con-elastico-2","status":"publish","type":"product","link":"https:\/\/www.balzatex.com\/es\/produit\/toallita-jacquard-con-elastico-2\/","title":{"rendered":"Toallita jacquard con el\u00e1stico"},"content":{"rendered":"","protected":false},"excerpt":{"rendered":"<p>Un guante inteligente que se adapta bien a la mano gracias a su pu\u00f1o el\u00e1stico. \u00bfCansado de retorcerse los dedos para enjabonarse a s\u00ed mismo oa sus hijos? Este guante te seducir\u00e1 por su lado pr\u00e1ctico.<\/p>\n<p>En 100% algod\u00f3n, este guante de tejido jacquard se puede lavar a 60\u00b0 y le permite garantizar una higiene perfecta.<\/p>\n","protected":false},"featured_media":0,"comment_status":"open","ping_status":"closed","template":"","meta":{"_joinchat":[]},"product_brand":[],"product_cat":[385,310],"product_tag":[500,562,563,564,391,561],"class_list":{"0":"post-4219","1":"product","2":"type-product","3":"status-publish","5":"product_cat-jacquards-con-flecos","6":"product_cat-ropa-de-bano","7":"product_tag-100-algodon","8":"product_tag-color-azafran","9":"product_tag-color-oro-viejo","10":"product_tag-de-color-caqui","11":"product_tag-guante-de-bano","12":"product_tag-la-coleccion-de-marrakech-y-sus-especias","14":"first","15":"outofstock","16":"shipping-taxable","17":"product-type-variable"},"supplier_id":null,"supplier_sku":"","barcode":null,"atum_controlled":true,"out_stock_date":null,"out_stock_threshold":null,"inheritable":false,"inbound_stock":0,"stock_on_hold":0,"sold_today":0,"sales_last_days":0,"reserved_stock":0,"customer_returns":0,"warehouse_damage":0,"lost_in_post":0,"other_logs":0,"out_stock_days":0,"lost_sales":0,"has_location":false,"update_date":"2023-09-12T09:23:10","atum_locations":[],"atum_stock_status":"outofstock","restock_status":false,"low_stock_amount":"","sales_update_date":"2023-09-12T09:23:10","calc_backorders":null,"yoast_head":"<!-- This site is optimized with the Yoast SEO plugin v27.4 - https:\/\/yoast.com\/product\/yoast-seo-wordpress\/ -->\n<title>Toallita jacquard con el\u00e1stico - Balzatex<\/title>\n<meta name=\"robots\" content=\"index, follow, max-snippet:-1, max-image-preview:large, max-video-preview:-1\" \/>\n<link rel=\"canonical\" href=\"https:\/\/www.balzatex.com\/es\/produit\/toallita-jacquard-con-elastico-2\/\" \/>\n<meta property=\"og:locale\" content=\"es_ES\" \/>\n<meta property=\"og:type\" content=\"article\" \/>\n<meta property=\"og:title\" content=\"Toallita jacquard con el\u00e1stico - Balzatex\" \/>\n<meta property=\"og:description\" content=\"Un guante inteligente que se adapta bien a la mano gracias a su pu\u00f1o el\u00e1stico. \u00bfCansado de retorcerse los dedos para enjabonarse a s\u00ed mismo oa sus hijos? Este guante te seducir\u00e1 por su lado pr\u00e1ctico. En 100% algod\u00f3n, este guante de tejido jacquard se puede lavar a 60\u00b0 y le permite garantizar una higiene perfecta.\" \/>\n<meta property=\"og:url\" content=\"https:\/\/www.balzatex.com\/es\/produit\/toallita-jacquard-con-elastico-2\/\" \/>\n<meta property=\"og:site_name\" content=\"Balzatex\" \/>\n<meta name=\"twitter:card\" content=\"summary_large_image\" \/>\n<script type=\"application\/ld+json\" class=\"yoast-schema-graph\">{\"@context\":\"https:\\\/\\\/schema.org\",\"@graph\":[{\"@type\":\"WebPage\",\"@id\":\"https:\\\/\\\/www.balzatex.com\\\/es\\\/produit\\\/toallita-jacquard-con-elastico-2\\\/\",\"url\":\"https:\\\/\\\/www.balzatex.com\\\/es\\\/produit\\\/toallita-jacquard-con-elastico-2\\\/\",\"name\":\"Toallita jacquard con el\u00e1stico - Balzatex\",\"isPartOf\":{\"@id\":\"https:\\\/\\\/www.balzatex.com\\\/es\\\/#website\"},\"datePublished\":\"2022-03-07T12:06:26+00:00\",\"breadcrumb\":{\"@id\":\"https:\\\/\\\/www.balzatex.com\\\/es\\\/produit\\\/toallita-jacquard-con-elastico-2\\\/#breadcrumb\"},\"inLanguage\":\"es\",\"potentialAction\":[{\"@type\":\"ReadAction\",\"target\":[\"https:\\\/\\\/www.balzatex.com\\\/es\\\/produit\\\/toallita-jacquard-con-elastico-2\\\/\"]}]},{\"@type\":\"BreadcrumbList\",\"@id\":\"https:\\\/\\\/www.balzatex.com\\\/es\\\/produit\\\/toallita-jacquard-con-elastico-2\\\/#breadcrumb\",\"itemListElement\":[{\"@type\":\"ListItem\",\"position\":1,\"name\":\"Accueil\",\"item\":\"https:\\\/\\\/www.balzatex.com\\\/es\\\/\"},{\"@type\":\"ListItem\",\"position\":2,\"name\":\"Tienda\",\"item\":\"https:\\\/\\\/www.balzatex.com\\\/es\\\/tienda\\\/\"},{\"@type\":\"ListItem\",\"position\":3,\"name\":\"Toallita jacquard con el\u00e1stico\"}]},{\"@type\":\"WebSite\",\"@id\":\"https:\\\/\\\/www.balzatex.com\\\/es\\\/#website\",\"url\":\"https:\\\/\\\/www.balzatex.com\\\/es\\\/\",\"name\":\"Balzatex\",\"description\":\"Linge maison\",\"potentialAction\":[{\"@type\":\"SearchAction\",\"target\":{\"@type\":\"EntryPoint\",\"urlTemplate\":\"https:\\\/\\\/www.balzatex.com\\\/es\\\/?s={search_term_string}\"},\"query-input\":{\"@type\":\"PropertyValueSpecification\",\"valueRequired\":true,\"valueName\":\"search_term_string\"}}],\"inLanguage\":\"es\"}]}<\/script>\n<!-- \/ Yoast SEO plugin. -->","yoast_head_json":{"title":"Toallita jacquard con el\u00e1stico - Balzatex","robots":{"index":"index","follow":"follow","max-snippet":"max-snippet:-1","max-image-preview":"max-image-preview:large","max-video-preview":"max-video-preview:-1"},"canonical":"https:\/\/www.balzatex.com\/es\/produit\/toallita-jacquard-con-elastico-2\/","og_locale":"es_ES","og_type":"article","og_title":"Toallita jacquard con el\u00e1stico - Balzatex","og_description":"Un guante inteligente que se adapta bien a la mano gracias a su pu\u00f1o el\u00e1stico. \u00bfCansado de retorcerse los dedos para enjabonarse a s\u00ed mismo oa sus hijos? Este guante te seducir\u00e1 por su lado pr\u00e1ctico. En 100% algod\u00f3n, este guante de tejido jacquard se puede lavar a 60\u00b0 y le permite garantizar una higiene perfecta.","og_url":"https:\/\/www.balzatex.com\/es\/produit\/toallita-jacquard-con-elastico-2\/","og_site_name":"Balzatex","twitter_card":"summary_large_image","schema":{"@context":"https:\/\/schema.org","@graph":[{"@type":"WebPage","@id":"https:\/\/www.balzatex.com\/es\/produit\/toallita-jacquard-con-elastico-2\/","url":"https:\/\/www.balzatex.com\/es\/produit\/toallita-jacquard-con-elastico-2\/","name":"Toallita jacquard con el\u00e1stico - Balzatex","isPartOf":{"@id":"https:\/\/www.balzatex.com\/es\/#website"},"datePublished":"2022-03-07T12:06:26+00:00","breadcrumb":{"@id":"https:\/\/www.balzatex.com\/es\/produit\/toallita-jacquard-con-elastico-2\/#breadcrumb"},"inLanguage":"es","potentialAction":[{"@type":"ReadAction","target":["https:\/\/www.balzatex.com\/es\/produit\/toallita-jacquard-con-elastico-2\/"]}]},{"@type":"BreadcrumbList","@id":"https:\/\/www.balzatex.com\/es\/produit\/toallita-jacquard-con-elastico-2\/#breadcrumb","itemListElement":[{"@type":"ListItem","position":1,"name":"Accueil","item":"https:\/\/www.balzatex.com\/es\/"},{"@type":"ListItem","position":2,"name":"Tienda","item":"https:\/\/www.balzatex.com\/es\/tienda\/"},{"@type":"ListItem","position":3,"name":"Toallita jacquard con el\u00e1stico"}]},{"@type":"WebSite","@id":"https:\/\/www.balzatex.com\/es\/#website","url":"https:\/\/www.balzatex.com\/es\/","name":"Balzatex","description":"Linge maison","potentialAction":[{"@type":"SearchAction","target":{"@type":"EntryPoint","urlTemplate":"https:\/\/www.balzatex.com\/es\/?s={search_term_string}"},"query-input":{"@type":"PropertyValueSpecification","valueRequired":true,"valueName":"search_term_string"}}],"inLanguage":"es"}]}},"_links":{"self":[{"href":"https:\/\/www.balzatex.com\/es\/wp-json\/wp\/v2\/product\/4219","targetHints":{"allow":["GET"]}}],"collection":[{"href":"https:\/\/www.balzatex.com\/es\/wp-json\/wp\/v2\/product"}],"about":[{"href":"https:\/\/www.balzatex.com\/es\/wp-json\/wp\/v2\/types\/product"}],"replies":[{"embeddable":true,"href":"https:\/\/www.balzatex.com\/es\/wp-json\/wp\/v2\/comments?post=4219"}],"wp:attachment":[{"href":"https:\/\/www.balzatex.com\/es\/wp-json\/wp\/v2\/media?parent=4219"}],"wp:term":[{"taxonomy":"product_brand","embeddable":true,"href":"https:\/\/www.balzatex.com\/es\/wp-json\/wp\/v2\/product_brand?post=4219"},{"taxonomy":"product_cat","embeddable":true,"href":"https:\/\/www.balzatex.com\/es\/wp-json\/wp\/v2\/product_cat?post=4219"},{"taxonomy":"product_tag","embeddable":true,"href":"https:\/\/www.balzatex.com\/es\/wp-json\/wp\/v2\/product_tag?post=4219"}],"curies":[{"name":"wp","href":"https:\/\/api.w.org\/{rel}","templated":true}]}}