{"id":4256,"date":"2022-03-06T22:00:55","date_gmt":"2022-03-06T21:00:55","guid":{"rendered":"https:\/\/www.balzatex.com\/produit\/toalla-de-rizo-mediana\/"},"modified":"2022-11-25T00:38:52","modified_gmt":"2022-11-24T23:38:52","slug":"toalla-media-700g-m%c2%b2","status":"publish","type":"product","link":"https:\/\/www.balzatex.com\/es\/produit\/toalla-media-700g-m%c2%b2\/","title":{"rendered":"Toalla de rizo mediana"},"content":{"rendered":"","protected":false},"excerpt":{"rendered":"<p>Balzatex lisos: Esponjas incomparablemente suaves y blandas sin dejar de ser incre\u00edblemente absorbentes. Fabricada en algod\u00f3n 100%, esta gama har\u00e1 de tu ba\u00f1o un lugar especial.<\/p>\n<p>Todos conocemos el placer de meterse en un buen ba\u00f1o caliente, pero solo los habituales de Balzatex conocen el placer de salir de \u00e9l \ud83d\ude42<\/p>\n<p>Esponja tejida en 700 gr\/m2, 100% algod\u00f3n<\/p>\n<p>Dimensi\u00f3n: 50&#215;100, ideal para el rostro, cabello, parte del cuerpo,&#8230;<\/p>\n<p>Completa tu conjunto con las toallas de ba\u00f1o y las toallas m\u00e1s peque\u00f1as que lo acompa\u00f1an.<\/p>\n","protected":false},"featured_media":2739,"comment_status":"open","ping_status":"closed","template":"","meta":{"_joinchat":[]},"product_brand":[],"product_cat":[318,310],"product_tag":[322,562,563,564,561,362],"class_list":{"0":"post-4256","1":"product","2":"type-product","3":"status-publish","4":"has-post-thumbnail","6":"product_cat-nuestros-basicos-700g-m","7":"product_cat-ropa-de-bano","8":"product_tag-700-g-m","9":"product_tag-color-azafran","10":"product_tag-color-oro-viejo","11":"product_tag-de-color-caqui","12":"product_tag-la-coleccion-de-marrakech-y-sus-especias","13":"product_tag-toalla-mediana","15":"first","16":"instock","17":"shipping-taxable","18":"purchasable","19":"product-type-variable"},"supplier_id":null,"supplier_sku":"","barcode":null,"atum_controlled":true,"out_stock_date":null,"out_stock_threshold":null,"inheritable":true,"inbound_stock":0,"stock_on_hold":6,"sold_today":2,"sales_last_days":2,"reserved_stock":0,"customer_returns":0,"warehouse_damage":0,"lost_in_post":0,"other_logs":0,"out_stock_days":0,"lost_sales":0,"has_location":false,"update_date":"2026-01-06T16:32:00","atum_locations":[],"atum_stock_status":"instock","restock_status":false,"low_stock_amount":"","sales_update_date":"2023-09-02T09:09:46","calc_backorders":null,"yoast_head":"<!-- This site is optimized with the Yoast SEO plugin v27.5 - https:\/\/yoast.com\/product\/yoast-seo-wordpress\/ -->\n<title>Toalla de rizo mediana - Balzatex<\/title>\n<meta name=\"robots\" content=\"index, follow, max-snippet:-1, max-image-preview:large, max-video-preview:-1\" \/>\n<link rel=\"canonical\" href=\"https:\/\/www.balzatex.com\/es\/produit\/toalla-media-700g-m%c2%b2\/\" \/>\n<meta property=\"og:locale\" content=\"es_ES\" \/>\n<meta property=\"og:type\" content=\"article\" \/>\n<meta property=\"og:title\" content=\"Toalla de rizo mediana - Balzatex\" \/>\n<meta property=\"og:description\" content=\"Balzatex lisos: Esponjas incomparablemente suaves y blandas sin dejar de ser incre\u00edblemente absorbentes. Fabricada en algod\u00f3n 100%, esta gama har\u00e1 de tu ba\u00f1o un lugar especial. Todos conocemos el placer de meterse en un buen ba\u00f1o caliente, pero solo los habituales de Balzatex conocen el placer de salir de \u00e9l :) Esponja tejida en 700 gr\/m2, 100% algod\u00f3n Dimensi\u00f3n: 50x100, ideal para el rostro, cabello, parte del cuerpo,... Completa tu conjunto con las toallas de ba\u00f1o y las toallas m\u00e1s peque\u00f1as que lo acompa\u00f1an.\" \/>\n<meta property=\"og:url\" content=\"https:\/\/www.balzatex.com\/es\/produit\/toalla-media-700g-m%c2%b2\/\" \/>\n<meta property=\"og:site_name\" content=\"Balzatex\" \/>\n<meta property=\"article:modified_time\" content=\"2022-11-24T23:38:52+00:00\" \/>\n<meta property=\"og:image\" content=\"https:\/\/www.balzatex.com\/wp-content\/uploads\/2022\/03\/SERVIETTE-DE-TOILETTE-VIEIL-OR-scaled-e1647170475812.jpg\" \/>\n\t<meta property=\"og:image:width\" content=\"798\" \/>\n\t<meta property=\"og:image:height\" content=\"533\" \/>\n\t<meta property=\"og:image:type\" content=\"image\/jpeg\" \/>\n<meta name=\"twitter:card\" content=\"summary_large_image\" \/>\n<script type=\"application\/ld+json\" class=\"yoast-schema-graph\">{\"@context\":\"https:\\\/\\\/schema.org\",\"@graph\":[{\"@type\":\"WebPage\",\"@id\":\"https:\\\/\\\/www.balzatex.com\\\/es\\\/produit\\\/toalla-media-700g-m%c2%b2\\\/\",\"url\":\"https:\\\/\\\/www.balzatex.com\\\/es\\\/produit\\\/toalla-media-700g-m%c2%b2\\\/\",\"name\":\"Toalla de rizo mediana - Balzatex\",\"isPartOf\":{\"@id\":\"https:\\\/\\\/www.balzatex.com\\\/es\\\/#website\"},\"primaryImageOfPage\":{\"@id\":\"https:\\\/\\\/www.balzatex.com\\\/es\\\/produit\\\/toalla-media-700g-m%c2%b2\\\/#primaryimage\"},\"image\":{\"@id\":\"https:\\\/\\\/www.balzatex.com\\\/es\\\/produit\\\/toalla-media-700g-m%c2%b2\\\/#primaryimage\"},\"thumbnailUrl\":\"https:\\\/\\\/www.balzatex.com\\\/wp-content\\\/uploads\\\/2022\\\/03\\\/SERVIETTE-DE-TOILETTE-VIEIL-OR-scaled-e1647170475812.jpg\",\"datePublished\":\"2022-03-06T21:00:55+00:00\",\"dateModified\":\"2022-11-24T23:38:52+00:00\",\"breadcrumb\":{\"@id\":\"https:\\\/\\\/www.balzatex.com\\\/es\\\/produit\\\/toalla-media-700g-m%c2%b2\\\/#breadcrumb\"},\"inLanguage\":\"es\",\"potentialAction\":[{\"@type\":\"ReadAction\",\"target\":[\"https:\\\/\\\/www.balzatex.com\\\/es\\\/produit\\\/toalla-media-700g-m%c2%b2\\\/\"]}]},{\"@type\":\"ImageObject\",\"inLanguage\":\"es\",\"@id\":\"https:\\\/\\\/www.balzatex.com\\\/es\\\/produit\\\/toalla-media-700g-m%c2%b2\\\/#primaryimage\",\"url\":\"https:\\\/\\\/www.balzatex.com\\\/wp-content\\\/uploads\\\/2022\\\/03\\\/SERVIETTE-DE-TOILETTE-VIEIL-OR-scaled-e1647170475812.jpg\",\"contentUrl\":\"https:\\\/\\\/www.balzatex.com\\\/wp-content\\\/uploads\\\/2022\\\/03\\\/SERVIETTE-DE-TOILETTE-VIEIL-OR-scaled-e1647170475812.jpg\",\"width\":798,\"height\":533},{\"@type\":\"BreadcrumbList\",\"@id\":\"https:\\\/\\\/www.balzatex.com\\\/es\\\/produit\\\/toalla-media-700g-m%c2%b2\\\/#breadcrumb\",\"itemListElement\":[{\"@type\":\"ListItem\",\"position\":1,\"name\":\"Accueil\",\"item\":\"https:\\\/\\\/www.balzatex.com\\\/es\\\/\"},{\"@type\":\"ListItem\",\"position\":2,\"name\":\"Tienda\",\"item\":\"https:\\\/\\\/www.balzatex.com\\\/es\\\/tienda\\\/\"},{\"@type\":\"ListItem\",\"position\":3,\"name\":\"Toalla de rizo mediana\"}]},{\"@type\":\"WebSite\",\"@id\":\"https:\\\/\\\/www.balzatex.com\\\/es\\\/#website\",\"url\":\"https:\\\/\\\/www.balzatex.com\\\/es\\\/\",\"name\":\"Balzatex\",\"description\":\"Linge maison\",\"potentialAction\":[{\"@type\":\"SearchAction\",\"target\":{\"@type\":\"EntryPoint\",\"urlTemplate\":\"https:\\\/\\\/www.balzatex.com\\\/es\\\/?s={search_term_string}\"},\"query-input\":{\"@type\":\"PropertyValueSpecification\",\"valueRequired\":true,\"valueName\":\"search_term_string\"}}],\"inLanguage\":\"es\"}]}<\/script>\n<!-- \/ Yoast SEO plugin. -->","yoast_head_json":{"title":"Toalla de rizo mediana - Balzatex","robots":{"index":"index","follow":"follow","max-snippet":"max-snippet:-1","max-image-preview":"max-image-preview:large","max-video-preview":"max-video-preview:-1"},"canonical":"https:\/\/www.balzatex.com\/es\/produit\/toalla-media-700g-m%c2%b2\/","og_locale":"es_ES","og_type":"article","og_title":"Toalla de rizo mediana - Balzatex","og_description":"Balzatex lisos: Esponjas incomparablemente suaves y blandas sin dejar de ser incre\u00edblemente absorbentes. Fabricada en algod\u00f3n 100%, esta gama har\u00e1 de tu ba\u00f1o un lugar especial. Todos conocemos el placer de meterse en un buen ba\u00f1o caliente, pero solo los habituales de Balzatex conocen el placer de salir de \u00e9l :) Esponja tejida en 700 gr\/m2, 100% algod\u00f3n Dimensi\u00f3n: 50x100, ideal para el rostro, cabello, parte del cuerpo,... Completa tu conjunto con las toallas de ba\u00f1o y las toallas m\u00e1s peque\u00f1as que lo acompa\u00f1an.","og_url":"https:\/\/www.balzatex.com\/es\/produit\/toalla-media-700g-m%c2%b2\/","og_site_name":"Balzatex","article_modified_time":"2022-11-24T23:38:52+00:00","og_image":[{"width":798,"height":533,"url":"https:\/\/www.balzatex.com\/wp-content\/uploads\/2022\/03\/SERVIETTE-DE-TOILETTE-VIEIL-OR-scaled-e1647170475812.jpg","type":"image\/jpeg"}],"twitter_card":"summary_large_image","schema":{"@context":"https:\/\/schema.org","@graph":[{"@type":"WebPage","@id":"https:\/\/www.balzatex.com\/es\/produit\/toalla-media-700g-m%c2%b2\/","url":"https:\/\/www.balzatex.com\/es\/produit\/toalla-media-700g-m%c2%b2\/","name":"Toalla de rizo mediana - Balzatex","isPartOf":{"@id":"https:\/\/www.balzatex.com\/es\/#website"},"primaryImageOfPage":{"@id":"https:\/\/www.balzatex.com\/es\/produit\/toalla-media-700g-m%c2%b2\/#primaryimage"},"image":{"@id":"https:\/\/www.balzatex.com\/es\/produit\/toalla-media-700g-m%c2%b2\/#primaryimage"},"thumbnailUrl":"https:\/\/www.balzatex.com\/wp-content\/uploads\/2022\/03\/SERVIETTE-DE-TOILETTE-VIEIL-OR-scaled-e1647170475812.jpg","datePublished":"2022-03-06T21:00:55+00:00","dateModified":"2022-11-24T23:38:52+00:00","breadcrumb":{"@id":"https:\/\/www.balzatex.com\/es\/produit\/toalla-media-700g-m%c2%b2\/#breadcrumb"},"inLanguage":"es","potentialAction":[{"@type":"ReadAction","target":["https:\/\/www.balzatex.com\/es\/produit\/toalla-media-700g-m%c2%b2\/"]}]},{"@type":"ImageObject","inLanguage":"es","@id":"https:\/\/www.balzatex.com\/es\/produit\/toalla-media-700g-m%c2%b2\/#primaryimage","url":"https:\/\/www.balzatex.com\/wp-content\/uploads\/2022\/03\/SERVIETTE-DE-TOILETTE-VIEIL-OR-scaled-e1647170475812.jpg","contentUrl":"https:\/\/www.balzatex.com\/wp-content\/uploads\/2022\/03\/SERVIETTE-DE-TOILETTE-VIEIL-OR-scaled-e1647170475812.jpg","width":798,"height":533},{"@type":"BreadcrumbList","@id":"https:\/\/www.balzatex.com\/es\/produit\/toalla-media-700g-m%c2%b2\/#breadcrumb","itemListElement":[{"@type":"ListItem","position":1,"name":"Accueil","item":"https:\/\/www.balzatex.com\/es\/"},{"@type":"ListItem","position":2,"name":"Tienda","item":"https:\/\/www.balzatex.com\/es\/tienda\/"},{"@type":"ListItem","position":3,"name":"Toalla de rizo mediana"}]},{"@type":"WebSite","@id":"https:\/\/www.balzatex.com\/es\/#website","url":"https:\/\/www.balzatex.com\/es\/","name":"Balzatex","description":"Linge maison","potentialAction":[{"@type":"SearchAction","target":{"@type":"EntryPoint","urlTemplate":"https:\/\/www.balzatex.com\/es\/?s={search_term_string}"},"query-input":{"@type":"PropertyValueSpecification","valueRequired":true,"valueName":"search_term_string"}}],"inLanguage":"es"}]}},"_links":{"self":[{"href":"https:\/\/www.balzatex.com\/es\/wp-json\/wp\/v2\/product\/4256","targetHints":{"allow":["GET"]}}],"collection":[{"href":"https:\/\/www.balzatex.com\/es\/wp-json\/wp\/v2\/product"}],"about":[{"href":"https:\/\/www.balzatex.com\/es\/wp-json\/wp\/v2\/types\/product"}],"replies":[{"embeddable":true,"href":"https:\/\/www.balzatex.com\/es\/wp-json\/wp\/v2\/comments?post=4256"}],"wp:featuredmedia":[{"embeddable":true,"href":"https:\/\/www.balzatex.com\/es\/wp-json\/wp\/v2\/media\/2739"}],"wp:attachment":[{"href":"https:\/\/www.balzatex.com\/es\/wp-json\/wp\/v2\/media?parent=4256"}],"wp:term":[{"taxonomy":"product_brand","embeddable":true,"href":"https:\/\/www.balzatex.com\/es\/wp-json\/wp\/v2\/product_brand?post=4256"},{"taxonomy":"product_cat","embeddable":true,"href":"https:\/\/www.balzatex.com\/es\/wp-json\/wp\/v2\/product_cat?post=4256"},{"taxonomy":"product_tag","embeddable":true,"href":"https:\/\/www.balzatex.com\/es\/wp-json\/wp\/v2\/product_tag?post=4256"}],"curies":[{"name":"wp","href":"https:\/\/api.w.org\/{rel}","templated":true}]}}