{"id":4270,"date":"2022-03-07T13:12:57","date_gmt":"2022-03-07T12:12:57","guid":{"rendered":"https:\/\/www.balzatex.com\/produit\/albornoz-sultana-de-terciopelo\/"},"modified":"2022-03-07T13:12:57","modified_gmt":"2022-03-07T12:12:57","slug":"albornoz-sultana-terciopelo-2","status":"publish","type":"product","link":"https:\/\/www.balzatex.com\/es\/produit\/albornoz-sultana-terciopelo-2\/","title":{"rendered":"Albornoz Sultana De Terciopelo"},"content":{"rendered":"","protected":false},"excerpt":{"rendered":"<p>Un albornoz con una elegancia que con mucho gusto prestamos a las sultanas. Detalles refinados en las mangas, muy bonita capucha adornada con un pomp\u00f3n hecho a mano. Cintur\u00f3n terminado con 2 pompones hechos a mano. Trabajo artesanal de pompones y pasamaner\u00eda.<\/p>\n<p>Albornoz Sultane de terciopelo de 420 gr\/m\u00b2, pasamaner\u00eda artesanal en cuello y mangas, pompones artesanales en cintur\u00f3n y capucha. Los pompones son desmontables para que puedas quitarlos antes de meterlos en la lavadora, para optimizar su vida \u00fatil.<\/p>\n<p>Material: Algod\u00f3n 100%<\/p>\n","protected":false},"featured_media":2857,"comment_status":"open","ping_status":"closed","template":"","meta":{"_joinchat":[]},"product_brand":[],"product_cat":[381,310],"product_tag":[384,383,562,563,561],"class_list":{"0":"post-4270","1":"product","2":"type-product","3":"status-publish","4":"has-post-thumbnail","6":"product_cat-albornoces","7":"product_cat-ropa-de-bano","8":"product_tag-bata","9":"product_tag-coleccion-sultana","10":"product_tag-color-azafran","11":"product_tag-color-oro-viejo","12":"product_tag-la-coleccion-de-marrakech-y-sus-especias","14":"first","15":"outofstock","16":"shipping-taxable","17":"purchasable","18":"product-type-variable"},"supplier_id":null,"supplier_sku":"","barcode":null,"atum_controlled":true,"out_stock_date":null,"out_stock_threshold":null,"inheritable":true,"inbound_stock":0,"stock_on_hold":0,"sold_today":0,"sales_last_days":0,"reserved_stock":0,"customer_returns":0,"warehouse_damage":0,"lost_in_post":0,"other_logs":0,"out_stock_days":0,"lost_sales":0,"has_location":false,"update_date":"2024-03-13T06:29:05","atum_locations":[],"atum_stock_status":"instock","restock_status":false,"low_stock_amount":"","sales_update_date":"2023-09-12T09:23:02","calc_backorders":null,"yoast_head":"<!-- This site is optimized with the Yoast SEO plugin v27.4 - https:\/\/yoast.com\/product\/yoast-seo-wordpress\/ -->\n<title>Albornoz Sultana De Terciopelo - Balzatex<\/title>\n<meta name=\"robots\" content=\"index, follow, max-snippet:-1, max-image-preview:large, max-video-preview:-1\" \/>\n<link rel=\"canonical\" href=\"https:\/\/www.balzatex.com\/es\/produit\/albornoz-sultana-terciopelo-2\/\" \/>\n<meta property=\"og:locale\" content=\"es_ES\" \/>\n<meta property=\"og:type\" content=\"article\" \/>\n<meta property=\"og:title\" content=\"Albornoz Sultana De Terciopelo - Balzatex\" \/>\n<meta property=\"og:description\" content=\"Un albornoz con una elegancia que con mucho gusto prestamos a las sultanas. Detalles refinados en las mangas, muy bonita capucha adornada con un pomp\u00f3n hecho a mano. Cintur\u00f3n terminado con 2 pompones hechos a mano. Trabajo artesanal de pompones y pasamaner\u00eda. Albornoz Sultane de terciopelo de 420 gr\/m\u00b2, pasamaner\u00eda artesanal en cuello y mangas, pompones artesanales en cintur\u00f3n y capucha. Los pompones son desmontables para que puedas quitarlos antes de meterlos en la lavadora, para optimizar su vida \u00fatil. Material: Algod\u00f3n 100%\" \/>\n<meta property=\"og:url\" content=\"https:\/\/www.balzatex.com\/es\/produit\/albornoz-sultana-terciopelo-2\/\" \/>\n<meta property=\"og:site_name\" content=\"Balzatex\" \/>\n<meta property=\"og:image\" content=\"https:\/\/www.balzatex.com\/wp-content\/uploads\/2022\/03\/SULTANE-PEIGNOIR-SAFRAN.jpg\" \/>\n\t<meta property=\"og:image:width\" content=\"728\" \/>\n\t<meta property=\"og:image:height\" content=\"971\" \/>\n\t<meta property=\"og:image:type\" content=\"image\/jpeg\" \/>\n<meta name=\"twitter:card\" content=\"summary_large_image\" \/>\n<script type=\"application\/ld+json\" class=\"yoast-schema-graph\">{\"@context\":\"https:\\\/\\\/schema.org\",\"@graph\":[{\"@type\":\"WebPage\",\"@id\":\"https:\\\/\\\/www.balzatex.com\\\/es\\\/produit\\\/albornoz-sultana-terciopelo-2\\\/\",\"url\":\"https:\\\/\\\/www.balzatex.com\\\/es\\\/produit\\\/albornoz-sultana-terciopelo-2\\\/\",\"name\":\"Albornoz Sultana De Terciopelo - Balzatex\",\"isPartOf\":{\"@id\":\"https:\\\/\\\/www.balzatex.com\\\/es\\\/#website\"},\"primaryImageOfPage\":{\"@id\":\"https:\\\/\\\/www.balzatex.com\\\/es\\\/produit\\\/albornoz-sultana-terciopelo-2\\\/#primaryimage\"},\"image\":{\"@id\":\"https:\\\/\\\/www.balzatex.com\\\/es\\\/produit\\\/albornoz-sultana-terciopelo-2\\\/#primaryimage\"},\"thumbnailUrl\":\"https:\\\/\\\/www.balzatex.com\\\/wp-content\\\/uploads\\\/2022\\\/03\\\/SULTANE-PEIGNOIR-SAFRAN.jpg\",\"datePublished\":\"2022-03-07T12:12:57+00:00\",\"breadcrumb\":{\"@id\":\"https:\\\/\\\/www.balzatex.com\\\/es\\\/produit\\\/albornoz-sultana-terciopelo-2\\\/#breadcrumb\"},\"inLanguage\":\"es\",\"potentialAction\":[{\"@type\":\"ReadAction\",\"target\":[\"https:\\\/\\\/www.balzatex.com\\\/es\\\/produit\\\/albornoz-sultana-terciopelo-2\\\/\"]}]},{\"@type\":\"ImageObject\",\"inLanguage\":\"es\",\"@id\":\"https:\\\/\\\/www.balzatex.com\\\/es\\\/produit\\\/albornoz-sultana-terciopelo-2\\\/#primaryimage\",\"url\":\"https:\\\/\\\/www.balzatex.com\\\/wp-content\\\/uploads\\\/2022\\\/03\\\/SULTANE-PEIGNOIR-SAFRAN.jpg\",\"contentUrl\":\"https:\\\/\\\/www.balzatex.com\\\/wp-content\\\/uploads\\\/2022\\\/03\\\/SULTANE-PEIGNOIR-SAFRAN.jpg\",\"width\":728,\"height\":971},{\"@type\":\"BreadcrumbList\",\"@id\":\"https:\\\/\\\/www.balzatex.com\\\/es\\\/produit\\\/albornoz-sultana-terciopelo-2\\\/#breadcrumb\",\"itemListElement\":[{\"@type\":\"ListItem\",\"position\":1,\"name\":\"Accueil\",\"item\":\"https:\\\/\\\/www.balzatex.com\\\/es\\\/\"},{\"@type\":\"ListItem\",\"position\":2,\"name\":\"Tienda\",\"item\":\"https:\\\/\\\/www.balzatex.com\\\/es\\\/tienda\\\/\"},{\"@type\":\"ListItem\",\"position\":3,\"name\":\"Albornoz Sultana De Terciopelo\"}]},{\"@type\":\"WebSite\",\"@id\":\"https:\\\/\\\/www.balzatex.com\\\/es\\\/#website\",\"url\":\"https:\\\/\\\/www.balzatex.com\\\/es\\\/\",\"name\":\"Balzatex\",\"description\":\"Linge maison\",\"potentialAction\":[{\"@type\":\"SearchAction\",\"target\":{\"@type\":\"EntryPoint\",\"urlTemplate\":\"https:\\\/\\\/www.balzatex.com\\\/es\\\/?s={search_term_string}\"},\"query-input\":{\"@type\":\"PropertyValueSpecification\",\"valueRequired\":true,\"valueName\":\"search_term_string\"}}],\"inLanguage\":\"es\"}]}<\/script>\n<!-- \/ Yoast SEO plugin. -->","yoast_head_json":{"title":"Albornoz Sultana De Terciopelo - Balzatex","robots":{"index":"index","follow":"follow","max-snippet":"max-snippet:-1","max-image-preview":"max-image-preview:large","max-video-preview":"max-video-preview:-1"},"canonical":"https:\/\/www.balzatex.com\/es\/produit\/albornoz-sultana-terciopelo-2\/","og_locale":"es_ES","og_type":"article","og_title":"Albornoz Sultana De Terciopelo - Balzatex","og_description":"Un albornoz con una elegancia que con mucho gusto prestamos a las sultanas. Detalles refinados en las mangas, muy bonita capucha adornada con un pomp\u00f3n hecho a mano. Cintur\u00f3n terminado con 2 pompones hechos a mano. Trabajo artesanal de pompones y pasamaner\u00eda. Albornoz Sultane de terciopelo de 420 gr\/m\u00b2, pasamaner\u00eda artesanal en cuello y mangas, pompones artesanales en cintur\u00f3n y capucha. Los pompones son desmontables para que puedas quitarlos antes de meterlos en la lavadora, para optimizar su vida \u00fatil. Material: Algod\u00f3n 100%","og_url":"https:\/\/www.balzatex.com\/es\/produit\/albornoz-sultana-terciopelo-2\/","og_site_name":"Balzatex","og_image":[{"width":728,"height":971,"url":"https:\/\/www.balzatex.com\/wp-content\/uploads\/2022\/03\/SULTANE-PEIGNOIR-SAFRAN.jpg","type":"image\/jpeg"}],"twitter_card":"summary_large_image","schema":{"@context":"https:\/\/schema.org","@graph":[{"@type":"WebPage","@id":"https:\/\/www.balzatex.com\/es\/produit\/albornoz-sultana-terciopelo-2\/","url":"https:\/\/www.balzatex.com\/es\/produit\/albornoz-sultana-terciopelo-2\/","name":"Albornoz Sultana De Terciopelo - Balzatex","isPartOf":{"@id":"https:\/\/www.balzatex.com\/es\/#website"},"primaryImageOfPage":{"@id":"https:\/\/www.balzatex.com\/es\/produit\/albornoz-sultana-terciopelo-2\/#primaryimage"},"image":{"@id":"https:\/\/www.balzatex.com\/es\/produit\/albornoz-sultana-terciopelo-2\/#primaryimage"},"thumbnailUrl":"https:\/\/www.balzatex.com\/wp-content\/uploads\/2022\/03\/SULTANE-PEIGNOIR-SAFRAN.jpg","datePublished":"2022-03-07T12:12:57+00:00","breadcrumb":{"@id":"https:\/\/www.balzatex.com\/es\/produit\/albornoz-sultana-terciopelo-2\/#breadcrumb"},"inLanguage":"es","potentialAction":[{"@type":"ReadAction","target":["https:\/\/www.balzatex.com\/es\/produit\/albornoz-sultana-terciopelo-2\/"]}]},{"@type":"ImageObject","inLanguage":"es","@id":"https:\/\/www.balzatex.com\/es\/produit\/albornoz-sultana-terciopelo-2\/#primaryimage","url":"https:\/\/www.balzatex.com\/wp-content\/uploads\/2022\/03\/SULTANE-PEIGNOIR-SAFRAN.jpg","contentUrl":"https:\/\/www.balzatex.com\/wp-content\/uploads\/2022\/03\/SULTANE-PEIGNOIR-SAFRAN.jpg","width":728,"height":971},{"@type":"BreadcrumbList","@id":"https:\/\/www.balzatex.com\/es\/produit\/albornoz-sultana-terciopelo-2\/#breadcrumb","itemListElement":[{"@type":"ListItem","position":1,"name":"Accueil","item":"https:\/\/www.balzatex.com\/es\/"},{"@type":"ListItem","position":2,"name":"Tienda","item":"https:\/\/www.balzatex.com\/es\/tienda\/"},{"@type":"ListItem","position":3,"name":"Albornoz Sultana De Terciopelo"}]},{"@type":"WebSite","@id":"https:\/\/www.balzatex.com\/es\/#website","url":"https:\/\/www.balzatex.com\/es\/","name":"Balzatex","description":"Linge maison","potentialAction":[{"@type":"SearchAction","target":{"@type":"EntryPoint","urlTemplate":"https:\/\/www.balzatex.com\/es\/?s={search_term_string}"},"query-input":{"@type":"PropertyValueSpecification","valueRequired":true,"valueName":"search_term_string"}}],"inLanguage":"es"}]}},"_links":{"self":[{"href":"https:\/\/www.balzatex.com\/es\/wp-json\/wp\/v2\/product\/4270","targetHints":{"allow":["GET"]}}],"collection":[{"href":"https:\/\/www.balzatex.com\/es\/wp-json\/wp\/v2\/product"}],"about":[{"href":"https:\/\/www.balzatex.com\/es\/wp-json\/wp\/v2\/types\/product"}],"replies":[{"embeddable":true,"href":"https:\/\/www.balzatex.com\/es\/wp-json\/wp\/v2\/comments?post=4270"}],"wp:featuredmedia":[{"embeddable":true,"href":"https:\/\/www.balzatex.com\/es\/wp-json\/wp\/v2\/media\/2857"}],"wp:attachment":[{"href":"https:\/\/www.balzatex.com\/es\/wp-json\/wp\/v2\/media?parent=4270"}],"wp:term":[{"taxonomy":"product_brand","embeddable":true,"href":"https:\/\/www.balzatex.com\/es\/wp-json\/wp\/v2\/product_brand?post=4270"},{"taxonomy":"product_cat","embeddable":true,"href":"https:\/\/www.balzatex.com\/es\/wp-json\/wp\/v2\/product_cat?post=4270"},{"taxonomy":"product_tag","embeddable":true,"href":"https:\/\/www.balzatex.com\/es\/wp-json\/wp\/v2\/product_tag?post=4270"}],"curies":[{"name":"wp","href":"https:\/\/api.w.org\/{rel}","templated":true}]}}