{"id":4273,"date":"2022-03-07T12:16:53","date_gmt":"2022-03-07T11:16:53","guid":{"rendered":"https:\/\/www.balzatex.com\/produit\/6-akidate-o-panos-para-botones\/"},"modified":"2022-11-25T00:34:17","modified_gmt":"2022-11-24T23:34:17","slug":"6-panos-akidates-o-copia-botones","status":"publish","type":"product","link":"https:\/\/www.balzatex.com\/es\/produit\/6-panos-akidates-o-copia-botones\/","title":{"rendered":"6 Akidate o pa\u00f1os para botones"},"content":{"rendered":"","protected":false},"excerpt":{"rendered":"<p>\u00a1Un ramo de pa\u00f1os de cocina para adornar tu ba\u00f1o o impresionar a tus invitados! Juego de 6 pa\u00f1os de cocina de 30&#215;30 con botones hechos a mano colocados en las esquinas del pa\u00f1o de cocina.<\/p>\n<p>Pa\u00f1os de esponja tejidos en 700 gr\/m2, 100% algod\u00f3n.<\/p>\n<p>El bolso de presentaci\u00f3n se vende por separado.<\/p>\n","protected":false},"featured_media":2797,"comment_status":"open","ping_status":"closed","template":"","meta":{"_joinchat":[]},"product_brand":[],"product_cat":[389,310],"product_tag":[390,562,563,564,561],"class_list":{"0":"post-4273","1":"product","2":"type-product","3":"status-publish","4":"has-post-thumbnail","6":"product_cat-akidates-nuestros-botones","7":"product_cat-ropa-de-bano","8":"product_tag-akidates-o-granos","9":"product_tag-color-azafran","10":"product_tag-color-oro-viejo","11":"product_tag-de-color-caqui","12":"product_tag-la-coleccion-de-marrakech-y-sus-especias","14":"first","15":"instock","16":"shipping-taxable","17":"purchasable","18":"product-type-variable"},"supplier_id":null,"supplier_sku":"","barcode":null,"atum_controlled":true,"out_stock_date":null,"out_stock_threshold":null,"inheritable":true,"inbound_stock":0,"stock_on_hold":0,"sold_today":0,"sales_last_days":0,"reserved_stock":0,"customer_returns":0,"warehouse_damage":0,"lost_in_post":0,"other_logs":0,"out_stock_days":0,"lost_sales":0,"has_location":false,"update_date":"2023-11-17T07:48:06","atum_locations":[],"atum_stock_status":"instock","restock_status":false,"low_stock_amount":"","sales_update_date":"2023-09-04T09:15:05","calc_backorders":null,"yoast_head":"<!-- This site is optimized with the Yoast SEO plugin v27.4 - https:\/\/yoast.com\/product\/yoast-seo-wordpress\/ -->\n<title>6 Akidate o pa\u00f1os para botones - Balzatex<\/title>\n<meta name=\"robots\" content=\"index, follow, max-snippet:-1, max-image-preview:large, max-video-preview:-1\" \/>\n<link rel=\"canonical\" href=\"https:\/\/www.balzatex.com\/es\/produit\/6-panos-akidates-o-copia-botones\/\" \/>\n<meta property=\"og:locale\" content=\"es_ES\" \/>\n<meta property=\"og:type\" content=\"article\" \/>\n<meta property=\"og:title\" content=\"6 Akidate o pa\u00f1os para botones - Balzatex\" \/>\n<meta property=\"og:description\" content=\"\u00a1Un ramo de pa\u00f1os de cocina para adornar tu ba\u00f1o o impresionar a tus invitados! Juego de 6 pa\u00f1os de cocina de 30x30 con botones hechos a mano colocados en las esquinas del pa\u00f1o de cocina. Pa\u00f1os de esponja tejidos en 700 gr\/m2, 100% algod\u00f3n. El bolso de presentaci\u00f3n se vende por separado.\" \/>\n<meta property=\"og:url\" content=\"https:\/\/www.balzatex.com\/es\/produit\/6-panos-akidates-o-copia-botones\/\" \/>\n<meta property=\"og:site_name\" content=\"Balzatex\" \/>\n<meta property=\"article:modified_time\" content=\"2022-11-24T23:34:17+00:00\" \/>\n<meta property=\"og:image\" content=\"https:\/\/www.balzatex.com\/wp-content\/uploads\/2022\/03\/serviettes-invites-brodees-lot-boutons-1-scaled-e1647188135816.jpg\" \/>\n\t<meta property=\"og:image:width\" content=\"434\" \/>\n\t<meta property=\"og:image:height\" content=\"303\" \/>\n\t<meta property=\"og:image:type\" content=\"image\/jpeg\" \/>\n<meta name=\"twitter:card\" content=\"summary_large_image\" \/>\n<script type=\"application\/ld+json\" class=\"yoast-schema-graph\">{\"@context\":\"https:\\\/\\\/schema.org\",\"@graph\":[{\"@type\":\"WebPage\",\"@id\":\"https:\\\/\\\/www.balzatex.com\\\/es\\\/produit\\\/6-panos-akidates-o-copia-botones\\\/\",\"url\":\"https:\\\/\\\/www.balzatex.com\\\/es\\\/produit\\\/6-panos-akidates-o-copia-botones\\\/\",\"name\":\"6 Akidate o pa\u00f1os para botones - Balzatex\",\"isPartOf\":{\"@id\":\"https:\\\/\\\/www.balzatex.com\\\/es\\\/#website\"},\"primaryImageOfPage\":{\"@id\":\"https:\\\/\\\/www.balzatex.com\\\/es\\\/produit\\\/6-panos-akidates-o-copia-botones\\\/#primaryimage\"},\"image\":{\"@id\":\"https:\\\/\\\/www.balzatex.com\\\/es\\\/produit\\\/6-panos-akidates-o-copia-botones\\\/#primaryimage\"},\"thumbnailUrl\":\"https:\\\/\\\/www.balzatex.com\\\/wp-content\\\/uploads\\\/2022\\\/03\\\/serviettes-invites-brodees-lot-boutons-1-scaled-e1647188135816.jpg\",\"datePublished\":\"2022-03-07T11:16:53+00:00\",\"dateModified\":\"2022-11-24T23:34:17+00:00\",\"breadcrumb\":{\"@id\":\"https:\\\/\\\/www.balzatex.com\\\/es\\\/produit\\\/6-panos-akidates-o-copia-botones\\\/#breadcrumb\"},\"inLanguage\":\"es\",\"potentialAction\":[{\"@type\":\"ReadAction\",\"target\":[\"https:\\\/\\\/www.balzatex.com\\\/es\\\/produit\\\/6-panos-akidates-o-copia-botones\\\/\"]}]},{\"@type\":\"ImageObject\",\"inLanguage\":\"es\",\"@id\":\"https:\\\/\\\/www.balzatex.com\\\/es\\\/produit\\\/6-panos-akidates-o-copia-botones\\\/#primaryimage\",\"url\":\"https:\\\/\\\/www.balzatex.com\\\/wp-content\\\/uploads\\\/2022\\\/03\\\/serviettes-invites-brodees-lot-boutons-1-scaled-e1647188135816.jpg\",\"contentUrl\":\"https:\\\/\\\/www.balzatex.com\\\/wp-content\\\/uploads\\\/2022\\\/03\\\/serviettes-invites-brodees-lot-boutons-1-scaled-e1647188135816.jpg\",\"width\":434,\"height\":303},{\"@type\":\"BreadcrumbList\",\"@id\":\"https:\\\/\\\/www.balzatex.com\\\/es\\\/produit\\\/6-panos-akidates-o-copia-botones\\\/#breadcrumb\",\"itemListElement\":[{\"@type\":\"ListItem\",\"position\":1,\"name\":\"Accueil\",\"item\":\"https:\\\/\\\/www.balzatex.com\\\/es\\\/\"},{\"@type\":\"ListItem\",\"position\":2,\"name\":\"Tienda\",\"item\":\"https:\\\/\\\/www.balzatex.com\\\/es\\\/tienda\\\/\"},{\"@type\":\"ListItem\",\"position\":3,\"name\":\"6 Akidate o pa\u00f1os para botones\"}]},{\"@type\":\"WebSite\",\"@id\":\"https:\\\/\\\/www.balzatex.com\\\/es\\\/#website\",\"url\":\"https:\\\/\\\/www.balzatex.com\\\/es\\\/\",\"name\":\"Balzatex\",\"description\":\"Linge maison\",\"potentialAction\":[{\"@type\":\"SearchAction\",\"target\":{\"@type\":\"EntryPoint\",\"urlTemplate\":\"https:\\\/\\\/www.balzatex.com\\\/es\\\/?s={search_term_string}\"},\"query-input\":{\"@type\":\"PropertyValueSpecification\",\"valueRequired\":true,\"valueName\":\"search_term_string\"}}],\"inLanguage\":\"es\"}]}<\/script>\n<!-- \/ Yoast SEO plugin. -->","yoast_head_json":{"title":"6 Akidate o pa\u00f1os para botones - Balzatex","robots":{"index":"index","follow":"follow","max-snippet":"max-snippet:-1","max-image-preview":"max-image-preview:large","max-video-preview":"max-video-preview:-1"},"canonical":"https:\/\/www.balzatex.com\/es\/produit\/6-panos-akidates-o-copia-botones\/","og_locale":"es_ES","og_type":"article","og_title":"6 Akidate o pa\u00f1os para botones - Balzatex","og_description":"\u00a1Un ramo de pa\u00f1os de cocina para adornar tu ba\u00f1o o impresionar a tus invitados! Juego de 6 pa\u00f1os de cocina de 30x30 con botones hechos a mano colocados en las esquinas del pa\u00f1o de cocina. Pa\u00f1os de esponja tejidos en 700 gr\/m2, 100% algod\u00f3n. El bolso de presentaci\u00f3n se vende por separado.","og_url":"https:\/\/www.balzatex.com\/es\/produit\/6-panos-akidates-o-copia-botones\/","og_site_name":"Balzatex","article_modified_time":"2022-11-24T23:34:17+00:00","og_image":[{"width":434,"height":303,"url":"https:\/\/www.balzatex.com\/wp-content\/uploads\/2022\/03\/serviettes-invites-brodees-lot-boutons-1-scaled-e1647188135816.jpg","type":"image\/jpeg"}],"twitter_card":"summary_large_image","schema":{"@context":"https:\/\/schema.org","@graph":[{"@type":"WebPage","@id":"https:\/\/www.balzatex.com\/es\/produit\/6-panos-akidates-o-copia-botones\/","url":"https:\/\/www.balzatex.com\/es\/produit\/6-panos-akidates-o-copia-botones\/","name":"6 Akidate o pa\u00f1os para botones - Balzatex","isPartOf":{"@id":"https:\/\/www.balzatex.com\/es\/#website"},"primaryImageOfPage":{"@id":"https:\/\/www.balzatex.com\/es\/produit\/6-panos-akidates-o-copia-botones\/#primaryimage"},"image":{"@id":"https:\/\/www.balzatex.com\/es\/produit\/6-panos-akidates-o-copia-botones\/#primaryimage"},"thumbnailUrl":"https:\/\/www.balzatex.com\/wp-content\/uploads\/2022\/03\/serviettes-invites-brodees-lot-boutons-1-scaled-e1647188135816.jpg","datePublished":"2022-03-07T11:16:53+00:00","dateModified":"2022-11-24T23:34:17+00:00","breadcrumb":{"@id":"https:\/\/www.balzatex.com\/es\/produit\/6-panos-akidates-o-copia-botones\/#breadcrumb"},"inLanguage":"es","potentialAction":[{"@type":"ReadAction","target":["https:\/\/www.balzatex.com\/es\/produit\/6-panos-akidates-o-copia-botones\/"]}]},{"@type":"ImageObject","inLanguage":"es","@id":"https:\/\/www.balzatex.com\/es\/produit\/6-panos-akidates-o-copia-botones\/#primaryimage","url":"https:\/\/www.balzatex.com\/wp-content\/uploads\/2022\/03\/serviettes-invites-brodees-lot-boutons-1-scaled-e1647188135816.jpg","contentUrl":"https:\/\/www.balzatex.com\/wp-content\/uploads\/2022\/03\/serviettes-invites-brodees-lot-boutons-1-scaled-e1647188135816.jpg","width":434,"height":303},{"@type":"BreadcrumbList","@id":"https:\/\/www.balzatex.com\/es\/produit\/6-panos-akidates-o-copia-botones\/#breadcrumb","itemListElement":[{"@type":"ListItem","position":1,"name":"Accueil","item":"https:\/\/www.balzatex.com\/es\/"},{"@type":"ListItem","position":2,"name":"Tienda","item":"https:\/\/www.balzatex.com\/es\/tienda\/"},{"@type":"ListItem","position":3,"name":"6 Akidate o pa\u00f1os para botones"}]},{"@type":"WebSite","@id":"https:\/\/www.balzatex.com\/es\/#website","url":"https:\/\/www.balzatex.com\/es\/","name":"Balzatex","description":"Linge maison","potentialAction":[{"@type":"SearchAction","target":{"@type":"EntryPoint","urlTemplate":"https:\/\/www.balzatex.com\/es\/?s={search_term_string}"},"query-input":{"@type":"PropertyValueSpecification","valueRequired":true,"valueName":"search_term_string"}}],"inLanguage":"es"}]}},"_links":{"self":[{"href":"https:\/\/www.balzatex.com\/es\/wp-json\/wp\/v2\/product\/4273","targetHints":{"allow":["GET"]}}],"collection":[{"href":"https:\/\/www.balzatex.com\/es\/wp-json\/wp\/v2\/product"}],"about":[{"href":"https:\/\/www.balzatex.com\/es\/wp-json\/wp\/v2\/types\/product"}],"replies":[{"embeddable":true,"href":"https:\/\/www.balzatex.com\/es\/wp-json\/wp\/v2\/comments?post=4273"}],"wp:featuredmedia":[{"embeddable":true,"href":"https:\/\/www.balzatex.com\/es\/wp-json\/wp\/v2\/media\/2797"}],"wp:attachment":[{"href":"https:\/\/www.balzatex.com\/es\/wp-json\/wp\/v2\/media?parent=4273"}],"wp:term":[{"taxonomy":"product_brand","embeddable":true,"href":"https:\/\/www.balzatex.com\/es\/wp-json\/wp\/v2\/product_brand?post=4273"},{"taxonomy":"product_cat","embeddable":true,"href":"https:\/\/www.balzatex.com\/es\/wp-json\/wp\/v2\/product_cat?post=4273"},{"taxonomy":"product_tag","embeddable":true,"href":"https:\/\/www.balzatex.com\/es\/wp-json\/wp\/v2\/product_tag?post=4273"}],"curies":[{"name":"wp","href":"https:\/\/api.w.org\/{rel}","templated":true}]}}