{"id":4304,"date":"2022-03-07T13:18:39","date_gmt":"2022-03-07T12:18:39","guid":{"rendered":"https:\/\/www.balzatex.com\/produit\/albornoz-de-terciopelo-para-hombre-sultan\/"},"modified":"2022-03-07T13:18:39","modified_gmt":"2022-03-07T12:18:39","slug":"albornoz-sultan-hombre-terciopelo-2","status":"publish","type":"product","link":"https:\/\/www.balzatex.com\/es\/produit\/albornoz-sultan-hombre-terciopelo-2\/","title":{"rendered":"Albornoz de terciopelo para hombre Sultan"},"content":{"rendered":"","protected":false},"excerpt":{"rendered":"<p>\u00a1El Sult\u00e1n, el albornoz para mayores! Sublimar\u00e1 tu silueta con su imponente capota adornada con un pomp\u00f3n de seda hecho a mano. Los bolsillos est\u00e1n delicadamente subrayados con pasamaner\u00eda tambi\u00e9n hecha a mano. Albornoz Sultan para Hombre &#8211; Terciopelo &#8211;<\/p>\n<p>S\u00e9 sult\u00e1n para un descanso de bienestar. Una bata de estilo oriental con hermosos pompones hechos a mano colocados en los extremos del cintur\u00f3n y al final de la capucha. Este albornoz es de talla \u00fanica, que corresponde a una XL. Est\u00e1 hecho de esponja velour, 100% algod\u00f3n, con un efecto sedoso por fuera, pero absorbente por dentro con su lado de rizo. Para prolongar la vida de los pompones, te recomendamos que los quites antes de cada lavado, son f\u00e1cilmente removibles.<\/p>\n","protected":false},"featured_media":0,"comment_status":"open","ping_status":"closed","template":"","meta":{"_joinchat":[]},"product_brand":[],"product_cat":[381,310],"product_tag":[384,383,564,561],"class_list":{"0":"post-4304","1":"product","2":"type-product","3":"status-publish","5":"product_cat-albornoces","6":"product_cat-ropa-de-bano","7":"product_tag-bata","8":"product_tag-coleccion-sultana","9":"product_tag-de-color-caqui","10":"product_tag-la-coleccion-de-marrakech-y-sus-especias","12":"first","13":"outofstock","14":"shipping-taxable","15":"product-type-variable"},"supplier_id":null,"supplier_sku":"","barcode":null,"atum_controlled":true,"out_stock_date":null,"out_stock_threshold":null,"inheritable":false,"inbound_stock":0,"stock_on_hold":0,"sold_today":0,"sales_last_days":0,"reserved_stock":0,"customer_returns":0,"warehouse_damage":0,"lost_in_post":0,"other_logs":0,"out_stock_days":0,"lost_sales":0,"has_location":false,"update_date":"2023-09-12T09:23:04","atum_locations":[],"atum_stock_status":"outofstock","restock_status":false,"low_stock_amount":"","sales_update_date":"2023-09-12T09:23:04","calc_backorders":null,"yoast_head":"<!-- This site is optimized with the Yoast SEO plugin v27.4 - https:\/\/yoast.com\/product\/yoast-seo-wordpress\/ -->\n<title>Albornoz de terciopelo para hombre Sultan - Balzatex<\/title>\n<meta name=\"robots\" content=\"index, follow, max-snippet:-1, max-image-preview:large, max-video-preview:-1\" \/>\n<link rel=\"canonical\" href=\"https:\/\/www.balzatex.com\/es\/produit\/albornoz-sultan-hombre-terciopelo-2\/\" \/>\n<meta property=\"og:locale\" content=\"es_ES\" \/>\n<meta property=\"og:type\" content=\"article\" \/>\n<meta property=\"og:title\" content=\"Albornoz de terciopelo para hombre Sultan - Balzatex\" \/>\n<meta property=\"og:description\" content=\"\u00a1El Sult\u00e1n, el albornoz para mayores! Sublimar\u00e1 tu silueta con su imponente capota adornada con un pomp\u00f3n de seda hecho a mano. Los bolsillos est\u00e1n delicadamente subrayados con pasamaner\u00eda tambi\u00e9n hecha a mano. Albornoz Sultan para Hombre - Terciopelo - S\u00e9 sult\u00e1n para un descanso de bienestar. Una bata de estilo oriental con hermosos pompones hechos a mano colocados en los extremos del cintur\u00f3n y al final de la capucha. Este albornoz es de talla \u00fanica, que corresponde a una XL. Est\u00e1 hecho de esponja velour, 100% algod\u00f3n, con un efecto sedoso por fuera, pero absorbente por dentro con su lado de rizo. Para prolongar la vida de los pompones, te recomendamos que los quites antes de cada lavado, son f\u00e1cilmente removibles.\" \/>\n<meta property=\"og:url\" content=\"https:\/\/www.balzatex.com\/es\/produit\/albornoz-sultan-hombre-terciopelo-2\/\" \/>\n<meta property=\"og:site_name\" content=\"Balzatex\" \/>\n<meta name=\"twitter:card\" content=\"summary_large_image\" \/>\n<script type=\"application\/ld+json\" class=\"yoast-schema-graph\">{\"@context\":\"https:\\\/\\\/schema.org\",\"@graph\":[{\"@type\":\"WebPage\",\"@id\":\"https:\\\/\\\/www.balzatex.com\\\/es\\\/produit\\\/albornoz-sultan-hombre-terciopelo-2\\\/\",\"url\":\"https:\\\/\\\/www.balzatex.com\\\/es\\\/produit\\\/albornoz-sultan-hombre-terciopelo-2\\\/\",\"name\":\"Albornoz de terciopelo para hombre Sultan - Balzatex\",\"isPartOf\":{\"@id\":\"https:\\\/\\\/www.balzatex.com\\\/es\\\/#website\"},\"datePublished\":\"2022-03-07T12:18:39+00:00\",\"breadcrumb\":{\"@id\":\"https:\\\/\\\/www.balzatex.com\\\/es\\\/produit\\\/albornoz-sultan-hombre-terciopelo-2\\\/#breadcrumb\"},\"inLanguage\":\"es\",\"potentialAction\":[{\"@type\":\"ReadAction\",\"target\":[\"https:\\\/\\\/www.balzatex.com\\\/es\\\/produit\\\/albornoz-sultan-hombre-terciopelo-2\\\/\"]}]},{\"@type\":\"BreadcrumbList\",\"@id\":\"https:\\\/\\\/www.balzatex.com\\\/es\\\/produit\\\/albornoz-sultan-hombre-terciopelo-2\\\/#breadcrumb\",\"itemListElement\":[{\"@type\":\"ListItem\",\"position\":1,\"name\":\"Accueil\",\"item\":\"https:\\\/\\\/www.balzatex.com\\\/es\\\/\"},{\"@type\":\"ListItem\",\"position\":2,\"name\":\"Tienda\",\"item\":\"https:\\\/\\\/www.balzatex.com\\\/es\\\/tienda\\\/\"},{\"@type\":\"ListItem\",\"position\":3,\"name\":\"Albornoz de terciopelo para hombre Sultan\"}]},{\"@type\":\"WebSite\",\"@id\":\"https:\\\/\\\/www.balzatex.com\\\/es\\\/#website\",\"url\":\"https:\\\/\\\/www.balzatex.com\\\/es\\\/\",\"name\":\"Balzatex\",\"description\":\"Linge maison\",\"potentialAction\":[{\"@type\":\"SearchAction\",\"target\":{\"@type\":\"EntryPoint\",\"urlTemplate\":\"https:\\\/\\\/www.balzatex.com\\\/es\\\/?s={search_term_string}\"},\"query-input\":{\"@type\":\"PropertyValueSpecification\",\"valueRequired\":true,\"valueName\":\"search_term_string\"}}],\"inLanguage\":\"es\"}]}<\/script>\n<!-- \/ Yoast SEO plugin. -->","yoast_head_json":{"title":"Albornoz de terciopelo para hombre Sultan - Balzatex","robots":{"index":"index","follow":"follow","max-snippet":"max-snippet:-1","max-image-preview":"max-image-preview:large","max-video-preview":"max-video-preview:-1"},"canonical":"https:\/\/www.balzatex.com\/es\/produit\/albornoz-sultan-hombre-terciopelo-2\/","og_locale":"es_ES","og_type":"article","og_title":"Albornoz de terciopelo para hombre Sultan - Balzatex","og_description":"\u00a1El Sult\u00e1n, el albornoz para mayores! Sublimar\u00e1 tu silueta con su imponente capota adornada con un pomp\u00f3n de seda hecho a mano. Los bolsillos est\u00e1n delicadamente subrayados con pasamaner\u00eda tambi\u00e9n hecha a mano. Albornoz Sultan para Hombre - Terciopelo - S\u00e9 sult\u00e1n para un descanso de bienestar. Una bata de estilo oriental con hermosos pompones hechos a mano colocados en los extremos del cintur\u00f3n y al final de la capucha. Este albornoz es de talla \u00fanica, que corresponde a una XL. Est\u00e1 hecho de esponja velour, 100% algod\u00f3n, con un efecto sedoso por fuera, pero absorbente por dentro con su lado de rizo. Para prolongar la vida de los pompones, te recomendamos que los quites antes de cada lavado, son f\u00e1cilmente removibles.","og_url":"https:\/\/www.balzatex.com\/es\/produit\/albornoz-sultan-hombre-terciopelo-2\/","og_site_name":"Balzatex","twitter_card":"summary_large_image","schema":{"@context":"https:\/\/schema.org","@graph":[{"@type":"WebPage","@id":"https:\/\/www.balzatex.com\/es\/produit\/albornoz-sultan-hombre-terciopelo-2\/","url":"https:\/\/www.balzatex.com\/es\/produit\/albornoz-sultan-hombre-terciopelo-2\/","name":"Albornoz de terciopelo para hombre Sultan - Balzatex","isPartOf":{"@id":"https:\/\/www.balzatex.com\/es\/#website"},"datePublished":"2022-03-07T12:18:39+00:00","breadcrumb":{"@id":"https:\/\/www.balzatex.com\/es\/produit\/albornoz-sultan-hombre-terciopelo-2\/#breadcrumb"},"inLanguage":"es","potentialAction":[{"@type":"ReadAction","target":["https:\/\/www.balzatex.com\/es\/produit\/albornoz-sultan-hombre-terciopelo-2\/"]}]},{"@type":"BreadcrumbList","@id":"https:\/\/www.balzatex.com\/es\/produit\/albornoz-sultan-hombre-terciopelo-2\/#breadcrumb","itemListElement":[{"@type":"ListItem","position":1,"name":"Accueil","item":"https:\/\/www.balzatex.com\/es\/"},{"@type":"ListItem","position":2,"name":"Tienda","item":"https:\/\/www.balzatex.com\/es\/tienda\/"},{"@type":"ListItem","position":3,"name":"Albornoz de terciopelo para hombre Sultan"}]},{"@type":"WebSite","@id":"https:\/\/www.balzatex.com\/es\/#website","url":"https:\/\/www.balzatex.com\/es\/","name":"Balzatex","description":"Linge maison","potentialAction":[{"@type":"SearchAction","target":{"@type":"EntryPoint","urlTemplate":"https:\/\/www.balzatex.com\/es\/?s={search_term_string}"},"query-input":{"@type":"PropertyValueSpecification","valueRequired":true,"valueName":"search_term_string"}}],"inLanguage":"es"}]}},"_links":{"self":[{"href":"https:\/\/www.balzatex.com\/es\/wp-json\/wp\/v2\/product\/4304","targetHints":{"allow":["GET"]}}],"collection":[{"href":"https:\/\/www.balzatex.com\/es\/wp-json\/wp\/v2\/product"}],"about":[{"href":"https:\/\/www.balzatex.com\/es\/wp-json\/wp\/v2\/types\/product"}],"replies":[{"embeddable":true,"href":"https:\/\/www.balzatex.com\/es\/wp-json\/wp\/v2\/comments?post=4304"}],"wp:attachment":[{"href":"https:\/\/www.balzatex.com\/es\/wp-json\/wp\/v2\/media?parent=4304"}],"wp:term":[{"taxonomy":"product_brand","embeddable":true,"href":"https:\/\/www.balzatex.com\/es\/wp-json\/wp\/v2\/product_brand?post=4304"},{"taxonomy":"product_cat","embeddable":true,"href":"https:\/\/www.balzatex.com\/es\/wp-json\/wp\/v2\/product_cat?post=4304"},{"taxonomy":"product_tag","embeddable":true,"href":"https:\/\/www.balzatex.com\/es\/wp-json\/wp\/v2\/product_tag?post=4304"}],"curies":[{"name":"wp","href":"https:\/\/api.w.org\/{rel}","templated":true}]}}