{"id":4348,"date":"2022-03-07T17:31:00","date_gmt":"2022-03-07T16:31:00","guid":{"rendered":"https:\/\/www.balzatex.com\/produit\/fundas-nordicas-2-fundas-de-almohada-bordadas-2\/"},"modified":"2023-12-02T00:00:43","modified_gmt":"2023-12-01T23:00:43","slug":"fundas-nordicas-2-fundas-de-almohada-bordadas-2","status":"publish","type":"product","link":"https:\/\/www.balzatex.com\/es\/produit\/fundas-nordicas-2-fundas-de-almohada-bordadas-2\/","title":{"rendered":"Fundas n\u00f3rdicas + 2 fundas de almohada bordadas"},"content":{"rendered":"","protected":false},"excerpt":{"rendered":"<p>Juego de funda n\u00f3rdica bordada: juego de cama en algod\u00f3n percal de 200 hilos compuesto por una funda n\u00f3rdica bordada y 2 fundas de almohada de 50&#215;70 tambi\u00e9n bordadas.<\/p>\n<p>La funda n\u00f3rdica tiene forma de botella, pero te la podemos hacer con botones para cerrar (bajo pedido).<\/p>\n<p>Las fundas de almohada tienen un volante plano de 8 cm y un abejorro de color que recuerda a un bordado. Hay disponibles diferentes colores, diferentes tama\u00f1os y diferentes bordados.<\/p>\n<p>Para cualquier solicitud especial, env\u00edenos un mensaje. Aseg\u00farate de la talla de edred\u00f3n que tienes antes de realizar el pedido; si no, consulta la gu\u00eda de tallas.<\/p>\n","protected":false},"featured_media":2791,"comment_status":"open","ping_status":"closed","template":"","meta":{"_joinchat":[]},"product_brand":[],"product_cat":[465,431],"product_tag":[355,568,562,468,561],"class_list":{"0":"post-4348","1":"product","2":"type-product","3":"status-publish","4":"has-post-thumbnail","6":"product_cat-funda-de-edredon","7":"product_cat-ropa-de-cama","8":"product_tag-bordado","9":"product_tag-coleccion-calameo","10":"product_tag-color-azafran","11":"product_tag-funda-de-edredon","12":"product_tag-la-coleccion-de-marrakech-y-sus-especias","14":"first","15":"instock","16":"shipping-taxable","17":"purchasable","18":"product-type-variable"},"supplier_id":null,"supplier_sku":"","barcode":null,"atum_controlled":true,"out_stock_date":null,"out_stock_threshold":null,"inheritable":true,"inbound_stock":0,"stock_on_hold":0,"sold_today":0,"sales_last_days":0,"reserved_stock":0,"customer_returns":0,"warehouse_damage":0,"lost_in_post":0,"other_logs":0,"out_stock_days":0,"lost_sales":0,"has_location":false,"update_date":"2024-01-29T14:17:06","atum_locations":[],"atum_stock_status":"instock","restock_status":false,"low_stock_amount":"","sales_update_date":"2023-09-11T09:21:47","calc_backorders":null,"yoast_head":"<!-- This site is optimized with the Yoast SEO plugin v27.4 - https:\/\/yoast.com\/product\/yoast-seo-wordpress\/ -->\n<title>Fundas n\u00f3rdicas + 2 fundas de almohada bordadas - Balzatex<\/title>\n<meta name=\"robots\" content=\"index, follow, max-snippet:-1, max-image-preview:large, max-video-preview:-1\" \/>\n<link rel=\"canonical\" href=\"https:\/\/www.balzatex.com\/es\/produit\/fundas-nordicas-2-fundas-de-almohada-bordadas-2\/\" \/>\n<meta property=\"og:locale\" content=\"es_ES\" \/>\n<meta property=\"og:type\" content=\"article\" \/>\n<meta property=\"og:title\" content=\"Fundas n\u00f3rdicas + 2 fundas de almohada bordadas - Balzatex\" \/>\n<meta property=\"og:description\" content=\"Juego de funda n\u00f3rdica bordada: juego de cama en algod\u00f3n percal de 200 hilos compuesto por una funda n\u00f3rdica bordada y 2 fundas de almohada de 50x70 tambi\u00e9n bordadas. La funda n\u00f3rdica tiene forma de botella, pero te la podemos hacer con botones para cerrar (bajo pedido). Las fundas de almohada tienen un volante plano de 8 cm y un abejorro de color que recuerda a un bordado. Hay disponibles diferentes colores, diferentes tama\u00f1os y diferentes bordados. Para cualquier solicitud especial, env\u00edenos un mensaje. Aseg\u00farate de la talla de edred\u00f3n que tienes antes de realizar el pedido; si no, consulta la gu\u00eda de tallas.\" \/>\n<meta property=\"og:url\" content=\"https:\/\/www.balzatex.com\/es\/produit\/fundas-nordicas-2-fundas-de-almohada-bordadas-2\/\" \/>\n<meta property=\"og:site_name\" content=\"Balzatex\" \/>\n<meta property=\"article:modified_time\" content=\"2023-12-01T23:00:43+00:00\" \/>\n<meta property=\"og:image\" content=\"https:\/\/www.balzatex.com\/wp-content\/uploads\/2022\/03\/hc-brodee-safran-calameo-scaled-e1647187932335.jpg\" \/>\n\t<meta property=\"og:image:width\" content=\"800\" \/>\n\t<meta property=\"og:image:height\" content=\"531\" \/>\n\t<meta property=\"og:image:type\" content=\"image\/jpeg\" \/>\n<meta name=\"twitter:card\" content=\"summary_large_image\" \/>\n<script type=\"application\/ld+json\" class=\"yoast-schema-graph\">{\"@context\":\"https:\\\/\\\/schema.org\",\"@graph\":[{\"@type\":\"WebPage\",\"@id\":\"https:\\\/\\\/www.balzatex.com\\\/es\\\/produit\\\/fundas-nordicas-2-fundas-de-almohada-bordadas-2\\\/\",\"url\":\"https:\\\/\\\/www.balzatex.com\\\/es\\\/produit\\\/fundas-nordicas-2-fundas-de-almohada-bordadas-2\\\/\",\"name\":\"Fundas n\u00f3rdicas + 2 fundas de almohada bordadas - Balzatex\",\"isPartOf\":{\"@id\":\"https:\\\/\\\/www.balzatex.com\\\/es\\\/#website\"},\"primaryImageOfPage\":{\"@id\":\"https:\\\/\\\/www.balzatex.com\\\/es\\\/produit\\\/fundas-nordicas-2-fundas-de-almohada-bordadas-2\\\/#primaryimage\"},\"image\":{\"@id\":\"https:\\\/\\\/www.balzatex.com\\\/es\\\/produit\\\/fundas-nordicas-2-fundas-de-almohada-bordadas-2\\\/#primaryimage\"},\"thumbnailUrl\":\"https:\\\/\\\/www.balzatex.com\\\/wp-content\\\/uploads\\\/2022\\\/03\\\/hc-brodee-safran-calameo-scaled-e1647187932335.jpg\",\"datePublished\":\"2022-03-07T16:31:00+00:00\",\"dateModified\":\"2023-12-01T23:00:43+00:00\",\"breadcrumb\":{\"@id\":\"https:\\\/\\\/www.balzatex.com\\\/es\\\/produit\\\/fundas-nordicas-2-fundas-de-almohada-bordadas-2\\\/#breadcrumb\"},\"inLanguage\":\"es\",\"potentialAction\":[{\"@type\":\"ReadAction\",\"target\":[\"https:\\\/\\\/www.balzatex.com\\\/es\\\/produit\\\/fundas-nordicas-2-fundas-de-almohada-bordadas-2\\\/\"]}]},{\"@type\":\"ImageObject\",\"inLanguage\":\"es\",\"@id\":\"https:\\\/\\\/www.balzatex.com\\\/es\\\/produit\\\/fundas-nordicas-2-fundas-de-almohada-bordadas-2\\\/#primaryimage\",\"url\":\"https:\\\/\\\/www.balzatex.com\\\/wp-content\\\/uploads\\\/2022\\\/03\\\/hc-brodee-safran-calameo-scaled-e1647187932335.jpg\",\"contentUrl\":\"https:\\\/\\\/www.balzatex.com\\\/wp-content\\\/uploads\\\/2022\\\/03\\\/hc-brodee-safran-calameo-scaled-e1647187932335.jpg\",\"width\":800,\"height\":531},{\"@type\":\"BreadcrumbList\",\"@id\":\"https:\\\/\\\/www.balzatex.com\\\/es\\\/produit\\\/fundas-nordicas-2-fundas-de-almohada-bordadas-2\\\/#breadcrumb\",\"itemListElement\":[{\"@type\":\"ListItem\",\"position\":1,\"name\":\"Accueil\",\"item\":\"https:\\\/\\\/www.balzatex.com\\\/es\\\/\"},{\"@type\":\"ListItem\",\"position\":2,\"name\":\"Tienda\",\"item\":\"https:\\\/\\\/www.balzatex.com\\\/es\\\/tienda\\\/\"},{\"@type\":\"ListItem\",\"position\":3,\"name\":\"Fundas n\u00f3rdicas + 2 fundas de almohada bordadas\"}]},{\"@type\":\"WebSite\",\"@id\":\"https:\\\/\\\/www.balzatex.com\\\/es\\\/#website\",\"url\":\"https:\\\/\\\/www.balzatex.com\\\/es\\\/\",\"name\":\"Balzatex\",\"description\":\"Linge maison\",\"potentialAction\":[{\"@type\":\"SearchAction\",\"target\":{\"@type\":\"EntryPoint\",\"urlTemplate\":\"https:\\\/\\\/www.balzatex.com\\\/es\\\/?s={search_term_string}\"},\"query-input\":{\"@type\":\"PropertyValueSpecification\",\"valueRequired\":true,\"valueName\":\"search_term_string\"}}],\"inLanguage\":\"es\"}]}<\/script>\n<!-- \/ Yoast SEO plugin. -->","yoast_head_json":{"title":"Fundas n\u00f3rdicas + 2 fundas de almohada bordadas - Balzatex","robots":{"index":"index","follow":"follow","max-snippet":"max-snippet:-1","max-image-preview":"max-image-preview:large","max-video-preview":"max-video-preview:-1"},"canonical":"https:\/\/www.balzatex.com\/es\/produit\/fundas-nordicas-2-fundas-de-almohada-bordadas-2\/","og_locale":"es_ES","og_type":"article","og_title":"Fundas n\u00f3rdicas + 2 fundas de almohada bordadas - Balzatex","og_description":"Juego de funda n\u00f3rdica bordada: juego de cama en algod\u00f3n percal de 200 hilos compuesto por una funda n\u00f3rdica bordada y 2 fundas de almohada de 50x70 tambi\u00e9n bordadas. La funda n\u00f3rdica tiene forma de botella, pero te la podemos hacer con botones para cerrar (bajo pedido). Las fundas de almohada tienen un volante plano de 8 cm y un abejorro de color que recuerda a un bordado. Hay disponibles diferentes colores, diferentes tama\u00f1os y diferentes bordados. Para cualquier solicitud especial, env\u00edenos un mensaje. Aseg\u00farate de la talla de edred\u00f3n que tienes antes de realizar el pedido; si no, consulta la gu\u00eda de tallas.","og_url":"https:\/\/www.balzatex.com\/es\/produit\/fundas-nordicas-2-fundas-de-almohada-bordadas-2\/","og_site_name":"Balzatex","article_modified_time":"2023-12-01T23:00:43+00:00","og_image":[{"width":800,"height":531,"url":"https:\/\/www.balzatex.com\/wp-content\/uploads\/2022\/03\/hc-brodee-safran-calameo-scaled-e1647187932335.jpg","type":"image\/jpeg"}],"twitter_card":"summary_large_image","schema":{"@context":"https:\/\/schema.org","@graph":[{"@type":"WebPage","@id":"https:\/\/www.balzatex.com\/es\/produit\/fundas-nordicas-2-fundas-de-almohada-bordadas-2\/","url":"https:\/\/www.balzatex.com\/es\/produit\/fundas-nordicas-2-fundas-de-almohada-bordadas-2\/","name":"Fundas n\u00f3rdicas + 2 fundas de almohada bordadas - Balzatex","isPartOf":{"@id":"https:\/\/www.balzatex.com\/es\/#website"},"primaryImageOfPage":{"@id":"https:\/\/www.balzatex.com\/es\/produit\/fundas-nordicas-2-fundas-de-almohada-bordadas-2\/#primaryimage"},"image":{"@id":"https:\/\/www.balzatex.com\/es\/produit\/fundas-nordicas-2-fundas-de-almohada-bordadas-2\/#primaryimage"},"thumbnailUrl":"https:\/\/www.balzatex.com\/wp-content\/uploads\/2022\/03\/hc-brodee-safran-calameo-scaled-e1647187932335.jpg","datePublished":"2022-03-07T16:31:00+00:00","dateModified":"2023-12-01T23:00:43+00:00","breadcrumb":{"@id":"https:\/\/www.balzatex.com\/es\/produit\/fundas-nordicas-2-fundas-de-almohada-bordadas-2\/#breadcrumb"},"inLanguage":"es","potentialAction":[{"@type":"ReadAction","target":["https:\/\/www.balzatex.com\/es\/produit\/fundas-nordicas-2-fundas-de-almohada-bordadas-2\/"]}]},{"@type":"ImageObject","inLanguage":"es","@id":"https:\/\/www.balzatex.com\/es\/produit\/fundas-nordicas-2-fundas-de-almohada-bordadas-2\/#primaryimage","url":"https:\/\/www.balzatex.com\/wp-content\/uploads\/2022\/03\/hc-brodee-safran-calameo-scaled-e1647187932335.jpg","contentUrl":"https:\/\/www.balzatex.com\/wp-content\/uploads\/2022\/03\/hc-brodee-safran-calameo-scaled-e1647187932335.jpg","width":800,"height":531},{"@type":"BreadcrumbList","@id":"https:\/\/www.balzatex.com\/es\/produit\/fundas-nordicas-2-fundas-de-almohada-bordadas-2\/#breadcrumb","itemListElement":[{"@type":"ListItem","position":1,"name":"Accueil","item":"https:\/\/www.balzatex.com\/es\/"},{"@type":"ListItem","position":2,"name":"Tienda","item":"https:\/\/www.balzatex.com\/es\/tienda\/"},{"@type":"ListItem","position":3,"name":"Fundas n\u00f3rdicas + 2 fundas de almohada bordadas"}]},{"@type":"WebSite","@id":"https:\/\/www.balzatex.com\/es\/#website","url":"https:\/\/www.balzatex.com\/es\/","name":"Balzatex","description":"Linge maison","potentialAction":[{"@type":"SearchAction","target":{"@type":"EntryPoint","urlTemplate":"https:\/\/www.balzatex.com\/es\/?s={search_term_string}"},"query-input":{"@type":"PropertyValueSpecification","valueRequired":true,"valueName":"search_term_string"}}],"inLanguage":"es"}]}},"_links":{"self":[{"href":"https:\/\/www.balzatex.com\/es\/wp-json\/wp\/v2\/product\/4348","targetHints":{"allow":["GET"]}}],"collection":[{"href":"https:\/\/www.balzatex.com\/es\/wp-json\/wp\/v2\/product"}],"about":[{"href":"https:\/\/www.balzatex.com\/es\/wp-json\/wp\/v2\/types\/product"}],"replies":[{"embeddable":true,"href":"https:\/\/www.balzatex.com\/es\/wp-json\/wp\/v2\/comments?post=4348"}],"wp:featuredmedia":[{"embeddable":true,"href":"https:\/\/www.balzatex.com\/es\/wp-json\/wp\/v2\/media\/2791"}],"wp:attachment":[{"href":"https:\/\/www.balzatex.com\/es\/wp-json\/wp\/v2\/media?parent=4348"}],"wp:term":[{"taxonomy":"product_brand","embeddable":true,"href":"https:\/\/www.balzatex.com\/es\/wp-json\/wp\/v2\/product_brand?post=4348"},{"taxonomy":"product_cat","embeddable":true,"href":"https:\/\/www.balzatex.com\/es\/wp-json\/wp\/v2\/product_cat?post=4348"},{"taxonomy":"product_tag","embeddable":true,"href":"https:\/\/www.balzatex.com\/es\/wp-json\/wp\/v2\/product_tag?post=4348"}],"curies":[{"name":"wp","href":"https:\/\/api.w.org\/{rel}","templated":true}]}}