{"id":4361,"date":"2022-03-07T14:38:09","date_gmt":"2022-03-07T13:38:09","guid":{"rendered":"https:\/\/www.balzatex.com\/produit\/toallas-de-bano-con-flecos-art-deco\/"},"modified":"2022-04-05T09:34:30","modified_gmt":"2022-04-05T09:34:30","slug":"toallas-de-bano-con-flecos-art-deco","status":"publish","type":"product","link":"https:\/\/www.balzatex.com\/es\/produit\/toallas-de-bano-con-flecos-art-deco\/","title":{"rendered":"Toallas de ba\u00f1o con flecos Art Deco"},"content":{"rendered":"","protected":false},"excerpt":{"rendered":"<p>Estrellas de Balzatex, estas toallas ligeras encontrar\u00e1n un lugar natural en tantos lugares diferentes&#8230; ba\u00f1os, gimnasios, hammam, tumbonas, piscina, en el mar&#8230;<\/p>\n<p>Maxi grandes, ligeras, absorbentes, disponibles en infinidad de colores, divertidas con sus flecos, \u00a1tienen de todo para complacer!<\/p>\n<p>Esponja tejida en 400 gr\/m2, 100% algod\u00f3n.<\/p>\n<p>Patr\u00f3n: Art D\u00e9co.<\/p>\n<p>Dimensiones: toalla de ba\u00f1o maxi en 100&#215;200 &#8211; Toalla de ba\u00f1o en 100&#215;150<\/p>\n","protected":false},"featured_media":3023,"comment_status":"open","ping_status":"closed","template":"","meta":{"_joinchat":[]},"product_brand":[],"product_cat":[385,310,463,515],"product_tag":[500,325,469,333,335,578,388],"class_list":{"0":"post-4361","1":"product","2":"type-product","3":"status-publish","4":"has-post-thumbnail","6":"product_cat-jacquards-con-flecos","7":"product_cat-ropa-de-bano","8":"product_cat-ropa-de-sala-y-chillout","9":"product_cat-toallas-de-bano","10":"product_tag-100-algodon","11":"product_tag-blanco-blanca","12":"product_tag-coleccion-art-deco","13":"product_tag-coleccion-casa-blanca","14":"product_tag-color-piedra","15":"product_tag-franjas","16":"product_tag-jacquards-es","18":"first","19":"instock","20":"shipping-taxable","21":"purchasable","22":"product-type-variable"},"supplier_id":null,"supplier_sku":"","barcode":null,"atum_controlled":true,"out_stock_date":null,"out_stock_threshold":null,"inheritable":true,"inbound_stock":0,"stock_on_hold":12,"sold_today":2,"sales_last_days":3,"reserved_stock":0,"customer_returns":0,"warehouse_damage":0,"lost_in_post":0,"other_logs":0,"out_stock_days":0,"lost_sales":0,"has_location":false,"update_date":"2026-04-28T08:28:13","atum_locations":[],"atum_stock_status":"instock","restock_status":false,"low_stock_amount":"","sales_update_date":"2023-09-04T09:16:32","calc_backorders":null,"yoast_head":"<!-- This site is optimized with the Yoast SEO plugin v27.5 - https:\/\/yoast.com\/product\/yoast-seo-wordpress\/ -->\n<title>Toallas de ba\u00f1o con flecos Art Deco - Balzatex<\/title>\n<meta name=\"robots\" content=\"index, follow, max-snippet:-1, max-image-preview:large, max-video-preview:-1\" \/>\n<link rel=\"canonical\" href=\"https:\/\/www.balzatex.com\/es\/produit\/toallas-de-bano-con-flecos-art-deco\/\" \/>\n<meta property=\"og:locale\" content=\"es_ES\" \/>\n<meta property=\"og:type\" content=\"article\" \/>\n<meta property=\"og:title\" content=\"Toallas de ba\u00f1o con flecos Art Deco - Balzatex\" \/>\n<meta property=\"og:description\" content=\"Estrellas de Balzatex, estas toallas ligeras encontrar\u00e1n un lugar natural en tantos lugares diferentes... ba\u00f1os, gimnasios, hammam, tumbonas, piscina, en el mar... Maxi grandes, ligeras, absorbentes, disponibles en infinidad de colores, divertidas con sus flecos, \u00a1tienen de todo para complacer! Esponja tejida en 400 gr\/m2, 100% algod\u00f3n. Patr\u00f3n: Art D\u00e9co. Dimensiones: toalla de ba\u00f1o maxi en 100x200 - Toalla de ba\u00f1o en 100x150\" \/>\n<meta property=\"og:url\" content=\"https:\/\/www.balzatex.com\/es\/produit\/toallas-de-bano-con-flecos-art-deco\/\" \/>\n<meta property=\"og:site_name\" content=\"Balzatex\" \/>\n<meta property=\"article:modified_time\" content=\"2022-04-05T09:34:30+00:00\" \/>\n<meta property=\"og:image\" content=\"https:\/\/www.balzatex.com\/wp-content\/uploads\/2022\/03\/db-art-deco-pierre-e1647920154775.jpg\" \/>\n\t<meta property=\"og:image:width\" content=\"800\" \/>\n\t<meta property=\"og:image:height\" content=\"1067\" \/>\n\t<meta property=\"og:image:type\" content=\"image\/jpeg\" \/>\n<meta name=\"twitter:card\" content=\"summary_large_image\" \/>\n<script type=\"application\/ld+json\" class=\"yoast-schema-graph\">{\"@context\":\"https:\\\/\\\/schema.org\",\"@graph\":[{\"@type\":\"WebPage\",\"@id\":\"https:\\\/\\\/www.balzatex.com\\\/es\\\/produit\\\/toallas-de-bano-con-flecos-art-deco\\\/\",\"url\":\"https:\\\/\\\/www.balzatex.com\\\/es\\\/produit\\\/toallas-de-bano-con-flecos-art-deco\\\/\",\"name\":\"Toallas de ba\u00f1o con flecos Art Deco - Balzatex\",\"isPartOf\":{\"@id\":\"https:\\\/\\\/www.balzatex.com\\\/es\\\/#website\"},\"primaryImageOfPage\":{\"@id\":\"https:\\\/\\\/www.balzatex.com\\\/es\\\/produit\\\/toallas-de-bano-con-flecos-art-deco\\\/#primaryimage\"},\"image\":{\"@id\":\"https:\\\/\\\/www.balzatex.com\\\/es\\\/produit\\\/toallas-de-bano-con-flecos-art-deco\\\/#primaryimage\"},\"thumbnailUrl\":\"https:\\\/\\\/www.balzatex.com\\\/wp-content\\\/uploads\\\/2022\\\/03\\\/db-art-deco-pierre-e1647920154775.jpg\",\"datePublished\":\"2022-03-07T13:38:09+00:00\",\"dateModified\":\"2022-04-05T09:34:30+00:00\",\"breadcrumb\":{\"@id\":\"https:\\\/\\\/www.balzatex.com\\\/es\\\/produit\\\/toallas-de-bano-con-flecos-art-deco\\\/#breadcrumb\"},\"inLanguage\":\"es\",\"potentialAction\":[{\"@type\":\"ReadAction\",\"target\":[\"https:\\\/\\\/www.balzatex.com\\\/es\\\/produit\\\/toallas-de-bano-con-flecos-art-deco\\\/\"]}]},{\"@type\":\"ImageObject\",\"inLanguage\":\"es\",\"@id\":\"https:\\\/\\\/www.balzatex.com\\\/es\\\/produit\\\/toallas-de-bano-con-flecos-art-deco\\\/#primaryimage\",\"url\":\"https:\\\/\\\/www.balzatex.com\\\/wp-content\\\/uploads\\\/2022\\\/03\\\/db-art-deco-pierre-e1647920154775.jpg\",\"contentUrl\":\"https:\\\/\\\/www.balzatex.com\\\/wp-content\\\/uploads\\\/2022\\\/03\\\/db-art-deco-pierre-e1647920154775.jpg\",\"width\":800,\"height\":1067},{\"@type\":\"BreadcrumbList\",\"@id\":\"https:\\\/\\\/www.balzatex.com\\\/es\\\/produit\\\/toallas-de-bano-con-flecos-art-deco\\\/#breadcrumb\",\"itemListElement\":[{\"@type\":\"ListItem\",\"position\":1,\"name\":\"Accueil\",\"item\":\"https:\\\/\\\/www.balzatex.com\\\/es\\\/\"},{\"@type\":\"ListItem\",\"position\":2,\"name\":\"Tienda\",\"item\":\"https:\\\/\\\/www.balzatex.com\\\/es\\\/tienda\\\/\"},{\"@type\":\"ListItem\",\"position\":3,\"name\":\"Toallas de ba\u00f1o con flecos Art Deco\"}]},{\"@type\":\"WebSite\",\"@id\":\"https:\\\/\\\/www.balzatex.com\\\/es\\\/#website\",\"url\":\"https:\\\/\\\/www.balzatex.com\\\/es\\\/\",\"name\":\"Balzatex\",\"description\":\"Linge maison\",\"potentialAction\":[{\"@type\":\"SearchAction\",\"target\":{\"@type\":\"EntryPoint\",\"urlTemplate\":\"https:\\\/\\\/www.balzatex.com\\\/es\\\/?s={search_term_string}\"},\"query-input\":{\"@type\":\"PropertyValueSpecification\",\"valueRequired\":true,\"valueName\":\"search_term_string\"}}],\"inLanguage\":\"es\"}]}<\/script>\n<!-- \/ Yoast SEO plugin. -->","yoast_head_json":{"title":"Toallas de ba\u00f1o con flecos Art Deco - Balzatex","robots":{"index":"index","follow":"follow","max-snippet":"max-snippet:-1","max-image-preview":"max-image-preview:large","max-video-preview":"max-video-preview:-1"},"canonical":"https:\/\/www.balzatex.com\/es\/produit\/toallas-de-bano-con-flecos-art-deco\/","og_locale":"es_ES","og_type":"article","og_title":"Toallas de ba\u00f1o con flecos Art Deco - Balzatex","og_description":"Estrellas de Balzatex, estas toallas ligeras encontrar\u00e1n un lugar natural en tantos lugares diferentes... ba\u00f1os, gimnasios, hammam, tumbonas, piscina, en el mar... Maxi grandes, ligeras, absorbentes, disponibles en infinidad de colores, divertidas con sus flecos, \u00a1tienen de todo para complacer! Esponja tejida en 400 gr\/m2, 100% algod\u00f3n. Patr\u00f3n: Art D\u00e9co. Dimensiones: toalla de ba\u00f1o maxi en 100x200 - Toalla de ba\u00f1o en 100x150","og_url":"https:\/\/www.balzatex.com\/es\/produit\/toallas-de-bano-con-flecos-art-deco\/","og_site_name":"Balzatex","article_modified_time":"2022-04-05T09:34:30+00:00","og_image":[{"width":800,"height":1067,"url":"https:\/\/www.balzatex.com\/wp-content\/uploads\/2022\/03\/db-art-deco-pierre-e1647920154775.jpg","type":"image\/jpeg"}],"twitter_card":"summary_large_image","schema":{"@context":"https:\/\/schema.org","@graph":[{"@type":"WebPage","@id":"https:\/\/www.balzatex.com\/es\/produit\/toallas-de-bano-con-flecos-art-deco\/","url":"https:\/\/www.balzatex.com\/es\/produit\/toallas-de-bano-con-flecos-art-deco\/","name":"Toallas de ba\u00f1o con flecos Art Deco - Balzatex","isPartOf":{"@id":"https:\/\/www.balzatex.com\/es\/#website"},"primaryImageOfPage":{"@id":"https:\/\/www.balzatex.com\/es\/produit\/toallas-de-bano-con-flecos-art-deco\/#primaryimage"},"image":{"@id":"https:\/\/www.balzatex.com\/es\/produit\/toallas-de-bano-con-flecos-art-deco\/#primaryimage"},"thumbnailUrl":"https:\/\/www.balzatex.com\/wp-content\/uploads\/2022\/03\/db-art-deco-pierre-e1647920154775.jpg","datePublished":"2022-03-07T13:38:09+00:00","dateModified":"2022-04-05T09:34:30+00:00","breadcrumb":{"@id":"https:\/\/www.balzatex.com\/es\/produit\/toallas-de-bano-con-flecos-art-deco\/#breadcrumb"},"inLanguage":"es","potentialAction":[{"@type":"ReadAction","target":["https:\/\/www.balzatex.com\/es\/produit\/toallas-de-bano-con-flecos-art-deco\/"]}]},{"@type":"ImageObject","inLanguage":"es","@id":"https:\/\/www.balzatex.com\/es\/produit\/toallas-de-bano-con-flecos-art-deco\/#primaryimage","url":"https:\/\/www.balzatex.com\/wp-content\/uploads\/2022\/03\/db-art-deco-pierre-e1647920154775.jpg","contentUrl":"https:\/\/www.balzatex.com\/wp-content\/uploads\/2022\/03\/db-art-deco-pierre-e1647920154775.jpg","width":800,"height":1067},{"@type":"BreadcrumbList","@id":"https:\/\/www.balzatex.com\/es\/produit\/toallas-de-bano-con-flecos-art-deco\/#breadcrumb","itemListElement":[{"@type":"ListItem","position":1,"name":"Accueil","item":"https:\/\/www.balzatex.com\/es\/"},{"@type":"ListItem","position":2,"name":"Tienda","item":"https:\/\/www.balzatex.com\/es\/tienda\/"},{"@type":"ListItem","position":3,"name":"Toallas de ba\u00f1o con flecos Art Deco"}]},{"@type":"WebSite","@id":"https:\/\/www.balzatex.com\/es\/#website","url":"https:\/\/www.balzatex.com\/es\/","name":"Balzatex","description":"Linge maison","potentialAction":[{"@type":"SearchAction","target":{"@type":"EntryPoint","urlTemplate":"https:\/\/www.balzatex.com\/es\/?s={search_term_string}"},"query-input":{"@type":"PropertyValueSpecification","valueRequired":true,"valueName":"search_term_string"}}],"inLanguage":"es"}]}},"_links":{"self":[{"href":"https:\/\/www.balzatex.com\/es\/wp-json\/wp\/v2\/product\/4361","targetHints":{"allow":["GET"]}}],"collection":[{"href":"https:\/\/www.balzatex.com\/es\/wp-json\/wp\/v2\/product"}],"about":[{"href":"https:\/\/www.balzatex.com\/es\/wp-json\/wp\/v2\/types\/product"}],"replies":[{"embeddable":true,"href":"https:\/\/www.balzatex.com\/es\/wp-json\/wp\/v2\/comments?post=4361"}],"wp:featuredmedia":[{"embeddable":true,"href":"https:\/\/www.balzatex.com\/es\/wp-json\/wp\/v2\/media\/3023"}],"wp:attachment":[{"href":"https:\/\/www.balzatex.com\/es\/wp-json\/wp\/v2\/media?parent=4361"}],"wp:term":[{"taxonomy":"product_brand","embeddable":true,"href":"https:\/\/www.balzatex.com\/es\/wp-json\/wp\/v2\/product_brand?post=4361"},{"taxonomy":"product_cat","embeddable":true,"href":"https:\/\/www.balzatex.com\/es\/wp-json\/wp\/v2\/product_cat?post=4361"},{"taxonomy":"product_tag","embeddable":true,"href":"https:\/\/www.balzatex.com\/es\/wp-json\/wp\/v2\/product_tag?post=4361"}],"curies":[{"name":"wp","href":"https:\/\/api.w.org\/{rel}","templated":true}]}}