{"id":4382,"date":"2022-03-07T14:14:27","date_gmt":"2022-03-07T13:14:27","guid":{"rendered":"https:\/\/www.balzatex.com\/produit\/toallas-de-bano-con-flecos-colombes\/"},"modified":"2022-04-05T09:33:25","modified_gmt":"2022-04-05T09:33:25","slug":"toallas-de-bano-con-flecos-palomas-2","status":"publish","type":"product","link":"https:\/\/www.balzatex.com\/es\/produit\/toallas-de-bano-con-flecos-palomas-2\/","title":{"rendered":"Toallas de ba\u00f1o con flecos Colombes"},"content":{"rendered":"","protected":false},"excerpt":{"rendered":"<p>Estrellas de Balzatex, estas toallas ligeras encontrar\u00e1n un lugar natural en tantos lugares diferentes&#8230; ba\u00f1os, gimnasios, hammam, tumbonas, piscina, en el mar&#8230;<\/p>\n<p>Maxi grandes, ligeras, absorbentes, disponibles en muchos colores, divertidas con sus flecos, \u00a1tienen de todo para complacer!<\/p>\n<p>Dimensiones: toalla de ba\u00f1o maxi en 100&#215;200<\/p>\n<p>Composici\u00f3n: Algod\u00f3n 100%, tejido jacquard con patr\u00f3n de palomas (hamama)<\/p>\n","protected":false},"featured_media":3041,"comment_status":"open","ping_status":"closed","template":"","meta":{"_joinchat":[]},"product_brand":[],"product_cat":[385,310],"product_tag":[562,563,564,387,388,561,340],"class_list":{"0":"post-4382","1":"product","2":"type-product","3":"status-publish","4":"has-post-thumbnail","6":"product_cat-jacquards-con-flecos","7":"product_cat-ropa-de-bano","8":"product_tag-color-azafran","9":"product_tag-color-oro-viejo","10":"product_tag-de-color-caqui","11":"product_tag-hamama-es","12":"product_tag-jacquards-es","13":"product_tag-la-coleccion-de-marrakech-y-sus-especias","14":"product_tag-toallas-de-bano","16":"first","17":"instock","18":"shipping-taxable","19":"purchasable","20":"product-type-variable"},"supplier_id":null,"supplier_sku":"","barcode":null,"atum_controlled":true,"out_stock_date":null,"out_stock_threshold":null,"inheritable":true,"inbound_stock":0,"stock_on_hold":15,"sold_today":0,"sales_last_days":0,"reserved_stock":0,"customer_returns":0,"warehouse_damage":0,"lost_in_post":0,"other_logs":0,"out_stock_days":0,"lost_sales":0,"has_location":false,"update_date":"2025-10-25T22:23:34","atum_locations":[],"atum_stock_status":"instock","restock_status":false,"low_stock_amount":"","sales_update_date":"2023-09-11T09:21:39","calc_backorders":null,"yoast_head":"<!-- This site is optimized with the Yoast SEO plugin v27.4 - https:\/\/yoast.com\/product\/yoast-seo-wordpress\/ -->\n<title>Toallas de ba\u00f1o con flecos Colombes - Balzatex<\/title>\n<meta name=\"robots\" content=\"index, follow, max-snippet:-1, max-image-preview:large, max-video-preview:-1\" \/>\n<link rel=\"canonical\" href=\"https:\/\/www.balzatex.com\/es\/produit\/toallas-de-bano-con-flecos-palomas-2\/\" \/>\n<meta property=\"og:locale\" content=\"es_ES\" \/>\n<meta property=\"og:type\" content=\"article\" \/>\n<meta property=\"og:title\" content=\"Toallas de ba\u00f1o con flecos Colombes - Balzatex\" \/>\n<meta property=\"og:description\" content=\"Estrellas de Balzatex, estas toallas ligeras encontrar\u00e1n un lugar natural en tantos lugares diferentes... ba\u00f1os, gimnasios, hammam, tumbonas, piscina, en el mar... Maxi grandes, ligeras, absorbentes, disponibles en muchos colores, divertidas con sus flecos, \u00a1tienen de todo para complacer! Dimensiones: toalla de ba\u00f1o maxi en 100x200 Composici\u00f3n: Algod\u00f3n 100%, tejido jacquard con patr\u00f3n de palomas (hamama)\" \/>\n<meta property=\"og:url\" content=\"https:\/\/www.balzatex.com\/es\/produit\/toallas-de-bano-con-flecos-palomas-2\/\" \/>\n<meta property=\"og:site_name\" content=\"Balzatex\" \/>\n<meta property=\"article:modified_time\" content=\"2022-04-05T09:33:25+00:00\" \/>\n<meta property=\"og:image\" content=\"https:\/\/www.balzatex.com\/wp-content\/uploads\/2022\/03\/drap-de-bain-hamama-safran-e1648018174499.jpg\" \/>\n\t<meta property=\"og:image:width\" content=\"800\" \/>\n\t<meta property=\"og:image:height\" content=\"1067\" \/>\n\t<meta property=\"og:image:type\" content=\"image\/jpeg\" \/>\n<meta name=\"twitter:card\" content=\"summary_large_image\" \/>\n<script type=\"application\/ld+json\" class=\"yoast-schema-graph\">{\"@context\":\"https:\\\/\\\/schema.org\",\"@graph\":[{\"@type\":\"WebPage\",\"@id\":\"https:\\\/\\\/www.balzatex.com\\\/es\\\/produit\\\/toallas-de-bano-con-flecos-palomas-2\\\/\",\"url\":\"https:\\\/\\\/www.balzatex.com\\\/es\\\/produit\\\/toallas-de-bano-con-flecos-palomas-2\\\/\",\"name\":\"Toallas de ba\u00f1o con flecos Colombes - Balzatex\",\"isPartOf\":{\"@id\":\"https:\\\/\\\/www.balzatex.com\\\/es\\\/#website\"},\"primaryImageOfPage\":{\"@id\":\"https:\\\/\\\/www.balzatex.com\\\/es\\\/produit\\\/toallas-de-bano-con-flecos-palomas-2\\\/#primaryimage\"},\"image\":{\"@id\":\"https:\\\/\\\/www.balzatex.com\\\/es\\\/produit\\\/toallas-de-bano-con-flecos-palomas-2\\\/#primaryimage\"},\"thumbnailUrl\":\"https:\\\/\\\/www.balzatex.com\\\/wp-content\\\/uploads\\\/2022\\\/03\\\/drap-de-bain-hamama-safran-e1648018174499.jpg\",\"datePublished\":\"2022-03-07T13:14:27+00:00\",\"dateModified\":\"2022-04-05T09:33:25+00:00\",\"breadcrumb\":{\"@id\":\"https:\\\/\\\/www.balzatex.com\\\/es\\\/produit\\\/toallas-de-bano-con-flecos-palomas-2\\\/#breadcrumb\"},\"inLanguage\":\"es\",\"potentialAction\":[{\"@type\":\"ReadAction\",\"target\":[\"https:\\\/\\\/www.balzatex.com\\\/es\\\/produit\\\/toallas-de-bano-con-flecos-palomas-2\\\/\"]}]},{\"@type\":\"ImageObject\",\"inLanguage\":\"es\",\"@id\":\"https:\\\/\\\/www.balzatex.com\\\/es\\\/produit\\\/toallas-de-bano-con-flecos-palomas-2\\\/#primaryimage\",\"url\":\"https:\\\/\\\/www.balzatex.com\\\/wp-content\\\/uploads\\\/2022\\\/03\\\/drap-de-bain-hamama-safran-e1648018174499.jpg\",\"contentUrl\":\"https:\\\/\\\/www.balzatex.com\\\/wp-content\\\/uploads\\\/2022\\\/03\\\/drap-de-bain-hamama-safran-e1648018174499.jpg\",\"width\":800,\"height\":1067},{\"@type\":\"BreadcrumbList\",\"@id\":\"https:\\\/\\\/www.balzatex.com\\\/es\\\/produit\\\/toallas-de-bano-con-flecos-palomas-2\\\/#breadcrumb\",\"itemListElement\":[{\"@type\":\"ListItem\",\"position\":1,\"name\":\"Accueil\",\"item\":\"https:\\\/\\\/www.balzatex.com\\\/es\\\/\"},{\"@type\":\"ListItem\",\"position\":2,\"name\":\"Tienda\",\"item\":\"https:\\\/\\\/www.balzatex.com\\\/es\\\/tienda\\\/\"},{\"@type\":\"ListItem\",\"position\":3,\"name\":\"Toallas de ba\u00f1o con flecos Colombes\"}]},{\"@type\":\"WebSite\",\"@id\":\"https:\\\/\\\/www.balzatex.com\\\/es\\\/#website\",\"url\":\"https:\\\/\\\/www.balzatex.com\\\/es\\\/\",\"name\":\"Balzatex\",\"description\":\"Linge maison\",\"potentialAction\":[{\"@type\":\"SearchAction\",\"target\":{\"@type\":\"EntryPoint\",\"urlTemplate\":\"https:\\\/\\\/www.balzatex.com\\\/es\\\/?s={search_term_string}\"},\"query-input\":{\"@type\":\"PropertyValueSpecification\",\"valueRequired\":true,\"valueName\":\"search_term_string\"}}],\"inLanguage\":\"es\"}]}<\/script>\n<!-- \/ Yoast SEO plugin. -->","yoast_head_json":{"title":"Toallas de ba\u00f1o con flecos Colombes - Balzatex","robots":{"index":"index","follow":"follow","max-snippet":"max-snippet:-1","max-image-preview":"max-image-preview:large","max-video-preview":"max-video-preview:-1"},"canonical":"https:\/\/www.balzatex.com\/es\/produit\/toallas-de-bano-con-flecos-palomas-2\/","og_locale":"es_ES","og_type":"article","og_title":"Toallas de ba\u00f1o con flecos Colombes - Balzatex","og_description":"Estrellas de Balzatex, estas toallas ligeras encontrar\u00e1n un lugar natural en tantos lugares diferentes... ba\u00f1os, gimnasios, hammam, tumbonas, piscina, en el mar... Maxi grandes, ligeras, absorbentes, disponibles en muchos colores, divertidas con sus flecos, \u00a1tienen de todo para complacer! Dimensiones: toalla de ba\u00f1o maxi en 100x200 Composici\u00f3n: Algod\u00f3n 100%, tejido jacquard con patr\u00f3n de palomas (hamama)","og_url":"https:\/\/www.balzatex.com\/es\/produit\/toallas-de-bano-con-flecos-palomas-2\/","og_site_name":"Balzatex","article_modified_time":"2022-04-05T09:33:25+00:00","og_image":[{"width":800,"height":1067,"url":"https:\/\/www.balzatex.com\/wp-content\/uploads\/2022\/03\/drap-de-bain-hamama-safran-e1648018174499.jpg","type":"image\/jpeg"}],"twitter_card":"summary_large_image","schema":{"@context":"https:\/\/schema.org","@graph":[{"@type":"WebPage","@id":"https:\/\/www.balzatex.com\/es\/produit\/toallas-de-bano-con-flecos-palomas-2\/","url":"https:\/\/www.balzatex.com\/es\/produit\/toallas-de-bano-con-flecos-palomas-2\/","name":"Toallas de ba\u00f1o con flecos Colombes - Balzatex","isPartOf":{"@id":"https:\/\/www.balzatex.com\/es\/#website"},"primaryImageOfPage":{"@id":"https:\/\/www.balzatex.com\/es\/produit\/toallas-de-bano-con-flecos-palomas-2\/#primaryimage"},"image":{"@id":"https:\/\/www.balzatex.com\/es\/produit\/toallas-de-bano-con-flecos-palomas-2\/#primaryimage"},"thumbnailUrl":"https:\/\/www.balzatex.com\/wp-content\/uploads\/2022\/03\/drap-de-bain-hamama-safran-e1648018174499.jpg","datePublished":"2022-03-07T13:14:27+00:00","dateModified":"2022-04-05T09:33:25+00:00","breadcrumb":{"@id":"https:\/\/www.balzatex.com\/es\/produit\/toallas-de-bano-con-flecos-palomas-2\/#breadcrumb"},"inLanguage":"es","potentialAction":[{"@type":"ReadAction","target":["https:\/\/www.balzatex.com\/es\/produit\/toallas-de-bano-con-flecos-palomas-2\/"]}]},{"@type":"ImageObject","inLanguage":"es","@id":"https:\/\/www.balzatex.com\/es\/produit\/toallas-de-bano-con-flecos-palomas-2\/#primaryimage","url":"https:\/\/www.balzatex.com\/wp-content\/uploads\/2022\/03\/drap-de-bain-hamama-safran-e1648018174499.jpg","contentUrl":"https:\/\/www.balzatex.com\/wp-content\/uploads\/2022\/03\/drap-de-bain-hamama-safran-e1648018174499.jpg","width":800,"height":1067},{"@type":"BreadcrumbList","@id":"https:\/\/www.balzatex.com\/es\/produit\/toallas-de-bano-con-flecos-palomas-2\/#breadcrumb","itemListElement":[{"@type":"ListItem","position":1,"name":"Accueil","item":"https:\/\/www.balzatex.com\/es\/"},{"@type":"ListItem","position":2,"name":"Tienda","item":"https:\/\/www.balzatex.com\/es\/tienda\/"},{"@type":"ListItem","position":3,"name":"Toallas de ba\u00f1o con flecos Colombes"}]},{"@type":"WebSite","@id":"https:\/\/www.balzatex.com\/es\/#website","url":"https:\/\/www.balzatex.com\/es\/","name":"Balzatex","description":"Linge maison","potentialAction":[{"@type":"SearchAction","target":{"@type":"EntryPoint","urlTemplate":"https:\/\/www.balzatex.com\/es\/?s={search_term_string}"},"query-input":{"@type":"PropertyValueSpecification","valueRequired":true,"valueName":"search_term_string"}}],"inLanguage":"es"}]}},"_links":{"self":[{"href":"https:\/\/www.balzatex.com\/es\/wp-json\/wp\/v2\/product\/4382","targetHints":{"allow":["GET"]}}],"collection":[{"href":"https:\/\/www.balzatex.com\/es\/wp-json\/wp\/v2\/product"}],"about":[{"href":"https:\/\/www.balzatex.com\/es\/wp-json\/wp\/v2\/types\/product"}],"replies":[{"embeddable":true,"href":"https:\/\/www.balzatex.com\/es\/wp-json\/wp\/v2\/comments?post=4382"}],"wp:featuredmedia":[{"embeddable":true,"href":"https:\/\/www.balzatex.com\/es\/wp-json\/wp\/v2\/media\/3041"}],"wp:attachment":[{"href":"https:\/\/www.balzatex.com\/es\/wp-json\/wp\/v2\/media?parent=4382"}],"wp:term":[{"taxonomy":"product_brand","embeddable":true,"href":"https:\/\/www.balzatex.com\/es\/wp-json\/wp\/v2\/product_brand?post=4382"},{"taxonomy":"product_cat","embeddable":true,"href":"https:\/\/www.balzatex.com\/es\/wp-json\/wp\/v2\/product_cat?post=4382"},{"taxonomy":"product_tag","embeddable":true,"href":"https:\/\/www.balzatex.com\/es\/wp-json\/wp\/v2\/product_tag?post=4382"}],"curies":[{"name":"wp","href":"https:\/\/api.w.org\/{rel}","templated":true}]}}