{"id":4383,"date":"2022-03-07T16:35:12","date_gmt":"2022-03-07T15:35:12","guid":{"rendered":"https:\/\/www.balzatex.com\/produit\/sabanas-con-bourdon-2\/"},"modified":"2022-04-05T09:34:32","modified_gmt":"2022-04-05T09:34:32","slug":"sabanas-con-bourdon-2","status":"publish","type":"product","link":"https:\/\/www.balzatex.com\/es\/produit\/sabanas-con-bourdon-2\/","title":{"rendered":"S\u00e1banas con bourdon"},"content":{"rendered":"","protected":false},"excerpt":{"rendered":"<p>Cuando la frescura del percal se combina con el rigor de nuestro trabajo, da como resultado s\u00e1banas realzadas con un bonito zumbido.<\/p>\n<p>S\u00e1bana adornada con un abejorro destacando un dobladillo de 7 cm.<\/p>\n<p>Percal de 200 hilos, 100% algod\u00f3n.<\/p>\n<p>Para elegir la talla adecuada, consulta la gu\u00eda de tallas.<\/p>\n<p>Para cualquier solicitud especial, no dude en enviarnos un mensaje a direction@balzatex.com.<\/p>\n","protected":false},"featured_media":0,"comment_status":"open","ping_status":"closed","template":"","meta":{"_joinchat":[]},"product_brand":[],"product_cat":[431,481],"product_tag":[500,448,562,561,482],"class_list":{"0":"post-4383","1":"product","2":"type-product","3":"status-publish","5":"product_cat-ropa-de-cama","6":"product_cat-sabanas-de-cama","7":"product_tag-100-algodon","8":"product_tag-coleccion-duquesa-percal","9":"product_tag-color-azafran","10":"product_tag-la-coleccion-de-marrakech-y-sus-especias","11":"product_tag-sabanas-con-abejorro","13":"first","14":"instock","15":"shipping-taxable","16":"purchasable","17":"product-type-variable"},"supplier_id":null,"supplier_sku":"","barcode":null,"atum_controlled":true,"out_stock_date":null,"out_stock_threshold":null,"inheritable":true,"inbound_stock":0,"stock_on_hold":0,"sold_today":0,"sales_last_days":0,"reserved_stock":0,"customer_returns":0,"warehouse_damage":0,"lost_in_post":0,"other_logs":0,"out_stock_days":0,"lost_sales":0,"has_location":false,"update_date":"2023-11-17T07:49:11","atum_locations":[],"atum_stock_status":"instock","restock_status":false,"low_stock_amount":"","sales_update_date":"2023-09-06T09:17:26","calc_backorders":null,"yoast_head":"<!-- This site is optimized with the Yoast SEO plugin v27.4 - https:\/\/yoast.com\/product\/yoast-seo-wordpress\/ -->\n<title>S\u00e1banas con bourdon - Balzatex<\/title>\n<meta name=\"robots\" content=\"index, follow, max-snippet:-1, max-image-preview:large, max-video-preview:-1\" \/>\n<link rel=\"canonical\" href=\"https:\/\/www.balzatex.com\/es\/produit\/sabanas-con-bourdon-2\/\" \/>\n<meta property=\"og:locale\" content=\"es_ES\" \/>\n<meta property=\"og:type\" content=\"article\" \/>\n<meta property=\"og:title\" content=\"S\u00e1banas con bourdon - Balzatex\" \/>\n<meta property=\"og:description\" content=\"Cuando la frescura del percal se combina con el rigor de nuestro trabajo, da como resultado s\u00e1banas realzadas con un bonito zumbido. S\u00e1bana adornada con un abejorro destacando un dobladillo de 7 cm. Percal de 200 hilos, 100% algod\u00f3n. Para elegir la talla adecuada, consulta la gu\u00eda de tallas. Para cualquier solicitud especial, no dude en enviarnos un mensaje a direction@balzatex.com.\" \/>\n<meta property=\"og:url\" content=\"https:\/\/www.balzatex.com\/es\/produit\/sabanas-con-bourdon-2\/\" \/>\n<meta property=\"og:site_name\" content=\"Balzatex\" \/>\n<meta property=\"article:modified_time\" content=\"2022-04-05T09:34:32+00:00\" \/>\n<meta name=\"twitter:card\" content=\"summary_large_image\" \/>\n<script type=\"application\/ld+json\" class=\"yoast-schema-graph\">{\"@context\":\"https:\\\/\\\/schema.org\",\"@graph\":[{\"@type\":\"WebPage\",\"@id\":\"https:\\\/\\\/www.balzatex.com\\\/es\\\/produit\\\/sabanas-con-bourdon-2\\\/\",\"url\":\"https:\\\/\\\/www.balzatex.com\\\/es\\\/produit\\\/sabanas-con-bourdon-2\\\/\",\"name\":\"S\u00e1banas con bourdon - Balzatex\",\"isPartOf\":{\"@id\":\"https:\\\/\\\/www.balzatex.com\\\/es\\\/#website\"},\"datePublished\":\"2022-03-07T15:35:12+00:00\",\"dateModified\":\"2022-04-05T09:34:32+00:00\",\"breadcrumb\":{\"@id\":\"https:\\\/\\\/www.balzatex.com\\\/es\\\/produit\\\/sabanas-con-bourdon-2\\\/#breadcrumb\"},\"inLanguage\":\"es\",\"potentialAction\":[{\"@type\":\"ReadAction\",\"target\":[\"https:\\\/\\\/www.balzatex.com\\\/es\\\/produit\\\/sabanas-con-bourdon-2\\\/\"]}]},{\"@type\":\"BreadcrumbList\",\"@id\":\"https:\\\/\\\/www.balzatex.com\\\/es\\\/produit\\\/sabanas-con-bourdon-2\\\/#breadcrumb\",\"itemListElement\":[{\"@type\":\"ListItem\",\"position\":1,\"name\":\"Accueil\",\"item\":\"https:\\\/\\\/www.balzatex.com\\\/es\\\/\"},{\"@type\":\"ListItem\",\"position\":2,\"name\":\"Tienda\",\"item\":\"https:\\\/\\\/www.balzatex.com\\\/es\\\/tienda\\\/\"},{\"@type\":\"ListItem\",\"position\":3,\"name\":\"S\u00e1banas con bourdon\"}]},{\"@type\":\"WebSite\",\"@id\":\"https:\\\/\\\/www.balzatex.com\\\/es\\\/#website\",\"url\":\"https:\\\/\\\/www.balzatex.com\\\/es\\\/\",\"name\":\"Balzatex\",\"description\":\"Linge maison\",\"potentialAction\":[{\"@type\":\"SearchAction\",\"target\":{\"@type\":\"EntryPoint\",\"urlTemplate\":\"https:\\\/\\\/www.balzatex.com\\\/es\\\/?s={search_term_string}\"},\"query-input\":{\"@type\":\"PropertyValueSpecification\",\"valueRequired\":true,\"valueName\":\"search_term_string\"}}],\"inLanguage\":\"es\"}]}<\/script>\n<!-- \/ Yoast SEO plugin. -->","yoast_head_json":{"title":"S\u00e1banas con bourdon - Balzatex","robots":{"index":"index","follow":"follow","max-snippet":"max-snippet:-1","max-image-preview":"max-image-preview:large","max-video-preview":"max-video-preview:-1"},"canonical":"https:\/\/www.balzatex.com\/es\/produit\/sabanas-con-bourdon-2\/","og_locale":"es_ES","og_type":"article","og_title":"S\u00e1banas con bourdon - Balzatex","og_description":"Cuando la frescura del percal se combina con el rigor de nuestro trabajo, da como resultado s\u00e1banas realzadas con un bonito zumbido. S\u00e1bana adornada con un abejorro destacando un dobladillo de 7 cm. Percal de 200 hilos, 100% algod\u00f3n. Para elegir la talla adecuada, consulta la gu\u00eda de tallas. Para cualquier solicitud especial, no dude en enviarnos un mensaje a direction@balzatex.com.","og_url":"https:\/\/www.balzatex.com\/es\/produit\/sabanas-con-bourdon-2\/","og_site_name":"Balzatex","article_modified_time":"2022-04-05T09:34:32+00:00","twitter_card":"summary_large_image","schema":{"@context":"https:\/\/schema.org","@graph":[{"@type":"WebPage","@id":"https:\/\/www.balzatex.com\/es\/produit\/sabanas-con-bourdon-2\/","url":"https:\/\/www.balzatex.com\/es\/produit\/sabanas-con-bourdon-2\/","name":"S\u00e1banas con bourdon - Balzatex","isPartOf":{"@id":"https:\/\/www.balzatex.com\/es\/#website"},"datePublished":"2022-03-07T15:35:12+00:00","dateModified":"2022-04-05T09:34:32+00:00","breadcrumb":{"@id":"https:\/\/www.balzatex.com\/es\/produit\/sabanas-con-bourdon-2\/#breadcrumb"},"inLanguage":"es","potentialAction":[{"@type":"ReadAction","target":["https:\/\/www.balzatex.com\/es\/produit\/sabanas-con-bourdon-2\/"]}]},{"@type":"BreadcrumbList","@id":"https:\/\/www.balzatex.com\/es\/produit\/sabanas-con-bourdon-2\/#breadcrumb","itemListElement":[{"@type":"ListItem","position":1,"name":"Accueil","item":"https:\/\/www.balzatex.com\/es\/"},{"@type":"ListItem","position":2,"name":"Tienda","item":"https:\/\/www.balzatex.com\/es\/tienda\/"},{"@type":"ListItem","position":3,"name":"S\u00e1banas con bourdon"}]},{"@type":"WebSite","@id":"https:\/\/www.balzatex.com\/es\/#website","url":"https:\/\/www.balzatex.com\/es\/","name":"Balzatex","description":"Linge maison","potentialAction":[{"@type":"SearchAction","target":{"@type":"EntryPoint","urlTemplate":"https:\/\/www.balzatex.com\/es\/?s={search_term_string}"},"query-input":{"@type":"PropertyValueSpecification","valueRequired":true,"valueName":"search_term_string"}}],"inLanguage":"es"}]}},"_links":{"self":[{"href":"https:\/\/www.balzatex.com\/es\/wp-json\/wp\/v2\/product\/4383","targetHints":{"allow":["GET"]}}],"collection":[{"href":"https:\/\/www.balzatex.com\/es\/wp-json\/wp\/v2\/product"}],"about":[{"href":"https:\/\/www.balzatex.com\/es\/wp-json\/wp\/v2\/types\/product"}],"replies":[{"embeddable":true,"href":"https:\/\/www.balzatex.com\/es\/wp-json\/wp\/v2\/comments?post=4383"}],"wp:attachment":[{"href":"https:\/\/www.balzatex.com\/es\/wp-json\/wp\/v2\/media?parent=4383"}],"wp:term":[{"taxonomy":"product_brand","embeddable":true,"href":"https:\/\/www.balzatex.com\/es\/wp-json\/wp\/v2\/product_brand?post=4383"},{"taxonomy":"product_cat","embeddable":true,"href":"https:\/\/www.balzatex.com\/es\/wp-json\/wp\/v2\/product_cat?post=4383"},{"taxonomy":"product_tag","embeddable":true,"href":"https:\/\/www.balzatex.com\/es\/wp-json\/wp\/v2\/product_tag?post=4383"}],"curies":[{"name":"wp","href":"https:\/\/api.w.org\/{rel}","templated":true}]}}