{"id":4393,"date":"2022-03-07T13:22:43","date_gmt":"2022-03-07T12:22:43","guid":{"rendered":"https:\/\/www.balzatex.com\/produit\/albornoz-damasco-con-capucha\/"},"modified":"2022-04-05T09:33:10","modified_gmt":"2022-04-05T09:33:10","slug":"albornoz-adamascado-con-capucha-2","status":"publish","type":"product","link":"https:\/\/www.balzatex.com\/es\/produit\/albornoz-adamascado-con-capucha-2\/","title":{"rendered":"Albornoz damasco con capucha"},"content":{"rendered":"","protected":false},"excerpt":{"rendered":"<p>Albornoz unisex en algod\u00f3n damasco, con capucha. Este tejido suave y ligero lo convierte en un albornoz muy agradable de llevar, al salir del ba\u00f1o o incluso para andar por casa.<\/p>\n<p>Albornoz 100% algod\u00f3n, Talla \u00fanica que corresponde a una talla L.<\/p>\n","protected":false},"featured_media":0,"comment_status":"open","ping_status":"closed","template":"","meta":{"_joinchat":[]},"product_brand":[],"product_cat":[381,310],"product_tag":[500,384,562,563,412,564,561],"class_list":{"0":"post-4393","1":"product","2":"type-product","3":"status-publish","5":"product_cat-albornoces","6":"product_cat-ropa-de-bano","7":"product_tag-100-algodon","8":"product_tag-bata","9":"product_tag-color-azafran","10":"product_tag-color-oro-viejo","11":"product_tag-damasco","12":"product_tag-de-color-caqui","13":"product_tag-la-coleccion-de-marrakech-y-sus-especias","15":"first","16":"outofstock","17":"shipping-taxable","18":"product-type-variable"},"supplier_id":null,"supplier_sku":"","barcode":null,"atum_controlled":true,"out_stock_date":null,"out_stock_threshold":null,"inheritable":false,"inbound_stock":0,"stock_on_hold":0,"sold_today":0,"sales_last_days":0,"reserved_stock":0,"customer_returns":0,"warehouse_damage":0,"lost_in_post":0,"other_logs":0,"out_stock_days":0,"lost_sales":0,"has_location":false,"update_date":"2023-09-12T09:22:55","atum_locations":[],"atum_stock_status":"outofstock","restock_status":false,"low_stock_amount":"","sales_update_date":"2023-09-12T09:22:54","calc_backorders":null,"yoast_head":"<!-- This site is optimized with the Yoast SEO plugin v27.4 - https:\/\/yoast.com\/product\/yoast-seo-wordpress\/ -->\n<title>Albornoz damasco con capucha - Balzatex<\/title>\n<meta name=\"robots\" content=\"index, follow, max-snippet:-1, max-image-preview:large, max-video-preview:-1\" \/>\n<link rel=\"canonical\" href=\"https:\/\/www.balzatex.com\/es\/produit\/albornoz-adamascado-con-capucha-2\/\" \/>\n<meta property=\"og:locale\" content=\"es_ES\" \/>\n<meta property=\"og:type\" content=\"article\" \/>\n<meta property=\"og:title\" content=\"Albornoz damasco con capucha - Balzatex\" \/>\n<meta property=\"og:description\" content=\"Albornoz unisex en algod\u00f3n damasco, con capucha. Este tejido suave y ligero lo convierte en un albornoz muy agradable de llevar, al salir del ba\u00f1o o incluso para andar por casa. Albornoz 100% algod\u00f3n, Talla \u00fanica que corresponde a una talla L.\" \/>\n<meta property=\"og:url\" content=\"https:\/\/www.balzatex.com\/es\/produit\/albornoz-adamascado-con-capucha-2\/\" \/>\n<meta property=\"og:site_name\" content=\"Balzatex\" \/>\n<meta property=\"article:modified_time\" content=\"2022-04-05T09:33:10+00:00\" \/>\n<meta name=\"twitter:card\" content=\"summary_large_image\" \/>\n<script type=\"application\/ld+json\" class=\"yoast-schema-graph\">{\"@context\":\"https:\\\/\\\/schema.org\",\"@graph\":[{\"@type\":\"WebPage\",\"@id\":\"https:\\\/\\\/www.balzatex.com\\\/es\\\/produit\\\/albornoz-adamascado-con-capucha-2\\\/\",\"url\":\"https:\\\/\\\/www.balzatex.com\\\/es\\\/produit\\\/albornoz-adamascado-con-capucha-2\\\/\",\"name\":\"Albornoz damasco con capucha - Balzatex\",\"isPartOf\":{\"@id\":\"https:\\\/\\\/www.balzatex.com\\\/es\\\/#website\"},\"datePublished\":\"2022-03-07T12:22:43+00:00\",\"dateModified\":\"2022-04-05T09:33:10+00:00\",\"breadcrumb\":{\"@id\":\"https:\\\/\\\/www.balzatex.com\\\/es\\\/produit\\\/albornoz-adamascado-con-capucha-2\\\/#breadcrumb\"},\"inLanguage\":\"es\",\"potentialAction\":[{\"@type\":\"ReadAction\",\"target\":[\"https:\\\/\\\/www.balzatex.com\\\/es\\\/produit\\\/albornoz-adamascado-con-capucha-2\\\/\"]}]},{\"@type\":\"BreadcrumbList\",\"@id\":\"https:\\\/\\\/www.balzatex.com\\\/es\\\/produit\\\/albornoz-adamascado-con-capucha-2\\\/#breadcrumb\",\"itemListElement\":[{\"@type\":\"ListItem\",\"position\":1,\"name\":\"Accueil\",\"item\":\"https:\\\/\\\/www.balzatex.com\\\/es\\\/\"},{\"@type\":\"ListItem\",\"position\":2,\"name\":\"Tienda\",\"item\":\"https:\\\/\\\/www.balzatex.com\\\/es\\\/tienda\\\/\"},{\"@type\":\"ListItem\",\"position\":3,\"name\":\"Albornoz damasco con capucha\"}]},{\"@type\":\"WebSite\",\"@id\":\"https:\\\/\\\/www.balzatex.com\\\/es\\\/#website\",\"url\":\"https:\\\/\\\/www.balzatex.com\\\/es\\\/\",\"name\":\"Balzatex\",\"description\":\"Linge maison\",\"potentialAction\":[{\"@type\":\"SearchAction\",\"target\":{\"@type\":\"EntryPoint\",\"urlTemplate\":\"https:\\\/\\\/www.balzatex.com\\\/es\\\/?s={search_term_string}\"},\"query-input\":{\"@type\":\"PropertyValueSpecification\",\"valueRequired\":true,\"valueName\":\"search_term_string\"}}],\"inLanguage\":\"es\"}]}<\/script>\n<!-- \/ Yoast SEO plugin. -->","yoast_head_json":{"title":"Albornoz damasco con capucha - Balzatex","robots":{"index":"index","follow":"follow","max-snippet":"max-snippet:-1","max-image-preview":"max-image-preview:large","max-video-preview":"max-video-preview:-1"},"canonical":"https:\/\/www.balzatex.com\/es\/produit\/albornoz-adamascado-con-capucha-2\/","og_locale":"es_ES","og_type":"article","og_title":"Albornoz damasco con capucha - Balzatex","og_description":"Albornoz unisex en algod\u00f3n damasco, con capucha. Este tejido suave y ligero lo convierte en un albornoz muy agradable de llevar, al salir del ba\u00f1o o incluso para andar por casa. Albornoz 100% algod\u00f3n, Talla \u00fanica que corresponde a una talla L.","og_url":"https:\/\/www.balzatex.com\/es\/produit\/albornoz-adamascado-con-capucha-2\/","og_site_name":"Balzatex","article_modified_time":"2022-04-05T09:33:10+00:00","twitter_card":"summary_large_image","schema":{"@context":"https:\/\/schema.org","@graph":[{"@type":"WebPage","@id":"https:\/\/www.balzatex.com\/es\/produit\/albornoz-adamascado-con-capucha-2\/","url":"https:\/\/www.balzatex.com\/es\/produit\/albornoz-adamascado-con-capucha-2\/","name":"Albornoz damasco con capucha - Balzatex","isPartOf":{"@id":"https:\/\/www.balzatex.com\/es\/#website"},"datePublished":"2022-03-07T12:22:43+00:00","dateModified":"2022-04-05T09:33:10+00:00","breadcrumb":{"@id":"https:\/\/www.balzatex.com\/es\/produit\/albornoz-adamascado-con-capucha-2\/#breadcrumb"},"inLanguage":"es","potentialAction":[{"@type":"ReadAction","target":["https:\/\/www.balzatex.com\/es\/produit\/albornoz-adamascado-con-capucha-2\/"]}]},{"@type":"BreadcrumbList","@id":"https:\/\/www.balzatex.com\/es\/produit\/albornoz-adamascado-con-capucha-2\/#breadcrumb","itemListElement":[{"@type":"ListItem","position":1,"name":"Accueil","item":"https:\/\/www.balzatex.com\/es\/"},{"@type":"ListItem","position":2,"name":"Tienda","item":"https:\/\/www.balzatex.com\/es\/tienda\/"},{"@type":"ListItem","position":3,"name":"Albornoz damasco con capucha"}]},{"@type":"WebSite","@id":"https:\/\/www.balzatex.com\/es\/#website","url":"https:\/\/www.balzatex.com\/es\/","name":"Balzatex","description":"Linge maison","potentialAction":[{"@type":"SearchAction","target":{"@type":"EntryPoint","urlTemplate":"https:\/\/www.balzatex.com\/es\/?s={search_term_string}"},"query-input":{"@type":"PropertyValueSpecification","valueRequired":true,"valueName":"search_term_string"}}],"inLanguage":"es"}]}},"_links":{"self":[{"href":"https:\/\/www.balzatex.com\/es\/wp-json\/wp\/v2\/product\/4393","targetHints":{"allow":["GET"]}}],"collection":[{"href":"https:\/\/www.balzatex.com\/es\/wp-json\/wp\/v2\/product"}],"about":[{"href":"https:\/\/www.balzatex.com\/es\/wp-json\/wp\/v2\/types\/product"}],"replies":[{"embeddable":true,"href":"https:\/\/www.balzatex.com\/es\/wp-json\/wp\/v2\/comments?post=4393"}],"wp:attachment":[{"href":"https:\/\/www.balzatex.com\/es\/wp-json\/wp\/v2\/media?parent=4393"}],"wp:term":[{"taxonomy":"product_brand","embeddable":true,"href":"https:\/\/www.balzatex.com\/es\/wp-json\/wp\/v2\/product_brand?post=4393"},{"taxonomy":"product_cat","embeddable":true,"href":"https:\/\/www.balzatex.com\/es\/wp-json\/wp\/v2\/product_cat?post=4393"},{"taxonomy":"product_tag","embeddable":true,"href":"https:\/\/www.balzatex.com\/es\/wp-json\/wp\/v2\/product_tag?post=4393"}],"curies":[{"name":"wp","href":"https:\/\/api.w.org\/{rel}","templated":true}]}}